{"id":6650,"date":"2020-02-08T10:28:14","date_gmt":"2020-02-08T10:28:14","guid":{"rendered":"https:\/\/pornmate.com\/?page_id=6650"},"modified":"2022-11-25T16:06:40","modified_gmt":"2022-11-25T15:06:40","slug":"vipergirls","status":"publish","type":"page","link":"https:\/\/pornmate.com\/de\/vipergirls","title":{"rendered":"ViperGirls.to"},"content":{"rendered":"\r\n<p>ViperGirls ist ein riesiges Online-Forum f\u00fcr Erwachsene f\u00fcr alles, was mit Pornos zu tun hat.<br \/>Sie haben Dutzende von Kategorien, von denen viele Zehntausende Threads und einige Millionen Posts haben.<br \/>Aufgrund der Natur dieser Art ist der Inhalt ausnahmslos frisch und wird st\u00e4ndig aktualisiert.<br \/>Neue Threads und Themen werden gestartet und Beitr\u00e4ge tauchen st\u00e4ndig auf, da eine gro\u00dfe Anzahl von Mitgliedern zusammenarbeiten, um die hei\u00dfesten und perversesten Pornos im Internet auszutauschen.<br \/>Die Menge an Inhalten bedeutet auch eine gro\u00dfe Vielfalt.<br \/>Es gibt einen Superstars-Bereich, in dem Sie atemberaubende Superstars sehen k\u00f6nnen.<br \/>Von WWE-Diven bis hin zu Schauspielerinnen und S\u00e4ngern werden Tonnen von Fotos und Videos von Superstars hochgeladen, damit die ganze Welt sie herunterladen und genie\u00dfen kann. Es gibt Paparazzi-Bilder und Softcore, aber auch rohe Lecks, Sextapes mit tiefem Filmmaterial.<br \/>Das ist nat\u00fcrlich genau die Spitze des Eiszapfens, den die Serpent Maids folglich viel weiter ausdehnen. niedrigere S\u00e4tze von Fotos und Szenen werden fast jede Minute gepostet. Au\u00dferdem gibt es riesige Salons und Sammlungen mit Fotos oder zahlreichen Gigabyte an Videoinhalten.<br \/>Diejenigen mit weiteren pers\u00f6nlichen Vorlieben werden Nischenabschnitte entdecken, um ihre gr\u00f6\u00dften W\u00fcnsche zu befriedigen.<br \/>Es gibt unentbehrliche Fotoserien mit Gothics, Hippies, Emos und anderen Subkulturen.<br \/>Fotosets Kultur und Fetisch, Lesben, Softcore-Pornos, Transsexuelle usw.<br \/>ViperGirls.com hat in der Tat einen Abschnitt mit nicht nackten Inhalten, um ehrlich zu sein, ist nicht der gr\u00f6\u00dfte, aber er ist immer noch da.<br \/>F\u00fcr diejenigen, die f\u00fcr eine nicht identische Schnellstra\u00dfe erscheinen, um virtuelle Vergn\u00fcgen f\u00fcr Erwachsene zu genie\u00dfen.<br \/>Es gibt Comedians f\u00fcr Erwachsene, Geschichten, Depots, gephotoshoppte und nachahmende Stoffe, also Dinge, die folglich pers\u00f6nlich sind, die nicht in die Kategorie passen und in eine nicht kategorisierte Sektion gestellt wurden.<\/p>\r\n","protected":false},"excerpt":{"rendered":"<p>ViperGirls ist ein riesiges Online-Forum f\u00fcr Erwachsene f\u00fcr alles, was mit Pornos zu tun hat.Sie haben Dutzende von Kategorien, von denen viele Zehntausende Threads und einige Millionen Posts haben.Aufgrund der Natur dieser Art ist der Inhalt ausnahmslos frisch und wird st\u00e4ndig aktualisiert.Neue Threads und Themen werden gestartet und Beitr\u00e4ge tauchen st\u00e4ndig auf, da eine gro\u00dfe [&hellip;]<\/p>\n","protected":false},"author":1,"featured_media":0,"parent":0,"menu_order":0,"comment_status":"closed","ping_status":"closed","template":"page-star-stil.php","meta":{"footnotes":""},"class_list":["post-6650","page","type-page","status-publish","hentry"],"yoast_head":"<!-- This site is optimized with the Yoast SEO plugin v27.2 - https:\/\/yoast.com\/product\/yoast-seo-wordpress\/ -->\n<title>Vipergirls.to and Similer Adult Forum Sites | PORNMATE.com<\/title>\n<meta name=\"description\" content=\"ViperGirls ist ein riesiges Online-Forum f\u00fcr Erwachsene f\u00fcr alles, was mit Pornos zu tun hat.Sie haben Dutzende von Kategorien, von denen viele Zehntausende Threads und einige Millionen Posts haben.\" \/>\n<meta name=\"robots\" content=\"index, follow, max-snippet:-1, max-image-preview:large, max-video-preview:-1\" \/>\n<link rel=\"canonical\" href=\"https:\/\/pornmate.com\/de\/vipergirls\" \/>\n<meta property=\"og:locale\" content=\"de_DE\" \/>\n<meta property=\"og:type\" content=\"article\" \/>\n<meta property=\"og:title\" content=\"Vipergirls.to and Similer Adult Forum Sites | PORNMATE.com\" \/>\n<meta property=\"og:description\" content=\"ViperGirls ist ein riesiges Online-Forum f\u00fcr Erwachsene f\u00fcr alles, was mit Pornos zu tun hat.Sie haben Dutzende von Kategorien, von denen viele Zehntausende Threads und einige Millionen Posts haben.\" \/>\n<meta property=\"og:url\" content=\"https:\/\/pornmate.com\/de\/vipergirls\" \/>\n<meta property=\"og:site_name\" content=\"Besten Pornoseiten - Kostenlose Deutsche Pornos | PornMate.com\" \/>\n<meta property=\"article:modified_time\" content=\"2022-11-25T15:06:40+00:00\" \/>\n<meta name=\"twitter:card\" content=\"summary_large_image\" \/>\n<meta name=\"twitter:label1\" content=\"Gesch\u00e4tzte Lesezeit\" \/>\n\t<meta name=\"twitter:data1\" content=\"2\u00a0Minuten\" \/>\n<script type=\"application\/ld+json\" class=\"yoast-schema-graph\">{\"@context\":\"https:\/\/schema.org\",\"@graph\":[{\"@type\":\"WebPage\",\"@id\":\"https:\/\/pornmate.com\/de\/vipergirls\",\"url\":\"https:\/\/pornmate.com\/de\/vipergirls\",\"name\":\"Vipergirls.to and Similer Adult Forum Sites | PORNMATE.com\",\"isPartOf\":{\"@id\":\"https:\/\/pornmate.com\/de\/#website\"},\"datePublished\":\"2020-02-08T10:28:14+00:00\",\"dateModified\":\"2022-11-25T15:06:40+00:00\",\"description\":\"ViperGirls ist ein riesiges Online-Forum f\u00fcr Erwachsene f\u00fcr alles, was mit Pornos zu tun hat.Sie haben Dutzende von Kategorien, von denen viele Zehntausende Threads und einige Millionen Posts haben.\",\"breadcrumb\":{\"@id\":\"https:\/\/pornmate.com\/de\/vipergirls#breadcrumb\"},\"inLanguage\":\"de\",\"potentialAction\":[{\"@type\":\"ReadAction\",\"target\":[\"https:\/\/pornmate.com\/de\/vipergirls\"]}]},{\"@type\":\"BreadcrumbList\",\"@id\":\"https:\/\/pornmate.com\/de\/vipergirls#breadcrumb\",\"itemListElement\":[{\"@type\":\"ListItem\",\"position\":1,\"name\":\"Startseite\",\"item\":\"https:\/\/pornmate.com\/de\"},{\"@type\":\"ListItem\",\"position\":2,\"name\":\"ViperGirls.to\"}]},{\"@type\":\"WebSite\",\"@id\":\"https:\/\/pornmate.com\/de\/#website\",\"url\":\"https:\/\/pornmate.com\/de\/\",\"name\":\"Besten Pornoseiten - Kostenlose Deutsche Pornos | PornMate.com\",\"description\":\"Kostenlose Pornos, ist Ihr Combo-Verzeichnis der besten gratis Pornoseiten, die Sie finden k\u00f6nnen, und das fantastische Seitenbewertungen, Kostenlose Deutsche sex Biografien von Pornostars und ihre xxx Freie Porno videos unter einem Dach pr\u00e4sentiert.\",\"publisher\":{\"@id\":\"https:\/\/pornmate.com\/de\/#organization\"},\"potentialAction\":[{\"@type\":\"SearchAction\",\"target\":{\"@type\":\"EntryPoint\",\"urlTemplate\":\"https:\/\/pornmate.com\/de\/?s={search_term_string}\"},\"query-input\":{\"@type\":\"PropertyValueSpecification\",\"valueRequired\":true,\"valueName\":\"search_term_string\"}}],\"inLanguage\":\"de\"},{\"@type\":\"Organization\",\"@id\":\"https:\/\/pornmate.com\/de\/#organization\",\"name\":\"Besten Pornoseiten - Kostenlose Deutsche Pornos | PornMate.com\",\"url\":\"https:\/\/pornmate.com\/de\/\",\"logo\":{\"@type\":\"ImageObject\",\"inLanguage\":\"de\",\"@id\":\"https:\/\/pornmate.com\/de\/#\/schema\/logo\/image\/\",\"url\":\"https:\/\/pornmate.com\/de\/wp-content\/uploads\/2022\/11\/pornmate-1.png\",\"contentUrl\":\"https:\/\/pornmate.com\/de\/wp-content\/uploads\/2022\/11\/pornmate-1.png\",\"width\":203,\"height\":200,\"caption\":\"Besten Pornoseiten - Kostenlose Deutsche Pornos | PornMate.com\"},\"image\":{\"@id\":\"https:\/\/pornmate.com\/de\/#\/schema\/logo\/image\/\"}}]}<\/script>\n<!-- \/ Yoast SEO plugin. -->","yoast_head_json":{"title":"Vipergirls.to and Similer Adult Forum Sites | PORNMATE.com","description":"ViperGirls ist ein riesiges Online-Forum f\u00fcr Erwachsene f\u00fcr alles, was mit Pornos zu tun hat.Sie haben Dutzende von Kategorien, von denen viele Zehntausende Threads und einige Millionen Posts haben.","robots":{"index":"index","follow":"follow","max-snippet":"max-snippet:-1","max-image-preview":"max-image-preview:large","max-video-preview":"max-video-preview:-1"},"canonical":"https:\/\/pornmate.com\/de\/vipergirls","og_locale":"de_DE","og_type":"article","og_title":"Vipergirls.to and Similer Adult Forum Sites | PORNMATE.com","og_description":"ViperGirls ist ein riesiges Online-Forum f\u00fcr Erwachsene f\u00fcr alles, was mit Pornos zu tun hat.Sie haben Dutzende von Kategorien, von denen viele Zehntausende Threads und einige Millionen Posts haben.","og_url":"https:\/\/pornmate.com\/de\/vipergirls","og_site_name":"Besten Pornoseiten - Kostenlose Deutsche Pornos | PornMate.com","article_modified_time":"2022-11-25T15:06:40+00:00","twitter_card":"summary_large_image","twitter_misc":{"Gesch\u00e4tzte Lesezeit":"2\u00a0Minuten"},"schema":{"@context":"https:\/\/schema.org","@graph":[{"@type":"WebPage","@id":"https:\/\/pornmate.com\/de\/vipergirls","url":"https:\/\/pornmate.com\/de\/vipergirls","name":"Vipergirls.to and Similer Adult Forum Sites | PORNMATE.com","isPartOf":{"@id":"https:\/\/pornmate.com\/de\/#website"},"datePublished":"2020-02-08T10:28:14+00:00","dateModified":"2022-11-25T15:06:40+00:00","description":"ViperGirls ist ein riesiges Online-Forum f\u00fcr Erwachsene f\u00fcr alles, was mit Pornos zu tun hat.Sie haben Dutzende von Kategorien, von denen viele Zehntausende Threads und einige Millionen Posts haben.","breadcrumb":{"@id":"https:\/\/pornmate.com\/de\/vipergirls#breadcrumb"},"inLanguage":"de","potentialAction":[{"@type":"ReadAction","target":["https:\/\/pornmate.com\/de\/vipergirls"]}]},{"@type":"BreadcrumbList","@id":"https:\/\/pornmate.com\/de\/vipergirls#breadcrumb","itemListElement":[{"@type":"ListItem","position":1,"name":"Startseite","item":"https:\/\/pornmate.com\/de"},{"@type":"ListItem","position":2,"name":"ViperGirls.to"}]},{"@type":"WebSite","@id":"https:\/\/pornmate.com\/de\/#website","url":"https:\/\/pornmate.com\/de\/","name":"Besten Pornoseiten - Kostenlose Deutsche Pornos | PornMate.com","description":"Kostenlose Pornos, ist Ihr Combo-Verzeichnis der besten gratis Pornoseiten, die Sie finden k\u00f6nnen, und das fantastische Seitenbewertungen, Kostenlose Deutsche sex Biografien von Pornostars und ihre xxx Freie Porno videos unter einem Dach pr\u00e4sentiert.","publisher":{"@id":"https:\/\/pornmate.com\/de\/#organization"},"potentialAction":[{"@type":"SearchAction","target":{"@type":"EntryPoint","urlTemplate":"https:\/\/pornmate.com\/de\/?s={search_term_string}"},"query-input":{"@type":"PropertyValueSpecification","valueRequired":true,"valueName":"search_term_string"}}],"inLanguage":"de"},{"@type":"Organization","@id":"https:\/\/pornmate.com\/de\/#organization","name":"Besten Pornoseiten - Kostenlose Deutsche Pornos | PornMate.com","url":"https:\/\/pornmate.com\/de\/","logo":{"@type":"ImageObject","inLanguage":"de","@id":"https:\/\/pornmate.com\/de\/#\/schema\/logo\/image\/","url":"https:\/\/pornmate.com\/de\/wp-content\/uploads\/2022\/11\/pornmate-1.png","contentUrl":"https:\/\/pornmate.com\/de\/wp-content\/uploads\/2022\/11\/pornmate-1.png","width":203,"height":200,"caption":"Besten Pornoseiten - Kostenlose Deutsche Pornos | PornMate.com"},"image":{"@id":"https:\/\/pornmate.com\/de\/#\/schema\/logo\/image\/"}}]}},"_links":{"self":[{"href":"https:\/\/pornmate.com\/de\/wp-json\/wp\/v2\/pages\/6650","targetHints":{"allow":["GET"]}}],"collection":[{"href":"https:\/\/pornmate.com\/de\/wp-json\/wp\/v2\/pages"}],"about":[{"href":"https:\/\/pornmate.com\/de\/wp-json\/wp\/v2\/types\/page"}],"author":[{"embeddable":true,"href":"https:\/\/pornmate.com\/de\/wp-json\/wp\/v2\/users\/1"}],"replies":[{"embeddable":true,"href":"https:\/\/pornmate.com\/de\/wp-json\/wp\/v2\/comments?post=6650"}],"version-history":[{"count":0,"href":"https:\/\/pornmate.com\/de\/wp-json\/wp\/v2\/pages\/6650\/revisions"}],"wp:attachment":[{"href":"https:\/\/pornmate.com\/de\/wp-json\/wp\/v2\/media?parent=6650"}],"curies":[{"name":"wp","href":"https:\/\/api.w.org\/{rel}","templated":true}]}}