{"id":6717,"date":"2020-02-14T10:30:45","date_gmt":"2020-02-14T10:30:45","guid":{"rendered":"https:\/\/pornmate.com\/?page_id=6717"},"modified":"2022-11-25T16:45:18","modified_gmt":"2022-11-25T15:45:18","slug":"e-hentai","status":"publish","type":"page","link":"https:\/\/pornmate.com\/de\/e-hentai","title":{"rendered":"E-hentai.org"},"content":{"rendered":"\r\n<p>E-Hentai.org ist eine riesige Galerie f\u00fcr Hentai-Pornos und Style-Videos. Es gibt \u00fcber zwanzigtausend Inhalte, die Sie auf anderen Pornoseiten nicht finden k\u00f6nnen. Die meisten dieser Inhalte bestehen aus WEBMs und GIFs, aber das ist angesichts der Natur dieses Genres normal. Obwohl Ehentai die Grundlage dieser Seite ist, wo sie die meiste Inspiration sch\u00f6pfen, ist das nicht alles, worin sie gut sind. In dem Moment, in dem Sie die Homepage betreten, sehen Sie eine interessante M\u00f6glichkeit, schnell zu filtern, was sie zu bieten hat. Es gibt Registerkarten, mit denen Sie bestimmte Arten von Inhalten \u00f6ffnen oder schlie\u00dfen k\u00f6nnen. Kategorien wie Doujinshi, Manga, Game CG, Hentai-Porno, Western oder Non-H k\u00f6nnen ge\u00e4ndert werden, bevor Sie Ihre gew\u00fcnschten Schl\u00fcsselw\u00f6rter zu einer Suchleiste hinzuf\u00fcgen, und es werden die gew\u00fcnschten Ergebnisse erzielt. Angesichts der gro\u00dfen Anzahl von Galerien empfiehlt es sich, so viel wie m\u00f6glich zu filtern, wenn Sie nach etwas Spezifischerem suchen, aber andererseits, wenn Sie gerade erst mit dem Besuch der Website begonnen haben, m\u00f6chten Sie sich vielleicht frei umsehen. Entdecken Sie alles, was Ehentai zu bieten hat. Alles, was sie haben, ist nur einen Klick entfernt und v\u00f6llig kostenlos. Galerien bieten sogar eine Vorschau an, wenn Sie den Mauszeiger \u00fcber ihren Namen bewegen, sodass Sie weniger Zeit mit der Suche verbringen und mehr Zeit damit verbringen, sich anzusehen, was Ihnen wirklich gef\u00e4llt. Neben seiner Hauptattraktion bietet E Hentai mehr f\u00fcr die Eifrigen. Sie haben einen Torrent-Bereich, in dem Sie aus \u00fcber hunderttausend Torrents ausw\u00e4hlen k\u00f6nnen. Es gibt Seiten mit beliebten Inhalten, Top-Listen, eine Nachrichtenseite, die sie \u00fcber Website-Updates ver\u00f6ffentlichen, und sie haben sogar Foren und ein eigenes Wiki.<\/p>\r\n","protected":false},"excerpt":{"rendered":"<p>E-Hentai.org ist eine riesige Galerie f\u00fcr Hentai-Pornos und Style-Videos. Es gibt \u00fcber zwanzigtausend Inhalte, die Sie auf anderen Pornoseiten nicht finden k\u00f6nnen. Die meisten dieser Inhalte bestehen aus WEBMs und GIFs, aber das ist angesichts der Natur dieses Genres normal. Obwohl Ehentai die Grundlage dieser Seite ist, wo sie die meiste Inspiration sch\u00f6pfen, ist das [&hellip;]<\/p>\n","protected":false},"author":1,"featured_media":0,"parent":0,"menu_order":0,"comment_status":"closed","ping_status":"closed","template":"page-star-stil.php","meta":{"footnotes":""},"class_list":["post-6717","page","type-page","status-publish","hentry"],"yoast_head":"<!-- This site is optimized with the Yoast SEO plugin v27.2 - https:\/\/yoast.com\/product\/yoast-seo-wordpress\/ -->\n<title>E-hentai.org Porno Foren Seite - PornMate.com<\/title>\n<meta name=\"description\" content=\"E-Hentai.org ist eine riesige Galerie f\u00fcr Hentai-Pornos und Style-Videos. Es gibt \u00fcber zwanzigtausend Inhalte, die Sie auf anderen Pornoseiten nicht finden k\u00f6nnen. Die meisten dieser Inhalte bestehen aus WEBMs und GIFs, aber das ist angesichts der Natur dieses Genres normal.\" \/>\n<meta name=\"robots\" content=\"index, follow, max-snippet:-1, max-image-preview:large, max-video-preview:-1\" \/>\n<link rel=\"canonical\" href=\"https:\/\/pornmate.com\/de\/e-hentai\" \/>\n<meta property=\"og:locale\" content=\"de_DE\" \/>\n<meta property=\"og:type\" content=\"article\" \/>\n<meta property=\"og:title\" content=\"E-hentai.org Porno Foren Seite - PornMate.com\" \/>\n<meta property=\"og:description\" content=\"E-Hentai.org ist eine riesige Galerie f\u00fcr Hentai-Pornos und Style-Videos. Es gibt \u00fcber zwanzigtausend Inhalte, die Sie auf anderen Pornoseiten nicht finden k\u00f6nnen. Die meisten dieser Inhalte bestehen aus WEBMs und GIFs, aber das ist angesichts der Natur dieses Genres normal.\" \/>\n<meta property=\"og:url\" content=\"https:\/\/pornmate.com\/de\/e-hentai\" \/>\n<meta property=\"og:site_name\" content=\"Besten Pornoseiten - Kostenlose Deutsche Pornos | PornMate.com\" \/>\n<meta property=\"article:modified_time\" content=\"2022-11-25T15:45:18+00:00\" \/>\n<meta name=\"twitter:card\" content=\"summary_large_image\" \/>\n<meta name=\"twitter:label1\" content=\"Gesch\u00e4tzte Lesezeit\" \/>\n\t<meta name=\"twitter:data1\" content=\"2\u00a0Minuten\" \/>\n<script type=\"application\/ld+json\" class=\"yoast-schema-graph\">{\"@context\":\"https:\/\/schema.org\",\"@graph\":[{\"@type\":\"WebPage\",\"@id\":\"https:\/\/pornmate.com\/de\/e-hentai\",\"url\":\"https:\/\/pornmate.com\/de\/e-hentai\",\"name\":\"E-hentai.org Porno Foren Seite - PornMate.com\",\"isPartOf\":{\"@id\":\"https:\/\/pornmate.com\/de\/#website\"},\"datePublished\":\"2020-02-14T10:30:45+00:00\",\"dateModified\":\"2022-11-25T15:45:18+00:00\",\"description\":\"E-Hentai.org ist eine riesige Galerie f\u00fcr Hentai-Pornos und Style-Videos. Es gibt \u00fcber zwanzigtausend Inhalte, die Sie auf anderen Pornoseiten nicht finden k\u00f6nnen. Die meisten dieser Inhalte bestehen aus WEBMs und GIFs, aber das ist angesichts der Natur dieses Genres normal.\",\"breadcrumb\":{\"@id\":\"https:\/\/pornmate.com\/de\/e-hentai#breadcrumb\"},\"inLanguage\":\"de\",\"potentialAction\":[{\"@type\":\"ReadAction\",\"target\":[\"https:\/\/pornmate.com\/de\/e-hentai\"]}]},{\"@type\":\"BreadcrumbList\",\"@id\":\"https:\/\/pornmate.com\/de\/e-hentai#breadcrumb\",\"itemListElement\":[{\"@type\":\"ListItem\",\"position\":1,\"name\":\"Startseite\",\"item\":\"https:\/\/pornmate.com\/de\"},{\"@type\":\"ListItem\",\"position\":2,\"name\":\"E-hentai.org\"}]},{\"@type\":\"WebSite\",\"@id\":\"https:\/\/pornmate.com\/de\/#website\",\"url\":\"https:\/\/pornmate.com\/de\/\",\"name\":\"Besten Pornoseiten - Kostenlose Deutsche Pornos | PornMate.com\",\"description\":\"Kostenlose Pornos, ist Ihr Combo-Verzeichnis der besten gratis Pornoseiten, die Sie finden k\u00f6nnen, und das fantastische Seitenbewertungen, Kostenlose Deutsche sex Biografien von Pornostars und ihre xxx Freie Porno videos unter einem Dach pr\u00e4sentiert.\",\"publisher\":{\"@id\":\"https:\/\/pornmate.com\/de\/#organization\"},\"potentialAction\":[{\"@type\":\"SearchAction\",\"target\":{\"@type\":\"EntryPoint\",\"urlTemplate\":\"https:\/\/pornmate.com\/de\/?s={search_term_string}\"},\"query-input\":{\"@type\":\"PropertyValueSpecification\",\"valueRequired\":true,\"valueName\":\"search_term_string\"}}],\"inLanguage\":\"de\"},{\"@type\":\"Organization\",\"@id\":\"https:\/\/pornmate.com\/de\/#organization\",\"name\":\"Besten Pornoseiten - Kostenlose Deutsche Pornos | PornMate.com\",\"url\":\"https:\/\/pornmate.com\/de\/\",\"logo\":{\"@type\":\"ImageObject\",\"inLanguage\":\"de\",\"@id\":\"https:\/\/pornmate.com\/de\/#\/schema\/logo\/image\/\",\"url\":\"https:\/\/pornmate.com\/de\/wp-content\/uploads\/2022\/11\/pornmate-1.png\",\"contentUrl\":\"https:\/\/pornmate.com\/de\/wp-content\/uploads\/2022\/11\/pornmate-1.png\",\"width\":203,\"height\":200,\"caption\":\"Besten Pornoseiten - Kostenlose Deutsche Pornos | PornMate.com\"},\"image\":{\"@id\":\"https:\/\/pornmate.com\/de\/#\/schema\/logo\/image\/\"}}]}<\/script>\n<!-- \/ Yoast SEO plugin. -->","yoast_head_json":{"title":"E-hentai.org Porno Foren Seite - PornMate.com","description":"E-Hentai.org ist eine riesige Galerie f\u00fcr Hentai-Pornos und Style-Videos. Es gibt \u00fcber zwanzigtausend Inhalte, die Sie auf anderen Pornoseiten nicht finden k\u00f6nnen. Die meisten dieser Inhalte bestehen aus WEBMs und GIFs, aber das ist angesichts der Natur dieses Genres normal.","robots":{"index":"index","follow":"follow","max-snippet":"max-snippet:-1","max-image-preview":"max-image-preview:large","max-video-preview":"max-video-preview:-1"},"canonical":"https:\/\/pornmate.com\/de\/e-hentai","og_locale":"de_DE","og_type":"article","og_title":"E-hentai.org Porno Foren Seite - PornMate.com","og_description":"E-Hentai.org ist eine riesige Galerie f\u00fcr Hentai-Pornos und Style-Videos. Es gibt \u00fcber zwanzigtausend Inhalte, die Sie auf anderen Pornoseiten nicht finden k\u00f6nnen. Die meisten dieser Inhalte bestehen aus WEBMs und GIFs, aber das ist angesichts der Natur dieses Genres normal.","og_url":"https:\/\/pornmate.com\/de\/e-hentai","og_site_name":"Besten Pornoseiten - Kostenlose Deutsche Pornos | PornMate.com","article_modified_time":"2022-11-25T15:45:18+00:00","twitter_card":"summary_large_image","twitter_misc":{"Gesch\u00e4tzte Lesezeit":"2\u00a0Minuten"},"schema":{"@context":"https:\/\/schema.org","@graph":[{"@type":"WebPage","@id":"https:\/\/pornmate.com\/de\/e-hentai","url":"https:\/\/pornmate.com\/de\/e-hentai","name":"E-hentai.org Porno Foren Seite - PornMate.com","isPartOf":{"@id":"https:\/\/pornmate.com\/de\/#website"},"datePublished":"2020-02-14T10:30:45+00:00","dateModified":"2022-11-25T15:45:18+00:00","description":"E-Hentai.org ist eine riesige Galerie f\u00fcr Hentai-Pornos und Style-Videos. Es gibt \u00fcber zwanzigtausend Inhalte, die Sie auf anderen Pornoseiten nicht finden k\u00f6nnen. Die meisten dieser Inhalte bestehen aus WEBMs und GIFs, aber das ist angesichts der Natur dieses Genres normal.","breadcrumb":{"@id":"https:\/\/pornmate.com\/de\/e-hentai#breadcrumb"},"inLanguage":"de","potentialAction":[{"@type":"ReadAction","target":["https:\/\/pornmate.com\/de\/e-hentai"]}]},{"@type":"BreadcrumbList","@id":"https:\/\/pornmate.com\/de\/e-hentai#breadcrumb","itemListElement":[{"@type":"ListItem","position":1,"name":"Startseite","item":"https:\/\/pornmate.com\/de"},{"@type":"ListItem","position":2,"name":"E-hentai.org"}]},{"@type":"WebSite","@id":"https:\/\/pornmate.com\/de\/#website","url":"https:\/\/pornmate.com\/de\/","name":"Besten Pornoseiten - Kostenlose Deutsche Pornos | PornMate.com","description":"Kostenlose Pornos, ist Ihr Combo-Verzeichnis der besten gratis Pornoseiten, die Sie finden k\u00f6nnen, und das fantastische Seitenbewertungen, Kostenlose Deutsche sex Biografien von Pornostars und ihre xxx Freie Porno videos unter einem Dach pr\u00e4sentiert.","publisher":{"@id":"https:\/\/pornmate.com\/de\/#organization"},"potentialAction":[{"@type":"SearchAction","target":{"@type":"EntryPoint","urlTemplate":"https:\/\/pornmate.com\/de\/?s={search_term_string}"},"query-input":{"@type":"PropertyValueSpecification","valueRequired":true,"valueName":"search_term_string"}}],"inLanguage":"de"},{"@type":"Organization","@id":"https:\/\/pornmate.com\/de\/#organization","name":"Besten Pornoseiten - Kostenlose Deutsche Pornos | PornMate.com","url":"https:\/\/pornmate.com\/de\/","logo":{"@type":"ImageObject","inLanguage":"de","@id":"https:\/\/pornmate.com\/de\/#\/schema\/logo\/image\/","url":"https:\/\/pornmate.com\/de\/wp-content\/uploads\/2022\/11\/pornmate-1.png","contentUrl":"https:\/\/pornmate.com\/de\/wp-content\/uploads\/2022\/11\/pornmate-1.png","width":203,"height":200,"caption":"Besten Pornoseiten - Kostenlose Deutsche Pornos | PornMate.com"},"image":{"@id":"https:\/\/pornmate.com\/de\/#\/schema\/logo\/image\/"}}]}},"_links":{"self":[{"href":"https:\/\/pornmate.com\/de\/wp-json\/wp\/v2\/pages\/6717","targetHints":{"allow":["GET"]}}],"collection":[{"href":"https:\/\/pornmate.com\/de\/wp-json\/wp\/v2\/pages"}],"about":[{"href":"https:\/\/pornmate.com\/de\/wp-json\/wp\/v2\/types\/page"}],"author":[{"embeddable":true,"href":"https:\/\/pornmate.com\/de\/wp-json\/wp\/v2\/users\/1"}],"replies":[{"embeddable":true,"href":"https:\/\/pornmate.com\/de\/wp-json\/wp\/v2\/comments?post=6717"}],"version-history":[{"count":0,"href":"https:\/\/pornmate.com\/de\/wp-json\/wp\/v2\/pages\/6717\/revisions"}],"wp:attachment":[{"href":"https:\/\/pornmate.com\/de\/wp-json\/wp\/v2\/media?parent=6717"}],"curies":[{"name":"wp","href":"https:\/\/api.w.org\/{rel}","templated":true}]}}