{"id":6937,"date":"2020-03-07T20:22:00","date_gmt":"2020-03-07T20:22:00","guid":{"rendered":"https:\/\/pornmate.com\/?page_id=6937"},"modified":"2020-03-07T20:22:00","modified_gmt":"2020-03-07T20:22:00","slug":"85tube","status":"publish","type":"page","link":"https:\/\/pornmate.com\/de\/85tube","title":{"rendered":"85tube.com"},"content":{"rendered":"<p>Bist du auch ein Fan von asiatischen Pornovideos? Bist du also ein Fan von kostenlosen Pornos? Bist du ein Chinese, der nicht aufh\u00f6ren kann zu masturbieren? Wenn Sie zwei oder alle dieser Fragen mit Ja beantwortet haben, dann ist 85tube.com definitiv der richtige Ort f\u00fcr Sie. Diese Website bietet unz\u00e4hlige kostenlose Pornoinhalte, mit denen Sie alle M\u00f6glichkeiten erkunden k\u00f6nnen. Hier gibt es alle Arten von Videos und das Wichtigste ist, dass alle Videos kostenlos sind. Egal, ob Sie auf Amateurvideos oder professionelle Pornofilme stehen, hier finden Sie alles, was Sie suchen, an einem Ort, und Sie m\u00fcssen keinen einzigen Cent bezahlen. Wenn Sie denken, dass es nicht viele Plattformen gibt, auf denen Sie kostenlose Pornos von Chinesen genie\u00dfen k\u00f6nnen, ist dies definitiv die richtige Adresse, es ist Ihr Gl\u00fcckstag mit 85tube.com. Keine andere Website kann die Anzahl der Videos \u00fcbertreffen, die dieser Ort zu bieten hat. Es ist eine gro\u00dfartige Seite f\u00fcr alle chinesischen Benutzer und die Benutzeroberfl\u00e4che ist einfach fantastisch. Man wei\u00df nie, was sexy ist, die Models in diesen asiatischen Pornovideos oder all die gro\u00dfartigen Grafiken da drau\u00dfen. Wenn Sie sich all die entworfenen Animationen und Grafiken auf 85tube.com ansehen, werden Sie feststellen, dass die Leute, die sie erstellt haben, wirklich viel Zeit und M\u00fche hineingesteckt haben. Unsere Website hat einen sexy dunklen Look und die Videos, die auf dieser Website gehostet werden, sind viel sexier als das, also schau es dir an und genie\u00dfe es!<\/p>\n","protected":false},"excerpt":{"rendered":"<p>Bist du auch ein Fan von asiatischen Pornovideos? Bist du also ein Fan von kostenlosen Pornos? Bist du ein Chinese, der nicht aufh\u00f6ren kann zu masturbieren? Wenn Sie zwei oder alle dieser Fragen mit Ja beantwortet haben, dann ist 85tube.com definitiv der richtige Ort f\u00fcr Sie. Diese Website bietet unz\u00e4hlige kostenlose Pornoinhalte, mit denen Sie [&hellip;]<\/p>\n","protected":false},"author":1,"featured_media":0,"parent":0,"menu_order":0,"comment_status":"closed","ping_status":"closed","template":"page-star-stil.php","meta":{"footnotes":""},"class_list":["post-6937","page","type-page","status-publish","hentry"],"yoast_head":"<!-- This site is optimized with the Yoast SEO plugin v27.2 - https:\/\/yoast.com\/product\/yoast-seo-wordpress\/ -->\n<title>85tube.com and Similer Porn Tube Sites | PORNMATE.com<\/title>\n<meta name=\"description\" content=\"Bist du auch ein Fan von asiatischen Pornovideos? Bist du also ein Fan von kostenlosen Pornos? Bist du ein Chinese, der nicht aufh\u00f6ren kann zu masturbieren? Wenn Sie zwei oder alle dieser Fragen mit Ja beantwortet haben, dann ist 85tube.com definitiv der richtige Ort f\u00fcr Sie.\" \/>\n<meta name=\"robots\" content=\"index, follow, max-snippet:-1, max-image-preview:large, max-video-preview:-1\" \/>\n<link rel=\"canonical\" href=\"https:\/\/pornmate.com\/de\/85tube\" \/>\n<meta property=\"og:locale\" content=\"de_DE\" \/>\n<meta property=\"og:type\" content=\"article\" \/>\n<meta property=\"og:title\" content=\"85tube.com and Similer Porn Tube Sites | PORNMATE.com\" \/>\n<meta property=\"og:description\" content=\"Bist du auch ein Fan von asiatischen Pornovideos? Bist du also ein Fan von kostenlosen Pornos? Bist du ein Chinese, der nicht aufh\u00f6ren kann zu masturbieren? Wenn Sie zwei oder alle dieser Fragen mit Ja beantwortet haben, dann ist 85tube.com definitiv der richtige Ort f\u00fcr Sie.\" \/>\n<meta property=\"og:url\" content=\"https:\/\/pornmate.com\/de\/85tube\" \/>\n<meta property=\"og:site_name\" content=\"Besten Pornoseiten - Kostenlose Deutsche Pornos | PornMate.com\" \/>\n<meta name=\"twitter:card\" content=\"summary_large_image\" \/>\n<meta name=\"twitter:label1\" content=\"Gesch\u00e4tzte Lesezeit\" \/>\n\t<meta name=\"twitter:data1\" content=\"2\u00a0Minuten\" \/>\n<script type=\"application\/ld+json\" class=\"yoast-schema-graph\">{\"@context\":\"https:\/\/schema.org\",\"@graph\":[{\"@type\":\"WebPage\",\"@id\":\"https:\/\/pornmate.com\/de\/85tube\",\"url\":\"https:\/\/pornmate.com\/de\/85tube\",\"name\":\"85tube.com and Similer Porn Tube Sites | PORNMATE.com\",\"isPartOf\":{\"@id\":\"https:\/\/pornmate.com\/de\/#website\"},\"datePublished\":\"2020-03-07T20:22:00+00:00\",\"description\":\"Bist du auch ein Fan von asiatischen Pornovideos? Bist du also ein Fan von kostenlosen Pornos? Bist du ein Chinese, der nicht aufh\u00f6ren kann zu masturbieren? Wenn Sie zwei oder alle dieser Fragen mit Ja beantwortet haben, dann ist 85tube.com definitiv der richtige Ort f\u00fcr Sie.\",\"breadcrumb\":{\"@id\":\"https:\/\/pornmate.com\/de\/85tube#breadcrumb\"},\"inLanguage\":\"de\",\"potentialAction\":[{\"@type\":\"ReadAction\",\"target\":[\"https:\/\/pornmate.com\/de\/85tube\"]}]},{\"@type\":\"BreadcrumbList\",\"@id\":\"https:\/\/pornmate.com\/de\/85tube#breadcrumb\",\"itemListElement\":[{\"@type\":\"ListItem\",\"position\":1,\"name\":\"Startseite\",\"item\":\"https:\/\/pornmate.com\/de\"},{\"@type\":\"ListItem\",\"position\":2,\"name\":\"85tube.com\"}]},{\"@type\":\"WebSite\",\"@id\":\"https:\/\/pornmate.com\/de\/#website\",\"url\":\"https:\/\/pornmate.com\/de\/\",\"name\":\"Besten Pornoseiten - Kostenlose Deutsche Pornos | PornMate.com\",\"description\":\"Kostenlose Pornos, ist Ihr Combo-Verzeichnis der besten gratis Pornoseiten, die Sie finden k\u00f6nnen, und das fantastische Seitenbewertungen, Kostenlose Deutsche sex Biografien von Pornostars und ihre xxx Freie Porno videos unter einem Dach pr\u00e4sentiert.\",\"publisher\":{\"@id\":\"https:\/\/pornmate.com\/de\/#organization\"},\"potentialAction\":[{\"@type\":\"SearchAction\",\"target\":{\"@type\":\"EntryPoint\",\"urlTemplate\":\"https:\/\/pornmate.com\/de\/?s={search_term_string}\"},\"query-input\":{\"@type\":\"PropertyValueSpecification\",\"valueRequired\":true,\"valueName\":\"search_term_string\"}}],\"inLanguage\":\"de\"},{\"@type\":\"Organization\",\"@id\":\"https:\/\/pornmate.com\/de\/#organization\",\"name\":\"Besten Pornoseiten - Kostenlose Deutsche Pornos | PornMate.com\",\"url\":\"https:\/\/pornmate.com\/de\/\",\"logo\":{\"@type\":\"ImageObject\",\"inLanguage\":\"de\",\"@id\":\"https:\/\/pornmate.com\/de\/#\/schema\/logo\/image\/\",\"url\":\"https:\/\/pornmate.com\/de\/wp-content\/uploads\/2022\/11\/pornmate-1.png\",\"contentUrl\":\"https:\/\/pornmate.com\/de\/wp-content\/uploads\/2022\/11\/pornmate-1.png\",\"width\":203,\"height\":200,\"caption\":\"Besten Pornoseiten - Kostenlose Deutsche Pornos | PornMate.com\"},\"image\":{\"@id\":\"https:\/\/pornmate.com\/de\/#\/schema\/logo\/image\/\"}}]}<\/script>\n<!-- \/ Yoast SEO plugin. -->","yoast_head_json":{"title":"85tube.com and Similer Porn Tube Sites | PORNMATE.com","description":"Bist du auch ein Fan von asiatischen Pornovideos? Bist du also ein Fan von kostenlosen Pornos? Bist du ein Chinese, der nicht aufh\u00f6ren kann zu masturbieren? Wenn Sie zwei oder alle dieser Fragen mit Ja beantwortet haben, dann ist 85tube.com definitiv der richtige Ort f\u00fcr Sie.","robots":{"index":"index","follow":"follow","max-snippet":"max-snippet:-1","max-image-preview":"max-image-preview:large","max-video-preview":"max-video-preview:-1"},"canonical":"https:\/\/pornmate.com\/de\/85tube","og_locale":"de_DE","og_type":"article","og_title":"85tube.com and Similer Porn Tube Sites | PORNMATE.com","og_description":"Bist du auch ein Fan von asiatischen Pornovideos? Bist du also ein Fan von kostenlosen Pornos? Bist du ein Chinese, der nicht aufh\u00f6ren kann zu masturbieren? Wenn Sie zwei oder alle dieser Fragen mit Ja beantwortet haben, dann ist 85tube.com definitiv der richtige Ort f\u00fcr Sie.","og_url":"https:\/\/pornmate.com\/de\/85tube","og_site_name":"Besten Pornoseiten - Kostenlose Deutsche Pornos | PornMate.com","twitter_card":"summary_large_image","twitter_misc":{"Gesch\u00e4tzte Lesezeit":"2\u00a0Minuten"},"schema":{"@context":"https:\/\/schema.org","@graph":[{"@type":"WebPage","@id":"https:\/\/pornmate.com\/de\/85tube","url":"https:\/\/pornmate.com\/de\/85tube","name":"85tube.com and Similer Porn Tube Sites | PORNMATE.com","isPartOf":{"@id":"https:\/\/pornmate.com\/de\/#website"},"datePublished":"2020-03-07T20:22:00+00:00","description":"Bist du auch ein Fan von asiatischen Pornovideos? Bist du also ein Fan von kostenlosen Pornos? Bist du ein Chinese, der nicht aufh\u00f6ren kann zu masturbieren? Wenn Sie zwei oder alle dieser Fragen mit Ja beantwortet haben, dann ist 85tube.com definitiv der richtige Ort f\u00fcr Sie.","breadcrumb":{"@id":"https:\/\/pornmate.com\/de\/85tube#breadcrumb"},"inLanguage":"de","potentialAction":[{"@type":"ReadAction","target":["https:\/\/pornmate.com\/de\/85tube"]}]},{"@type":"BreadcrumbList","@id":"https:\/\/pornmate.com\/de\/85tube#breadcrumb","itemListElement":[{"@type":"ListItem","position":1,"name":"Startseite","item":"https:\/\/pornmate.com\/de"},{"@type":"ListItem","position":2,"name":"85tube.com"}]},{"@type":"WebSite","@id":"https:\/\/pornmate.com\/de\/#website","url":"https:\/\/pornmate.com\/de\/","name":"Besten Pornoseiten - Kostenlose Deutsche Pornos | PornMate.com","description":"Kostenlose Pornos, ist Ihr Combo-Verzeichnis der besten gratis Pornoseiten, die Sie finden k\u00f6nnen, und das fantastische Seitenbewertungen, Kostenlose Deutsche sex Biografien von Pornostars und ihre xxx Freie Porno videos unter einem Dach pr\u00e4sentiert.","publisher":{"@id":"https:\/\/pornmate.com\/de\/#organization"},"potentialAction":[{"@type":"SearchAction","target":{"@type":"EntryPoint","urlTemplate":"https:\/\/pornmate.com\/de\/?s={search_term_string}"},"query-input":{"@type":"PropertyValueSpecification","valueRequired":true,"valueName":"search_term_string"}}],"inLanguage":"de"},{"@type":"Organization","@id":"https:\/\/pornmate.com\/de\/#organization","name":"Besten Pornoseiten - Kostenlose Deutsche Pornos | PornMate.com","url":"https:\/\/pornmate.com\/de\/","logo":{"@type":"ImageObject","inLanguage":"de","@id":"https:\/\/pornmate.com\/de\/#\/schema\/logo\/image\/","url":"https:\/\/pornmate.com\/de\/wp-content\/uploads\/2022\/11\/pornmate-1.png","contentUrl":"https:\/\/pornmate.com\/de\/wp-content\/uploads\/2022\/11\/pornmate-1.png","width":203,"height":200,"caption":"Besten Pornoseiten - Kostenlose Deutsche Pornos | PornMate.com"},"image":{"@id":"https:\/\/pornmate.com\/de\/#\/schema\/logo\/image\/"}}]}},"_links":{"self":[{"href":"https:\/\/pornmate.com\/de\/wp-json\/wp\/v2\/pages\/6937","targetHints":{"allow":["GET"]}}],"collection":[{"href":"https:\/\/pornmate.com\/de\/wp-json\/wp\/v2\/pages"}],"about":[{"href":"https:\/\/pornmate.com\/de\/wp-json\/wp\/v2\/types\/page"}],"author":[{"embeddable":true,"href":"https:\/\/pornmate.com\/de\/wp-json\/wp\/v2\/users\/1"}],"replies":[{"embeddable":true,"href":"https:\/\/pornmate.com\/de\/wp-json\/wp\/v2\/comments?post=6937"}],"version-history":[{"count":0,"href":"https:\/\/pornmate.com\/de\/wp-json\/wp\/v2\/pages\/6937\/revisions"}],"wp:attachment":[{"href":"https:\/\/pornmate.com\/de\/wp-json\/wp\/v2\/media?parent=6937"}],"curies":[{"name":"wp","href":"https:\/\/api.w.org\/{rel}","templated":true}]}}