{"id":7044,"date":"2020-03-18T10:36:24","date_gmt":"2020-03-18T10:36:24","guid":{"rendered":"https:\/\/pornmate.com\/?page_id=7044"},"modified":"2022-11-23T18:00:37","modified_gmt":"2022-11-23T17:00:37","slug":"vrsumo","status":"publish","type":"page","link":"https:\/\/pornmate.com\/de\/vrsumo","title":{"rendered":"Vrsumo.com"},"content":{"rendered":"<p>Vrsumo.com ist eine gro\u00dfartige Premium-Pornoseite, auf der Sie Pornofilme genie\u00dfen und sich wie die Hauptrolle f\u00fchlen k\u00f6nnen. Unter den 35 verschiedenen Kategorien auf vrsumo wird dir fast jede von ihnen Inhalte bieten, die dich abh\u00e4rten (oder nass machen) und dich in ein Meer von Tr\u00e4umen treiben lassen. Wenn Sie einen Lieblingspornostar haben, dessen Clips Sie sich ansehen m\u00f6chten, k\u00f6nnen Sie auch in einem Pornostars-Tab nach ihr suchen und alphabetisch und nach Ruf sortieren, um es Ihnen leichter zu machen, das zu finden, wonach Sie suchen. W\u00e4hrend die meisten Leute vrsumo.com besuchen, um sich Videos anzusehen, m\u00f6gen einige diese Seite auch wegen ihres schriftlichen Inhalts, denn auf vrsumo k\u00f6nnen Sie sich \u00fcber Themen wie \u201eVR-Porno-Manie findet die besten VR-Pornos\u201c oder \u201eHoliday Season Porn Deals\u201c informieren. KinkPage.\u201c Zuschauer dieser Website haben die M\u00f6glichkeit zu sehen, welche Kategorien, Pornostars oder Studios in Sachen Virtual-Reality-Pornos gerade angesagt sind. Obwohl keine Registrierung erforderlich ist, haben registrierte Benutzer bestimmte Vorteile, also z\u00f6gern Sie nicht l\u00e4nger und besuchen Sie sie sofort die Website vrsumo.com besuchen Jetzt besuchen!<\/p>\n","protected":false},"excerpt":{"rendered":"<p>Vrsumo.com ist eine gro\u00dfartige Premium-Pornoseite, auf der Sie Pornofilme genie\u00dfen und sich wie die Hauptrolle f\u00fchlen k\u00f6nnen. Unter den 35 verschiedenen Kategorien auf vrsumo wird dir fast jede von ihnen Inhalte bieten, die dich abh\u00e4rten (oder nass machen) und dich in ein Meer von Tr\u00e4umen treiben lassen. Wenn Sie einen Lieblingspornostar haben, dessen Clips Sie [&hellip;]<\/p>\n","protected":false},"author":1,"featured_media":0,"parent":0,"menu_order":0,"comment_status":"closed","ping_status":"closed","template":"page-star-stil.php","meta":{"footnotes":""},"class_list":["post-7044","page","type-page","status-publish","hentry"],"yoast_head":"<!-- This site is optimized with the Yoast SEO plugin v27.2 - https:\/\/yoast.com\/product\/yoast-seo-wordpress\/ -->\n<title>Vrsumo.com Vr Porno Seiten - PornMate.com<\/title>\n<meta name=\"description\" content=\"Vrsumo.com ist eine gro\u00dfartige Premium-Pornoseite, auf der Sie Pornofilme genie\u00dfen und sich wie die Hauptrolle f\u00fchlen k\u00f6nnen. Unter den 35 verschiedenen Kategorien auf vrsumo wird dir fast jede von ihnen Inhalte bieten, die dich abh\u00e4rten (oder nass machen) und dich in ein Meer von Tr\u00e4umen treiben lassen.\" \/>\n<meta name=\"robots\" content=\"index, follow, max-snippet:-1, max-image-preview:large, max-video-preview:-1\" \/>\n<link rel=\"canonical\" href=\"https:\/\/pornmate.com\/de\/vrsumo\" \/>\n<meta property=\"og:locale\" content=\"de_DE\" \/>\n<meta property=\"og:type\" content=\"article\" \/>\n<meta property=\"og:title\" content=\"Vrsumo.com Vr Porno Seiten - PornMate.com\" \/>\n<meta property=\"og:description\" content=\"Vrsumo.com ist eine gro\u00dfartige Premium-Pornoseite, auf der Sie Pornofilme genie\u00dfen und sich wie die Hauptrolle f\u00fchlen k\u00f6nnen. Unter den 35 verschiedenen Kategorien auf vrsumo wird dir fast jede von ihnen Inhalte bieten, die dich abh\u00e4rten (oder nass machen) und dich in ein Meer von Tr\u00e4umen treiben lassen.\" \/>\n<meta property=\"og:url\" content=\"https:\/\/pornmate.com\/de\/vrsumo\" \/>\n<meta property=\"og:site_name\" content=\"Besten Pornoseiten - Kostenlose Deutsche Pornos | PornMate.com\" \/>\n<meta property=\"article:modified_time\" content=\"2022-11-23T17:00:37+00:00\" \/>\n<meta name=\"twitter:card\" content=\"summary_large_image\" \/>\n<meta name=\"twitter:label1\" content=\"Gesch\u00e4tzte Lesezeit\" \/>\n\t<meta name=\"twitter:data1\" content=\"1\u00a0Minute\" \/>\n<script type=\"application\/ld+json\" class=\"yoast-schema-graph\">{\"@context\":\"https:\/\/schema.org\",\"@graph\":[{\"@type\":\"WebPage\",\"@id\":\"https:\/\/pornmate.com\/de\/vrsumo\",\"url\":\"https:\/\/pornmate.com\/de\/vrsumo\",\"name\":\"Vrsumo.com Vr Porno Seiten - PornMate.com\",\"isPartOf\":{\"@id\":\"https:\/\/pornmate.com\/de\/#website\"},\"datePublished\":\"2020-03-18T10:36:24+00:00\",\"dateModified\":\"2022-11-23T17:00:37+00:00\",\"description\":\"Vrsumo.com ist eine gro\u00dfartige Premium-Pornoseite, auf der Sie Pornofilme genie\u00dfen und sich wie die Hauptrolle f\u00fchlen k\u00f6nnen. Unter den 35 verschiedenen Kategorien auf vrsumo wird dir fast jede von ihnen Inhalte bieten, die dich abh\u00e4rten (oder nass machen) und dich in ein Meer von Tr\u00e4umen treiben lassen.\",\"breadcrumb\":{\"@id\":\"https:\/\/pornmate.com\/de\/vrsumo#breadcrumb\"},\"inLanguage\":\"de\",\"potentialAction\":[{\"@type\":\"ReadAction\",\"target\":[\"https:\/\/pornmate.com\/de\/vrsumo\"]}]},{\"@type\":\"BreadcrumbList\",\"@id\":\"https:\/\/pornmate.com\/de\/vrsumo#breadcrumb\",\"itemListElement\":[{\"@type\":\"ListItem\",\"position\":1,\"name\":\"Startseite\",\"item\":\"https:\/\/pornmate.com\/de\"},{\"@type\":\"ListItem\",\"position\":2,\"name\":\"Vrsumo.com\"}]},{\"@type\":\"WebSite\",\"@id\":\"https:\/\/pornmate.com\/de\/#website\",\"url\":\"https:\/\/pornmate.com\/de\/\",\"name\":\"Besten Pornoseiten - Kostenlose Deutsche Pornos | PornMate.com\",\"description\":\"Kostenlose Pornos, ist Ihr Combo-Verzeichnis der besten gratis Pornoseiten, die Sie finden k\u00f6nnen, und das fantastische Seitenbewertungen, Kostenlose Deutsche sex Biografien von Pornostars und ihre xxx Freie Porno videos unter einem Dach pr\u00e4sentiert.\",\"publisher\":{\"@id\":\"https:\/\/pornmate.com\/de\/#organization\"},\"potentialAction\":[{\"@type\":\"SearchAction\",\"target\":{\"@type\":\"EntryPoint\",\"urlTemplate\":\"https:\/\/pornmate.com\/de\/?s={search_term_string}\"},\"query-input\":{\"@type\":\"PropertyValueSpecification\",\"valueRequired\":true,\"valueName\":\"search_term_string\"}}],\"inLanguage\":\"de\"},{\"@type\":\"Organization\",\"@id\":\"https:\/\/pornmate.com\/de\/#organization\",\"name\":\"Besten Pornoseiten - Kostenlose Deutsche Pornos | PornMate.com\",\"url\":\"https:\/\/pornmate.com\/de\/\",\"logo\":{\"@type\":\"ImageObject\",\"inLanguage\":\"de\",\"@id\":\"https:\/\/pornmate.com\/de\/#\/schema\/logo\/image\/\",\"url\":\"https:\/\/pornmate.com\/de\/wp-content\/uploads\/2022\/11\/pornmate-1.png\",\"contentUrl\":\"https:\/\/pornmate.com\/de\/wp-content\/uploads\/2022\/11\/pornmate-1.png\",\"width\":203,\"height\":200,\"caption\":\"Besten Pornoseiten - Kostenlose Deutsche Pornos | PornMate.com\"},\"image\":{\"@id\":\"https:\/\/pornmate.com\/de\/#\/schema\/logo\/image\/\"}}]}<\/script>\n<!-- \/ Yoast SEO plugin. -->","yoast_head_json":{"title":"Vrsumo.com Vr Porno Seiten - PornMate.com","description":"Vrsumo.com ist eine gro\u00dfartige Premium-Pornoseite, auf der Sie Pornofilme genie\u00dfen und sich wie die Hauptrolle f\u00fchlen k\u00f6nnen. Unter den 35 verschiedenen Kategorien auf vrsumo wird dir fast jede von ihnen Inhalte bieten, die dich abh\u00e4rten (oder nass machen) und dich in ein Meer von Tr\u00e4umen treiben lassen.","robots":{"index":"index","follow":"follow","max-snippet":"max-snippet:-1","max-image-preview":"max-image-preview:large","max-video-preview":"max-video-preview:-1"},"canonical":"https:\/\/pornmate.com\/de\/vrsumo","og_locale":"de_DE","og_type":"article","og_title":"Vrsumo.com Vr Porno Seiten - PornMate.com","og_description":"Vrsumo.com ist eine gro\u00dfartige Premium-Pornoseite, auf der Sie Pornofilme genie\u00dfen und sich wie die Hauptrolle f\u00fchlen k\u00f6nnen. Unter den 35 verschiedenen Kategorien auf vrsumo wird dir fast jede von ihnen Inhalte bieten, die dich abh\u00e4rten (oder nass machen) und dich in ein Meer von Tr\u00e4umen treiben lassen.","og_url":"https:\/\/pornmate.com\/de\/vrsumo","og_site_name":"Besten Pornoseiten - Kostenlose Deutsche Pornos | PornMate.com","article_modified_time":"2022-11-23T17:00:37+00:00","twitter_card":"summary_large_image","twitter_misc":{"Gesch\u00e4tzte Lesezeit":"1\u00a0Minute"},"schema":{"@context":"https:\/\/schema.org","@graph":[{"@type":"WebPage","@id":"https:\/\/pornmate.com\/de\/vrsumo","url":"https:\/\/pornmate.com\/de\/vrsumo","name":"Vrsumo.com Vr Porno Seiten - PornMate.com","isPartOf":{"@id":"https:\/\/pornmate.com\/de\/#website"},"datePublished":"2020-03-18T10:36:24+00:00","dateModified":"2022-11-23T17:00:37+00:00","description":"Vrsumo.com ist eine gro\u00dfartige Premium-Pornoseite, auf der Sie Pornofilme genie\u00dfen und sich wie die Hauptrolle f\u00fchlen k\u00f6nnen. Unter den 35 verschiedenen Kategorien auf vrsumo wird dir fast jede von ihnen Inhalte bieten, die dich abh\u00e4rten (oder nass machen) und dich in ein Meer von Tr\u00e4umen treiben lassen.","breadcrumb":{"@id":"https:\/\/pornmate.com\/de\/vrsumo#breadcrumb"},"inLanguage":"de","potentialAction":[{"@type":"ReadAction","target":["https:\/\/pornmate.com\/de\/vrsumo"]}]},{"@type":"BreadcrumbList","@id":"https:\/\/pornmate.com\/de\/vrsumo#breadcrumb","itemListElement":[{"@type":"ListItem","position":1,"name":"Startseite","item":"https:\/\/pornmate.com\/de"},{"@type":"ListItem","position":2,"name":"Vrsumo.com"}]},{"@type":"WebSite","@id":"https:\/\/pornmate.com\/de\/#website","url":"https:\/\/pornmate.com\/de\/","name":"Besten Pornoseiten - Kostenlose Deutsche Pornos | PornMate.com","description":"Kostenlose Pornos, ist Ihr Combo-Verzeichnis der besten gratis Pornoseiten, die Sie finden k\u00f6nnen, und das fantastische Seitenbewertungen, Kostenlose Deutsche sex Biografien von Pornostars und ihre xxx Freie Porno videos unter einem Dach pr\u00e4sentiert.","publisher":{"@id":"https:\/\/pornmate.com\/de\/#organization"},"potentialAction":[{"@type":"SearchAction","target":{"@type":"EntryPoint","urlTemplate":"https:\/\/pornmate.com\/de\/?s={search_term_string}"},"query-input":{"@type":"PropertyValueSpecification","valueRequired":true,"valueName":"search_term_string"}}],"inLanguage":"de"},{"@type":"Organization","@id":"https:\/\/pornmate.com\/de\/#organization","name":"Besten Pornoseiten - Kostenlose Deutsche Pornos | PornMate.com","url":"https:\/\/pornmate.com\/de\/","logo":{"@type":"ImageObject","inLanguage":"de","@id":"https:\/\/pornmate.com\/de\/#\/schema\/logo\/image\/","url":"https:\/\/pornmate.com\/de\/wp-content\/uploads\/2022\/11\/pornmate-1.png","contentUrl":"https:\/\/pornmate.com\/de\/wp-content\/uploads\/2022\/11\/pornmate-1.png","width":203,"height":200,"caption":"Besten Pornoseiten - Kostenlose Deutsche Pornos | PornMate.com"},"image":{"@id":"https:\/\/pornmate.com\/de\/#\/schema\/logo\/image\/"}}]}},"_links":{"self":[{"href":"https:\/\/pornmate.com\/de\/wp-json\/wp\/v2\/pages\/7044","targetHints":{"allow":["GET"]}}],"collection":[{"href":"https:\/\/pornmate.com\/de\/wp-json\/wp\/v2\/pages"}],"about":[{"href":"https:\/\/pornmate.com\/de\/wp-json\/wp\/v2\/types\/page"}],"author":[{"embeddable":true,"href":"https:\/\/pornmate.com\/de\/wp-json\/wp\/v2\/users\/1"}],"replies":[{"embeddable":true,"href":"https:\/\/pornmate.com\/de\/wp-json\/wp\/v2\/comments?post=7044"}],"version-history":[{"count":0,"href":"https:\/\/pornmate.com\/de\/wp-json\/wp\/v2\/pages\/7044\/revisions"}],"wp:attachment":[{"href":"https:\/\/pornmate.com\/de\/wp-json\/wp\/v2\/media?parent=7044"}],"curies":[{"name":"wp","href":"https:\/\/api.w.org\/{rel}","templated":true}]}}