{"id":7045,"date":"2020-03-18T10:29:57","date_gmt":"2020-03-18T10:29:57","guid":{"rendered":"https:\/\/pornmate.com\/?page_id=7045"},"modified":"2022-11-23T18:05:19","modified_gmt":"2022-11-23T17:05:19","slug":"vrsmash","status":"publish","type":"page","link":"https:\/\/pornmate.com\/de\/vrsmash","title":{"rendered":"Vrsmash.com"},"content":{"rendered":"<p>Vrsmash.com ist eine Porno-Tube-Site, auf der Sie bequem Ihren Lieblingsporno f\u00fcr Erwachsene genie\u00dfen k\u00f6nnen. Im Gegensatz zu vielen anderen Websites mit \u00e4hnlichen Inhalten werden jedoch Virtual-Reality-Clips f\u00fcr jedes Video auf vrsmash erstellt, sodass Sie genau wie der Typ aussehen k\u00f6nnen, der dieses M\u00e4dchen (oder diese M\u00e4dchen) von der B\u00fchne gefickt hat. Es gibt 134 verschiedene Kategorien auf dieser Website, diese Kategorien sind benutzerfreundlich und recht einfach zu navigieren, sodass Sie sicher sein k\u00f6nnen, dass Sie nicht zu viel Zeit damit verbringen, das zu durchsuchen, was Sie sehen m\u00f6chten. Au\u00dferdem k\u00f6nnen Clips in einem der 81 Studios gesucht werden, deren Filme auf dieser Seite ver\u00f6ffentlicht sind. F\u00fcr diejenigen, die wirklich interessiert sind, gibt es auch einen eigenen Bereich, den nur Premium-Mitglieder sehen k\u00f6nnen, aber es gibt immer noch viele Inhalte, die kostenlos und ohne Registrierung angesehen werden k\u00f6nnen. F\u00fcr diejenigen, die Zweifel haben, wonach sie zuerst suchen sollen, gibt es im Moment eine Empfehlung aus den beliebtesten Kategorien unten auf der Startseite, damit sie sicher sein k\u00f6nnen, dass sie bei der Auswahl keinen Fehler machen.<\/p>\n","protected":false},"excerpt":{"rendered":"<p>Vrsmash.com ist eine Porno-Tube-Site, auf der Sie bequem Ihren Lieblingsporno f\u00fcr Erwachsene genie\u00dfen k\u00f6nnen. Im Gegensatz zu vielen anderen Websites mit \u00e4hnlichen Inhalten werden jedoch Virtual-Reality-Clips f\u00fcr jedes Video auf vrsmash erstellt, sodass Sie genau wie der Typ aussehen k\u00f6nnen, der dieses M\u00e4dchen (oder diese M\u00e4dchen) von der B\u00fchne gefickt hat. Es gibt 134 verschiedene [&hellip;]<\/p>\n","protected":false},"author":1,"featured_media":0,"parent":0,"menu_order":0,"comment_status":"closed","ping_status":"closed","template":"page-star-stil.php","meta":{"footnotes":""},"class_list":["post-7045","page","type-page","status-publish","hentry"],"yoast_head":"<!-- This site is optimized with the Yoast SEO plugin v27.2 - https:\/\/yoast.com\/product\/yoast-seo-wordpress\/ -->\n<title>Vrsmash.com Kontenlose Vr Pornos - PornMate.com<\/title>\n<meta name=\"description\" content=\"Vrsmash.com ist eine Porno-Tube-Site, auf der Sie bequem Ihren Lieblingsporno f\u00fcr Erwachsene genie\u00dfen k\u00f6nnen. Im Gegensatz zu vielen anderen Websites mit \u00e4hnlichen Inhalten werden jedoch Virtual-Reality-Clips f\u00fcr jedes Video auf vrsmash erstellt, sodass Sie genau wie der Typ aussehen k\u00f6nnen, der dieses M\u00e4dchen (oder diese M\u00e4dchen) von der B\u00fchne gefickt hat.\" \/>\n<meta name=\"robots\" content=\"index, follow, max-snippet:-1, max-image-preview:large, max-video-preview:-1\" \/>\n<link rel=\"canonical\" href=\"https:\/\/pornmate.com\/de\/vrsmash\" \/>\n<meta property=\"og:locale\" content=\"de_DE\" \/>\n<meta property=\"og:type\" content=\"article\" \/>\n<meta property=\"og:title\" content=\"Vrsmash.com Kontenlose Vr Pornos - PornMate.com\" \/>\n<meta property=\"og:description\" content=\"Vrsmash.com ist eine Porno-Tube-Site, auf der Sie bequem Ihren Lieblingsporno f\u00fcr Erwachsene genie\u00dfen k\u00f6nnen. Im Gegensatz zu vielen anderen Websites mit \u00e4hnlichen Inhalten werden jedoch Virtual-Reality-Clips f\u00fcr jedes Video auf vrsmash erstellt, sodass Sie genau wie der Typ aussehen k\u00f6nnen, der dieses M\u00e4dchen (oder diese M\u00e4dchen) von der B\u00fchne gefickt hat.\" \/>\n<meta property=\"og:url\" content=\"https:\/\/pornmate.com\/de\/vrsmash\" \/>\n<meta property=\"og:site_name\" content=\"Besten Pornoseiten - Kostenlose Deutsche Pornos | PornMate.com\" \/>\n<meta property=\"article:modified_time\" content=\"2022-11-23T17:05:19+00:00\" \/>\n<meta name=\"twitter:card\" content=\"summary_large_image\" \/>\n<meta name=\"twitter:label1\" content=\"Gesch\u00e4tzte Lesezeit\" \/>\n\t<meta name=\"twitter:data1\" content=\"1\u00a0Minute\" \/>\n<script type=\"application\/ld+json\" class=\"yoast-schema-graph\">{\"@context\":\"https:\/\/schema.org\",\"@graph\":[{\"@type\":\"WebPage\",\"@id\":\"https:\/\/pornmate.com\/de\/vrsmash\",\"url\":\"https:\/\/pornmate.com\/de\/vrsmash\",\"name\":\"Vrsmash.com Kontenlose Vr Pornos - PornMate.com\",\"isPartOf\":{\"@id\":\"https:\/\/pornmate.com\/de\/#website\"},\"datePublished\":\"2020-03-18T10:29:57+00:00\",\"dateModified\":\"2022-11-23T17:05:19+00:00\",\"description\":\"Vrsmash.com ist eine Porno-Tube-Site, auf der Sie bequem Ihren Lieblingsporno f\u00fcr Erwachsene genie\u00dfen k\u00f6nnen. Im Gegensatz zu vielen anderen Websites mit \u00e4hnlichen Inhalten werden jedoch Virtual-Reality-Clips f\u00fcr jedes Video auf vrsmash erstellt, sodass Sie genau wie der Typ aussehen k\u00f6nnen, der dieses M\u00e4dchen (oder diese M\u00e4dchen) von der B\u00fchne gefickt hat.\",\"breadcrumb\":{\"@id\":\"https:\/\/pornmate.com\/de\/vrsmash#breadcrumb\"},\"inLanguage\":\"de\",\"potentialAction\":[{\"@type\":\"ReadAction\",\"target\":[\"https:\/\/pornmate.com\/de\/vrsmash\"]}]},{\"@type\":\"BreadcrumbList\",\"@id\":\"https:\/\/pornmate.com\/de\/vrsmash#breadcrumb\",\"itemListElement\":[{\"@type\":\"ListItem\",\"position\":1,\"name\":\"Startseite\",\"item\":\"https:\/\/pornmate.com\/de\"},{\"@type\":\"ListItem\",\"position\":2,\"name\":\"Vrsmash.com\"}]},{\"@type\":\"WebSite\",\"@id\":\"https:\/\/pornmate.com\/de\/#website\",\"url\":\"https:\/\/pornmate.com\/de\/\",\"name\":\"Besten Pornoseiten - Kostenlose Deutsche Pornos | PornMate.com\",\"description\":\"Kostenlose Pornos, ist Ihr Combo-Verzeichnis der besten gratis Pornoseiten, die Sie finden k\u00f6nnen, und das fantastische Seitenbewertungen, Kostenlose Deutsche sex Biografien von Pornostars und ihre xxx Freie Porno videos unter einem Dach pr\u00e4sentiert.\",\"publisher\":{\"@id\":\"https:\/\/pornmate.com\/de\/#organization\"},\"potentialAction\":[{\"@type\":\"SearchAction\",\"target\":{\"@type\":\"EntryPoint\",\"urlTemplate\":\"https:\/\/pornmate.com\/de\/?s={search_term_string}\"},\"query-input\":{\"@type\":\"PropertyValueSpecification\",\"valueRequired\":true,\"valueName\":\"search_term_string\"}}],\"inLanguage\":\"de\"},{\"@type\":\"Organization\",\"@id\":\"https:\/\/pornmate.com\/de\/#organization\",\"name\":\"Besten Pornoseiten - Kostenlose Deutsche Pornos | PornMate.com\",\"url\":\"https:\/\/pornmate.com\/de\/\",\"logo\":{\"@type\":\"ImageObject\",\"inLanguage\":\"de\",\"@id\":\"https:\/\/pornmate.com\/de\/#\/schema\/logo\/image\/\",\"url\":\"https:\/\/pornmate.com\/de\/wp-content\/uploads\/2022\/11\/pornmate-1.png\",\"contentUrl\":\"https:\/\/pornmate.com\/de\/wp-content\/uploads\/2022\/11\/pornmate-1.png\",\"width\":203,\"height\":200,\"caption\":\"Besten Pornoseiten - Kostenlose Deutsche Pornos | PornMate.com\"},\"image\":{\"@id\":\"https:\/\/pornmate.com\/de\/#\/schema\/logo\/image\/\"}}]}<\/script>\n<!-- \/ Yoast SEO plugin. -->","yoast_head_json":{"title":"Vrsmash.com Kontenlose Vr Pornos - PornMate.com","description":"Vrsmash.com ist eine Porno-Tube-Site, auf der Sie bequem Ihren Lieblingsporno f\u00fcr Erwachsene genie\u00dfen k\u00f6nnen. Im Gegensatz zu vielen anderen Websites mit \u00e4hnlichen Inhalten werden jedoch Virtual-Reality-Clips f\u00fcr jedes Video auf vrsmash erstellt, sodass Sie genau wie der Typ aussehen k\u00f6nnen, der dieses M\u00e4dchen (oder diese M\u00e4dchen) von der B\u00fchne gefickt hat.","robots":{"index":"index","follow":"follow","max-snippet":"max-snippet:-1","max-image-preview":"max-image-preview:large","max-video-preview":"max-video-preview:-1"},"canonical":"https:\/\/pornmate.com\/de\/vrsmash","og_locale":"de_DE","og_type":"article","og_title":"Vrsmash.com Kontenlose Vr Pornos - PornMate.com","og_description":"Vrsmash.com ist eine Porno-Tube-Site, auf der Sie bequem Ihren Lieblingsporno f\u00fcr Erwachsene genie\u00dfen k\u00f6nnen. Im Gegensatz zu vielen anderen Websites mit \u00e4hnlichen Inhalten werden jedoch Virtual-Reality-Clips f\u00fcr jedes Video auf vrsmash erstellt, sodass Sie genau wie der Typ aussehen k\u00f6nnen, der dieses M\u00e4dchen (oder diese M\u00e4dchen) von der B\u00fchne gefickt hat.","og_url":"https:\/\/pornmate.com\/de\/vrsmash","og_site_name":"Besten Pornoseiten - Kostenlose Deutsche Pornos | PornMate.com","article_modified_time":"2022-11-23T17:05:19+00:00","twitter_card":"summary_large_image","twitter_misc":{"Gesch\u00e4tzte Lesezeit":"1\u00a0Minute"},"schema":{"@context":"https:\/\/schema.org","@graph":[{"@type":"WebPage","@id":"https:\/\/pornmate.com\/de\/vrsmash","url":"https:\/\/pornmate.com\/de\/vrsmash","name":"Vrsmash.com Kontenlose Vr Pornos - PornMate.com","isPartOf":{"@id":"https:\/\/pornmate.com\/de\/#website"},"datePublished":"2020-03-18T10:29:57+00:00","dateModified":"2022-11-23T17:05:19+00:00","description":"Vrsmash.com ist eine Porno-Tube-Site, auf der Sie bequem Ihren Lieblingsporno f\u00fcr Erwachsene genie\u00dfen k\u00f6nnen. Im Gegensatz zu vielen anderen Websites mit \u00e4hnlichen Inhalten werden jedoch Virtual-Reality-Clips f\u00fcr jedes Video auf vrsmash erstellt, sodass Sie genau wie der Typ aussehen k\u00f6nnen, der dieses M\u00e4dchen (oder diese M\u00e4dchen) von der B\u00fchne gefickt hat.","breadcrumb":{"@id":"https:\/\/pornmate.com\/de\/vrsmash#breadcrumb"},"inLanguage":"de","potentialAction":[{"@type":"ReadAction","target":["https:\/\/pornmate.com\/de\/vrsmash"]}]},{"@type":"BreadcrumbList","@id":"https:\/\/pornmate.com\/de\/vrsmash#breadcrumb","itemListElement":[{"@type":"ListItem","position":1,"name":"Startseite","item":"https:\/\/pornmate.com\/de"},{"@type":"ListItem","position":2,"name":"Vrsmash.com"}]},{"@type":"WebSite","@id":"https:\/\/pornmate.com\/de\/#website","url":"https:\/\/pornmate.com\/de\/","name":"Besten Pornoseiten - Kostenlose Deutsche Pornos | PornMate.com","description":"Kostenlose Pornos, ist Ihr Combo-Verzeichnis der besten gratis Pornoseiten, die Sie finden k\u00f6nnen, und das fantastische Seitenbewertungen, Kostenlose Deutsche sex Biografien von Pornostars und ihre xxx Freie Porno videos unter einem Dach pr\u00e4sentiert.","publisher":{"@id":"https:\/\/pornmate.com\/de\/#organization"},"potentialAction":[{"@type":"SearchAction","target":{"@type":"EntryPoint","urlTemplate":"https:\/\/pornmate.com\/de\/?s={search_term_string}"},"query-input":{"@type":"PropertyValueSpecification","valueRequired":true,"valueName":"search_term_string"}}],"inLanguage":"de"},{"@type":"Organization","@id":"https:\/\/pornmate.com\/de\/#organization","name":"Besten Pornoseiten - Kostenlose Deutsche Pornos | PornMate.com","url":"https:\/\/pornmate.com\/de\/","logo":{"@type":"ImageObject","inLanguage":"de","@id":"https:\/\/pornmate.com\/de\/#\/schema\/logo\/image\/","url":"https:\/\/pornmate.com\/de\/wp-content\/uploads\/2022\/11\/pornmate-1.png","contentUrl":"https:\/\/pornmate.com\/de\/wp-content\/uploads\/2022\/11\/pornmate-1.png","width":203,"height":200,"caption":"Besten Pornoseiten - Kostenlose Deutsche Pornos | PornMate.com"},"image":{"@id":"https:\/\/pornmate.com\/de\/#\/schema\/logo\/image\/"}}]}},"_links":{"self":[{"href":"https:\/\/pornmate.com\/de\/wp-json\/wp\/v2\/pages\/7045","targetHints":{"allow":["GET"]}}],"collection":[{"href":"https:\/\/pornmate.com\/de\/wp-json\/wp\/v2\/pages"}],"about":[{"href":"https:\/\/pornmate.com\/de\/wp-json\/wp\/v2\/types\/page"}],"author":[{"embeddable":true,"href":"https:\/\/pornmate.com\/de\/wp-json\/wp\/v2\/users\/1"}],"replies":[{"embeddable":true,"href":"https:\/\/pornmate.com\/de\/wp-json\/wp\/v2\/comments?post=7045"}],"version-history":[{"count":0,"href":"https:\/\/pornmate.com\/de\/wp-json\/wp\/v2\/pages\/7045\/revisions"}],"wp:attachment":[{"href":"https:\/\/pornmate.com\/de\/wp-json\/wp\/v2\/media?parent=7045"}],"curies":[{"name":"wp","href":"https:\/\/api.w.org\/{rel}","templated":true}]}}