{"id":7048,"date":"2020-03-18T10:39:10","date_gmt":"2020-03-18T10:39:10","guid":{"rendered":"https:\/\/pornmate.com\/?page_id=7048"},"modified":"2020-03-18T10:39:10","modified_gmt":"2020-03-18T10:39:10","slug":"xxxreal","status":"publish","type":"page","link":"https:\/\/pornmate.com\/de\/xxxreal","title":{"rendered":"Xxxreal.com"},"content":{"rendered":"<p>Die Seite Xxxreal.com \u00e4hnelt vielen anderen Pornoseiten mit Virtual-Reality-Inhalten und wird zus\u00e4tzlich durch eine Live-Sex-Cam-Option unterst\u00fctzt. Auf insgesamt 86 Seiten k\u00f6nnen die Zuschauer mehr als 5.000 kostenlose virtuelle Pornovideos sowie 1.400 Videos genie\u00dfen, die nur f\u00fcr Mitglieder zug\u00e4nglich sind. Videos sind zum einfachen Auffinden in 64 verschiedene Kan\u00e4le und 227 Kategorien unterteilt. Dies erleichtert die Navigation auf dieser Website und das Auffinden der gew\u00fcnschten Inhalte erheblich. Eine weitere Funktion von Xxxreal ist eine VR-Live-Kamerafunktion, bei der Sie immer wundersch\u00f6n aussehende Babys finden k\u00f6nnen, die sehr bereit sind, alles zu tun, was Sie vor der Kamera sagen. Ein weiteres Merkmal der Website ist, dass Sie alle Inhalte im Virtual-Reality-Modus ansehen k\u00f6nnen. Benutzer k\u00f6nnen auch Datum, Uhrzeit, Dauer usw. einstellen. Sie k\u00f6nnen die Suche nach ihrem Lieblingsvideo mit kleinen Anpassungstools wie z Diejenigen, die die Premium-Inhalte dieser Website nutzen m\u00f6chten, k\u00f6nnen dies f\u00fcr einen sehr kleinen Betrag von nur 25,95 $ tun. Dar\u00fcber hinaus ist der Preis f\u00fcr diejenigen, die sich f\u00fcr eine viertelj\u00e4hrliche oder j\u00e4hrliche Mitgliedschaft entscheiden, viel g\u00fcnstiger.<\/p>\n","protected":false},"excerpt":{"rendered":"<p>Die Seite Xxxreal.com \u00e4hnelt vielen anderen Pornoseiten mit Virtual-Reality-Inhalten und wird zus\u00e4tzlich durch eine Live-Sex-Cam-Option unterst\u00fctzt. Auf insgesamt 86 Seiten k\u00f6nnen die Zuschauer mehr als 5.000 kostenlose virtuelle Pornovideos sowie 1.400 Videos genie\u00dfen, die nur f\u00fcr Mitglieder zug\u00e4nglich sind. Videos sind zum einfachen Auffinden in 64 verschiedene Kan\u00e4le und 227 Kategorien unterteilt. Dies erleichtert die [&hellip;]<\/p>\n","protected":false},"author":1,"featured_media":0,"parent":0,"menu_order":0,"comment_status":"closed","ping_status":"closed","template":"page-star-stil.php","meta":{"footnotes":""},"class_list":["post-7048","page","type-page","status-publish","hentry"],"yoast_head":"<!-- This site is optimized with the Yoast SEO plugin v27.2 - https:\/\/yoast.com\/product\/yoast-seo-wordpress\/ -->\n<title>Xxxreal.com review and similer Vrporn Sites - PornMate.com<\/title>\n<meta name=\"description\" content=\"Die Seite Xxxreal.com \u00e4hnelt vielen anderen Pornoseiten mit Virtual-Reality-Inhalten und wird zus\u00e4tzlich durch eine Live-Sex-Cam-Option unterst\u00fctzt. Auf insgesamt 86 Seiten k\u00f6nnen die Zuschauer mehr als 5.000 kostenlose virtuelle Pornovideos sowie 1.400 Videos genie\u00dfen, die nur f\u00fcr Mitglieder zug\u00e4nglich sind.\" \/>\n<meta name=\"robots\" content=\"index, follow, max-snippet:-1, max-image-preview:large, max-video-preview:-1\" \/>\n<link rel=\"canonical\" href=\"https:\/\/pornmate.com\/de\/xxxreal\" \/>\n<meta property=\"og:locale\" content=\"de_DE\" \/>\n<meta property=\"og:type\" content=\"article\" \/>\n<meta property=\"og:title\" content=\"Xxxreal.com review and similer Vrporn Sites - PornMate.com\" \/>\n<meta property=\"og:description\" content=\"Die Seite Xxxreal.com \u00e4hnelt vielen anderen Pornoseiten mit Virtual-Reality-Inhalten und wird zus\u00e4tzlich durch eine Live-Sex-Cam-Option unterst\u00fctzt. Auf insgesamt 86 Seiten k\u00f6nnen die Zuschauer mehr als 5.000 kostenlose virtuelle Pornovideos sowie 1.400 Videos genie\u00dfen, die nur f\u00fcr Mitglieder zug\u00e4nglich sind.\" \/>\n<meta property=\"og:url\" content=\"https:\/\/pornmate.com\/de\/xxxreal\" \/>\n<meta property=\"og:site_name\" content=\"Besten Pornoseiten - Kostenlose Deutsche Pornos | PornMate.com\" \/>\n<meta name=\"twitter:card\" content=\"summary_large_image\" \/>\n<meta name=\"twitter:label1\" content=\"Gesch\u00e4tzte Lesezeit\" \/>\n\t<meta name=\"twitter:data1\" content=\"1\u00a0Minute\" \/>\n<script type=\"application\/ld+json\" class=\"yoast-schema-graph\">{\"@context\":\"https:\/\/schema.org\",\"@graph\":[{\"@type\":\"WebPage\",\"@id\":\"https:\/\/pornmate.com\/de\/xxxreal\",\"url\":\"https:\/\/pornmate.com\/de\/xxxreal\",\"name\":\"Xxxreal.com review and similer Vrporn Sites - PornMate.com\",\"isPartOf\":{\"@id\":\"https:\/\/pornmate.com\/de\/#website\"},\"datePublished\":\"2020-03-18T10:39:10+00:00\",\"description\":\"Die Seite Xxxreal.com \u00e4hnelt vielen anderen Pornoseiten mit Virtual-Reality-Inhalten und wird zus\u00e4tzlich durch eine Live-Sex-Cam-Option unterst\u00fctzt. Auf insgesamt 86 Seiten k\u00f6nnen die Zuschauer mehr als 5.000 kostenlose virtuelle Pornovideos sowie 1.400 Videos genie\u00dfen, die nur f\u00fcr Mitglieder zug\u00e4nglich sind.\",\"breadcrumb\":{\"@id\":\"https:\/\/pornmate.com\/de\/xxxreal#breadcrumb\"},\"inLanguage\":\"de\",\"potentialAction\":[{\"@type\":\"ReadAction\",\"target\":[\"https:\/\/pornmate.com\/de\/xxxreal\"]}]},{\"@type\":\"BreadcrumbList\",\"@id\":\"https:\/\/pornmate.com\/de\/xxxreal#breadcrumb\",\"itemListElement\":[{\"@type\":\"ListItem\",\"position\":1,\"name\":\"Startseite\",\"item\":\"https:\/\/pornmate.com\/de\"},{\"@type\":\"ListItem\",\"position\":2,\"name\":\"Xxxreal.com\"}]},{\"@type\":\"WebSite\",\"@id\":\"https:\/\/pornmate.com\/de\/#website\",\"url\":\"https:\/\/pornmate.com\/de\/\",\"name\":\"Besten Pornoseiten - Kostenlose Deutsche Pornos | PornMate.com\",\"description\":\"Kostenlose Pornos, ist Ihr Combo-Verzeichnis der besten gratis Pornoseiten, die Sie finden k\u00f6nnen, und das fantastische Seitenbewertungen, Kostenlose Deutsche sex Biografien von Pornostars und ihre xxx Freie Porno videos unter einem Dach pr\u00e4sentiert.\",\"publisher\":{\"@id\":\"https:\/\/pornmate.com\/de\/#organization\"},\"potentialAction\":[{\"@type\":\"SearchAction\",\"target\":{\"@type\":\"EntryPoint\",\"urlTemplate\":\"https:\/\/pornmate.com\/de\/?s={search_term_string}\"},\"query-input\":{\"@type\":\"PropertyValueSpecification\",\"valueRequired\":true,\"valueName\":\"search_term_string\"}}],\"inLanguage\":\"de\"},{\"@type\":\"Organization\",\"@id\":\"https:\/\/pornmate.com\/de\/#organization\",\"name\":\"Besten Pornoseiten - Kostenlose Deutsche Pornos | PornMate.com\",\"url\":\"https:\/\/pornmate.com\/de\/\",\"logo\":{\"@type\":\"ImageObject\",\"inLanguage\":\"de\",\"@id\":\"https:\/\/pornmate.com\/de\/#\/schema\/logo\/image\/\",\"url\":\"https:\/\/pornmate.com\/de\/wp-content\/uploads\/2022\/11\/pornmate-1.png\",\"contentUrl\":\"https:\/\/pornmate.com\/de\/wp-content\/uploads\/2022\/11\/pornmate-1.png\",\"width\":203,\"height\":200,\"caption\":\"Besten Pornoseiten - Kostenlose Deutsche Pornos | PornMate.com\"},\"image\":{\"@id\":\"https:\/\/pornmate.com\/de\/#\/schema\/logo\/image\/\"}}]}<\/script>\n<!-- \/ Yoast SEO plugin. -->","yoast_head_json":{"title":"Xxxreal.com review and similer Vrporn Sites - PornMate.com","description":"Die Seite Xxxreal.com \u00e4hnelt vielen anderen Pornoseiten mit Virtual-Reality-Inhalten und wird zus\u00e4tzlich durch eine Live-Sex-Cam-Option unterst\u00fctzt. Auf insgesamt 86 Seiten k\u00f6nnen die Zuschauer mehr als 5.000 kostenlose virtuelle Pornovideos sowie 1.400 Videos genie\u00dfen, die nur f\u00fcr Mitglieder zug\u00e4nglich sind.","robots":{"index":"index","follow":"follow","max-snippet":"max-snippet:-1","max-image-preview":"max-image-preview:large","max-video-preview":"max-video-preview:-1"},"canonical":"https:\/\/pornmate.com\/de\/xxxreal","og_locale":"de_DE","og_type":"article","og_title":"Xxxreal.com review and similer Vrporn Sites - PornMate.com","og_description":"Die Seite Xxxreal.com \u00e4hnelt vielen anderen Pornoseiten mit Virtual-Reality-Inhalten und wird zus\u00e4tzlich durch eine Live-Sex-Cam-Option unterst\u00fctzt. Auf insgesamt 86 Seiten k\u00f6nnen die Zuschauer mehr als 5.000 kostenlose virtuelle Pornovideos sowie 1.400 Videos genie\u00dfen, die nur f\u00fcr Mitglieder zug\u00e4nglich sind.","og_url":"https:\/\/pornmate.com\/de\/xxxreal","og_site_name":"Besten Pornoseiten - Kostenlose Deutsche Pornos | PornMate.com","twitter_card":"summary_large_image","twitter_misc":{"Gesch\u00e4tzte Lesezeit":"1\u00a0Minute"},"schema":{"@context":"https:\/\/schema.org","@graph":[{"@type":"WebPage","@id":"https:\/\/pornmate.com\/de\/xxxreal","url":"https:\/\/pornmate.com\/de\/xxxreal","name":"Xxxreal.com review and similer Vrporn Sites - PornMate.com","isPartOf":{"@id":"https:\/\/pornmate.com\/de\/#website"},"datePublished":"2020-03-18T10:39:10+00:00","description":"Die Seite Xxxreal.com \u00e4hnelt vielen anderen Pornoseiten mit Virtual-Reality-Inhalten und wird zus\u00e4tzlich durch eine Live-Sex-Cam-Option unterst\u00fctzt. Auf insgesamt 86 Seiten k\u00f6nnen die Zuschauer mehr als 5.000 kostenlose virtuelle Pornovideos sowie 1.400 Videos genie\u00dfen, die nur f\u00fcr Mitglieder zug\u00e4nglich sind.","breadcrumb":{"@id":"https:\/\/pornmate.com\/de\/xxxreal#breadcrumb"},"inLanguage":"de","potentialAction":[{"@type":"ReadAction","target":["https:\/\/pornmate.com\/de\/xxxreal"]}]},{"@type":"BreadcrumbList","@id":"https:\/\/pornmate.com\/de\/xxxreal#breadcrumb","itemListElement":[{"@type":"ListItem","position":1,"name":"Startseite","item":"https:\/\/pornmate.com\/de"},{"@type":"ListItem","position":2,"name":"Xxxreal.com"}]},{"@type":"WebSite","@id":"https:\/\/pornmate.com\/de\/#website","url":"https:\/\/pornmate.com\/de\/","name":"Besten Pornoseiten - Kostenlose Deutsche Pornos | PornMate.com","description":"Kostenlose Pornos, ist Ihr Combo-Verzeichnis der besten gratis Pornoseiten, die Sie finden k\u00f6nnen, und das fantastische Seitenbewertungen, Kostenlose Deutsche sex Biografien von Pornostars und ihre xxx Freie Porno videos unter einem Dach pr\u00e4sentiert.","publisher":{"@id":"https:\/\/pornmate.com\/de\/#organization"},"potentialAction":[{"@type":"SearchAction","target":{"@type":"EntryPoint","urlTemplate":"https:\/\/pornmate.com\/de\/?s={search_term_string}"},"query-input":{"@type":"PropertyValueSpecification","valueRequired":true,"valueName":"search_term_string"}}],"inLanguage":"de"},{"@type":"Organization","@id":"https:\/\/pornmate.com\/de\/#organization","name":"Besten Pornoseiten - Kostenlose Deutsche Pornos | PornMate.com","url":"https:\/\/pornmate.com\/de\/","logo":{"@type":"ImageObject","inLanguage":"de","@id":"https:\/\/pornmate.com\/de\/#\/schema\/logo\/image\/","url":"https:\/\/pornmate.com\/de\/wp-content\/uploads\/2022\/11\/pornmate-1.png","contentUrl":"https:\/\/pornmate.com\/de\/wp-content\/uploads\/2022\/11\/pornmate-1.png","width":203,"height":200,"caption":"Besten Pornoseiten - Kostenlose Deutsche Pornos | PornMate.com"},"image":{"@id":"https:\/\/pornmate.com\/de\/#\/schema\/logo\/image\/"}}]}},"_links":{"self":[{"href":"https:\/\/pornmate.com\/de\/wp-json\/wp\/v2\/pages\/7048","targetHints":{"allow":["GET"]}}],"collection":[{"href":"https:\/\/pornmate.com\/de\/wp-json\/wp\/v2\/pages"}],"about":[{"href":"https:\/\/pornmate.com\/de\/wp-json\/wp\/v2\/types\/page"}],"author":[{"embeddable":true,"href":"https:\/\/pornmate.com\/de\/wp-json\/wp\/v2\/users\/1"}],"replies":[{"embeddable":true,"href":"https:\/\/pornmate.com\/de\/wp-json\/wp\/v2\/comments?post=7048"}],"version-history":[{"count":0,"href":"https:\/\/pornmate.com\/de\/wp-json\/wp\/v2\/pages\/7048\/revisions"}],"wp:attachment":[{"href":"https:\/\/pornmate.com\/de\/wp-json\/wp\/v2\/media?parent=7048"}],"curies":[{"name":"wp","href":"https:\/\/api.w.org\/{rel}","templated":true}]}}