{"id":7050,"date":"2020-03-18T10:42:03","date_gmt":"2020-03-18T10:42:03","guid":{"rendered":"https:\/\/pornmate.com\/?page_id=7050"},"modified":"2020-03-18T10:42:03","modified_gmt":"2020-03-18T10:42:03","slug":"myfreevrporn","status":"publish","type":"page","link":"https:\/\/pornmate.com\/de\/myfreevrporn","title":{"rendered":"Myfreevrporn.com"},"content":{"rendered":"<p>Myfreevrporn.com ist definitiv keine dieser Amateurseiten, auf denen M\u00e4dchen Liebe machen. Auf myfreevrporn machst du praktisch Liebe. Diese Virtual-Reality-Videos sehen so gut aus, dass du das Gef\u00fchl haben wirst, dort zu sein und deinen Lieblingspornostar zu ficken. Auf dieser Website haben Benutzer eine gro\u00dfe Auswahl an Videos zum Herunterladen und Ansehen von unz\u00e4hligen gro\u00dfartigen Videoclips. Virtual-Reality-Pornos sind heutzutage im Trend und werden immer beliebter. Viele Studien haben gezeigt, dass Virtual-Reality-Pornos mehr Vergn\u00fcgen bereiten als normale Pornos. Einer der Hauptunterschiede zwischen ihnen besteht darin, dass Sie mit der virtuellen Realit\u00e4t gro\u00dfe Bereiche sehen k\u00f6nnen. Das bedeutet, dass Sie jedes Detail in der Szene sehen k\u00f6nnen, die Sie sehen m\u00f6chten, anstatt das, was die Produktionsfirma lehrt. es wird dich \u00f6ffnen. Virtual-Reality-Pornos werden besonders aufregend f\u00fcr diejenigen sein, die bisher POV-Pornoclips (Point of View) genossen haben, weil sie ziemlich gleich sind, aber viel, viel besser und intensiver.<\/p>\n","protected":false},"excerpt":{"rendered":"<p>Myfreevrporn.com ist definitiv keine dieser Amateurseiten, auf denen M\u00e4dchen Liebe machen. Auf myfreevrporn machst du praktisch Liebe. Diese Virtual-Reality-Videos sehen so gut aus, dass du das Gef\u00fchl haben wirst, dort zu sein und deinen Lieblingspornostar zu ficken. Auf dieser Website haben Benutzer eine gro\u00dfe Auswahl an Videos zum Herunterladen und Ansehen von unz\u00e4hligen gro\u00dfartigen Videoclips. [&hellip;]<\/p>\n","protected":false},"author":1,"featured_media":0,"parent":0,"menu_order":0,"comment_status":"closed","ping_status":"closed","template":"page-star-stil.php","meta":{"footnotes":""},"class_list":["post-7050","page","type-page","status-publish","hentry"],"yoast_head":"<!-- This site is optimized with the Yoast SEO plugin v27.4 - https:\/\/yoast.com\/product\/yoast-seo-wordpress\/ -->\n<title>Myfreevrporn.com and Free Vr Porn Sites - PornMate.com<\/title>\n<meta name=\"description\" content=\"Myfreevrporn.com ist definitiv keine dieser Amateurseiten, auf denen M\u00e4dchen Liebe machen. Auf myfreevrporn machst du praktisch Liebe. Diese Virtual-Reality-Videos sehen so gut aus, dass du das Gef\u00fchl haben wirst, dort zu sein und deinen Lieblingspornostar zu ficken.\" \/>\n<meta name=\"robots\" content=\"index, follow, max-snippet:-1, max-image-preview:large, max-video-preview:-1\" \/>\n<link rel=\"canonical\" href=\"https:\/\/pornmate.com\/de\/myfreevrporn\" \/>\n<meta property=\"og:locale\" content=\"de_DE\" \/>\n<meta property=\"og:type\" content=\"article\" \/>\n<meta property=\"og:title\" content=\"Myfreevrporn.com and Free Vr Porn Sites - PornMate.com\" \/>\n<meta property=\"og:description\" content=\"Myfreevrporn.com ist definitiv keine dieser Amateurseiten, auf denen M\u00e4dchen Liebe machen. Auf myfreevrporn machst du praktisch Liebe. Diese Virtual-Reality-Videos sehen so gut aus, dass du das Gef\u00fchl haben wirst, dort zu sein und deinen Lieblingspornostar zu ficken.\" \/>\n<meta property=\"og:url\" content=\"https:\/\/pornmate.com\/de\/myfreevrporn\" \/>\n<meta property=\"og:site_name\" content=\"Besten Pornoseiten - Kostenlose Deutsche Pornos | PornMate.com\" \/>\n<meta name=\"twitter:card\" content=\"summary_large_image\" \/>\n<meta name=\"twitter:label1\" content=\"Gesch\u00e4tzte Lesezeit\" \/>\n\t<meta name=\"twitter:data1\" content=\"1\u00a0Minute\" \/>\n<script type=\"application\/ld+json\" class=\"yoast-schema-graph\">{\"@context\":\"https:\\\/\\\/schema.org\",\"@graph\":[{\"@type\":\"WebPage\",\"@id\":\"https:\\\/\\\/pornmate.com\\\/de\\\/myfreevrporn\",\"url\":\"https:\\\/\\\/pornmate.com\\\/de\\\/myfreevrporn\",\"name\":\"Myfreevrporn.com and Free Vr Porn Sites - PornMate.com\",\"isPartOf\":{\"@id\":\"https:\\\/\\\/pornmate.com\\\/de\\\/#website\"},\"datePublished\":\"2020-03-18T10:42:03+00:00\",\"description\":\"Myfreevrporn.com ist definitiv keine dieser Amateurseiten, auf denen M\u00e4dchen Liebe machen. Auf myfreevrporn machst du praktisch Liebe. Diese Virtual-Reality-Videos sehen so gut aus, dass du das Gef\u00fchl haben wirst, dort zu sein und deinen Lieblingspornostar zu ficken.\",\"breadcrumb\":{\"@id\":\"https:\\\/\\\/pornmate.com\\\/de\\\/myfreevrporn#breadcrumb\"},\"inLanguage\":\"de\",\"potentialAction\":[{\"@type\":\"ReadAction\",\"target\":[\"https:\\\/\\\/pornmate.com\\\/de\\\/myfreevrporn\"]}]},{\"@type\":\"BreadcrumbList\",\"@id\":\"https:\\\/\\\/pornmate.com\\\/de\\\/myfreevrporn#breadcrumb\",\"itemListElement\":[{\"@type\":\"ListItem\",\"position\":1,\"name\":\"Startseite\",\"item\":\"https:\\\/\\\/pornmate.com\\\/de\"},{\"@type\":\"ListItem\",\"position\":2,\"name\":\"Myfreevrporn.com\"}]},{\"@type\":\"WebSite\",\"@id\":\"https:\\\/\\\/pornmate.com\\\/de\\\/#website\",\"url\":\"https:\\\/\\\/pornmate.com\\\/de\\\/\",\"name\":\"Besten Pornoseiten - Kostenlose Deutsche Pornos | PornMate.com\",\"description\":\"Kostenlose Pornos, ist Ihr Combo-Verzeichnis der besten gratis Pornoseiten, die Sie finden k\u00f6nnen, und das fantastische Seitenbewertungen, Kostenlose Deutsche sex Biografien von Pornostars und ihre xxx Freie Porno videos unter einem Dach pr\u00e4sentiert.\",\"publisher\":{\"@id\":\"https:\\\/\\\/pornmate.com\\\/de\\\/#organization\"},\"potentialAction\":[{\"@type\":\"SearchAction\",\"target\":{\"@type\":\"EntryPoint\",\"urlTemplate\":\"https:\\\/\\\/pornmate.com\\\/de\\\/?s={search_term_string}\"},\"query-input\":{\"@type\":\"PropertyValueSpecification\",\"valueRequired\":true,\"valueName\":\"search_term_string\"}}],\"inLanguage\":\"de\"},{\"@type\":\"Organization\",\"@id\":\"https:\\\/\\\/pornmate.com\\\/de\\\/#organization\",\"name\":\"Besten Pornoseiten - Kostenlose Deutsche Pornos | PornMate.com\",\"url\":\"https:\\\/\\\/pornmate.com\\\/de\\\/\",\"logo\":{\"@type\":\"ImageObject\",\"inLanguage\":\"de\",\"@id\":\"https:\\\/\\\/pornmate.com\\\/de\\\/#\\\/schema\\\/logo\\\/image\\\/\",\"url\":\"https:\\\/\\\/pornmate.com\\\/de\\\/wp-content\\\/uploads\\\/2022\\\/11\\\/pornmate-1.png\",\"contentUrl\":\"https:\\\/\\\/pornmate.com\\\/de\\\/wp-content\\\/uploads\\\/2022\\\/11\\\/pornmate-1.png\",\"width\":203,\"height\":200,\"caption\":\"Besten Pornoseiten - Kostenlose Deutsche Pornos | PornMate.com\"},\"image\":{\"@id\":\"https:\\\/\\\/pornmate.com\\\/de\\\/#\\\/schema\\\/logo\\\/image\\\/\"}}]}<\/script>\n<!-- \/ Yoast SEO plugin. -->","yoast_head_json":{"title":"Myfreevrporn.com and Free Vr Porn Sites - PornMate.com","description":"Myfreevrporn.com ist definitiv keine dieser Amateurseiten, auf denen M\u00e4dchen Liebe machen. Auf myfreevrporn machst du praktisch Liebe. Diese Virtual-Reality-Videos sehen so gut aus, dass du das Gef\u00fchl haben wirst, dort zu sein und deinen Lieblingspornostar zu ficken.","robots":{"index":"index","follow":"follow","max-snippet":"max-snippet:-1","max-image-preview":"max-image-preview:large","max-video-preview":"max-video-preview:-1"},"canonical":"https:\/\/pornmate.com\/de\/myfreevrporn","og_locale":"de_DE","og_type":"article","og_title":"Myfreevrporn.com and Free Vr Porn Sites - PornMate.com","og_description":"Myfreevrporn.com ist definitiv keine dieser Amateurseiten, auf denen M\u00e4dchen Liebe machen. Auf myfreevrporn machst du praktisch Liebe. Diese Virtual-Reality-Videos sehen so gut aus, dass du das Gef\u00fchl haben wirst, dort zu sein und deinen Lieblingspornostar zu ficken.","og_url":"https:\/\/pornmate.com\/de\/myfreevrporn","og_site_name":"Besten Pornoseiten - Kostenlose Deutsche Pornos | PornMate.com","twitter_card":"summary_large_image","twitter_misc":{"Gesch\u00e4tzte Lesezeit":"1\u00a0Minute"},"schema":{"@context":"https:\/\/schema.org","@graph":[{"@type":"WebPage","@id":"https:\/\/pornmate.com\/de\/myfreevrporn","url":"https:\/\/pornmate.com\/de\/myfreevrporn","name":"Myfreevrporn.com and Free Vr Porn Sites - PornMate.com","isPartOf":{"@id":"https:\/\/pornmate.com\/de\/#website"},"datePublished":"2020-03-18T10:42:03+00:00","description":"Myfreevrporn.com ist definitiv keine dieser Amateurseiten, auf denen M\u00e4dchen Liebe machen. Auf myfreevrporn machst du praktisch Liebe. Diese Virtual-Reality-Videos sehen so gut aus, dass du das Gef\u00fchl haben wirst, dort zu sein und deinen Lieblingspornostar zu ficken.","breadcrumb":{"@id":"https:\/\/pornmate.com\/de\/myfreevrporn#breadcrumb"},"inLanguage":"de","potentialAction":[{"@type":"ReadAction","target":["https:\/\/pornmate.com\/de\/myfreevrporn"]}]},{"@type":"BreadcrumbList","@id":"https:\/\/pornmate.com\/de\/myfreevrporn#breadcrumb","itemListElement":[{"@type":"ListItem","position":1,"name":"Startseite","item":"https:\/\/pornmate.com\/de"},{"@type":"ListItem","position":2,"name":"Myfreevrporn.com"}]},{"@type":"WebSite","@id":"https:\/\/pornmate.com\/de\/#website","url":"https:\/\/pornmate.com\/de\/","name":"Besten Pornoseiten - Kostenlose Deutsche Pornos | PornMate.com","description":"Kostenlose Pornos, ist Ihr Combo-Verzeichnis der besten gratis Pornoseiten, die Sie finden k\u00f6nnen, und das fantastische Seitenbewertungen, Kostenlose Deutsche sex Biografien von Pornostars und ihre xxx Freie Porno videos unter einem Dach pr\u00e4sentiert.","publisher":{"@id":"https:\/\/pornmate.com\/de\/#organization"},"potentialAction":[{"@type":"SearchAction","target":{"@type":"EntryPoint","urlTemplate":"https:\/\/pornmate.com\/de\/?s={search_term_string}"},"query-input":{"@type":"PropertyValueSpecification","valueRequired":true,"valueName":"search_term_string"}}],"inLanguage":"de"},{"@type":"Organization","@id":"https:\/\/pornmate.com\/de\/#organization","name":"Besten Pornoseiten - Kostenlose Deutsche Pornos | PornMate.com","url":"https:\/\/pornmate.com\/de\/","logo":{"@type":"ImageObject","inLanguage":"de","@id":"https:\/\/pornmate.com\/de\/#\/schema\/logo\/image\/","url":"https:\/\/pornmate.com\/de\/wp-content\/uploads\/2022\/11\/pornmate-1.png","contentUrl":"https:\/\/pornmate.com\/de\/wp-content\/uploads\/2022\/11\/pornmate-1.png","width":203,"height":200,"caption":"Besten Pornoseiten - Kostenlose Deutsche Pornos | PornMate.com"},"image":{"@id":"https:\/\/pornmate.com\/de\/#\/schema\/logo\/image\/"}}]}},"_links":{"self":[{"href":"https:\/\/pornmate.com\/de\/wp-json\/wp\/v2\/pages\/7050","targetHints":{"allow":["GET"]}}],"collection":[{"href":"https:\/\/pornmate.com\/de\/wp-json\/wp\/v2\/pages"}],"about":[{"href":"https:\/\/pornmate.com\/de\/wp-json\/wp\/v2\/types\/page"}],"author":[{"embeddable":true,"href":"https:\/\/pornmate.com\/de\/wp-json\/wp\/v2\/users\/1"}],"replies":[{"embeddable":true,"href":"https:\/\/pornmate.com\/de\/wp-json\/wp\/v2\/comments?post=7050"}],"version-history":[{"count":0,"href":"https:\/\/pornmate.com\/de\/wp-json\/wp\/v2\/pages\/7050\/revisions"}],"wp:attachment":[{"href":"https:\/\/pornmate.com\/de\/wp-json\/wp\/v2\/media?parent=7050"}],"curies":[{"name":"wp","href":"https:\/\/api.w.org\/{rel}","templated":true}]}}