{"id":7052,"date":"2020-03-18T10:43:56","date_gmt":"2020-03-18T10:43:56","guid":{"rendered":"https:\/\/pornmate.com\/?page_id=7052"},"modified":"2020-03-18T10:43:56","modified_gmt":"2020-03-18T10:43:56","slug":"laidhub","status":"publish","type":"page","link":"https:\/\/pornmate.com\/de\/laidhub","title":{"rendered":"Laidhub.com"},"content":{"rendered":"<p>Laidhub.com ist eine Position, an der Aaralyn Barra, Abella Danger, Chechik und zahlreiche andere Pornostars diese netten, b\u00f6sen Dinge tun, f\u00fcr die wir sie so sehr lieben. Es ist eine der stylischen Promi-Pornoseiten, obwohl es nicht gerade eine Promi-Pornoseite ist.<br \/>\nTats\u00e4chlich k\u00f6nnen Sie bei Laidhub auch Fremde entdecken, die nicht unbedingt beliebt sind, aber versuchen, im Pornobereich Karriere zu machen.<br \/>\nBesonders wenn es um Pornos geht, gibt es wirklich jede Menge Dienstm\u00e4dchen, die Sie virtuell online ficken.<br \/>\nNeben der Wahl Ihres Lieblingspornostars k\u00f6nnen Sie auch Ihre Kategorien oder Ihren Favoriten genie\u00dfen, und es gibt auch eine separate Rechnung, die sich nur auf japanische Pornos bezieht.<br \/>\nDamit jeder erkennen kann, wof\u00fcr er erscheint, ist die Website in 21 nicht identischen Sprachen zug\u00e4nglich.<br \/>\nUm das volle Gl\u00fcck beim Genie\u00dfen von Virtual-Reality-Pornos zu haben, muss jeder Benutzer ein VR-Headset \u00e4hnlich wie Samsung Gear VR oder Oculus Rift haben. F\u00fcr diejenigen, die ein wenig knapp bei Kasse sind, k\u00f6nnte auch das kosteng\u00fcnstige Google Cardboard ausreichen.<\/p>\n","protected":false},"excerpt":{"rendered":"<p>Laidhub.com ist eine Position, an der Aaralyn Barra, Abella Danger, Chechik und zahlreiche andere Pornostars diese netten, b\u00f6sen Dinge tun, f\u00fcr die wir sie so sehr lieben. Es ist eine der stylischen Promi-Pornoseiten, obwohl es nicht gerade eine Promi-Pornoseite ist. Tats\u00e4chlich k\u00f6nnen Sie bei Laidhub auch Fremde entdecken, die nicht unbedingt beliebt sind, aber versuchen, [&hellip;]<\/p>\n","protected":false},"author":1,"featured_media":0,"parent":0,"menu_order":0,"comment_status":"closed","ping_status":"closed","template":"page-star-stil.php","meta":{"footnotes":""},"class_list":["post-7052","page","type-page","status-publish","hentry"],"yoast_head":"<!-- This site is optimized with the Yoast SEO plugin v27.4 - https:\/\/yoast.com\/product\/yoast-seo-wordpress\/ -->\n<title>Laidhub.com and Best Vr Porn Sites on PornMate.com<\/title>\n<meta name=\"description\" content=\"Laidhub.com ist eine Position, an der Aaralyn Barra, Abella Danger, Chechik und zahlreiche andere Pornostars diese netten, b\u00f6sen Dinge tun, f\u00fcr die wir sie so sehr lieben.\" \/>\n<meta name=\"robots\" content=\"index, follow, max-snippet:-1, max-image-preview:large, max-video-preview:-1\" \/>\n<link rel=\"canonical\" href=\"https:\/\/pornmate.com\/de\/laidhub\" \/>\n<meta property=\"og:locale\" content=\"de_DE\" \/>\n<meta property=\"og:type\" content=\"article\" \/>\n<meta property=\"og:title\" content=\"Laidhub.com and Best Vr Porn Sites on PornMate.com\" \/>\n<meta property=\"og:description\" content=\"Laidhub.com ist eine Position, an der Aaralyn Barra, Abella Danger, Chechik und zahlreiche andere Pornostars diese netten, b\u00f6sen Dinge tun, f\u00fcr die wir sie so sehr lieben.\" \/>\n<meta property=\"og:url\" content=\"https:\/\/pornmate.com\/de\/laidhub\" \/>\n<meta property=\"og:site_name\" content=\"Besten Pornoseiten - Kostenlose Deutsche Pornos | PornMate.com\" \/>\n<meta name=\"twitter:card\" content=\"summary_large_image\" \/>\n<meta name=\"twitter:label1\" content=\"Gesch\u00e4tzte Lesezeit\" \/>\n\t<meta name=\"twitter:data1\" content=\"1\u00a0Minute\" \/>\n<script type=\"application\/ld+json\" class=\"yoast-schema-graph\">{\"@context\":\"https:\\\/\\\/schema.org\",\"@graph\":[{\"@type\":\"WebPage\",\"@id\":\"https:\\\/\\\/pornmate.com\\\/de\\\/laidhub\",\"url\":\"https:\\\/\\\/pornmate.com\\\/de\\\/laidhub\",\"name\":\"Laidhub.com and Best Vr Porn Sites on PornMate.com\",\"isPartOf\":{\"@id\":\"https:\\\/\\\/pornmate.com\\\/de\\\/#website\"},\"datePublished\":\"2020-03-18T10:43:56+00:00\",\"description\":\"Laidhub.com ist eine Position, an der Aaralyn Barra, Abella Danger, Chechik und zahlreiche andere Pornostars diese netten, b\u00f6sen Dinge tun, f\u00fcr die wir sie so sehr lieben.\",\"breadcrumb\":{\"@id\":\"https:\\\/\\\/pornmate.com\\\/de\\\/laidhub#breadcrumb\"},\"inLanguage\":\"de\",\"potentialAction\":[{\"@type\":\"ReadAction\",\"target\":[\"https:\\\/\\\/pornmate.com\\\/de\\\/laidhub\"]}]},{\"@type\":\"BreadcrumbList\",\"@id\":\"https:\\\/\\\/pornmate.com\\\/de\\\/laidhub#breadcrumb\",\"itemListElement\":[{\"@type\":\"ListItem\",\"position\":1,\"name\":\"Startseite\",\"item\":\"https:\\\/\\\/pornmate.com\\\/de\"},{\"@type\":\"ListItem\",\"position\":2,\"name\":\"Laidhub.com\"}]},{\"@type\":\"WebSite\",\"@id\":\"https:\\\/\\\/pornmate.com\\\/de\\\/#website\",\"url\":\"https:\\\/\\\/pornmate.com\\\/de\\\/\",\"name\":\"Besten Pornoseiten - Kostenlose Deutsche Pornos | PornMate.com\",\"description\":\"Kostenlose Pornos, ist Ihr Combo-Verzeichnis der besten gratis Pornoseiten, die Sie finden k\u00f6nnen, und das fantastische Seitenbewertungen, Kostenlose Deutsche sex Biografien von Pornostars und ihre xxx Freie Porno videos unter einem Dach pr\u00e4sentiert.\",\"publisher\":{\"@id\":\"https:\\\/\\\/pornmate.com\\\/de\\\/#organization\"},\"potentialAction\":[{\"@type\":\"SearchAction\",\"target\":{\"@type\":\"EntryPoint\",\"urlTemplate\":\"https:\\\/\\\/pornmate.com\\\/de\\\/?s={search_term_string}\"},\"query-input\":{\"@type\":\"PropertyValueSpecification\",\"valueRequired\":true,\"valueName\":\"search_term_string\"}}],\"inLanguage\":\"de\"},{\"@type\":\"Organization\",\"@id\":\"https:\\\/\\\/pornmate.com\\\/de\\\/#organization\",\"name\":\"Besten Pornoseiten - Kostenlose Deutsche Pornos | PornMate.com\",\"url\":\"https:\\\/\\\/pornmate.com\\\/de\\\/\",\"logo\":{\"@type\":\"ImageObject\",\"inLanguage\":\"de\",\"@id\":\"https:\\\/\\\/pornmate.com\\\/de\\\/#\\\/schema\\\/logo\\\/image\\\/\",\"url\":\"https:\\\/\\\/pornmate.com\\\/de\\\/wp-content\\\/uploads\\\/2022\\\/11\\\/pornmate-1.png\",\"contentUrl\":\"https:\\\/\\\/pornmate.com\\\/de\\\/wp-content\\\/uploads\\\/2022\\\/11\\\/pornmate-1.png\",\"width\":203,\"height\":200,\"caption\":\"Besten Pornoseiten - Kostenlose Deutsche Pornos | PornMate.com\"},\"image\":{\"@id\":\"https:\\\/\\\/pornmate.com\\\/de\\\/#\\\/schema\\\/logo\\\/image\\\/\"}}]}<\/script>\n<!-- \/ Yoast SEO plugin. -->","yoast_head_json":{"title":"Laidhub.com and Best Vr Porn Sites on PornMate.com","description":"Laidhub.com ist eine Position, an der Aaralyn Barra, Abella Danger, Chechik und zahlreiche andere Pornostars diese netten, b\u00f6sen Dinge tun, f\u00fcr die wir sie so sehr lieben.","robots":{"index":"index","follow":"follow","max-snippet":"max-snippet:-1","max-image-preview":"max-image-preview:large","max-video-preview":"max-video-preview:-1"},"canonical":"https:\/\/pornmate.com\/de\/laidhub","og_locale":"de_DE","og_type":"article","og_title":"Laidhub.com and Best Vr Porn Sites on PornMate.com","og_description":"Laidhub.com ist eine Position, an der Aaralyn Barra, Abella Danger, Chechik und zahlreiche andere Pornostars diese netten, b\u00f6sen Dinge tun, f\u00fcr die wir sie so sehr lieben.","og_url":"https:\/\/pornmate.com\/de\/laidhub","og_site_name":"Besten Pornoseiten - Kostenlose Deutsche Pornos | PornMate.com","twitter_card":"summary_large_image","twitter_misc":{"Gesch\u00e4tzte Lesezeit":"1\u00a0Minute"},"schema":{"@context":"https:\/\/schema.org","@graph":[{"@type":"WebPage","@id":"https:\/\/pornmate.com\/de\/laidhub","url":"https:\/\/pornmate.com\/de\/laidhub","name":"Laidhub.com and Best Vr Porn Sites on PornMate.com","isPartOf":{"@id":"https:\/\/pornmate.com\/de\/#website"},"datePublished":"2020-03-18T10:43:56+00:00","description":"Laidhub.com ist eine Position, an der Aaralyn Barra, Abella Danger, Chechik und zahlreiche andere Pornostars diese netten, b\u00f6sen Dinge tun, f\u00fcr die wir sie so sehr lieben.","breadcrumb":{"@id":"https:\/\/pornmate.com\/de\/laidhub#breadcrumb"},"inLanguage":"de","potentialAction":[{"@type":"ReadAction","target":["https:\/\/pornmate.com\/de\/laidhub"]}]},{"@type":"BreadcrumbList","@id":"https:\/\/pornmate.com\/de\/laidhub#breadcrumb","itemListElement":[{"@type":"ListItem","position":1,"name":"Startseite","item":"https:\/\/pornmate.com\/de"},{"@type":"ListItem","position":2,"name":"Laidhub.com"}]},{"@type":"WebSite","@id":"https:\/\/pornmate.com\/de\/#website","url":"https:\/\/pornmate.com\/de\/","name":"Besten Pornoseiten - Kostenlose Deutsche Pornos | PornMate.com","description":"Kostenlose Pornos, ist Ihr Combo-Verzeichnis der besten gratis Pornoseiten, die Sie finden k\u00f6nnen, und das fantastische Seitenbewertungen, Kostenlose Deutsche sex Biografien von Pornostars und ihre xxx Freie Porno videos unter einem Dach pr\u00e4sentiert.","publisher":{"@id":"https:\/\/pornmate.com\/de\/#organization"},"potentialAction":[{"@type":"SearchAction","target":{"@type":"EntryPoint","urlTemplate":"https:\/\/pornmate.com\/de\/?s={search_term_string}"},"query-input":{"@type":"PropertyValueSpecification","valueRequired":true,"valueName":"search_term_string"}}],"inLanguage":"de"},{"@type":"Organization","@id":"https:\/\/pornmate.com\/de\/#organization","name":"Besten Pornoseiten - Kostenlose Deutsche Pornos | PornMate.com","url":"https:\/\/pornmate.com\/de\/","logo":{"@type":"ImageObject","inLanguage":"de","@id":"https:\/\/pornmate.com\/de\/#\/schema\/logo\/image\/","url":"https:\/\/pornmate.com\/de\/wp-content\/uploads\/2022\/11\/pornmate-1.png","contentUrl":"https:\/\/pornmate.com\/de\/wp-content\/uploads\/2022\/11\/pornmate-1.png","width":203,"height":200,"caption":"Besten Pornoseiten - Kostenlose Deutsche Pornos | PornMate.com"},"image":{"@id":"https:\/\/pornmate.com\/de\/#\/schema\/logo\/image\/"}}]}},"_links":{"self":[{"href":"https:\/\/pornmate.com\/de\/wp-json\/wp\/v2\/pages\/7052","targetHints":{"allow":["GET"]}}],"collection":[{"href":"https:\/\/pornmate.com\/de\/wp-json\/wp\/v2\/pages"}],"about":[{"href":"https:\/\/pornmate.com\/de\/wp-json\/wp\/v2\/types\/page"}],"author":[{"embeddable":true,"href":"https:\/\/pornmate.com\/de\/wp-json\/wp\/v2\/users\/1"}],"replies":[{"embeddable":true,"href":"https:\/\/pornmate.com\/de\/wp-json\/wp\/v2\/comments?post=7052"}],"version-history":[{"count":0,"href":"https:\/\/pornmate.com\/de\/wp-json\/wp\/v2\/pages\/7052\/revisions"}],"wp:attachment":[{"href":"https:\/\/pornmate.com\/de\/wp-json\/wp\/v2\/media?parent=7052"}],"curies":[{"name":"wp","href":"https:\/\/api.w.org\/{rel}","templated":true}]}}