{"id":7054,"date":"2020-03-18T10:46:52","date_gmt":"2020-03-18T10:46:52","guid":{"rendered":"https:\/\/pornmate.com\/?page_id=7054"},"modified":"2020-03-18T10:46:52","modified_gmt":"2020-03-18T10:46:52","slug":"stripparadise","status":"publish","type":"page","link":"https:\/\/pornmate.com\/de\/stripparadise","title":{"rendered":"Stripparadise.com"},"content":{"rendered":"<p>Stripparadise.com ist eine Position, die Sie besuchen sollten, wenn Sie nach einer anderen Art von Online-Erfahrung f\u00fcr Erwachsene suchen.<br \/>\nWenn Sie es leid sind, Pornos passiv zu beobachten, egal was passiert, und Sie etwas noch Immersiveres und Interaktiveres brauchen, gehen Sie zu Stripparadise.com und mit Tonnen von mitrei\u00dfenden Online-XXX-Spielen.<br \/>\nEs gibt zahlreiche nicht identische Arten, aus denen Sie entnehmen k\u00f6nnen.<br \/>\nEs gibt gute alte Spiele Strip Pool, Strip Blackjack, Strip Puzzles und mehr.<br \/>\nUm es jedem in den Schatten zu stellen, sind alle Spiele auf Stripparadise kostenlos.<br \/>\nDies ist eine bessere Version dieser kostenlosen Pipe-Sites, denn dann sind Sie wirklich Teil der Aktion, die sich auf das Ergebnis auswirkt.<br \/>\nSobald Sie die Zielseite betreten, werden Sie von einer Auswahl fesselnder Pornospiele begr\u00fc\u00dft, mit denen Sie sich identifizieren und von Geburt an sofort spielen k\u00f6nnen. F\u00fcr diejenigen, die nach etwas Besonderem suchen, gibt es eine Suchleiste an der Seite und eine Liste mit Kategorien f\u00fcr eine schnelle Navigation. Egal, ob Sie Striptease-Spiele, entspannende Spiele oder Ihr bewegliches Ger\u00e4t m\u00f6gen, alles ist gut systematisiert und bereit, unbegrenzten Spa\u00df f\u00fcr Erwachsene zu bieten.<\/p>\n","protected":false},"excerpt":{"rendered":"<p>Stripparadise.com ist eine Position, die Sie besuchen sollten, wenn Sie nach einer anderen Art von Online-Erfahrung f\u00fcr Erwachsene suchen. Wenn Sie es leid sind, Pornos passiv zu beobachten, egal was passiert, und Sie etwas noch Immersiveres und Interaktiveres brauchen, gehen Sie zu Stripparadise.com und mit Tonnen von mitrei\u00dfenden Online-XXX-Spielen. Es gibt zahlreiche nicht identische Arten, [&hellip;]<\/p>\n","protected":false},"author":1,"featured_media":0,"parent":0,"menu_order":0,"comment_status":"closed","ping_status":"closed","template":"page-star-stil.php","meta":{"footnotes":""},"class_list":["post-7054","page","type-page","status-publish","hentry"],"yoast_head":"<!-- This site is optimized with the Yoast SEO plugin v27.2 - https:\/\/yoast.com\/product\/yoast-seo-wordpress\/ -->\n<title>Stripparadise.com and free porn game sites | PornMate.com<\/title>\n<meta name=\"description\" content=\"Stripparadise.com ist eine Position, die Sie besuchen sollten, wenn Sie nach einer anderen Art von Online-Erfahrung f\u00fcr Erwachsene suchen.\" \/>\n<meta name=\"robots\" content=\"index, follow, max-snippet:-1, max-image-preview:large, max-video-preview:-1\" \/>\n<link rel=\"canonical\" href=\"https:\/\/pornmate.com\/de\/stripparadise\" \/>\n<meta property=\"og:locale\" content=\"de_DE\" \/>\n<meta property=\"og:type\" content=\"article\" \/>\n<meta property=\"og:title\" content=\"Stripparadise.com and free porn game sites | PornMate.com\" \/>\n<meta property=\"og:description\" content=\"Stripparadise.com ist eine Position, die Sie besuchen sollten, wenn Sie nach einer anderen Art von Online-Erfahrung f\u00fcr Erwachsene suchen.\" \/>\n<meta property=\"og:url\" content=\"https:\/\/pornmate.com\/de\/stripparadise\" \/>\n<meta property=\"og:site_name\" content=\"Besten Pornoseiten - Kostenlose Deutsche Pornos | PornMate.com\" \/>\n<meta name=\"twitter:card\" content=\"summary_large_image\" \/>\n<meta name=\"twitter:label1\" content=\"Gesch\u00e4tzte Lesezeit\" \/>\n\t<meta name=\"twitter:data1\" content=\"2\u00a0Minuten\" \/>\n<script type=\"application\/ld+json\" class=\"yoast-schema-graph\">{\"@context\":\"https:\/\/schema.org\",\"@graph\":[{\"@type\":\"WebPage\",\"@id\":\"https:\/\/pornmate.com\/de\/stripparadise\",\"url\":\"https:\/\/pornmate.com\/de\/stripparadise\",\"name\":\"Stripparadise.com and free porn game sites | PornMate.com\",\"isPartOf\":{\"@id\":\"https:\/\/pornmate.com\/de\/#website\"},\"datePublished\":\"2020-03-18T10:46:52+00:00\",\"description\":\"Stripparadise.com ist eine Position, die Sie besuchen sollten, wenn Sie nach einer anderen Art von Online-Erfahrung f\u00fcr Erwachsene suchen.\",\"breadcrumb\":{\"@id\":\"https:\/\/pornmate.com\/de\/stripparadise#breadcrumb\"},\"inLanguage\":\"de\",\"potentialAction\":[{\"@type\":\"ReadAction\",\"target\":[\"https:\/\/pornmate.com\/de\/stripparadise\"]}]},{\"@type\":\"BreadcrumbList\",\"@id\":\"https:\/\/pornmate.com\/de\/stripparadise#breadcrumb\",\"itemListElement\":[{\"@type\":\"ListItem\",\"position\":1,\"name\":\"Startseite\",\"item\":\"https:\/\/pornmate.com\/de\"},{\"@type\":\"ListItem\",\"position\":2,\"name\":\"Stripparadise.com\"}]},{\"@type\":\"WebSite\",\"@id\":\"https:\/\/pornmate.com\/de\/#website\",\"url\":\"https:\/\/pornmate.com\/de\/\",\"name\":\"Besten Pornoseiten - Kostenlose Deutsche Pornos | PornMate.com\",\"description\":\"Kostenlose Pornos, ist Ihr Combo-Verzeichnis der besten gratis Pornoseiten, die Sie finden k\u00f6nnen, und das fantastische Seitenbewertungen, Kostenlose Deutsche sex Biografien von Pornostars und ihre xxx Freie Porno videos unter einem Dach pr\u00e4sentiert.\",\"publisher\":{\"@id\":\"https:\/\/pornmate.com\/de\/#organization\"},\"potentialAction\":[{\"@type\":\"SearchAction\",\"target\":{\"@type\":\"EntryPoint\",\"urlTemplate\":\"https:\/\/pornmate.com\/de\/?s={search_term_string}\"},\"query-input\":{\"@type\":\"PropertyValueSpecification\",\"valueRequired\":true,\"valueName\":\"search_term_string\"}}],\"inLanguage\":\"de\"},{\"@type\":\"Organization\",\"@id\":\"https:\/\/pornmate.com\/de\/#organization\",\"name\":\"Besten Pornoseiten - Kostenlose Deutsche Pornos | PornMate.com\",\"url\":\"https:\/\/pornmate.com\/de\/\",\"logo\":{\"@type\":\"ImageObject\",\"inLanguage\":\"de\",\"@id\":\"https:\/\/pornmate.com\/de\/#\/schema\/logo\/image\/\",\"url\":\"https:\/\/pornmate.com\/de\/wp-content\/uploads\/2022\/11\/pornmate-1.png\",\"contentUrl\":\"https:\/\/pornmate.com\/de\/wp-content\/uploads\/2022\/11\/pornmate-1.png\",\"width\":203,\"height\":200,\"caption\":\"Besten Pornoseiten - Kostenlose Deutsche Pornos | PornMate.com\"},\"image\":{\"@id\":\"https:\/\/pornmate.com\/de\/#\/schema\/logo\/image\/\"}}]}<\/script>\n<!-- \/ Yoast SEO plugin. -->","yoast_head_json":{"title":"Stripparadise.com and free porn game sites | PornMate.com","description":"Stripparadise.com ist eine Position, die Sie besuchen sollten, wenn Sie nach einer anderen Art von Online-Erfahrung f\u00fcr Erwachsene suchen.","robots":{"index":"index","follow":"follow","max-snippet":"max-snippet:-1","max-image-preview":"max-image-preview:large","max-video-preview":"max-video-preview:-1"},"canonical":"https:\/\/pornmate.com\/de\/stripparadise","og_locale":"de_DE","og_type":"article","og_title":"Stripparadise.com and free porn game sites | PornMate.com","og_description":"Stripparadise.com ist eine Position, die Sie besuchen sollten, wenn Sie nach einer anderen Art von Online-Erfahrung f\u00fcr Erwachsene suchen.","og_url":"https:\/\/pornmate.com\/de\/stripparadise","og_site_name":"Besten Pornoseiten - Kostenlose Deutsche Pornos | PornMate.com","twitter_card":"summary_large_image","twitter_misc":{"Gesch\u00e4tzte Lesezeit":"2\u00a0Minuten"},"schema":{"@context":"https:\/\/schema.org","@graph":[{"@type":"WebPage","@id":"https:\/\/pornmate.com\/de\/stripparadise","url":"https:\/\/pornmate.com\/de\/stripparadise","name":"Stripparadise.com and free porn game sites | PornMate.com","isPartOf":{"@id":"https:\/\/pornmate.com\/de\/#website"},"datePublished":"2020-03-18T10:46:52+00:00","description":"Stripparadise.com ist eine Position, die Sie besuchen sollten, wenn Sie nach einer anderen Art von Online-Erfahrung f\u00fcr Erwachsene suchen.","breadcrumb":{"@id":"https:\/\/pornmate.com\/de\/stripparadise#breadcrumb"},"inLanguage":"de","potentialAction":[{"@type":"ReadAction","target":["https:\/\/pornmate.com\/de\/stripparadise"]}]},{"@type":"BreadcrumbList","@id":"https:\/\/pornmate.com\/de\/stripparadise#breadcrumb","itemListElement":[{"@type":"ListItem","position":1,"name":"Startseite","item":"https:\/\/pornmate.com\/de"},{"@type":"ListItem","position":2,"name":"Stripparadise.com"}]},{"@type":"WebSite","@id":"https:\/\/pornmate.com\/de\/#website","url":"https:\/\/pornmate.com\/de\/","name":"Besten Pornoseiten - Kostenlose Deutsche Pornos | PornMate.com","description":"Kostenlose Pornos, ist Ihr Combo-Verzeichnis der besten gratis Pornoseiten, die Sie finden k\u00f6nnen, und das fantastische Seitenbewertungen, Kostenlose Deutsche sex Biografien von Pornostars und ihre xxx Freie Porno videos unter einem Dach pr\u00e4sentiert.","publisher":{"@id":"https:\/\/pornmate.com\/de\/#organization"},"potentialAction":[{"@type":"SearchAction","target":{"@type":"EntryPoint","urlTemplate":"https:\/\/pornmate.com\/de\/?s={search_term_string}"},"query-input":{"@type":"PropertyValueSpecification","valueRequired":true,"valueName":"search_term_string"}}],"inLanguage":"de"},{"@type":"Organization","@id":"https:\/\/pornmate.com\/de\/#organization","name":"Besten Pornoseiten - Kostenlose Deutsche Pornos | PornMate.com","url":"https:\/\/pornmate.com\/de\/","logo":{"@type":"ImageObject","inLanguage":"de","@id":"https:\/\/pornmate.com\/de\/#\/schema\/logo\/image\/","url":"https:\/\/pornmate.com\/de\/wp-content\/uploads\/2022\/11\/pornmate-1.png","contentUrl":"https:\/\/pornmate.com\/de\/wp-content\/uploads\/2022\/11\/pornmate-1.png","width":203,"height":200,"caption":"Besten Pornoseiten - Kostenlose Deutsche Pornos | PornMate.com"},"image":{"@id":"https:\/\/pornmate.com\/de\/#\/schema\/logo\/image\/"}}]}},"_links":{"self":[{"href":"https:\/\/pornmate.com\/de\/wp-json\/wp\/v2\/pages\/7054","targetHints":{"allow":["GET"]}}],"collection":[{"href":"https:\/\/pornmate.com\/de\/wp-json\/wp\/v2\/pages"}],"about":[{"href":"https:\/\/pornmate.com\/de\/wp-json\/wp\/v2\/types\/page"}],"author":[{"embeddable":true,"href":"https:\/\/pornmate.com\/de\/wp-json\/wp\/v2\/users\/1"}],"replies":[{"embeddable":true,"href":"https:\/\/pornmate.com\/de\/wp-json\/wp\/v2\/comments?post=7054"}],"version-history":[{"count":0,"href":"https:\/\/pornmate.com\/de\/wp-json\/wp\/v2\/pages\/7054\/revisions"}],"wp:attachment":[{"href":"https:\/\/pornmate.com\/de\/wp-json\/wp\/v2\/media?parent=7054"}],"curies":[{"name":"wp","href":"https:\/\/api.w.org\/{rel}","templated":true}]}}