{"id":7060,"date":"2020-03-18T10:57:08","date_gmt":"2020-03-18T10:57:08","guid":{"rendered":"https:\/\/pornmate.com\/?page_id=7060"},"modified":"2022-11-25T16:59:00","modified_gmt":"2022-11-25T15:59:00","slug":"hentaifox","status":"publish","type":"page","link":"https:\/\/pornmate.com\/de\/hentaifox","title":{"rendered":"Hentaifox.com"},"content":{"rendered":"<p>Hentaifox.com ist eine Seite, die alles bietet, was ein Hentai-Liebhaber braucht. Der Hentai-Enthusiast wei\u00df, dass es auf verschiedene Arten gemacht wird, und Hentaifox bietet alles f\u00fcr Ihr Sehvergn\u00fcgen. Sie bieten alles kostenlos an, von Doujinshi f\u00fcr Erwachsene bis hin zu Anime-Pornos und Hentai-Manga. Wenn es um Hentai-Pornoseiten geht, bietet Hentaifox ein erstaunliches Erlebnis. Auf der Startseite k\u00f6nnen Sie mit einem Klick auf viele Mangas zugreifen. Von zierlichen Teenagern \u00fcber kurvige MILFs bis hin zu Nischenkurven hat es umfangreiche Galerien mit allen m\u00f6glichen verschiedenen Kunststilen, und Sie k\u00f6nnen leicht finden, wonach Sie suchen. F\u00fcr den Zugriff auf ihre Inhalte ist kein Abonnement erforderlich, und Sie k\u00f6nnen auch die Suchleiste verwenden, um nach etwas Spezifischerem zu suchen. Wenn Sie sich jedoch f\u00fcr eine kostenlose Anmeldung entscheiden, k\u00f6nnen Sie bequem Ihre eigenen personalisierten Faplisten und Blacklists erstellen, insbesondere f\u00fcr Mangas und Doujin, die Sie m\u00f6gen oder nicht m\u00f6gen. Dar\u00fcber hinaus k\u00f6nnen Sie die beliebtesten und beliebtesten Inhalte durchsuchen und die Inhalte auch einfach mit der Download-Schaltfl\u00e4che auf Ihr Ger\u00e4t herunterladen. Und wenn Sie mehr involviert sein m\u00f6chten, hat Hentaifox Twitter und Discord.<\/p>\n","protected":false},"excerpt":{"rendered":"<p>Hentaifox.com ist eine Seite, die alles bietet, was ein Hentai-Liebhaber braucht. Der Hentai-Enthusiast wei\u00df, dass es auf verschiedene Arten gemacht wird, und Hentaifox bietet alles f\u00fcr Ihr Sehvergn\u00fcgen. Sie bieten alles kostenlos an, von Doujinshi f\u00fcr Erwachsene bis hin zu Anime-Pornos und Hentai-Manga. Wenn es um Hentai-Pornoseiten geht, bietet Hentaifox ein erstaunliches Erlebnis. Auf der [&hellip;]<\/p>\n","protected":false},"author":1,"featured_media":0,"parent":0,"menu_order":0,"comment_status":"closed","ping_status":"closed","template":"page-star-stil.php","meta":{"footnotes":""},"class_list":["post-7060","page","type-page","status-publish","hentry"],"yoast_head":"<!-- This site is optimized with the Yoast SEO plugin v27.5 - https:\/\/yoast.com\/product\/yoast-seo-wordpress\/ -->\n<title>Hentaifox.com review and Similer Hentai Porn Sites - PornMate.com<\/title>\n<meta name=\"description\" content=\"Hentaifox.com ist eine Seite, die alles bietet, was ein Hentai-Liebhaber braucht. Der Hentai-Enthusiast wei\u00df, dass es auf verschiedene Arten gemacht wird, und Hentaifox bietet alles f\u00fcr Ihr Sehvergn\u00fcgen. Sie bieten alles kostenlos an, von Doujinshi f\u00fcr Erwachsene bis hin zu Anime-Pornos und Hentai-Manga.\" \/>\n<meta name=\"robots\" content=\"index, follow, max-snippet:-1, max-image-preview:large, max-video-preview:-1\" \/>\n<link rel=\"canonical\" href=\"https:\/\/pornmate.com\/de\/hentaifox\" \/>\n<meta property=\"og:locale\" content=\"de_DE\" \/>\n<meta property=\"og:type\" content=\"article\" \/>\n<meta property=\"og:title\" content=\"Hentaifox.com review and Similer Hentai Porn Sites - PornMate.com\" \/>\n<meta property=\"og:description\" content=\"Hentaifox.com ist eine Seite, die alles bietet, was ein Hentai-Liebhaber braucht. Der Hentai-Enthusiast wei\u00df, dass es auf verschiedene Arten gemacht wird, und Hentaifox bietet alles f\u00fcr Ihr Sehvergn\u00fcgen. Sie bieten alles kostenlos an, von Doujinshi f\u00fcr Erwachsene bis hin zu Anime-Pornos und Hentai-Manga.\" \/>\n<meta property=\"og:url\" content=\"https:\/\/pornmate.com\/de\/hentaifox\" \/>\n<meta property=\"og:site_name\" content=\"Besten Pornoseiten - Kostenlose Deutsche Pornos | PornMate.com\" \/>\n<meta property=\"article:modified_time\" content=\"2022-11-25T15:59:00+00:00\" \/>\n<meta name=\"twitter:card\" content=\"summary_large_image\" \/>\n<meta name=\"twitter:label1\" content=\"Gesch\u00e4tzte Lesezeit\" \/>\n\t<meta name=\"twitter:data1\" content=\"1\u00a0Minute\" \/>\n<script type=\"application\/ld+json\" class=\"yoast-schema-graph\">{\"@context\":\"https:\\\/\\\/schema.org\",\"@graph\":[{\"@type\":\"WebPage\",\"@id\":\"https:\\\/\\\/pornmate.com\\\/de\\\/hentaifox\",\"url\":\"https:\\\/\\\/pornmate.com\\\/de\\\/hentaifox\",\"name\":\"Hentaifox.com review and Similer Hentai Porn Sites - PornMate.com\",\"isPartOf\":{\"@id\":\"https:\\\/\\\/pornmate.com\\\/de\\\/#website\"},\"datePublished\":\"2020-03-18T10:57:08+00:00\",\"dateModified\":\"2022-11-25T15:59:00+00:00\",\"description\":\"Hentaifox.com ist eine Seite, die alles bietet, was ein Hentai-Liebhaber braucht. Der Hentai-Enthusiast wei\u00df, dass es auf verschiedene Arten gemacht wird, und Hentaifox bietet alles f\u00fcr Ihr Sehvergn\u00fcgen. Sie bieten alles kostenlos an, von Doujinshi f\u00fcr Erwachsene bis hin zu Anime-Pornos und Hentai-Manga.\",\"breadcrumb\":{\"@id\":\"https:\\\/\\\/pornmate.com\\\/de\\\/hentaifox#breadcrumb\"},\"inLanguage\":\"de\",\"potentialAction\":[{\"@type\":\"ReadAction\",\"target\":[\"https:\\\/\\\/pornmate.com\\\/de\\\/hentaifox\"]}]},{\"@type\":\"BreadcrumbList\",\"@id\":\"https:\\\/\\\/pornmate.com\\\/de\\\/hentaifox#breadcrumb\",\"itemListElement\":[{\"@type\":\"ListItem\",\"position\":1,\"name\":\"Startseite\",\"item\":\"https:\\\/\\\/pornmate.com\\\/de\"},{\"@type\":\"ListItem\",\"position\":2,\"name\":\"Hentaifox.com\"}]},{\"@type\":\"WebSite\",\"@id\":\"https:\\\/\\\/pornmate.com\\\/de\\\/#website\",\"url\":\"https:\\\/\\\/pornmate.com\\\/de\\\/\",\"name\":\"Besten Pornoseiten - Kostenlose Deutsche Pornos | PornMate.com\",\"description\":\"Kostenlose Pornos, ist Ihr Combo-Verzeichnis der besten gratis Pornoseiten, die Sie finden k\u00f6nnen, und das fantastische Seitenbewertungen, Kostenlose Deutsche sex Biografien von Pornostars und ihre xxx Freie Porno videos unter einem Dach pr\u00e4sentiert.\",\"publisher\":{\"@id\":\"https:\\\/\\\/pornmate.com\\\/de\\\/#organization\"},\"potentialAction\":[{\"@type\":\"SearchAction\",\"target\":{\"@type\":\"EntryPoint\",\"urlTemplate\":\"https:\\\/\\\/pornmate.com\\\/de\\\/?s={search_term_string}\"},\"query-input\":{\"@type\":\"PropertyValueSpecification\",\"valueRequired\":true,\"valueName\":\"search_term_string\"}}],\"inLanguage\":\"de\"},{\"@type\":\"Organization\",\"@id\":\"https:\\\/\\\/pornmate.com\\\/de\\\/#organization\",\"name\":\"Besten Pornoseiten - Kostenlose Deutsche Pornos | PornMate.com\",\"url\":\"https:\\\/\\\/pornmate.com\\\/de\\\/\",\"logo\":{\"@type\":\"ImageObject\",\"inLanguage\":\"de\",\"@id\":\"https:\\\/\\\/pornmate.com\\\/de\\\/#\\\/schema\\\/logo\\\/image\\\/\",\"url\":\"https:\\\/\\\/pornmate.com\\\/de\\\/wp-content\\\/uploads\\\/2022\\\/11\\\/pornmate-1.png\",\"contentUrl\":\"https:\\\/\\\/pornmate.com\\\/de\\\/wp-content\\\/uploads\\\/2022\\\/11\\\/pornmate-1.png\",\"width\":203,\"height\":200,\"caption\":\"Besten Pornoseiten - Kostenlose Deutsche Pornos | PornMate.com\"},\"image\":{\"@id\":\"https:\\\/\\\/pornmate.com\\\/de\\\/#\\\/schema\\\/logo\\\/image\\\/\"}}]}<\/script>\n<!-- \/ Yoast SEO plugin. -->","yoast_head_json":{"title":"Hentaifox.com review and Similer Hentai Porn Sites - PornMate.com","description":"Hentaifox.com ist eine Seite, die alles bietet, was ein Hentai-Liebhaber braucht. Der Hentai-Enthusiast wei\u00df, dass es auf verschiedene Arten gemacht wird, und Hentaifox bietet alles f\u00fcr Ihr Sehvergn\u00fcgen. Sie bieten alles kostenlos an, von Doujinshi f\u00fcr Erwachsene bis hin zu Anime-Pornos und Hentai-Manga.","robots":{"index":"index","follow":"follow","max-snippet":"max-snippet:-1","max-image-preview":"max-image-preview:large","max-video-preview":"max-video-preview:-1"},"canonical":"https:\/\/pornmate.com\/de\/hentaifox","og_locale":"de_DE","og_type":"article","og_title":"Hentaifox.com review and Similer Hentai Porn Sites - PornMate.com","og_description":"Hentaifox.com ist eine Seite, die alles bietet, was ein Hentai-Liebhaber braucht. Der Hentai-Enthusiast wei\u00df, dass es auf verschiedene Arten gemacht wird, und Hentaifox bietet alles f\u00fcr Ihr Sehvergn\u00fcgen. Sie bieten alles kostenlos an, von Doujinshi f\u00fcr Erwachsene bis hin zu Anime-Pornos und Hentai-Manga.","og_url":"https:\/\/pornmate.com\/de\/hentaifox","og_site_name":"Besten Pornoseiten - Kostenlose Deutsche Pornos | PornMate.com","article_modified_time":"2022-11-25T15:59:00+00:00","twitter_card":"summary_large_image","twitter_misc":{"Gesch\u00e4tzte Lesezeit":"1\u00a0Minute"},"schema":{"@context":"https:\/\/schema.org","@graph":[{"@type":"WebPage","@id":"https:\/\/pornmate.com\/de\/hentaifox","url":"https:\/\/pornmate.com\/de\/hentaifox","name":"Hentaifox.com review and Similer Hentai Porn Sites - PornMate.com","isPartOf":{"@id":"https:\/\/pornmate.com\/de\/#website"},"datePublished":"2020-03-18T10:57:08+00:00","dateModified":"2022-11-25T15:59:00+00:00","description":"Hentaifox.com ist eine Seite, die alles bietet, was ein Hentai-Liebhaber braucht. Der Hentai-Enthusiast wei\u00df, dass es auf verschiedene Arten gemacht wird, und Hentaifox bietet alles f\u00fcr Ihr Sehvergn\u00fcgen. Sie bieten alles kostenlos an, von Doujinshi f\u00fcr Erwachsene bis hin zu Anime-Pornos und Hentai-Manga.","breadcrumb":{"@id":"https:\/\/pornmate.com\/de\/hentaifox#breadcrumb"},"inLanguage":"de","potentialAction":[{"@type":"ReadAction","target":["https:\/\/pornmate.com\/de\/hentaifox"]}]},{"@type":"BreadcrumbList","@id":"https:\/\/pornmate.com\/de\/hentaifox#breadcrumb","itemListElement":[{"@type":"ListItem","position":1,"name":"Startseite","item":"https:\/\/pornmate.com\/de"},{"@type":"ListItem","position":2,"name":"Hentaifox.com"}]},{"@type":"WebSite","@id":"https:\/\/pornmate.com\/de\/#website","url":"https:\/\/pornmate.com\/de\/","name":"Besten Pornoseiten - Kostenlose Deutsche Pornos | PornMate.com","description":"Kostenlose Pornos, ist Ihr Combo-Verzeichnis der besten gratis Pornoseiten, die Sie finden k\u00f6nnen, und das fantastische Seitenbewertungen, Kostenlose Deutsche sex Biografien von Pornostars und ihre xxx Freie Porno videos unter einem Dach pr\u00e4sentiert.","publisher":{"@id":"https:\/\/pornmate.com\/de\/#organization"},"potentialAction":[{"@type":"SearchAction","target":{"@type":"EntryPoint","urlTemplate":"https:\/\/pornmate.com\/de\/?s={search_term_string}"},"query-input":{"@type":"PropertyValueSpecification","valueRequired":true,"valueName":"search_term_string"}}],"inLanguage":"de"},{"@type":"Organization","@id":"https:\/\/pornmate.com\/de\/#organization","name":"Besten Pornoseiten - Kostenlose Deutsche Pornos | PornMate.com","url":"https:\/\/pornmate.com\/de\/","logo":{"@type":"ImageObject","inLanguage":"de","@id":"https:\/\/pornmate.com\/de\/#\/schema\/logo\/image\/","url":"https:\/\/pornmate.com\/de\/wp-content\/uploads\/2022\/11\/pornmate-1.png","contentUrl":"https:\/\/pornmate.com\/de\/wp-content\/uploads\/2022\/11\/pornmate-1.png","width":203,"height":200,"caption":"Besten Pornoseiten - Kostenlose Deutsche Pornos | PornMate.com"},"image":{"@id":"https:\/\/pornmate.com\/de\/#\/schema\/logo\/image\/"}}]}},"_links":{"self":[{"href":"https:\/\/pornmate.com\/de\/wp-json\/wp\/v2\/pages\/7060","targetHints":{"allow":["GET"]}}],"collection":[{"href":"https:\/\/pornmate.com\/de\/wp-json\/wp\/v2\/pages"}],"about":[{"href":"https:\/\/pornmate.com\/de\/wp-json\/wp\/v2\/types\/page"}],"author":[{"embeddable":true,"href":"https:\/\/pornmate.com\/de\/wp-json\/wp\/v2\/users\/1"}],"replies":[{"embeddable":true,"href":"https:\/\/pornmate.com\/de\/wp-json\/wp\/v2\/comments?post=7060"}],"version-history":[{"count":0,"href":"https:\/\/pornmate.com\/de\/wp-json\/wp\/v2\/pages\/7060\/revisions"}],"wp:attachment":[{"href":"https:\/\/pornmate.com\/de\/wp-json\/wp\/v2\/media?parent=7060"}],"curies":[{"name":"wp","href":"https:\/\/api.w.org\/{rel}","templated":true}]}}