{"id":7062,"date":"2020-03-18T10:59:45","date_gmt":"2020-03-18T10:59:45","guid":{"rendered":"https:\/\/pornmate.com\/?page_id=7062"},"modified":"2022-11-25T17:22:41","modified_gmt":"2022-11-25T16:22:41","slug":"hentaigasm","status":"publish","type":"page","link":"https:\/\/pornmate.com\/de\/hentaigasm","title":{"rendered":"Hentaigasm.com"},"content":{"rendered":"<p>Hentaigasm.com ist eine der Hentai-Videosammlungen in der Internetwelt. Wie andere kostenlose Porno-Tube-Sites k\u00f6nnen Sie mit Hentaigasm alle Inhalte jederzeit und \u00fcberall kostenlos ansehen. Wie der Name schon sagt, konzentriert es sich jedoch nur auf Hentai-Videos, was es zu einem Paradies f\u00fcr Hentai-Liebhaber macht. Sobald Sie die Website betreten, ist die Seite mit sch\u00f6nen und fesselnden Miniaturansichten gef\u00fcllt, von denen jede zum relevanten Video f\u00fchrt und sofortigen Genuss f\u00fcr Erwachsene bietet. Es gibt einige Anzeigen, aber keine davon ist st\u00f6rend oder hindert Sie in irgendeiner Weise daran, den Inhalt vollst\u00e4ndig zu erleben. Sie k\u00f6nnen viele Seiten durchsuchen, wenn Sie sie nach dem Zufallsprinzip durchsuchen m\u00f6chten, oder alle Inhalte nach Ver\u00f6ffentlichungsdatum, Titel, Ansichten, Vorlieben oder Kommentaren sortieren. Sicher, es gibt eine Liste der beliebtesten Genres, auf die Sie klicken k\u00f6nnen, um Videos weiter zu filtern, und Sie k\u00f6nnen eine Suchleiste verwenden, wenn Sie nach etwas Bestimmtem suchen. Unabh\u00e4ngig von Ihrem Geschmack bietet Hentaigasm.com sowohl zensierte als auch unzensierte Videos an, einige mit Untertiteln und andere synchronisiert, aber jedes hei\u00dfer als das andere, und die Action reicht von leicht und erotisch bis pervers und rau.<\/p>\n","protected":false},"excerpt":{"rendered":"<p>Hentaigasm.com ist eine der Hentai-Videosammlungen in der Internetwelt. Wie andere kostenlose Porno-Tube-Sites k\u00f6nnen Sie mit Hentaigasm alle Inhalte jederzeit und \u00fcberall kostenlos ansehen. Wie der Name schon sagt, konzentriert es sich jedoch nur auf Hentai-Videos, was es zu einem Paradies f\u00fcr Hentai-Liebhaber macht. Sobald Sie die Website betreten, ist die Seite mit sch\u00f6nen und fesselnden [&hellip;]<\/p>\n","protected":false},"author":1,"featured_media":0,"parent":0,"menu_order":0,"comment_status":"closed","ping_status":"closed","template":"page-star-stil.php","meta":{"footnotes":""},"class_list":["post-7062","page","type-page","status-publish","hentry"],"yoast_head":"<!-- This site is optimized with the Yoast SEO plugin v27.2 - https:\/\/yoast.com\/product\/yoast-seo-wordpress\/ -->\n<title>Hentaigasm.com und Kontenlose Hentai Seiten - PornMate.com<\/title>\n<meta name=\"description\" content=\"Hentaigasm.com ist eine der Hentai-Videosammlungen in der Internetwelt. Wie andere kostenlose Porno-Tube-Sites k\u00f6nnen Sie mit Hentaigasm alle Inhalte jederzeit und \u00fcberall kostenlos ansehen.\" \/>\n<meta name=\"robots\" content=\"index, follow, max-snippet:-1, max-image-preview:large, max-video-preview:-1\" \/>\n<link rel=\"canonical\" href=\"https:\/\/pornmate.com\/de\/hentaigasm\" \/>\n<meta property=\"og:locale\" content=\"de_DE\" \/>\n<meta property=\"og:type\" content=\"article\" \/>\n<meta property=\"og:title\" content=\"Hentaigasm.com und Kontenlose Hentai Seiten - PornMate.com\" \/>\n<meta property=\"og:description\" content=\"Hentaigasm.com ist eine der Hentai-Videosammlungen in der Internetwelt. Wie andere kostenlose Porno-Tube-Sites k\u00f6nnen Sie mit Hentaigasm alle Inhalte jederzeit und \u00fcberall kostenlos ansehen.\" \/>\n<meta property=\"og:url\" content=\"https:\/\/pornmate.com\/de\/hentaigasm\" \/>\n<meta property=\"og:site_name\" content=\"Besten Pornoseiten - Kostenlose Deutsche Pornos | PornMate.com\" \/>\n<meta property=\"article:modified_time\" content=\"2022-11-25T16:22:41+00:00\" \/>\n<meta name=\"twitter:card\" content=\"summary_large_image\" \/>\n<meta name=\"twitter:label1\" content=\"Gesch\u00e4tzte Lesezeit\" \/>\n\t<meta name=\"twitter:data1\" content=\"2\u00a0Minuten\" \/>\n<script type=\"application\/ld+json\" class=\"yoast-schema-graph\">{\"@context\":\"https:\/\/schema.org\",\"@graph\":[{\"@type\":\"WebPage\",\"@id\":\"https:\/\/pornmate.com\/de\/hentaigasm\",\"url\":\"https:\/\/pornmate.com\/de\/hentaigasm\",\"name\":\"Hentaigasm.com und Kontenlose Hentai Seiten - PornMate.com\",\"isPartOf\":{\"@id\":\"https:\/\/pornmate.com\/de\/#website\"},\"datePublished\":\"2020-03-18T10:59:45+00:00\",\"dateModified\":\"2022-11-25T16:22:41+00:00\",\"description\":\"Hentaigasm.com ist eine der Hentai-Videosammlungen in der Internetwelt. Wie andere kostenlose Porno-Tube-Sites k\u00f6nnen Sie mit Hentaigasm alle Inhalte jederzeit und \u00fcberall kostenlos ansehen.\",\"breadcrumb\":{\"@id\":\"https:\/\/pornmate.com\/de\/hentaigasm#breadcrumb\"},\"inLanguage\":\"de\",\"potentialAction\":[{\"@type\":\"ReadAction\",\"target\":[\"https:\/\/pornmate.com\/de\/hentaigasm\"]}]},{\"@type\":\"BreadcrumbList\",\"@id\":\"https:\/\/pornmate.com\/de\/hentaigasm#breadcrumb\",\"itemListElement\":[{\"@type\":\"ListItem\",\"position\":1,\"name\":\"Startseite\",\"item\":\"https:\/\/pornmate.com\/de\"},{\"@type\":\"ListItem\",\"position\":2,\"name\":\"Hentaigasm.com\"}]},{\"@type\":\"WebSite\",\"@id\":\"https:\/\/pornmate.com\/de\/#website\",\"url\":\"https:\/\/pornmate.com\/de\/\",\"name\":\"Besten Pornoseiten - Kostenlose Deutsche Pornos | PornMate.com\",\"description\":\"Kostenlose Pornos, ist Ihr Combo-Verzeichnis der besten gratis Pornoseiten, die Sie finden k\u00f6nnen, und das fantastische Seitenbewertungen, Kostenlose Deutsche sex Biografien von Pornostars und ihre xxx Freie Porno videos unter einem Dach pr\u00e4sentiert.\",\"publisher\":{\"@id\":\"https:\/\/pornmate.com\/de\/#organization\"},\"potentialAction\":[{\"@type\":\"SearchAction\",\"target\":{\"@type\":\"EntryPoint\",\"urlTemplate\":\"https:\/\/pornmate.com\/de\/?s={search_term_string}\"},\"query-input\":{\"@type\":\"PropertyValueSpecification\",\"valueRequired\":true,\"valueName\":\"search_term_string\"}}],\"inLanguage\":\"de\"},{\"@type\":\"Organization\",\"@id\":\"https:\/\/pornmate.com\/de\/#organization\",\"name\":\"Besten Pornoseiten - Kostenlose Deutsche Pornos | PornMate.com\",\"url\":\"https:\/\/pornmate.com\/de\/\",\"logo\":{\"@type\":\"ImageObject\",\"inLanguage\":\"de\",\"@id\":\"https:\/\/pornmate.com\/de\/#\/schema\/logo\/image\/\",\"url\":\"https:\/\/pornmate.com\/de\/wp-content\/uploads\/2022\/11\/pornmate-1.png\",\"contentUrl\":\"https:\/\/pornmate.com\/de\/wp-content\/uploads\/2022\/11\/pornmate-1.png\",\"width\":203,\"height\":200,\"caption\":\"Besten Pornoseiten - Kostenlose Deutsche Pornos | PornMate.com\"},\"image\":{\"@id\":\"https:\/\/pornmate.com\/de\/#\/schema\/logo\/image\/\"}}]}<\/script>\n<!-- \/ Yoast SEO plugin. -->","yoast_head_json":{"title":"Hentaigasm.com und Kontenlose Hentai Seiten - PornMate.com","description":"Hentaigasm.com ist eine der Hentai-Videosammlungen in der Internetwelt. Wie andere kostenlose Porno-Tube-Sites k\u00f6nnen Sie mit Hentaigasm alle Inhalte jederzeit und \u00fcberall kostenlos ansehen.","robots":{"index":"index","follow":"follow","max-snippet":"max-snippet:-1","max-image-preview":"max-image-preview:large","max-video-preview":"max-video-preview:-1"},"canonical":"https:\/\/pornmate.com\/de\/hentaigasm","og_locale":"de_DE","og_type":"article","og_title":"Hentaigasm.com und Kontenlose Hentai Seiten - PornMate.com","og_description":"Hentaigasm.com ist eine der Hentai-Videosammlungen in der Internetwelt. Wie andere kostenlose Porno-Tube-Sites k\u00f6nnen Sie mit Hentaigasm alle Inhalte jederzeit und \u00fcberall kostenlos ansehen.","og_url":"https:\/\/pornmate.com\/de\/hentaigasm","og_site_name":"Besten Pornoseiten - Kostenlose Deutsche Pornos | PornMate.com","article_modified_time":"2022-11-25T16:22:41+00:00","twitter_card":"summary_large_image","twitter_misc":{"Gesch\u00e4tzte Lesezeit":"2\u00a0Minuten"},"schema":{"@context":"https:\/\/schema.org","@graph":[{"@type":"WebPage","@id":"https:\/\/pornmate.com\/de\/hentaigasm","url":"https:\/\/pornmate.com\/de\/hentaigasm","name":"Hentaigasm.com und Kontenlose Hentai Seiten - PornMate.com","isPartOf":{"@id":"https:\/\/pornmate.com\/de\/#website"},"datePublished":"2020-03-18T10:59:45+00:00","dateModified":"2022-11-25T16:22:41+00:00","description":"Hentaigasm.com ist eine der Hentai-Videosammlungen in der Internetwelt. Wie andere kostenlose Porno-Tube-Sites k\u00f6nnen Sie mit Hentaigasm alle Inhalte jederzeit und \u00fcberall kostenlos ansehen.","breadcrumb":{"@id":"https:\/\/pornmate.com\/de\/hentaigasm#breadcrumb"},"inLanguage":"de","potentialAction":[{"@type":"ReadAction","target":["https:\/\/pornmate.com\/de\/hentaigasm"]}]},{"@type":"BreadcrumbList","@id":"https:\/\/pornmate.com\/de\/hentaigasm#breadcrumb","itemListElement":[{"@type":"ListItem","position":1,"name":"Startseite","item":"https:\/\/pornmate.com\/de"},{"@type":"ListItem","position":2,"name":"Hentaigasm.com"}]},{"@type":"WebSite","@id":"https:\/\/pornmate.com\/de\/#website","url":"https:\/\/pornmate.com\/de\/","name":"Besten Pornoseiten - Kostenlose Deutsche Pornos | PornMate.com","description":"Kostenlose Pornos, ist Ihr Combo-Verzeichnis der besten gratis Pornoseiten, die Sie finden k\u00f6nnen, und das fantastische Seitenbewertungen, Kostenlose Deutsche sex Biografien von Pornostars und ihre xxx Freie Porno videos unter einem Dach pr\u00e4sentiert.","publisher":{"@id":"https:\/\/pornmate.com\/de\/#organization"},"potentialAction":[{"@type":"SearchAction","target":{"@type":"EntryPoint","urlTemplate":"https:\/\/pornmate.com\/de\/?s={search_term_string}"},"query-input":{"@type":"PropertyValueSpecification","valueRequired":true,"valueName":"search_term_string"}}],"inLanguage":"de"},{"@type":"Organization","@id":"https:\/\/pornmate.com\/de\/#organization","name":"Besten Pornoseiten - Kostenlose Deutsche Pornos | PornMate.com","url":"https:\/\/pornmate.com\/de\/","logo":{"@type":"ImageObject","inLanguage":"de","@id":"https:\/\/pornmate.com\/de\/#\/schema\/logo\/image\/","url":"https:\/\/pornmate.com\/de\/wp-content\/uploads\/2022\/11\/pornmate-1.png","contentUrl":"https:\/\/pornmate.com\/de\/wp-content\/uploads\/2022\/11\/pornmate-1.png","width":203,"height":200,"caption":"Besten Pornoseiten - Kostenlose Deutsche Pornos | PornMate.com"},"image":{"@id":"https:\/\/pornmate.com\/de\/#\/schema\/logo\/image\/"}}]}},"_links":{"self":[{"href":"https:\/\/pornmate.com\/de\/wp-json\/wp\/v2\/pages\/7062","targetHints":{"allow":["GET"]}}],"collection":[{"href":"https:\/\/pornmate.com\/de\/wp-json\/wp\/v2\/pages"}],"about":[{"href":"https:\/\/pornmate.com\/de\/wp-json\/wp\/v2\/types\/page"}],"author":[{"embeddable":true,"href":"https:\/\/pornmate.com\/de\/wp-json\/wp\/v2\/users\/1"}],"replies":[{"embeddable":true,"href":"https:\/\/pornmate.com\/de\/wp-json\/wp\/v2\/comments?post=7062"}],"version-history":[{"count":0,"href":"https:\/\/pornmate.com\/de\/wp-json\/wp\/v2\/pages\/7062\/revisions"}],"wp:attachment":[{"href":"https:\/\/pornmate.com\/de\/wp-json\/wp\/v2\/media?parent=7062"}],"curies":[{"name":"wp","href":"https:\/\/api.w.org\/{rel}","templated":true}]}}