{"id":7064,"date":"2020-03-18T11:02:10","date_gmt":"2020-03-18T11:02:10","guid":{"rendered":"https:\/\/pornmate.com\/?page_id=7064"},"modified":"2022-11-25T17:27:01","modified_gmt":"2022-11-25T16:27:01","slug":"xanimeporn","status":"publish","type":"page","link":"https:\/\/pornmate.com\/de\/xanimeporn","title":{"rendered":"Xanimeporn.com"},"content":{"rendered":"<p>Xanimeporn.com ist eine Website, die rein hochwertige Hentai-Videos enth\u00e4lt. W\u00e4hrend es ziemlich angenehm ist, die Auftritte in den Videos echter Stars zu sehen, ist Hentai nicht weniger als das. In diesen Filmen k\u00f6nnen Sie das Unm\u00f6gliche im wirklichen Leben leicht beobachten, wie Elfen zu sehen, die von Monsterschw\u00e4nzen genagelt werden, oder winzige K\u00fcken, die in Eimern mit fast Ejakulat schwimmen. Xanimeporn bietet nur Hentai-Inhalte von h\u00f6chster Qualit\u00e4t und ist im Vergleich zu einer kostenlosen Porno-Tube-Site von sehr guter Qualit\u00e4t. Die Website ist einfach zu navigieren, sodass Sie die gew\u00fcnschten Inhalte schnell finden k\u00f6nnen. Wenn Sie auf die Registerkarte Hentai-Serie klicken, k\u00f6nnen Sie bequem Ihr bevorzugtes Genre, Jahr, Animationsstudio ausw\u00e4hlen und Videos mit oder ohne Zensur ansehen. Noch besser ist, dass der eingebettete Player eine hervorragende Geschwindigkeitsqualit\u00e4t bietet, da er schnell geladen wird und die Bildqualit\u00e4t ausgezeichnet ist. Leider k\u00f6nnen Sie die Aufl\u00f6sung nicht \u00e4ndern, sodass sich die Optionen darauf beschr\u00e4nken, nur die Lautst\u00e4rke zu \u00e4ndern. Obwohl alle Hentai-Videos auf Japanisch sind, haben sie englische Untertitel. F\u00fcr Pornoinhalte ist dies zwar nicht erforderlich, aber wenn Sie wissen, was vor sich geht, k\u00f6nnen Sie sich besser einbringen. Xanimeporn ist die beste Website f\u00fcr Liebhaber von Hentai-Pornos, da die Anzeigen akzeptabel sind und der Inhalt ausgezeichnet ist.<\/p>\n","protected":false},"excerpt":{"rendered":"<p>Xanimeporn.com ist eine Website, die rein hochwertige Hentai-Videos enth\u00e4lt. W\u00e4hrend es ziemlich angenehm ist, die Auftritte in den Videos echter Stars zu sehen, ist Hentai nicht weniger als das. In diesen Filmen k\u00f6nnen Sie das Unm\u00f6gliche im wirklichen Leben leicht beobachten, wie Elfen zu sehen, die von Monsterschw\u00e4nzen genagelt werden, oder winzige K\u00fcken, die in [&hellip;]<\/p>\n","protected":false},"author":1,"featured_media":0,"parent":0,"menu_order":0,"comment_status":"closed","ping_status":"closed","template":"page-star-stil.php","meta":{"footnotes":""},"class_list":["post-7064","page","type-page","status-publish","hentry"],"yoast_head":"<!-- This site is optimized with the Yoast SEO plugin v27.2 - https:\/\/yoast.com\/product\/yoast-seo-wordpress\/ -->\n<title>Xanimeporn.com und Hentai Pornos Seite - PornMate.com<\/title>\n<meta name=\"description\" content=\"Xanimeporn.com ist eine Website, die rein hochwertige Hentai-Videos enth\u00e4lt. W\u00e4hrend es ziemlich angenehm ist, die Auftritte in den Videos echter Stars zu sehen, ist Hentai nicht weniger als das. In diesen Filmen k\u00f6nnen Sie das Unm\u00f6gliche im wirklichen Leben leicht beobachten, wie Elfen zu sehen, die von Monsterschw\u00e4nzen genagelt werden.\" \/>\n<meta name=\"robots\" content=\"index, follow, max-snippet:-1, max-image-preview:large, max-video-preview:-1\" \/>\n<link rel=\"canonical\" href=\"https:\/\/pornmate.com\/de\/xanimeporn\" \/>\n<meta property=\"og:locale\" content=\"de_DE\" \/>\n<meta property=\"og:type\" content=\"article\" \/>\n<meta property=\"og:title\" content=\"Xanimeporn.com und Hentai Pornos Seite - PornMate.com\" \/>\n<meta property=\"og:description\" content=\"Xanimeporn.com ist eine Website, die rein hochwertige Hentai-Videos enth\u00e4lt. W\u00e4hrend es ziemlich angenehm ist, die Auftritte in den Videos echter Stars zu sehen, ist Hentai nicht weniger als das. In diesen Filmen k\u00f6nnen Sie das Unm\u00f6gliche im wirklichen Leben leicht beobachten, wie Elfen zu sehen, die von Monsterschw\u00e4nzen genagelt werden.\" \/>\n<meta property=\"og:url\" content=\"https:\/\/pornmate.com\/de\/xanimeporn\" \/>\n<meta property=\"og:site_name\" content=\"Besten Pornoseiten - Kostenlose Deutsche Pornos | PornMate.com\" \/>\n<meta property=\"article:modified_time\" content=\"2022-11-25T16:27:01+00:00\" \/>\n<meta name=\"twitter:card\" content=\"summary_large_image\" \/>\n<meta name=\"twitter:label1\" content=\"Gesch\u00e4tzte Lesezeit\" \/>\n\t<meta name=\"twitter:data1\" content=\"2\u00a0Minuten\" \/>\n<script type=\"application\/ld+json\" class=\"yoast-schema-graph\">{\"@context\":\"https:\/\/schema.org\",\"@graph\":[{\"@type\":\"WebPage\",\"@id\":\"https:\/\/pornmate.com\/de\/xanimeporn\",\"url\":\"https:\/\/pornmate.com\/de\/xanimeporn\",\"name\":\"Xanimeporn.com und Hentai Pornos Seite - PornMate.com\",\"isPartOf\":{\"@id\":\"https:\/\/pornmate.com\/de\/#website\"},\"datePublished\":\"2020-03-18T11:02:10+00:00\",\"dateModified\":\"2022-11-25T16:27:01+00:00\",\"description\":\"Xanimeporn.com ist eine Website, die rein hochwertige Hentai-Videos enth\u00e4lt. W\u00e4hrend es ziemlich angenehm ist, die Auftritte in den Videos echter Stars zu sehen, ist Hentai nicht weniger als das. In diesen Filmen k\u00f6nnen Sie das Unm\u00f6gliche im wirklichen Leben leicht beobachten, wie Elfen zu sehen, die von Monsterschw\u00e4nzen genagelt werden.\",\"breadcrumb\":{\"@id\":\"https:\/\/pornmate.com\/de\/xanimeporn#breadcrumb\"},\"inLanguage\":\"de\",\"potentialAction\":[{\"@type\":\"ReadAction\",\"target\":[\"https:\/\/pornmate.com\/de\/xanimeporn\"]}]},{\"@type\":\"BreadcrumbList\",\"@id\":\"https:\/\/pornmate.com\/de\/xanimeporn#breadcrumb\",\"itemListElement\":[{\"@type\":\"ListItem\",\"position\":1,\"name\":\"Startseite\",\"item\":\"https:\/\/pornmate.com\/de\"},{\"@type\":\"ListItem\",\"position\":2,\"name\":\"Xanimeporn.com\"}]},{\"@type\":\"WebSite\",\"@id\":\"https:\/\/pornmate.com\/de\/#website\",\"url\":\"https:\/\/pornmate.com\/de\/\",\"name\":\"Besten Pornoseiten - Kostenlose Deutsche Pornos | PornMate.com\",\"description\":\"Kostenlose Pornos, ist Ihr Combo-Verzeichnis der besten gratis Pornoseiten, die Sie finden k\u00f6nnen, und das fantastische Seitenbewertungen, Kostenlose Deutsche sex Biografien von Pornostars und ihre xxx Freie Porno videos unter einem Dach pr\u00e4sentiert.\",\"publisher\":{\"@id\":\"https:\/\/pornmate.com\/de\/#organization\"},\"potentialAction\":[{\"@type\":\"SearchAction\",\"target\":{\"@type\":\"EntryPoint\",\"urlTemplate\":\"https:\/\/pornmate.com\/de\/?s={search_term_string}\"},\"query-input\":{\"@type\":\"PropertyValueSpecification\",\"valueRequired\":true,\"valueName\":\"search_term_string\"}}],\"inLanguage\":\"de\"},{\"@type\":\"Organization\",\"@id\":\"https:\/\/pornmate.com\/de\/#organization\",\"name\":\"Besten Pornoseiten - Kostenlose Deutsche Pornos | PornMate.com\",\"url\":\"https:\/\/pornmate.com\/de\/\",\"logo\":{\"@type\":\"ImageObject\",\"inLanguage\":\"de\",\"@id\":\"https:\/\/pornmate.com\/de\/#\/schema\/logo\/image\/\",\"url\":\"https:\/\/pornmate.com\/de\/wp-content\/uploads\/2022\/11\/pornmate-1.png\",\"contentUrl\":\"https:\/\/pornmate.com\/de\/wp-content\/uploads\/2022\/11\/pornmate-1.png\",\"width\":203,\"height\":200,\"caption\":\"Besten Pornoseiten - Kostenlose Deutsche Pornos | PornMate.com\"},\"image\":{\"@id\":\"https:\/\/pornmate.com\/de\/#\/schema\/logo\/image\/\"}}]}<\/script>\n<!-- \/ Yoast SEO plugin. -->","yoast_head_json":{"title":"Xanimeporn.com und Hentai Pornos Seite - PornMate.com","description":"Xanimeporn.com ist eine Website, die rein hochwertige Hentai-Videos enth\u00e4lt. W\u00e4hrend es ziemlich angenehm ist, die Auftritte in den Videos echter Stars zu sehen, ist Hentai nicht weniger als das. In diesen Filmen k\u00f6nnen Sie das Unm\u00f6gliche im wirklichen Leben leicht beobachten, wie Elfen zu sehen, die von Monsterschw\u00e4nzen genagelt werden.","robots":{"index":"index","follow":"follow","max-snippet":"max-snippet:-1","max-image-preview":"max-image-preview:large","max-video-preview":"max-video-preview:-1"},"canonical":"https:\/\/pornmate.com\/de\/xanimeporn","og_locale":"de_DE","og_type":"article","og_title":"Xanimeporn.com und Hentai Pornos Seite - PornMate.com","og_description":"Xanimeporn.com ist eine Website, die rein hochwertige Hentai-Videos enth\u00e4lt. W\u00e4hrend es ziemlich angenehm ist, die Auftritte in den Videos echter Stars zu sehen, ist Hentai nicht weniger als das. In diesen Filmen k\u00f6nnen Sie das Unm\u00f6gliche im wirklichen Leben leicht beobachten, wie Elfen zu sehen, die von Monsterschw\u00e4nzen genagelt werden.","og_url":"https:\/\/pornmate.com\/de\/xanimeporn","og_site_name":"Besten Pornoseiten - Kostenlose Deutsche Pornos | PornMate.com","article_modified_time":"2022-11-25T16:27:01+00:00","twitter_card":"summary_large_image","twitter_misc":{"Gesch\u00e4tzte Lesezeit":"2\u00a0Minuten"},"schema":{"@context":"https:\/\/schema.org","@graph":[{"@type":"WebPage","@id":"https:\/\/pornmate.com\/de\/xanimeporn","url":"https:\/\/pornmate.com\/de\/xanimeporn","name":"Xanimeporn.com und Hentai Pornos Seite - PornMate.com","isPartOf":{"@id":"https:\/\/pornmate.com\/de\/#website"},"datePublished":"2020-03-18T11:02:10+00:00","dateModified":"2022-11-25T16:27:01+00:00","description":"Xanimeporn.com ist eine Website, die rein hochwertige Hentai-Videos enth\u00e4lt. W\u00e4hrend es ziemlich angenehm ist, die Auftritte in den Videos echter Stars zu sehen, ist Hentai nicht weniger als das. In diesen Filmen k\u00f6nnen Sie das Unm\u00f6gliche im wirklichen Leben leicht beobachten, wie Elfen zu sehen, die von Monsterschw\u00e4nzen genagelt werden.","breadcrumb":{"@id":"https:\/\/pornmate.com\/de\/xanimeporn#breadcrumb"},"inLanguage":"de","potentialAction":[{"@type":"ReadAction","target":["https:\/\/pornmate.com\/de\/xanimeporn"]}]},{"@type":"BreadcrumbList","@id":"https:\/\/pornmate.com\/de\/xanimeporn#breadcrumb","itemListElement":[{"@type":"ListItem","position":1,"name":"Startseite","item":"https:\/\/pornmate.com\/de"},{"@type":"ListItem","position":2,"name":"Xanimeporn.com"}]},{"@type":"WebSite","@id":"https:\/\/pornmate.com\/de\/#website","url":"https:\/\/pornmate.com\/de\/","name":"Besten Pornoseiten - Kostenlose Deutsche Pornos | PornMate.com","description":"Kostenlose Pornos, ist Ihr Combo-Verzeichnis der besten gratis Pornoseiten, die Sie finden k\u00f6nnen, und das fantastische Seitenbewertungen, Kostenlose Deutsche sex Biografien von Pornostars und ihre xxx Freie Porno videos unter einem Dach pr\u00e4sentiert.","publisher":{"@id":"https:\/\/pornmate.com\/de\/#organization"},"potentialAction":[{"@type":"SearchAction","target":{"@type":"EntryPoint","urlTemplate":"https:\/\/pornmate.com\/de\/?s={search_term_string}"},"query-input":{"@type":"PropertyValueSpecification","valueRequired":true,"valueName":"search_term_string"}}],"inLanguage":"de"},{"@type":"Organization","@id":"https:\/\/pornmate.com\/de\/#organization","name":"Besten Pornoseiten - Kostenlose Deutsche Pornos | PornMate.com","url":"https:\/\/pornmate.com\/de\/","logo":{"@type":"ImageObject","inLanguage":"de","@id":"https:\/\/pornmate.com\/de\/#\/schema\/logo\/image\/","url":"https:\/\/pornmate.com\/de\/wp-content\/uploads\/2022\/11\/pornmate-1.png","contentUrl":"https:\/\/pornmate.com\/de\/wp-content\/uploads\/2022\/11\/pornmate-1.png","width":203,"height":200,"caption":"Besten Pornoseiten - Kostenlose Deutsche Pornos | PornMate.com"},"image":{"@id":"https:\/\/pornmate.com\/de\/#\/schema\/logo\/image\/"}}]}},"_links":{"self":[{"href":"https:\/\/pornmate.com\/de\/wp-json\/wp\/v2\/pages\/7064","targetHints":{"allow":["GET"]}}],"collection":[{"href":"https:\/\/pornmate.com\/de\/wp-json\/wp\/v2\/pages"}],"about":[{"href":"https:\/\/pornmate.com\/de\/wp-json\/wp\/v2\/types\/page"}],"author":[{"embeddable":true,"href":"https:\/\/pornmate.com\/de\/wp-json\/wp\/v2\/users\/1"}],"replies":[{"embeddable":true,"href":"https:\/\/pornmate.com\/de\/wp-json\/wp\/v2\/comments?post=7064"}],"version-history":[{"count":0,"href":"https:\/\/pornmate.com\/de\/wp-json\/wp\/v2\/pages\/7064\/revisions"}],"wp:attachment":[{"href":"https:\/\/pornmate.com\/de\/wp-json\/wp\/v2\/media?parent=7064"}],"curies":[{"name":"wp","href":"https:\/\/api.w.org\/{rel}","templated":true}]}}