{"id":7066,"date":"2020-03-18T11:05:00","date_gmt":"2020-03-18T11:05:00","guid":{"rendered":"https:\/\/pornmate.com\/?page_id=7066"},"modified":"2022-11-25T17:42:18","modified_gmt":"2022-11-25T16:42:18","slug":"myhentaitv","status":"publish","type":"page","link":"https:\/\/pornmate.com\/de\/myhentaitv","title":{"rendered":"Myhentai.tv"},"content":{"rendered":"<p>Myhentai.tv ist eine kostenlose Hentai-Serie, mit der Sie \u00fcber 2000 Hentai-Dramen kostenlos ansehen k\u00f6nnen. Hentai hat in den letzten zehn Jahren an Bedeutung gewonnen, da es uns die M\u00f6glichkeit gibt, animierten Prostituierten dabei zuzusehen, wie sie Dinge tun, die kein Pornostar tun kann. Myhentai.tv hat mehr als 831 Hentai-Serien mit \u00fcber 1800 Folgen, sodass Sie Monate damit verbringen k\u00f6nnen, eine tolle Zeit zu haben. Obwohl es fast ausschlie\u00dflich auf Japanisch ist, haben diese Hentai-Pornovideos auch Untertitel. Dies hilft beim Eintauchen, da die Geschichte ein wesentlicher Bestandteil des Hentai-Erlebnisses ist. Mit der Navigation k\u00f6nnen Sie alle Serien alphabetisch auflisten oder nach Genre suchen und ansehen. Jedes Video hat zwei alternative Links, sodass mindestens einer von ihnen die ganze Zeit online ist. Was die Benutzererfahrung betrifft, so gibt es viele Banner und einige Popups, aber die Qualit\u00e4t und Menge an Inhalten, die Sie kostenlos erhalten, wird Sie zu einem h\u00e4ufigen Besucher machen. Dies ist der beste Ort nicht nur f\u00fcr Hentai-Liebhaber, sondern f\u00fcr alle, die die umwerfend andere, aber auch unglaublich aufregende Seite des Pornos sehen m\u00f6chten.<\/p>\n","protected":false},"excerpt":{"rendered":"<p>Myhentai.tv ist eine kostenlose Hentai-Serie, mit der Sie \u00fcber 2000 Hentai-Dramen kostenlos ansehen k\u00f6nnen. Hentai hat in den letzten zehn Jahren an Bedeutung gewonnen, da es uns die M\u00f6glichkeit gibt, animierten Prostituierten dabei zuzusehen, wie sie Dinge tun, die kein Pornostar tun kann. Myhentai.tv hat mehr als 831 Hentai-Serien mit \u00fcber 1800 Folgen, sodass Sie [&hellip;]<\/p>\n","protected":false},"author":1,"featured_media":0,"parent":0,"menu_order":0,"comment_status":"closed","ping_status":"closed","template":"page-star-stil.php","meta":{"footnotes":""},"class_list":["post-7066","page","type-page","status-publish","hentry"],"yoast_head":"<!-- This site is optimized with the Yoast SEO plugin v27.2 - https:\/\/yoast.com\/product\/yoast-seo-wordpress\/ -->\n<title>Myhentai.tv Hentai Porno Filme - PornMate.com<\/title>\n<meta name=\"description\" content=\"Myhentai.tv ist eine kostenlose Hentai-Serie, mit der Sie \u00fcber 2000 Hentai-Dramen kostenlos ansehen k\u00f6nnen. Hentai hat in den letzten zehn Jahren an Bedeutung gewonnen, da es uns die M\u00f6glichkeit gibt, animierten Prostituierten dabei zuzusehen, wie sie Dinge tun, die kein Pornostar tun kann.\" \/>\n<meta name=\"robots\" content=\"index, follow, max-snippet:-1, max-image-preview:large, max-video-preview:-1\" \/>\n<link rel=\"canonical\" href=\"https:\/\/pornmate.com\/de\/myhentaitv\" \/>\n<meta property=\"og:locale\" content=\"de_DE\" \/>\n<meta property=\"og:type\" content=\"article\" \/>\n<meta property=\"og:title\" content=\"Myhentai.tv Hentai Porno Filme - PornMate.com\" \/>\n<meta property=\"og:description\" content=\"Myhentai.tv ist eine kostenlose Hentai-Serie, mit der Sie \u00fcber 2000 Hentai-Dramen kostenlos ansehen k\u00f6nnen. Hentai hat in den letzten zehn Jahren an Bedeutung gewonnen, da es uns die M\u00f6glichkeit gibt, animierten Prostituierten dabei zuzusehen, wie sie Dinge tun, die kein Pornostar tun kann.\" \/>\n<meta property=\"og:url\" content=\"https:\/\/pornmate.com\/de\/myhentaitv\" \/>\n<meta property=\"og:site_name\" content=\"Besten Pornoseiten - Kostenlose Deutsche Pornos | PornMate.com\" \/>\n<meta property=\"article:modified_time\" content=\"2022-11-25T16:42:18+00:00\" \/>\n<meta name=\"twitter:card\" content=\"summary_large_image\" \/>\n<meta name=\"twitter:label1\" content=\"Gesch\u00e4tzte Lesezeit\" \/>\n\t<meta name=\"twitter:data1\" content=\"1\u00a0Minute\" \/>\n<script type=\"application\/ld+json\" class=\"yoast-schema-graph\">{\"@context\":\"https:\/\/schema.org\",\"@graph\":[{\"@type\":\"WebPage\",\"@id\":\"https:\/\/pornmate.com\/de\/myhentaitv\",\"url\":\"https:\/\/pornmate.com\/de\/myhentaitv\",\"name\":\"Myhentai.tv Hentai Porno Filme - PornMate.com\",\"isPartOf\":{\"@id\":\"https:\/\/pornmate.com\/de\/#website\"},\"datePublished\":\"2020-03-18T11:05:00+00:00\",\"dateModified\":\"2022-11-25T16:42:18+00:00\",\"description\":\"Myhentai.tv ist eine kostenlose Hentai-Serie, mit der Sie \u00fcber 2000 Hentai-Dramen kostenlos ansehen k\u00f6nnen. Hentai hat in den letzten zehn Jahren an Bedeutung gewonnen, da es uns die M\u00f6glichkeit gibt, animierten Prostituierten dabei zuzusehen, wie sie Dinge tun, die kein Pornostar tun kann.\",\"breadcrumb\":{\"@id\":\"https:\/\/pornmate.com\/de\/myhentaitv#breadcrumb\"},\"inLanguage\":\"de\",\"potentialAction\":[{\"@type\":\"ReadAction\",\"target\":[\"https:\/\/pornmate.com\/de\/myhentaitv\"]}]},{\"@type\":\"BreadcrumbList\",\"@id\":\"https:\/\/pornmate.com\/de\/myhentaitv#breadcrumb\",\"itemListElement\":[{\"@type\":\"ListItem\",\"position\":1,\"name\":\"Startseite\",\"item\":\"https:\/\/pornmate.com\/de\"},{\"@type\":\"ListItem\",\"position\":2,\"name\":\"Myhentai.tv\"}]},{\"@type\":\"WebSite\",\"@id\":\"https:\/\/pornmate.com\/de\/#website\",\"url\":\"https:\/\/pornmate.com\/de\/\",\"name\":\"Besten Pornoseiten - Kostenlose Deutsche Pornos | PornMate.com\",\"description\":\"Kostenlose Pornos, ist Ihr Combo-Verzeichnis der besten gratis Pornoseiten, die Sie finden k\u00f6nnen, und das fantastische Seitenbewertungen, Kostenlose Deutsche sex Biografien von Pornostars und ihre xxx Freie Porno videos unter einem Dach pr\u00e4sentiert.\",\"publisher\":{\"@id\":\"https:\/\/pornmate.com\/de\/#organization\"},\"potentialAction\":[{\"@type\":\"SearchAction\",\"target\":{\"@type\":\"EntryPoint\",\"urlTemplate\":\"https:\/\/pornmate.com\/de\/?s={search_term_string}\"},\"query-input\":{\"@type\":\"PropertyValueSpecification\",\"valueRequired\":true,\"valueName\":\"search_term_string\"}}],\"inLanguage\":\"de\"},{\"@type\":\"Organization\",\"@id\":\"https:\/\/pornmate.com\/de\/#organization\",\"name\":\"Besten Pornoseiten - Kostenlose Deutsche Pornos | PornMate.com\",\"url\":\"https:\/\/pornmate.com\/de\/\",\"logo\":{\"@type\":\"ImageObject\",\"inLanguage\":\"de\",\"@id\":\"https:\/\/pornmate.com\/de\/#\/schema\/logo\/image\/\",\"url\":\"https:\/\/pornmate.com\/de\/wp-content\/uploads\/2022\/11\/pornmate-1.png\",\"contentUrl\":\"https:\/\/pornmate.com\/de\/wp-content\/uploads\/2022\/11\/pornmate-1.png\",\"width\":203,\"height\":200,\"caption\":\"Besten Pornoseiten - Kostenlose Deutsche Pornos | PornMate.com\"},\"image\":{\"@id\":\"https:\/\/pornmate.com\/de\/#\/schema\/logo\/image\/\"}}]}<\/script>\n<!-- \/ Yoast SEO plugin. -->","yoast_head_json":{"title":"Myhentai.tv Hentai Porno Filme - PornMate.com","description":"Myhentai.tv ist eine kostenlose Hentai-Serie, mit der Sie \u00fcber 2000 Hentai-Dramen kostenlos ansehen k\u00f6nnen. Hentai hat in den letzten zehn Jahren an Bedeutung gewonnen, da es uns die M\u00f6glichkeit gibt, animierten Prostituierten dabei zuzusehen, wie sie Dinge tun, die kein Pornostar tun kann.","robots":{"index":"index","follow":"follow","max-snippet":"max-snippet:-1","max-image-preview":"max-image-preview:large","max-video-preview":"max-video-preview:-1"},"canonical":"https:\/\/pornmate.com\/de\/myhentaitv","og_locale":"de_DE","og_type":"article","og_title":"Myhentai.tv Hentai Porno Filme - PornMate.com","og_description":"Myhentai.tv ist eine kostenlose Hentai-Serie, mit der Sie \u00fcber 2000 Hentai-Dramen kostenlos ansehen k\u00f6nnen. Hentai hat in den letzten zehn Jahren an Bedeutung gewonnen, da es uns die M\u00f6glichkeit gibt, animierten Prostituierten dabei zuzusehen, wie sie Dinge tun, die kein Pornostar tun kann.","og_url":"https:\/\/pornmate.com\/de\/myhentaitv","og_site_name":"Besten Pornoseiten - Kostenlose Deutsche Pornos | PornMate.com","article_modified_time":"2022-11-25T16:42:18+00:00","twitter_card":"summary_large_image","twitter_misc":{"Gesch\u00e4tzte Lesezeit":"1\u00a0Minute"},"schema":{"@context":"https:\/\/schema.org","@graph":[{"@type":"WebPage","@id":"https:\/\/pornmate.com\/de\/myhentaitv","url":"https:\/\/pornmate.com\/de\/myhentaitv","name":"Myhentai.tv Hentai Porno Filme - PornMate.com","isPartOf":{"@id":"https:\/\/pornmate.com\/de\/#website"},"datePublished":"2020-03-18T11:05:00+00:00","dateModified":"2022-11-25T16:42:18+00:00","description":"Myhentai.tv ist eine kostenlose Hentai-Serie, mit der Sie \u00fcber 2000 Hentai-Dramen kostenlos ansehen k\u00f6nnen. Hentai hat in den letzten zehn Jahren an Bedeutung gewonnen, da es uns die M\u00f6glichkeit gibt, animierten Prostituierten dabei zuzusehen, wie sie Dinge tun, die kein Pornostar tun kann.","breadcrumb":{"@id":"https:\/\/pornmate.com\/de\/myhentaitv#breadcrumb"},"inLanguage":"de","potentialAction":[{"@type":"ReadAction","target":["https:\/\/pornmate.com\/de\/myhentaitv"]}]},{"@type":"BreadcrumbList","@id":"https:\/\/pornmate.com\/de\/myhentaitv#breadcrumb","itemListElement":[{"@type":"ListItem","position":1,"name":"Startseite","item":"https:\/\/pornmate.com\/de"},{"@type":"ListItem","position":2,"name":"Myhentai.tv"}]},{"@type":"WebSite","@id":"https:\/\/pornmate.com\/de\/#website","url":"https:\/\/pornmate.com\/de\/","name":"Besten Pornoseiten - Kostenlose Deutsche Pornos | PornMate.com","description":"Kostenlose Pornos, ist Ihr Combo-Verzeichnis der besten gratis Pornoseiten, die Sie finden k\u00f6nnen, und das fantastische Seitenbewertungen, Kostenlose Deutsche sex Biografien von Pornostars und ihre xxx Freie Porno videos unter einem Dach pr\u00e4sentiert.","publisher":{"@id":"https:\/\/pornmate.com\/de\/#organization"},"potentialAction":[{"@type":"SearchAction","target":{"@type":"EntryPoint","urlTemplate":"https:\/\/pornmate.com\/de\/?s={search_term_string}"},"query-input":{"@type":"PropertyValueSpecification","valueRequired":true,"valueName":"search_term_string"}}],"inLanguage":"de"},{"@type":"Organization","@id":"https:\/\/pornmate.com\/de\/#organization","name":"Besten Pornoseiten - Kostenlose Deutsche Pornos | PornMate.com","url":"https:\/\/pornmate.com\/de\/","logo":{"@type":"ImageObject","inLanguage":"de","@id":"https:\/\/pornmate.com\/de\/#\/schema\/logo\/image\/","url":"https:\/\/pornmate.com\/de\/wp-content\/uploads\/2022\/11\/pornmate-1.png","contentUrl":"https:\/\/pornmate.com\/de\/wp-content\/uploads\/2022\/11\/pornmate-1.png","width":203,"height":200,"caption":"Besten Pornoseiten - Kostenlose Deutsche Pornos | PornMate.com"},"image":{"@id":"https:\/\/pornmate.com\/de\/#\/schema\/logo\/image\/"}}]}},"_links":{"self":[{"href":"https:\/\/pornmate.com\/de\/wp-json\/wp\/v2\/pages\/7066","targetHints":{"allow":["GET"]}}],"collection":[{"href":"https:\/\/pornmate.com\/de\/wp-json\/wp\/v2\/pages"}],"about":[{"href":"https:\/\/pornmate.com\/de\/wp-json\/wp\/v2\/types\/page"}],"author":[{"embeddable":true,"href":"https:\/\/pornmate.com\/de\/wp-json\/wp\/v2\/users\/1"}],"replies":[{"embeddable":true,"href":"https:\/\/pornmate.com\/de\/wp-json\/wp\/v2\/comments?post=7066"}],"version-history":[{"count":0,"href":"https:\/\/pornmate.com\/de\/wp-json\/wp\/v2\/pages\/7066\/revisions"}],"wp:attachment":[{"href":"https:\/\/pornmate.com\/de\/wp-json\/wp\/v2\/media?parent=7066"}],"curies":[{"name":"wp","href":"https:\/\/api.w.org\/{rel}","templated":true}]}}