{"id":7070,"date":"2020-03-18T11:07:11","date_gmt":"2020-03-18T11:07:11","guid":{"rendered":"https:\/\/pornmate.com\/?page_id=7070"},"modified":"2020-03-18T11:07:11","modified_gmt":"2020-03-18T11:07:11","slug":"cartoonpornvideos","status":"publish","type":"page","link":"https:\/\/pornmate.com\/de\/cartoonpornvideos","title":{"rendered":"Cartoonpornvideos.com"},"content":{"rendered":"<p>Cartoonpornvideos.com bietet Tausende von Anime- und 3D-Anime-Pornofilmen in Top-Qualit\u00e4t. Es gibt viele Websites, die gute erotische Videos anbieten, aber was diesen Ort anders macht, ist, dass sie etwas anderes auf ihrer Speisekarte haben. Dazu geh\u00f6ren gute Animationen und in einigen F\u00e4llen fotorealistische Grafiken, sodass es sich um einen guten 3D-Film handelt. Nicht nur das, Sie k\u00f6nnen sich auch Comics und Mangas f\u00fcr Erwachsene ansehen. Bei einer so gro\u00dfen Auswahl an Inhalten muss die Navigation hervorragend sein. Gl\u00fccklicherweise ist es hier. Die Hauptseite enth\u00e4lt Miniaturansichten der beliebtesten Videos und sie sind animiert, sodass Sie schnell sehen k\u00f6nnen, worum es geht, bevor Sie darauf klicken. Cartoonpornvideos listet Videos auch nach Kategorie und Charakter auf. Wenn Sie tief in Ihre Lieblings-Anime-Stars eintauchen m\u00f6chten, k\u00f6nnen Sie sie hier leicht finden. Was den Spieler betrifft, ist es eine angenehme \u00dcberraschung. Es wird schnell geladen und erm\u00f6glicht es Ihnen, Aufl\u00f6sungen zu \u00e4ndern, was Ihnen ein hohes Ma\u00df an Kontrolle gibt. Es gibt auch eine Option zum Herunterladen von Videos und alles, was Sie brauchen, ist eine kostenlose Registrierung. Werbung ist akzeptabel, also ist dies der Ort f\u00fcr Cartoon-Sex-Fans.<\/p>\n","protected":false},"excerpt":{"rendered":"<p>Cartoonpornvideos.com bietet Tausende von Anime- und 3D-Anime-Pornofilmen in Top-Qualit\u00e4t. Es gibt viele Websites, die gute erotische Videos anbieten, aber was diesen Ort anders macht, ist, dass sie etwas anderes auf ihrer Speisekarte haben. Dazu geh\u00f6ren gute Animationen und in einigen F\u00e4llen fotorealistische Grafiken, sodass es sich um einen guten 3D-Film handelt. Nicht nur das, Sie [&hellip;]<\/p>\n","protected":false},"author":1,"featured_media":0,"parent":0,"menu_order":0,"comment_status":"closed","ping_status":"closed","template":"page-star-stil.php","meta":{"footnotes":""},"class_list":["post-7070","page","type-page","status-publish","hentry"],"yoast_head":"<!-- This site is optimized with the Yoast SEO plugin v27.2 - https:\/\/yoast.com\/product\/yoast-seo-wordpress\/ -->\n<title>Cartoonpornvideos.com and Best Cartoon Porn Sites - PornMate.com<\/title>\n<meta name=\"description\" content=\"Cartoonpornvideos.com offers thousands of top-quality anime and 3D cartoon porn movies. While there are plenty of sites providing excellent hentai porn videos\" \/>\n<meta name=\"robots\" content=\"index, follow, max-snippet:-1, max-image-preview:large, max-video-preview:-1\" \/>\n<link rel=\"canonical\" href=\"https:\/\/pornmate.com\/de\/cartoonpornvideos\" \/>\n<meta property=\"og:locale\" content=\"de_DE\" \/>\n<meta property=\"og:type\" content=\"article\" \/>\n<meta property=\"og:title\" content=\"Cartoonpornvideos.com and Best Cartoon Porn Sites - PornMate.com\" \/>\n<meta property=\"og:description\" content=\"Cartoonpornvideos.com offers thousands of top-quality anime and 3D cartoon porn movies. While there are plenty of sites providing excellent hentai porn videos\" \/>\n<meta property=\"og:url\" content=\"https:\/\/pornmate.com\/de\/cartoonpornvideos\" \/>\n<meta property=\"og:site_name\" content=\"Besten Pornoseiten - Kostenlose Deutsche Pornos | PornMate.com\" \/>\n<meta name=\"twitter:card\" content=\"summary_large_image\" \/>\n<meta name=\"twitter:label1\" content=\"Gesch\u00e4tzte Lesezeit\" \/>\n\t<meta name=\"twitter:data1\" content=\"2\u00a0Minuten\" \/>\n<script type=\"application\/ld+json\" class=\"yoast-schema-graph\">{\"@context\":\"https:\/\/schema.org\",\"@graph\":[{\"@type\":\"WebPage\",\"@id\":\"https:\/\/pornmate.com\/de\/cartoonpornvideos\",\"url\":\"https:\/\/pornmate.com\/de\/cartoonpornvideos\",\"name\":\"Cartoonpornvideos.com and Best Cartoon Porn Sites - PornMate.com\",\"isPartOf\":{\"@id\":\"https:\/\/pornmate.com\/de\/#website\"},\"datePublished\":\"2020-03-18T11:07:11+00:00\",\"description\":\"Cartoonpornvideos.com offers thousands of top-quality anime and 3D cartoon porn movies. While there are plenty of sites providing excellent hentai porn videos\",\"breadcrumb\":{\"@id\":\"https:\/\/pornmate.com\/de\/cartoonpornvideos#breadcrumb\"},\"inLanguage\":\"de\",\"potentialAction\":[{\"@type\":\"ReadAction\",\"target\":[\"https:\/\/pornmate.com\/de\/cartoonpornvideos\"]}]},{\"@type\":\"BreadcrumbList\",\"@id\":\"https:\/\/pornmate.com\/de\/cartoonpornvideos#breadcrumb\",\"itemListElement\":[{\"@type\":\"ListItem\",\"position\":1,\"name\":\"Startseite\",\"item\":\"https:\/\/pornmate.com\/de\"},{\"@type\":\"ListItem\",\"position\":2,\"name\":\"Cartoonpornvideos.com\"}]},{\"@type\":\"WebSite\",\"@id\":\"https:\/\/pornmate.com\/de\/#website\",\"url\":\"https:\/\/pornmate.com\/de\/\",\"name\":\"Besten Pornoseiten - Kostenlose Deutsche Pornos | PornMate.com\",\"description\":\"Kostenlose Pornos, ist Ihr Combo-Verzeichnis der besten gratis Pornoseiten, die Sie finden k\u00f6nnen, und das fantastische Seitenbewertungen, Kostenlose Deutsche sex Biografien von Pornostars und ihre xxx Freie Porno videos unter einem Dach pr\u00e4sentiert.\",\"publisher\":{\"@id\":\"https:\/\/pornmate.com\/de\/#organization\"},\"potentialAction\":[{\"@type\":\"SearchAction\",\"target\":{\"@type\":\"EntryPoint\",\"urlTemplate\":\"https:\/\/pornmate.com\/de\/?s={search_term_string}\"},\"query-input\":{\"@type\":\"PropertyValueSpecification\",\"valueRequired\":true,\"valueName\":\"search_term_string\"}}],\"inLanguage\":\"de\"},{\"@type\":\"Organization\",\"@id\":\"https:\/\/pornmate.com\/de\/#organization\",\"name\":\"Besten Pornoseiten - Kostenlose Deutsche Pornos | PornMate.com\",\"url\":\"https:\/\/pornmate.com\/de\/\",\"logo\":{\"@type\":\"ImageObject\",\"inLanguage\":\"de\",\"@id\":\"https:\/\/pornmate.com\/de\/#\/schema\/logo\/image\/\",\"url\":\"https:\/\/pornmate.com\/de\/wp-content\/uploads\/2022\/11\/pornmate-1.png\",\"contentUrl\":\"https:\/\/pornmate.com\/de\/wp-content\/uploads\/2022\/11\/pornmate-1.png\",\"width\":203,\"height\":200,\"caption\":\"Besten Pornoseiten - Kostenlose Deutsche Pornos | PornMate.com\"},\"image\":{\"@id\":\"https:\/\/pornmate.com\/de\/#\/schema\/logo\/image\/\"}}]}<\/script>\n<!-- \/ Yoast SEO plugin. -->","yoast_head_json":{"title":"Cartoonpornvideos.com and Best Cartoon Porn Sites - PornMate.com","description":"Cartoonpornvideos.com offers thousands of top-quality anime and 3D cartoon porn movies. While there are plenty of sites providing excellent hentai porn videos","robots":{"index":"index","follow":"follow","max-snippet":"max-snippet:-1","max-image-preview":"max-image-preview:large","max-video-preview":"max-video-preview:-1"},"canonical":"https:\/\/pornmate.com\/de\/cartoonpornvideos","og_locale":"de_DE","og_type":"article","og_title":"Cartoonpornvideos.com and Best Cartoon Porn Sites - PornMate.com","og_description":"Cartoonpornvideos.com offers thousands of top-quality anime and 3D cartoon porn movies. While there are plenty of sites providing excellent hentai porn videos","og_url":"https:\/\/pornmate.com\/de\/cartoonpornvideos","og_site_name":"Besten Pornoseiten - Kostenlose Deutsche Pornos | PornMate.com","twitter_card":"summary_large_image","twitter_misc":{"Gesch\u00e4tzte Lesezeit":"2\u00a0Minuten"},"schema":{"@context":"https:\/\/schema.org","@graph":[{"@type":"WebPage","@id":"https:\/\/pornmate.com\/de\/cartoonpornvideos","url":"https:\/\/pornmate.com\/de\/cartoonpornvideos","name":"Cartoonpornvideos.com and Best Cartoon Porn Sites - PornMate.com","isPartOf":{"@id":"https:\/\/pornmate.com\/de\/#website"},"datePublished":"2020-03-18T11:07:11+00:00","description":"Cartoonpornvideos.com offers thousands of top-quality anime and 3D cartoon porn movies. While there are plenty of sites providing excellent hentai porn videos","breadcrumb":{"@id":"https:\/\/pornmate.com\/de\/cartoonpornvideos#breadcrumb"},"inLanguage":"de","potentialAction":[{"@type":"ReadAction","target":["https:\/\/pornmate.com\/de\/cartoonpornvideos"]}]},{"@type":"BreadcrumbList","@id":"https:\/\/pornmate.com\/de\/cartoonpornvideos#breadcrumb","itemListElement":[{"@type":"ListItem","position":1,"name":"Startseite","item":"https:\/\/pornmate.com\/de"},{"@type":"ListItem","position":2,"name":"Cartoonpornvideos.com"}]},{"@type":"WebSite","@id":"https:\/\/pornmate.com\/de\/#website","url":"https:\/\/pornmate.com\/de\/","name":"Besten Pornoseiten - Kostenlose Deutsche Pornos | PornMate.com","description":"Kostenlose Pornos, ist Ihr Combo-Verzeichnis der besten gratis Pornoseiten, die Sie finden k\u00f6nnen, und das fantastische Seitenbewertungen, Kostenlose Deutsche sex Biografien von Pornostars und ihre xxx Freie Porno videos unter einem Dach pr\u00e4sentiert.","publisher":{"@id":"https:\/\/pornmate.com\/de\/#organization"},"potentialAction":[{"@type":"SearchAction","target":{"@type":"EntryPoint","urlTemplate":"https:\/\/pornmate.com\/de\/?s={search_term_string}"},"query-input":{"@type":"PropertyValueSpecification","valueRequired":true,"valueName":"search_term_string"}}],"inLanguage":"de"},{"@type":"Organization","@id":"https:\/\/pornmate.com\/de\/#organization","name":"Besten Pornoseiten - Kostenlose Deutsche Pornos | PornMate.com","url":"https:\/\/pornmate.com\/de\/","logo":{"@type":"ImageObject","inLanguage":"de","@id":"https:\/\/pornmate.com\/de\/#\/schema\/logo\/image\/","url":"https:\/\/pornmate.com\/de\/wp-content\/uploads\/2022\/11\/pornmate-1.png","contentUrl":"https:\/\/pornmate.com\/de\/wp-content\/uploads\/2022\/11\/pornmate-1.png","width":203,"height":200,"caption":"Besten Pornoseiten - Kostenlose Deutsche Pornos | PornMate.com"},"image":{"@id":"https:\/\/pornmate.com\/de\/#\/schema\/logo\/image\/"}}]}},"_links":{"self":[{"href":"https:\/\/pornmate.com\/de\/wp-json\/wp\/v2\/pages\/7070","targetHints":{"allow":["GET"]}}],"collection":[{"href":"https:\/\/pornmate.com\/de\/wp-json\/wp\/v2\/pages"}],"about":[{"href":"https:\/\/pornmate.com\/de\/wp-json\/wp\/v2\/types\/page"}],"author":[{"embeddable":true,"href":"https:\/\/pornmate.com\/de\/wp-json\/wp\/v2\/users\/1"}],"replies":[{"embeddable":true,"href":"https:\/\/pornmate.com\/de\/wp-json\/wp\/v2\/comments?post=7070"}],"version-history":[{"count":0,"href":"https:\/\/pornmate.com\/de\/wp-json\/wp\/v2\/pages\/7070\/revisions"}],"wp:attachment":[{"href":"https:\/\/pornmate.com\/de\/wp-json\/wp\/v2\/media?parent=7070"}],"curies":[{"name":"wp","href":"https:\/\/api.w.org\/{rel}","templated":true}]}}