{"id":7072,"date":"2020-03-18T11:08:27","date_gmt":"2020-03-18T11:08:27","guid":{"rendered":"https:\/\/pornmate.com\/?page_id=7072"},"modified":"2022-11-25T17:30:07","modified_gmt":"2022-11-25T16:30:07","slug":"asmhentai","status":"publish","type":"page","link":"https:\/\/pornmate.com\/de\/asmhentai","title":{"rendered":"Asmhentai.com"},"content":{"rendered":"<p>Die Website mit Tausenden von Hentai-Inhalten ist Asmhentai.com. Dank der uns zur Verf\u00fcgung stehenden Technologien sind Comics heute beliebter und sch\u00f6ner als je zuvor. Dasselbe gilt f\u00fcr japanische Hentai-Comics, und Sie k\u00f6nnen viele davon auf Asmhentai finden. Es gibt \u00fcber 60.000 englische Comics, Sie k\u00f6nnten zun\u00e4chst \u00fcberfordert sein. Gl\u00fccklicherweise wird es dank der Navigationsoptionen viel einfacher, die richtigen Inhalte zu finden. Wir sind sicher, dass die meisten Comics, die wir zuf\u00e4llig lesen, ausgezeichnet sind und der Porno-Download einfach zu bedienen ist, sodass Sie nicht einmal lange suchen m\u00fcssen. Anzeigen k\u00f6nnen manchmal erscheinen, aber sie werden Ihnen nicht im Weg stehen. Es ist nur ein kleiner Preis f\u00fcr eine unglaubliche Menge an Inhalten, die Sie f\u00fcr immer besch\u00e4ftigen werden. Wir f\u00fcgen st\u00e4ndig neue Comics f\u00fcr Erwachsene hinzu, und wenn Sie sich kostenlos anmelden, erhalten Sie zus\u00e4tzliche Optionen, mit denen Sie besser navigieren k\u00f6nnen. Dies ist vielleicht nicht die einzige Hentai-Comicseite, aber die beste, die wir je gesehen haben. Dies macht es auch zu einem hervorragenden Starter f\u00fcr Anf\u00e4nger.<\/p>\n","protected":false},"excerpt":{"rendered":"<p>Die Website mit Tausenden von Hentai-Inhalten ist Asmhentai.com. Dank der uns zur Verf\u00fcgung stehenden Technologien sind Comics heute beliebter und sch\u00f6ner als je zuvor. Dasselbe gilt f\u00fcr japanische Hentai-Comics, und Sie k\u00f6nnen viele davon auf Asmhentai finden. Es gibt \u00fcber 60.000 englische Comics, Sie k\u00f6nnten zun\u00e4chst \u00fcberfordert sein. Gl\u00fccklicherweise wird es dank der Navigationsoptionen viel [&hellip;]<\/p>\n","protected":false},"author":1,"featured_media":0,"parent":0,"menu_order":0,"comment_status":"closed","ping_status":"closed","template":"page-star-stil.php","meta":{"footnotes":""},"class_list":["post-7072","page","type-page","status-publish","hentry"],"yoast_head":"<!-- This site is optimized with the Yoast SEO plugin v27.2 - https:\/\/yoast.com\/product\/yoast-seo-wordpress\/ -->\n<title>Asmhentai.com Review and Best Hentai Porn Sites - PornMate.com<\/title>\n<meta name=\"description\" content=\"Die Website mit Tausenden von Hentai-Inhalten ist Asmhentai.com. Dank der uns zur Verf\u00fcgung stehenden Technologien sind Comics heute beliebter und sch\u00f6ner als je zuvor. Dasselbe gilt f\u00fcr japanische Hentai-Comics, und Sie k\u00f6nnen viele davon auf Asmhentai finden.\" \/>\n<meta name=\"robots\" content=\"index, follow, max-snippet:-1, max-image-preview:large, max-video-preview:-1\" \/>\n<link rel=\"canonical\" href=\"https:\/\/pornmate.com\/de\/asmhentai\" \/>\n<meta property=\"og:locale\" content=\"de_DE\" \/>\n<meta property=\"og:type\" content=\"article\" \/>\n<meta property=\"og:title\" content=\"Asmhentai.com Review and Best Hentai Porn Sites - PornMate.com\" \/>\n<meta property=\"og:description\" content=\"Die Website mit Tausenden von Hentai-Inhalten ist Asmhentai.com. Dank der uns zur Verf\u00fcgung stehenden Technologien sind Comics heute beliebter und sch\u00f6ner als je zuvor. Dasselbe gilt f\u00fcr japanische Hentai-Comics, und Sie k\u00f6nnen viele davon auf Asmhentai finden.\" \/>\n<meta property=\"og:url\" content=\"https:\/\/pornmate.com\/de\/asmhentai\" \/>\n<meta property=\"og:site_name\" content=\"Besten Pornoseiten - Kostenlose Deutsche Pornos | PornMate.com\" \/>\n<meta property=\"article:modified_time\" content=\"2022-11-25T16:30:07+00:00\" \/>\n<meta name=\"twitter:card\" content=\"summary_large_image\" \/>\n<meta name=\"twitter:label1\" content=\"Gesch\u00e4tzte Lesezeit\" \/>\n\t<meta name=\"twitter:data1\" content=\"1\u00a0Minute\" \/>\n<script type=\"application\/ld+json\" class=\"yoast-schema-graph\">{\"@context\":\"https:\/\/schema.org\",\"@graph\":[{\"@type\":\"WebPage\",\"@id\":\"https:\/\/pornmate.com\/de\/asmhentai\",\"url\":\"https:\/\/pornmate.com\/de\/asmhentai\",\"name\":\"Asmhentai.com Review and Best Hentai Porn Sites - PornMate.com\",\"isPartOf\":{\"@id\":\"https:\/\/pornmate.com\/de\/#website\"},\"datePublished\":\"2020-03-18T11:08:27+00:00\",\"dateModified\":\"2022-11-25T16:30:07+00:00\",\"description\":\"Die Website mit Tausenden von Hentai-Inhalten ist Asmhentai.com. Dank der uns zur Verf\u00fcgung stehenden Technologien sind Comics heute beliebter und sch\u00f6ner als je zuvor. Dasselbe gilt f\u00fcr japanische Hentai-Comics, und Sie k\u00f6nnen viele davon auf Asmhentai finden.\",\"breadcrumb\":{\"@id\":\"https:\/\/pornmate.com\/de\/asmhentai#breadcrumb\"},\"inLanguage\":\"de\",\"potentialAction\":[{\"@type\":\"ReadAction\",\"target\":[\"https:\/\/pornmate.com\/de\/asmhentai\"]}]},{\"@type\":\"BreadcrumbList\",\"@id\":\"https:\/\/pornmate.com\/de\/asmhentai#breadcrumb\",\"itemListElement\":[{\"@type\":\"ListItem\",\"position\":1,\"name\":\"Startseite\",\"item\":\"https:\/\/pornmate.com\/de\"},{\"@type\":\"ListItem\",\"position\":2,\"name\":\"Asmhentai.com\"}]},{\"@type\":\"WebSite\",\"@id\":\"https:\/\/pornmate.com\/de\/#website\",\"url\":\"https:\/\/pornmate.com\/de\/\",\"name\":\"Besten Pornoseiten - Kostenlose Deutsche Pornos | PornMate.com\",\"description\":\"Kostenlose Pornos, ist Ihr Combo-Verzeichnis der besten gratis Pornoseiten, die Sie finden k\u00f6nnen, und das fantastische Seitenbewertungen, Kostenlose Deutsche sex Biografien von Pornostars und ihre xxx Freie Porno videos unter einem Dach pr\u00e4sentiert.\",\"publisher\":{\"@id\":\"https:\/\/pornmate.com\/de\/#organization\"},\"potentialAction\":[{\"@type\":\"SearchAction\",\"target\":{\"@type\":\"EntryPoint\",\"urlTemplate\":\"https:\/\/pornmate.com\/de\/?s={search_term_string}\"},\"query-input\":{\"@type\":\"PropertyValueSpecification\",\"valueRequired\":true,\"valueName\":\"search_term_string\"}}],\"inLanguage\":\"de\"},{\"@type\":\"Organization\",\"@id\":\"https:\/\/pornmate.com\/de\/#organization\",\"name\":\"Besten Pornoseiten - Kostenlose Deutsche Pornos | PornMate.com\",\"url\":\"https:\/\/pornmate.com\/de\/\",\"logo\":{\"@type\":\"ImageObject\",\"inLanguage\":\"de\",\"@id\":\"https:\/\/pornmate.com\/de\/#\/schema\/logo\/image\/\",\"url\":\"https:\/\/pornmate.com\/de\/wp-content\/uploads\/2022\/11\/pornmate-1.png\",\"contentUrl\":\"https:\/\/pornmate.com\/de\/wp-content\/uploads\/2022\/11\/pornmate-1.png\",\"width\":203,\"height\":200,\"caption\":\"Besten Pornoseiten - Kostenlose Deutsche Pornos | PornMate.com\"},\"image\":{\"@id\":\"https:\/\/pornmate.com\/de\/#\/schema\/logo\/image\/\"}}]}<\/script>\n<!-- \/ Yoast SEO plugin. -->","yoast_head_json":{"title":"Asmhentai.com Review and Best Hentai Porn Sites - PornMate.com","description":"Die Website mit Tausenden von Hentai-Inhalten ist Asmhentai.com. Dank der uns zur Verf\u00fcgung stehenden Technologien sind Comics heute beliebter und sch\u00f6ner als je zuvor. Dasselbe gilt f\u00fcr japanische Hentai-Comics, und Sie k\u00f6nnen viele davon auf Asmhentai finden.","robots":{"index":"index","follow":"follow","max-snippet":"max-snippet:-1","max-image-preview":"max-image-preview:large","max-video-preview":"max-video-preview:-1"},"canonical":"https:\/\/pornmate.com\/de\/asmhentai","og_locale":"de_DE","og_type":"article","og_title":"Asmhentai.com Review and Best Hentai Porn Sites - PornMate.com","og_description":"Die Website mit Tausenden von Hentai-Inhalten ist Asmhentai.com. Dank der uns zur Verf\u00fcgung stehenden Technologien sind Comics heute beliebter und sch\u00f6ner als je zuvor. Dasselbe gilt f\u00fcr japanische Hentai-Comics, und Sie k\u00f6nnen viele davon auf Asmhentai finden.","og_url":"https:\/\/pornmate.com\/de\/asmhentai","og_site_name":"Besten Pornoseiten - Kostenlose Deutsche Pornos | PornMate.com","article_modified_time":"2022-11-25T16:30:07+00:00","twitter_card":"summary_large_image","twitter_misc":{"Gesch\u00e4tzte Lesezeit":"1\u00a0Minute"},"schema":{"@context":"https:\/\/schema.org","@graph":[{"@type":"WebPage","@id":"https:\/\/pornmate.com\/de\/asmhentai","url":"https:\/\/pornmate.com\/de\/asmhentai","name":"Asmhentai.com Review and Best Hentai Porn Sites - PornMate.com","isPartOf":{"@id":"https:\/\/pornmate.com\/de\/#website"},"datePublished":"2020-03-18T11:08:27+00:00","dateModified":"2022-11-25T16:30:07+00:00","description":"Die Website mit Tausenden von Hentai-Inhalten ist Asmhentai.com. Dank der uns zur Verf\u00fcgung stehenden Technologien sind Comics heute beliebter und sch\u00f6ner als je zuvor. Dasselbe gilt f\u00fcr japanische Hentai-Comics, und Sie k\u00f6nnen viele davon auf Asmhentai finden.","breadcrumb":{"@id":"https:\/\/pornmate.com\/de\/asmhentai#breadcrumb"},"inLanguage":"de","potentialAction":[{"@type":"ReadAction","target":["https:\/\/pornmate.com\/de\/asmhentai"]}]},{"@type":"BreadcrumbList","@id":"https:\/\/pornmate.com\/de\/asmhentai#breadcrumb","itemListElement":[{"@type":"ListItem","position":1,"name":"Startseite","item":"https:\/\/pornmate.com\/de"},{"@type":"ListItem","position":2,"name":"Asmhentai.com"}]},{"@type":"WebSite","@id":"https:\/\/pornmate.com\/de\/#website","url":"https:\/\/pornmate.com\/de\/","name":"Besten Pornoseiten - Kostenlose Deutsche Pornos | PornMate.com","description":"Kostenlose Pornos, ist Ihr Combo-Verzeichnis der besten gratis Pornoseiten, die Sie finden k\u00f6nnen, und das fantastische Seitenbewertungen, Kostenlose Deutsche sex Biografien von Pornostars und ihre xxx Freie Porno videos unter einem Dach pr\u00e4sentiert.","publisher":{"@id":"https:\/\/pornmate.com\/de\/#organization"},"potentialAction":[{"@type":"SearchAction","target":{"@type":"EntryPoint","urlTemplate":"https:\/\/pornmate.com\/de\/?s={search_term_string}"},"query-input":{"@type":"PropertyValueSpecification","valueRequired":true,"valueName":"search_term_string"}}],"inLanguage":"de"},{"@type":"Organization","@id":"https:\/\/pornmate.com\/de\/#organization","name":"Besten Pornoseiten - Kostenlose Deutsche Pornos | PornMate.com","url":"https:\/\/pornmate.com\/de\/","logo":{"@type":"ImageObject","inLanguage":"de","@id":"https:\/\/pornmate.com\/de\/#\/schema\/logo\/image\/","url":"https:\/\/pornmate.com\/de\/wp-content\/uploads\/2022\/11\/pornmate-1.png","contentUrl":"https:\/\/pornmate.com\/de\/wp-content\/uploads\/2022\/11\/pornmate-1.png","width":203,"height":200,"caption":"Besten Pornoseiten - Kostenlose Deutsche Pornos | PornMate.com"},"image":{"@id":"https:\/\/pornmate.com\/de\/#\/schema\/logo\/image\/"}}]}},"_links":{"self":[{"href":"https:\/\/pornmate.com\/de\/wp-json\/wp\/v2\/pages\/7072","targetHints":{"allow":["GET"]}}],"collection":[{"href":"https:\/\/pornmate.com\/de\/wp-json\/wp\/v2\/pages"}],"about":[{"href":"https:\/\/pornmate.com\/de\/wp-json\/wp\/v2\/types\/page"}],"author":[{"embeddable":true,"href":"https:\/\/pornmate.com\/de\/wp-json\/wp\/v2\/users\/1"}],"replies":[{"embeddable":true,"href":"https:\/\/pornmate.com\/de\/wp-json\/wp\/v2\/comments?post=7072"}],"version-history":[{"count":0,"href":"https:\/\/pornmate.com\/de\/wp-json\/wp\/v2\/pages\/7072\/revisions"}],"wp:attachment":[{"href":"https:\/\/pornmate.com\/de\/wp-json\/wp\/v2\/media?parent=7072"}],"curies":[{"name":"wp","href":"https:\/\/api.w.org\/{rel}","templated":true}]}}