{"id":7160,"date":"2020-03-19T10:36:09","date_gmt":"2020-03-19T10:36:09","guid":{"rendered":"https:\/\/pornmate.com\/?page_id=7160"},"modified":"2022-11-25T17:44:30","modified_gmt":"2022-11-25T16:44:30","slug":"hentaipulse","status":"publish","type":"page","link":"https:\/\/pornmate.com\/de\/hentaipulse","title":{"rendered":"Hentaipulse.com"},"content":{"rendered":"<p>HentaiPulse.com hat einen hohen Stellenwert unter den asiatischen Pornoseiten, wenn es um Hentai geht. Wie viele von Ihnen wissen, ist Hentai Teil des japanischen Anime und Manga. Hergestellt mit vielen schelmischen Charakteren und extrem obsz\u00f6nen Bildern und Videos. Es gibt Videos, die Geschichten nur f\u00fcr Erwachsene enthalten und haupts\u00e4chlich von Au\u00dferirdischen handeln, die Sch\u00fcler ficken k\u00f6nnen. Im oberen Men\u00fc erm\u00f6glicht HentaiPulse Benutzern, Vorschauen bestimmter Clips anzusehen, sich \u00fcber die neuesten Videos zu informieren und Informationen zu den kommenden Videos zu erhalten. Sie k\u00f6nnen auch die Liste der Hentai-Serien sehen, ihre Lieblingssendung nach Genre ausw\u00e4hlen und sogar ein bestimmtes Hentai-Spiel spielen. Diese Website ist auch in den sozialen Medien beliebt, daher bietet sie unten im oberen Men\u00fc zwei Optionen f\u00fcr Website-Besucher, um die neuesten Ereignisse auf Facebook, Twitter und Tumblr zu sehen. Unter jedem Video k\u00f6nnen Zuschauer sehen, wann es gepostet wurde und wie oft es angesehen, kommentiert und mit \u201eGef\u00e4llt mir\u201c markiert wurde. Es besteht kein Zweifel, dass HentaiPulse.com der perfekte Ort f\u00fcr Leute ist, die sowohl Zeichentrickfilme als auch Pornos lieben.<\/p>\n","protected":false},"excerpt":{"rendered":"<p>HentaiPulse.com hat einen hohen Stellenwert unter den asiatischen Pornoseiten, wenn es um Hentai geht. Wie viele von Ihnen wissen, ist Hentai Teil des japanischen Anime und Manga. Hergestellt mit vielen schelmischen Charakteren und extrem obsz\u00f6nen Bildern und Videos. Es gibt Videos, die Geschichten nur f\u00fcr Erwachsene enthalten und haupts\u00e4chlich von Au\u00dferirdischen handeln, die Sch\u00fcler ficken [&hellip;]<\/p>\n","protected":false},"author":1,"featured_media":0,"parent":0,"menu_order":0,"comment_status":"closed","ping_status":"closed","template":"page-star-stil.php","meta":{"footnotes":""},"class_list":["post-7160","page","type-page","status-publish","hentry"],"yoast_head":"<!-- This site is optimized with the Yoast SEO plugin v27.2 - https:\/\/yoast.com\/product\/yoast-seo-wordpress\/ -->\n<title>Hentaipulse.com and best free hentai porn sites - PornMate.com<\/title>\n<meta name=\"description\" content=\"HentaiPulse.com hat einen hohen Stellenwert unter den asiatischen Pornoseiten, wenn es um Hentai geht. Wie viele von Ihnen wissen, ist Hentai Teil des japanischen Anime und Manga. Hergestellt mit vielen schelmischen Charakteren und extrem obsz\u00f6nen Bildern und Videos.\" \/>\n<meta name=\"robots\" content=\"index, follow, max-snippet:-1, max-image-preview:large, max-video-preview:-1\" \/>\n<link rel=\"canonical\" href=\"https:\/\/pornmate.com\/de\/hentaipulse\" \/>\n<meta property=\"og:locale\" content=\"de_DE\" \/>\n<meta property=\"og:type\" content=\"article\" \/>\n<meta property=\"og:title\" content=\"Hentaipulse.com and best free hentai porn sites - PornMate.com\" \/>\n<meta property=\"og:description\" content=\"HentaiPulse.com hat einen hohen Stellenwert unter den asiatischen Pornoseiten, wenn es um Hentai geht. Wie viele von Ihnen wissen, ist Hentai Teil des japanischen Anime und Manga. Hergestellt mit vielen schelmischen Charakteren und extrem obsz\u00f6nen Bildern und Videos.\" \/>\n<meta property=\"og:url\" content=\"https:\/\/pornmate.com\/de\/hentaipulse\" \/>\n<meta property=\"og:site_name\" content=\"Besten Pornoseiten - Kostenlose Deutsche Pornos | PornMate.com\" \/>\n<meta property=\"article:modified_time\" content=\"2022-11-25T16:44:30+00:00\" \/>\n<meta name=\"twitter:card\" content=\"summary_large_image\" \/>\n<meta name=\"twitter:label1\" content=\"Gesch\u00e4tzte Lesezeit\" \/>\n\t<meta name=\"twitter:data1\" content=\"1\u00a0Minute\" \/>\n<script type=\"application\/ld+json\" class=\"yoast-schema-graph\">{\"@context\":\"https:\/\/schema.org\",\"@graph\":[{\"@type\":\"WebPage\",\"@id\":\"https:\/\/pornmate.com\/de\/hentaipulse\",\"url\":\"https:\/\/pornmate.com\/de\/hentaipulse\",\"name\":\"Hentaipulse.com and best free hentai porn sites - PornMate.com\",\"isPartOf\":{\"@id\":\"https:\/\/pornmate.com\/de\/#website\"},\"datePublished\":\"2020-03-19T10:36:09+00:00\",\"dateModified\":\"2022-11-25T16:44:30+00:00\",\"description\":\"HentaiPulse.com hat einen hohen Stellenwert unter den asiatischen Pornoseiten, wenn es um Hentai geht. Wie viele von Ihnen wissen, ist Hentai Teil des japanischen Anime und Manga. Hergestellt mit vielen schelmischen Charakteren und extrem obsz\u00f6nen Bildern und Videos.\",\"breadcrumb\":{\"@id\":\"https:\/\/pornmate.com\/de\/hentaipulse#breadcrumb\"},\"inLanguage\":\"de\",\"potentialAction\":[{\"@type\":\"ReadAction\",\"target\":[\"https:\/\/pornmate.com\/de\/hentaipulse\"]}]},{\"@type\":\"BreadcrumbList\",\"@id\":\"https:\/\/pornmate.com\/de\/hentaipulse#breadcrumb\",\"itemListElement\":[{\"@type\":\"ListItem\",\"position\":1,\"name\":\"Startseite\",\"item\":\"https:\/\/pornmate.com\/de\"},{\"@type\":\"ListItem\",\"position\":2,\"name\":\"Hentaipulse.com\"}]},{\"@type\":\"WebSite\",\"@id\":\"https:\/\/pornmate.com\/de\/#website\",\"url\":\"https:\/\/pornmate.com\/de\/\",\"name\":\"Besten Pornoseiten - Kostenlose Deutsche Pornos | PornMate.com\",\"description\":\"Kostenlose Pornos, ist Ihr Combo-Verzeichnis der besten gratis Pornoseiten, die Sie finden k\u00f6nnen, und das fantastische Seitenbewertungen, Kostenlose Deutsche sex Biografien von Pornostars und ihre xxx Freie Porno videos unter einem Dach pr\u00e4sentiert.\",\"publisher\":{\"@id\":\"https:\/\/pornmate.com\/de\/#organization\"},\"potentialAction\":[{\"@type\":\"SearchAction\",\"target\":{\"@type\":\"EntryPoint\",\"urlTemplate\":\"https:\/\/pornmate.com\/de\/?s={search_term_string}\"},\"query-input\":{\"@type\":\"PropertyValueSpecification\",\"valueRequired\":true,\"valueName\":\"search_term_string\"}}],\"inLanguage\":\"de\"},{\"@type\":\"Organization\",\"@id\":\"https:\/\/pornmate.com\/de\/#organization\",\"name\":\"Besten Pornoseiten - Kostenlose Deutsche Pornos | PornMate.com\",\"url\":\"https:\/\/pornmate.com\/de\/\",\"logo\":{\"@type\":\"ImageObject\",\"inLanguage\":\"de\",\"@id\":\"https:\/\/pornmate.com\/de\/#\/schema\/logo\/image\/\",\"url\":\"https:\/\/pornmate.com\/de\/wp-content\/uploads\/2022\/11\/pornmate-1.png\",\"contentUrl\":\"https:\/\/pornmate.com\/de\/wp-content\/uploads\/2022\/11\/pornmate-1.png\",\"width\":203,\"height\":200,\"caption\":\"Besten Pornoseiten - Kostenlose Deutsche Pornos | PornMate.com\"},\"image\":{\"@id\":\"https:\/\/pornmate.com\/de\/#\/schema\/logo\/image\/\"}}]}<\/script>\n<!-- \/ Yoast SEO plugin. -->","yoast_head_json":{"title":"Hentaipulse.com and best free hentai porn sites - PornMate.com","description":"HentaiPulse.com hat einen hohen Stellenwert unter den asiatischen Pornoseiten, wenn es um Hentai geht. Wie viele von Ihnen wissen, ist Hentai Teil des japanischen Anime und Manga. Hergestellt mit vielen schelmischen Charakteren und extrem obsz\u00f6nen Bildern und Videos.","robots":{"index":"index","follow":"follow","max-snippet":"max-snippet:-1","max-image-preview":"max-image-preview:large","max-video-preview":"max-video-preview:-1"},"canonical":"https:\/\/pornmate.com\/de\/hentaipulse","og_locale":"de_DE","og_type":"article","og_title":"Hentaipulse.com and best free hentai porn sites - PornMate.com","og_description":"HentaiPulse.com hat einen hohen Stellenwert unter den asiatischen Pornoseiten, wenn es um Hentai geht. Wie viele von Ihnen wissen, ist Hentai Teil des japanischen Anime und Manga. Hergestellt mit vielen schelmischen Charakteren und extrem obsz\u00f6nen Bildern und Videos.","og_url":"https:\/\/pornmate.com\/de\/hentaipulse","og_site_name":"Besten Pornoseiten - Kostenlose Deutsche Pornos | PornMate.com","article_modified_time":"2022-11-25T16:44:30+00:00","twitter_card":"summary_large_image","twitter_misc":{"Gesch\u00e4tzte Lesezeit":"1\u00a0Minute"},"schema":{"@context":"https:\/\/schema.org","@graph":[{"@type":"WebPage","@id":"https:\/\/pornmate.com\/de\/hentaipulse","url":"https:\/\/pornmate.com\/de\/hentaipulse","name":"Hentaipulse.com and best free hentai porn sites - PornMate.com","isPartOf":{"@id":"https:\/\/pornmate.com\/de\/#website"},"datePublished":"2020-03-19T10:36:09+00:00","dateModified":"2022-11-25T16:44:30+00:00","description":"HentaiPulse.com hat einen hohen Stellenwert unter den asiatischen Pornoseiten, wenn es um Hentai geht. Wie viele von Ihnen wissen, ist Hentai Teil des japanischen Anime und Manga. Hergestellt mit vielen schelmischen Charakteren und extrem obsz\u00f6nen Bildern und Videos.","breadcrumb":{"@id":"https:\/\/pornmate.com\/de\/hentaipulse#breadcrumb"},"inLanguage":"de","potentialAction":[{"@type":"ReadAction","target":["https:\/\/pornmate.com\/de\/hentaipulse"]}]},{"@type":"BreadcrumbList","@id":"https:\/\/pornmate.com\/de\/hentaipulse#breadcrumb","itemListElement":[{"@type":"ListItem","position":1,"name":"Startseite","item":"https:\/\/pornmate.com\/de"},{"@type":"ListItem","position":2,"name":"Hentaipulse.com"}]},{"@type":"WebSite","@id":"https:\/\/pornmate.com\/de\/#website","url":"https:\/\/pornmate.com\/de\/","name":"Besten Pornoseiten - Kostenlose Deutsche Pornos | PornMate.com","description":"Kostenlose Pornos, ist Ihr Combo-Verzeichnis der besten gratis Pornoseiten, die Sie finden k\u00f6nnen, und das fantastische Seitenbewertungen, Kostenlose Deutsche sex Biografien von Pornostars und ihre xxx Freie Porno videos unter einem Dach pr\u00e4sentiert.","publisher":{"@id":"https:\/\/pornmate.com\/de\/#organization"},"potentialAction":[{"@type":"SearchAction","target":{"@type":"EntryPoint","urlTemplate":"https:\/\/pornmate.com\/de\/?s={search_term_string}"},"query-input":{"@type":"PropertyValueSpecification","valueRequired":true,"valueName":"search_term_string"}}],"inLanguage":"de"},{"@type":"Organization","@id":"https:\/\/pornmate.com\/de\/#organization","name":"Besten Pornoseiten - Kostenlose Deutsche Pornos | PornMate.com","url":"https:\/\/pornmate.com\/de\/","logo":{"@type":"ImageObject","inLanguage":"de","@id":"https:\/\/pornmate.com\/de\/#\/schema\/logo\/image\/","url":"https:\/\/pornmate.com\/de\/wp-content\/uploads\/2022\/11\/pornmate-1.png","contentUrl":"https:\/\/pornmate.com\/de\/wp-content\/uploads\/2022\/11\/pornmate-1.png","width":203,"height":200,"caption":"Besten Pornoseiten - Kostenlose Deutsche Pornos | PornMate.com"},"image":{"@id":"https:\/\/pornmate.com\/de\/#\/schema\/logo\/image\/"}}]}},"_links":{"self":[{"href":"https:\/\/pornmate.com\/de\/wp-json\/wp\/v2\/pages\/7160","targetHints":{"allow":["GET"]}}],"collection":[{"href":"https:\/\/pornmate.com\/de\/wp-json\/wp\/v2\/pages"}],"about":[{"href":"https:\/\/pornmate.com\/de\/wp-json\/wp\/v2\/types\/page"}],"author":[{"embeddable":true,"href":"https:\/\/pornmate.com\/de\/wp-json\/wp\/v2\/users\/1"}],"replies":[{"embeddable":true,"href":"https:\/\/pornmate.com\/de\/wp-json\/wp\/v2\/comments?post=7160"}],"version-history":[{"count":0,"href":"https:\/\/pornmate.com\/de\/wp-json\/wp\/v2\/pages\/7160\/revisions"}],"wp:attachment":[{"href":"https:\/\/pornmate.com\/de\/wp-json\/wp\/v2\/media?parent=7160"}],"curies":[{"name":"wp","href":"https:\/\/api.w.org\/{rel}","templated":true}]}}