{"id":7162,"date":"2020-03-19T10:42:15","date_gmt":"2020-03-19T10:42:15","guid":{"rendered":"https:\/\/pornmate.com\/?page_id=7162"},"modified":"2022-11-25T17:47:08","modified_gmt":"2022-11-25T16:47:08","slug":"hentaiporntube","status":"publish","type":"page","link":"https:\/\/pornmate.com\/de\/hentaiporntube","title":{"rendered":"Hentaiporntube.net"},"content":{"rendered":"<p>HentaiPornTube.net ist eine der f\u00fchrenden Online-Pornoseiten, die Anime-, Hentai- und Cartoon-Pornos hosten. Alle Videos, die auf HentaiPornTube angesehen werden k\u00f6nnen, sind so aufregend, dass Sie alle Inhalte, die Sie auf dieser Website suchen, leicht finden und genie\u00dfen k\u00f6nnen. Fast t\u00e4glich werden Hunderte von Videos auf diese Website hochgeladen, die auch von unz\u00e4hligen anderen Hentai-Sites stammen, sodass Sie hier auf alle Inhalte zugreifen k\u00f6nnen, ohne nach allen Hentai-Liebhabern auf der ganzen Welt suchen zu m\u00fcssen. Weil sie wissen, dass alles so schnell wie m\u00f6glich hier sein wird. Diese s\u00fc\u00dfen asiatischen Anime-Sch\u00f6nheiten haben alle unglaublich gro\u00dfe Br\u00fcste und s\u00fc\u00dfe kleine \u00c4rsche, die jeden Penis in einer Sekunde h\u00e4rten k\u00f6nnen. Dar\u00fcber hinaus ist die Zahl der wiederkehrenden Besucher dieser Website extrem hoch und steigt von Tag zu Tag weiter an. HentaiPornTube-Benutzer k\u00f6nnen neben dem Ansehen von Videos auch Nackt-Live-Cams und kostenlosen Live-Sex genie\u00dfen, und es gibt hier sogar einen Tab, der Benutzer zu Virtual-Reality-Videos f\u00fchrt, was immer beliebter wird.<\/p>\n","protected":false},"excerpt":{"rendered":"<p>HentaiPornTube.net ist eine der f\u00fchrenden Online-Pornoseiten, die Anime-, Hentai- und Cartoon-Pornos hosten. Alle Videos, die auf HentaiPornTube angesehen werden k\u00f6nnen, sind so aufregend, dass Sie alle Inhalte, die Sie auf dieser Website suchen, leicht finden und genie\u00dfen k\u00f6nnen. Fast t\u00e4glich werden Hunderte von Videos auf diese Website hochgeladen, die auch von unz\u00e4hligen anderen Hentai-Sites stammen, [&hellip;]<\/p>\n","protected":false},"author":1,"featured_media":0,"parent":0,"menu_order":0,"comment_status":"closed","ping_status":"closed","template":"page-star-stil.php","meta":{"footnotes":""},"class_list":["post-7162","page","type-page","status-publish","hentry"],"yoast_head":"<!-- This site is optimized with the Yoast SEO plugin v27.4 - https:\/\/yoast.com\/product\/yoast-seo-wordpress\/ -->\n<title>Hentaiporntube.net and Free Hentai Porn Sites - PornMate.com<\/title>\n<meta name=\"description\" content=\"HentaiPornTube.net ist eine der f\u00fchrenden Online-Pornoseiten, die Anime-, Hentai- und Cartoon-Pornos hosten. Alle Videos, die auf HentaiPornTube angesehen werden k\u00f6nnen, sind so aufregend, dass Sie alle Inhalte, die Sie auf dieser Website suchen, leicht finden und genie\u00dfen k\u00f6nnen.\" \/>\n<meta name=\"robots\" content=\"index, follow, max-snippet:-1, max-image-preview:large, max-video-preview:-1\" \/>\n<link rel=\"canonical\" href=\"https:\/\/pornmate.com\/de\/hentaiporntube\" \/>\n<meta property=\"og:locale\" content=\"de_DE\" \/>\n<meta property=\"og:type\" content=\"article\" \/>\n<meta property=\"og:title\" content=\"Hentaiporntube.net and Free Hentai Porn Sites - PornMate.com\" \/>\n<meta property=\"og:description\" content=\"HentaiPornTube.net ist eine der f\u00fchrenden Online-Pornoseiten, die Anime-, Hentai- und Cartoon-Pornos hosten. Alle Videos, die auf HentaiPornTube angesehen werden k\u00f6nnen, sind so aufregend, dass Sie alle Inhalte, die Sie auf dieser Website suchen, leicht finden und genie\u00dfen k\u00f6nnen.\" \/>\n<meta property=\"og:url\" content=\"https:\/\/pornmate.com\/de\/hentaiporntube\" \/>\n<meta property=\"og:site_name\" content=\"Besten Pornoseiten - Kostenlose Deutsche Pornos | PornMate.com\" \/>\n<meta property=\"article:modified_time\" content=\"2022-11-25T16:47:08+00:00\" \/>\n<meta name=\"twitter:card\" content=\"summary_large_image\" \/>\n<meta name=\"twitter:label1\" content=\"Gesch\u00e4tzte Lesezeit\" \/>\n\t<meta name=\"twitter:data1\" content=\"1\u00a0Minute\" \/>\n<script type=\"application\/ld+json\" class=\"yoast-schema-graph\">{\"@context\":\"https:\\\/\\\/schema.org\",\"@graph\":[{\"@type\":\"WebPage\",\"@id\":\"https:\\\/\\\/pornmate.com\\\/de\\\/hentaiporntube\",\"url\":\"https:\\\/\\\/pornmate.com\\\/de\\\/hentaiporntube\",\"name\":\"Hentaiporntube.net and Free Hentai Porn Sites - PornMate.com\",\"isPartOf\":{\"@id\":\"https:\\\/\\\/pornmate.com\\\/de\\\/#website\"},\"datePublished\":\"2020-03-19T10:42:15+00:00\",\"dateModified\":\"2022-11-25T16:47:08+00:00\",\"description\":\"HentaiPornTube.net ist eine der f\u00fchrenden Online-Pornoseiten, die Anime-, Hentai- und Cartoon-Pornos hosten. Alle Videos, die auf HentaiPornTube angesehen werden k\u00f6nnen, sind so aufregend, dass Sie alle Inhalte, die Sie auf dieser Website suchen, leicht finden und genie\u00dfen k\u00f6nnen.\",\"breadcrumb\":{\"@id\":\"https:\\\/\\\/pornmate.com\\\/de\\\/hentaiporntube#breadcrumb\"},\"inLanguage\":\"de\",\"potentialAction\":[{\"@type\":\"ReadAction\",\"target\":[\"https:\\\/\\\/pornmate.com\\\/de\\\/hentaiporntube\"]}]},{\"@type\":\"BreadcrumbList\",\"@id\":\"https:\\\/\\\/pornmate.com\\\/de\\\/hentaiporntube#breadcrumb\",\"itemListElement\":[{\"@type\":\"ListItem\",\"position\":1,\"name\":\"Startseite\",\"item\":\"https:\\\/\\\/pornmate.com\\\/de\"},{\"@type\":\"ListItem\",\"position\":2,\"name\":\"Hentaiporntube.net\"}]},{\"@type\":\"WebSite\",\"@id\":\"https:\\\/\\\/pornmate.com\\\/de\\\/#website\",\"url\":\"https:\\\/\\\/pornmate.com\\\/de\\\/\",\"name\":\"Besten Pornoseiten - Kostenlose Deutsche Pornos | PornMate.com\",\"description\":\"Kostenlose Pornos, ist Ihr Combo-Verzeichnis der besten gratis Pornoseiten, die Sie finden k\u00f6nnen, und das fantastische Seitenbewertungen, Kostenlose Deutsche sex Biografien von Pornostars und ihre xxx Freie Porno videos unter einem Dach pr\u00e4sentiert.\",\"publisher\":{\"@id\":\"https:\\\/\\\/pornmate.com\\\/de\\\/#organization\"},\"potentialAction\":[{\"@type\":\"SearchAction\",\"target\":{\"@type\":\"EntryPoint\",\"urlTemplate\":\"https:\\\/\\\/pornmate.com\\\/de\\\/?s={search_term_string}\"},\"query-input\":{\"@type\":\"PropertyValueSpecification\",\"valueRequired\":true,\"valueName\":\"search_term_string\"}}],\"inLanguage\":\"de\"},{\"@type\":\"Organization\",\"@id\":\"https:\\\/\\\/pornmate.com\\\/de\\\/#organization\",\"name\":\"Besten Pornoseiten - Kostenlose Deutsche Pornos | PornMate.com\",\"url\":\"https:\\\/\\\/pornmate.com\\\/de\\\/\",\"logo\":{\"@type\":\"ImageObject\",\"inLanguage\":\"de\",\"@id\":\"https:\\\/\\\/pornmate.com\\\/de\\\/#\\\/schema\\\/logo\\\/image\\\/\",\"url\":\"https:\\\/\\\/pornmate.com\\\/de\\\/wp-content\\\/uploads\\\/2022\\\/11\\\/pornmate-1.png\",\"contentUrl\":\"https:\\\/\\\/pornmate.com\\\/de\\\/wp-content\\\/uploads\\\/2022\\\/11\\\/pornmate-1.png\",\"width\":203,\"height\":200,\"caption\":\"Besten Pornoseiten - Kostenlose Deutsche Pornos | PornMate.com\"},\"image\":{\"@id\":\"https:\\\/\\\/pornmate.com\\\/de\\\/#\\\/schema\\\/logo\\\/image\\\/\"}}]}<\/script>\n<!-- \/ Yoast SEO plugin. -->","yoast_head_json":{"title":"Hentaiporntube.net and Free Hentai Porn Sites - PornMate.com","description":"HentaiPornTube.net ist eine der f\u00fchrenden Online-Pornoseiten, die Anime-, Hentai- und Cartoon-Pornos hosten. Alle Videos, die auf HentaiPornTube angesehen werden k\u00f6nnen, sind so aufregend, dass Sie alle Inhalte, die Sie auf dieser Website suchen, leicht finden und genie\u00dfen k\u00f6nnen.","robots":{"index":"index","follow":"follow","max-snippet":"max-snippet:-1","max-image-preview":"max-image-preview:large","max-video-preview":"max-video-preview:-1"},"canonical":"https:\/\/pornmate.com\/de\/hentaiporntube","og_locale":"de_DE","og_type":"article","og_title":"Hentaiporntube.net and Free Hentai Porn Sites - PornMate.com","og_description":"HentaiPornTube.net ist eine der f\u00fchrenden Online-Pornoseiten, die Anime-, Hentai- und Cartoon-Pornos hosten. Alle Videos, die auf HentaiPornTube angesehen werden k\u00f6nnen, sind so aufregend, dass Sie alle Inhalte, die Sie auf dieser Website suchen, leicht finden und genie\u00dfen k\u00f6nnen.","og_url":"https:\/\/pornmate.com\/de\/hentaiporntube","og_site_name":"Besten Pornoseiten - Kostenlose Deutsche Pornos | PornMate.com","article_modified_time":"2022-11-25T16:47:08+00:00","twitter_card":"summary_large_image","twitter_misc":{"Gesch\u00e4tzte Lesezeit":"1\u00a0Minute"},"schema":{"@context":"https:\/\/schema.org","@graph":[{"@type":"WebPage","@id":"https:\/\/pornmate.com\/de\/hentaiporntube","url":"https:\/\/pornmate.com\/de\/hentaiporntube","name":"Hentaiporntube.net and Free Hentai Porn Sites - PornMate.com","isPartOf":{"@id":"https:\/\/pornmate.com\/de\/#website"},"datePublished":"2020-03-19T10:42:15+00:00","dateModified":"2022-11-25T16:47:08+00:00","description":"HentaiPornTube.net ist eine der f\u00fchrenden Online-Pornoseiten, die Anime-, Hentai- und Cartoon-Pornos hosten. Alle Videos, die auf HentaiPornTube angesehen werden k\u00f6nnen, sind so aufregend, dass Sie alle Inhalte, die Sie auf dieser Website suchen, leicht finden und genie\u00dfen k\u00f6nnen.","breadcrumb":{"@id":"https:\/\/pornmate.com\/de\/hentaiporntube#breadcrumb"},"inLanguage":"de","potentialAction":[{"@type":"ReadAction","target":["https:\/\/pornmate.com\/de\/hentaiporntube"]}]},{"@type":"BreadcrumbList","@id":"https:\/\/pornmate.com\/de\/hentaiporntube#breadcrumb","itemListElement":[{"@type":"ListItem","position":1,"name":"Startseite","item":"https:\/\/pornmate.com\/de"},{"@type":"ListItem","position":2,"name":"Hentaiporntube.net"}]},{"@type":"WebSite","@id":"https:\/\/pornmate.com\/de\/#website","url":"https:\/\/pornmate.com\/de\/","name":"Besten Pornoseiten - Kostenlose Deutsche Pornos | PornMate.com","description":"Kostenlose Pornos, ist Ihr Combo-Verzeichnis der besten gratis Pornoseiten, die Sie finden k\u00f6nnen, und das fantastische Seitenbewertungen, Kostenlose Deutsche sex Biografien von Pornostars und ihre xxx Freie Porno videos unter einem Dach pr\u00e4sentiert.","publisher":{"@id":"https:\/\/pornmate.com\/de\/#organization"},"potentialAction":[{"@type":"SearchAction","target":{"@type":"EntryPoint","urlTemplate":"https:\/\/pornmate.com\/de\/?s={search_term_string}"},"query-input":{"@type":"PropertyValueSpecification","valueRequired":true,"valueName":"search_term_string"}}],"inLanguage":"de"},{"@type":"Organization","@id":"https:\/\/pornmate.com\/de\/#organization","name":"Besten Pornoseiten - Kostenlose Deutsche Pornos | PornMate.com","url":"https:\/\/pornmate.com\/de\/","logo":{"@type":"ImageObject","inLanguage":"de","@id":"https:\/\/pornmate.com\/de\/#\/schema\/logo\/image\/","url":"https:\/\/pornmate.com\/de\/wp-content\/uploads\/2022\/11\/pornmate-1.png","contentUrl":"https:\/\/pornmate.com\/de\/wp-content\/uploads\/2022\/11\/pornmate-1.png","width":203,"height":200,"caption":"Besten Pornoseiten - Kostenlose Deutsche Pornos | PornMate.com"},"image":{"@id":"https:\/\/pornmate.com\/de\/#\/schema\/logo\/image\/"}}]}},"_links":{"self":[{"href":"https:\/\/pornmate.com\/de\/wp-json\/wp\/v2\/pages\/7162","targetHints":{"allow":["GET"]}}],"collection":[{"href":"https:\/\/pornmate.com\/de\/wp-json\/wp\/v2\/pages"}],"about":[{"href":"https:\/\/pornmate.com\/de\/wp-json\/wp\/v2\/types\/page"}],"author":[{"embeddable":true,"href":"https:\/\/pornmate.com\/de\/wp-json\/wp\/v2\/users\/1"}],"replies":[{"embeddable":true,"href":"https:\/\/pornmate.com\/de\/wp-json\/wp\/v2\/comments?post=7162"}],"version-history":[{"count":0,"href":"https:\/\/pornmate.com\/de\/wp-json\/wp\/v2\/pages\/7162\/revisions"}],"wp:attachment":[{"href":"https:\/\/pornmate.com\/de\/wp-json\/wp\/v2\/media?parent=7162"}],"curies":[{"name":"wp","href":"https:\/\/api.w.org\/{rel}","templated":true}]}}