{"id":7164,"date":"2020-03-19T10:45:21","date_gmt":"2020-03-19T10:45:21","guid":{"rendered":"https:\/\/pornmate.com\/?page_id=7164"},"modified":"2022-11-23T17:54:10","modified_gmt":"2022-11-23T16:54:10","slug":"literotica","status":"publish","type":"page","link":"https:\/\/pornmate.com\/de\/literotica","title":{"rendered":"Literotica.com"},"content":{"rendered":"<p>Literotica.com ist wie ein gro\u00dfer weltweiter Rat f\u00fcr Erwachsene, wo Menschen auf der ganzen Welt ihre schelmischen sexuellen Erfahrungen mit den eindeutigsten teilen k\u00f6nnen. Die Personen, die die Geschichten schreiben, k\u00f6nnen von Zeit, Geschlecht, Nationalit\u00e4t, sexueller Orientierung usw. sein. nicht identisch, aber was sie alle gemeinsam haben, ist, dass ihre Geschichten t\u00eate-\u00e0-t\u00eate gelebt werden und 100 wahr sind. Obwohl die Autoren der Geschichten f\u00fcr Hobbyschreiber sind, bedeutet das nicht, dass der Text selbst nicht gut ist und es verdient hat. Fast jeden Monat veranstaltet Literotica Wettbewerbe auf nicht identische Weise f\u00fcr seine Autoren und belohnt sie mit nicht identischen Preisstreifen, bei denen es um sogar Geld geht. Das Argument, warum folglich viele Leute es m\u00f6gen, ist, dass es ihnen erm\u00f6glicht, sich auszudr\u00fccken und wie ein echter Pornostar auszusehen, ohne sich tats\u00e4chlich ausziehen oder ihren Namen preisgeben zu m\u00fcssen. Bei Literotica ist das tats\u00e4chlich nicht n\u00f6tig. Nur z\u00e4hlt die Dynamik und die Alchemie, die zwischen dem und den Lesern geboren werden. Literotica.com hat keine Popup-Werbung, aber es gibt eine bewegliche Version, und es gibt auch ein Buch, das derzeit zum Verkauf steht.<\/p>\n","protected":false},"excerpt":{"rendered":"<p>Literotica.com ist wie ein gro\u00dfer weltweiter Rat f\u00fcr Erwachsene, wo Menschen auf der ganzen Welt ihre schelmischen sexuellen Erfahrungen mit den eindeutigsten teilen k\u00f6nnen. Die Personen, die die Geschichten schreiben, k\u00f6nnen von Zeit, Geschlecht, Nationalit\u00e4t, sexueller Orientierung usw. sein. nicht identisch, aber was sie alle gemeinsam haben, ist, dass ihre Geschichten t\u00eate-\u00e0-t\u00eate gelebt werden und [&hellip;]<\/p>\n","protected":false},"author":1,"featured_media":0,"parent":0,"menu_order":0,"comment_status":"closed","ping_status":"closed","template":"page-star-stil.php","meta":{"footnotes":""},"class_list":["post-7164","page","type-page","status-publish","hentry"],"yoast_head":"<!-- This site is optimized with the Yoast SEO plugin v27.2 - https:\/\/yoast.com\/product\/yoast-seo-wordpress\/ -->\n<title>Literotica.com SEXGESCHICHTEN SEITEN - PornMate.com<\/title>\n<meta name=\"description\" content=\"Literotica.com ist wie ein gro\u00dfer weltweiter Rat f\u00fcr Erwachsene, wo Menschen auf der ganzen Welt ihre schelmischen sexuellen Erfahrungen mit den eindeutigsten teilen k\u00f6nnen.\" \/>\n<meta name=\"robots\" content=\"index, follow, max-snippet:-1, max-image-preview:large, max-video-preview:-1\" \/>\n<link rel=\"canonical\" href=\"https:\/\/pornmate.com\/de\/literotica\" \/>\n<meta property=\"og:locale\" content=\"de_DE\" \/>\n<meta property=\"og:type\" content=\"article\" \/>\n<meta property=\"og:title\" content=\"Literotica.com SEXGESCHICHTEN SEITEN - PornMate.com\" \/>\n<meta property=\"og:description\" content=\"Literotica.com ist wie ein gro\u00dfer weltweiter Rat f\u00fcr Erwachsene, wo Menschen auf der ganzen Welt ihre schelmischen sexuellen Erfahrungen mit den eindeutigsten teilen k\u00f6nnen.\" \/>\n<meta property=\"og:url\" content=\"https:\/\/pornmate.com\/de\/literotica\" \/>\n<meta property=\"og:site_name\" content=\"Besten Pornoseiten - Kostenlose Deutsche Pornos | PornMate.com\" \/>\n<meta property=\"article:modified_time\" content=\"2022-11-23T16:54:10+00:00\" \/>\n<meta name=\"twitter:card\" content=\"summary_large_image\" \/>\n<meta name=\"twitter:label1\" content=\"Gesch\u00e4tzte Lesezeit\" \/>\n\t<meta name=\"twitter:data1\" content=\"2\u00a0Minuten\" \/>\n<script type=\"application\/ld+json\" class=\"yoast-schema-graph\">{\"@context\":\"https:\/\/schema.org\",\"@graph\":[{\"@type\":\"WebPage\",\"@id\":\"https:\/\/pornmate.com\/de\/literotica\",\"url\":\"https:\/\/pornmate.com\/de\/literotica\",\"name\":\"Literotica.com SEXGESCHICHTEN SEITEN - PornMate.com\",\"isPartOf\":{\"@id\":\"https:\/\/pornmate.com\/de\/#website\"},\"datePublished\":\"2020-03-19T10:45:21+00:00\",\"dateModified\":\"2022-11-23T16:54:10+00:00\",\"description\":\"Literotica.com ist wie ein gro\u00dfer weltweiter Rat f\u00fcr Erwachsene, wo Menschen auf der ganzen Welt ihre schelmischen sexuellen Erfahrungen mit den eindeutigsten teilen k\u00f6nnen.\",\"breadcrumb\":{\"@id\":\"https:\/\/pornmate.com\/de\/literotica#breadcrumb\"},\"inLanguage\":\"de\",\"potentialAction\":[{\"@type\":\"ReadAction\",\"target\":[\"https:\/\/pornmate.com\/de\/literotica\"]}]},{\"@type\":\"BreadcrumbList\",\"@id\":\"https:\/\/pornmate.com\/de\/literotica#breadcrumb\",\"itemListElement\":[{\"@type\":\"ListItem\",\"position\":1,\"name\":\"Startseite\",\"item\":\"https:\/\/pornmate.com\/de\"},{\"@type\":\"ListItem\",\"position\":2,\"name\":\"Literotica.com\"}]},{\"@type\":\"WebSite\",\"@id\":\"https:\/\/pornmate.com\/de\/#website\",\"url\":\"https:\/\/pornmate.com\/de\/\",\"name\":\"Besten Pornoseiten - Kostenlose Deutsche Pornos | PornMate.com\",\"description\":\"Kostenlose Pornos, ist Ihr Combo-Verzeichnis der besten gratis Pornoseiten, die Sie finden k\u00f6nnen, und das fantastische Seitenbewertungen, Kostenlose Deutsche sex Biografien von Pornostars und ihre xxx Freie Porno videos unter einem Dach pr\u00e4sentiert.\",\"publisher\":{\"@id\":\"https:\/\/pornmate.com\/de\/#organization\"},\"potentialAction\":[{\"@type\":\"SearchAction\",\"target\":{\"@type\":\"EntryPoint\",\"urlTemplate\":\"https:\/\/pornmate.com\/de\/?s={search_term_string}\"},\"query-input\":{\"@type\":\"PropertyValueSpecification\",\"valueRequired\":true,\"valueName\":\"search_term_string\"}}],\"inLanguage\":\"de\"},{\"@type\":\"Organization\",\"@id\":\"https:\/\/pornmate.com\/de\/#organization\",\"name\":\"Besten Pornoseiten - Kostenlose Deutsche Pornos | PornMate.com\",\"url\":\"https:\/\/pornmate.com\/de\/\",\"logo\":{\"@type\":\"ImageObject\",\"inLanguage\":\"de\",\"@id\":\"https:\/\/pornmate.com\/de\/#\/schema\/logo\/image\/\",\"url\":\"https:\/\/pornmate.com\/de\/wp-content\/uploads\/2022\/11\/pornmate-1.png\",\"contentUrl\":\"https:\/\/pornmate.com\/de\/wp-content\/uploads\/2022\/11\/pornmate-1.png\",\"width\":203,\"height\":200,\"caption\":\"Besten Pornoseiten - Kostenlose Deutsche Pornos | PornMate.com\"},\"image\":{\"@id\":\"https:\/\/pornmate.com\/de\/#\/schema\/logo\/image\/\"}}]}<\/script>\n<!-- \/ Yoast SEO plugin. -->","yoast_head_json":{"title":"Literotica.com SEXGESCHICHTEN SEITEN - PornMate.com","description":"Literotica.com ist wie ein gro\u00dfer weltweiter Rat f\u00fcr Erwachsene, wo Menschen auf der ganzen Welt ihre schelmischen sexuellen Erfahrungen mit den eindeutigsten teilen k\u00f6nnen.","robots":{"index":"index","follow":"follow","max-snippet":"max-snippet:-1","max-image-preview":"max-image-preview:large","max-video-preview":"max-video-preview:-1"},"canonical":"https:\/\/pornmate.com\/de\/literotica","og_locale":"de_DE","og_type":"article","og_title":"Literotica.com SEXGESCHICHTEN SEITEN - PornMate.com","og_description":"Literotica.com ist wie ein gro\u00dfer weltweiter Rat f\u00fcr Erwachsene, wo Menschen auf der ganzen Welt ihre schelmischen sexuellen Erfahrungen mit den eindeutigsten teilen k\u00f6nnen.","og_url":"https:\/\/pornmate.com\/de\/literotica","og_site_name":"Besten Pornoseiten - Kostenlose Deutsche Pornos | PornMate.com","article_modified_time":"2022-11-23T16:54:10+00:00","twitter_card":"summary_large_image","twitter_misc":{"Gesch\u00e4tzte Lesezeit":"2\u00a0Minuten"},"schema":{"@context":"https:\/\/schema.org","@graph":[{"@type":"WebPage","@id":"https:\/\/pornmate.com\/de\/literotica","url":"https:\/\/pornmate.com\/de\/literotica","name":"Literotica.com SEXGESCHICHTEN SEITEN - PornMate.com","isPartOf":{"@id":"https:\/\/pornmate.com\/de\/#website"},"datePublished":"2020-03-19T10:45:21+00:00","dateModified":"2022-11-23T16:54:10+00:00","description":"Literotica.com ist wie ein gro\u00dfer weltweiter Rat f\u00fcr Erwachsene, wo Menschen auf der ganzen Welt ihre schelmischen sexuellen Erfahrungen mit den eindeutigsten teilen k\u00f6nnen.","breadcrumb":{"@id":"https:\/\/pornmate.com\/de\/literotica#breadcrumb"},"inLanguage":"de","potentialAction":[{"@type":"ReadAction","target":["https:\/\/pornmate.com\/de\/literotica"]}]},{"@type":"BreadcrumbList","@id":"https:\/\/pornmate.com\/de\/literotica#breadcrumb","itemListElement":[{"@type":"ListItem","position":1,"name":"Startseite","item":"https:\/\/pornmate.com\/de"},{"@type":"ListItem","position":2,"name":"Literotica.com"}]},{"@type":"WebSite","@id":"https:\/\/pornmate.com\/de\/#website","url":"https:\/\/pornmate.com\/de\/","name":"Besten Pornoseiten - Kostenlose Deutsche Pornos | PornMate.com","description":"Kostenlose Pornos, ist Ihr Combo-Verzeichnis der besten gratis Pornoseiten, die Sie finden k\u00f6nnen, und das fantastische Seitenbewertungen, Kostenlose Deutsche sex Biografien von Pornostars und ihre xxx Freie Porno videos unter einem Dach pr\u00e4sentiert.","publisher":{"@id":"https:\/\/pornmate.com\/de\/#organization"},"potentialAction":[{"@type":"SearchAction","target":{"@type":"EntryPoint","urlTemplate":"https:\/\/pornmate.com\/de\/?s={search_term_string}"},"query-input":{"@type":"PropertyValueSpecification","valueRequired":true,"valueName":"search_term_string"}}],"inLanguage":"de"},{"@type":"Organization","@id":"https:\/\/pornmate.com\/de\/#organization","name":"Besten Pornoseiten - Kostenlose Deutsche Pornos | PornMate.com","url":"https:\/\/pornmate.com\/de\/","logo":{"@type":"ImageObject","inLanguage":"de","@id":"https:\/\/pornmate.com\/de\/#\/schema\/logo\/image\/","url":"https:\/\/pornmate.com\/de\/wp-content\/uploads\/2022\/11\/pornmate-1.png","contentUrl":"https:\/\/pornmate.com\/de\/wp-content\/uploads\/2022\/11\/pornmate-1.png","width":203,"height":200,"caption":"Besten Pornoseiten - Kostenlose Deutsche Pornos | PornMate.com"},"image":{"@id":"https:\/\/pornmate.com\/de\/#\/schema\/logo\/image\/"}}]}},"_links":{"self":[{"href":"https:\/\/pornmate.com\/de\/wp-json\/wp\/v2\/pages\/7164","targetHints":{"allow":["GET"]}}],"collection":[{"href":"https:\/\/pornmate.com\/de\/wp-json\/wp\/v2\/pages"}],"about":[{"href":"https:\/\/pornmate.com\/de\/wp-json\/wp\/v2\/types\/page"}],"author":[{"embeddable":true,"href":"https:\/\/pornmate.com\/de\/wp-json\/wp\/v2\/users\/1"}],"replies":[{"embeddable":true,"href":"https:\/\/pornmate.com\/de\/wp-json\/wp\/v2\/comments?post=7164"}],"version-history":[{"count":0,"href":"https:\/\/pornmate.com\/de\/wp-json\/wp\/v2\/pages\/7164\/revisions"}],"wp:attachment":[{"href":"https:\/\/pornmate.com\/de\/wp-json\/wp\/v2\/media?parent=7164"}],"curies":[{"name":"wp","href":"https:\/\/api.w.org\/{rel}","templated":true}]}}