{"id":7167,"date":"2020-03-19T10:48:29","date_gmt":"2020-03-19T10:48:29","guid":{"rendered":"https:\/\/pornmate.com\/?page_id=7167"},"modified":"2022-11-23T17:46:18","modified_gmt":"2022-11-23T16:46:18","slug":"lushstories","status":"publish","type":"page","link":"https:\/\/pornmate.com\/de\/lushstories","title":{"rendered":"Lushstories.com"},"content":{"rendered":"<p>LushStories.com ist eine Website mit den besten Sexgeschichten der Welt. Es bringt mehr als 460.000 Mitglieder zusammen, die mehr als 57.000 Geschichten gepostet, mehr als 428.000 Bilder geteilt, mehr als 219.000 Blog-Posts erstellt und insgesamt mehr als 3.488.000 Foren-Posts geschrieben haben. All dies macht LushStories zu einem gro\u00dfartigen sozialen Netzwerk, das ausschlie\u00dflich auf Sexgeschichten und Erotik basiert. Jede ver\u00f6ffentlichte Geschichte ist in Kategorien unterteilt; das bedeutet, dass es unter eine oder mehrere der 50 verf\u00fcgbaren Kategorien f\u00e4llt. F\u00fcr diejenigen, die sich nicht sehr f\u00fcr ein Genre interessieren und eine gute Geschichte lesen m\u00f6chten, k\u00f6nnen sie die Registerkarte Top Writers verwenden, die sie direkt zu den besten Autoren f\u00fchrt. Unter dem Top-Writer-Tab siehst du die aktuell beliebten Hashtags.Viele Leute auf LushStories entscheiden sich daf\u00fcr, live in einem Chatroom miteinander zu kommunizieren, w\u00e4hrend einige gerne Live-Sex-Cams sehen. F\u00fcr den vollen Genuss der Benutzer dieser Seite gibt es sogar einen Shop-Tab, der alles enth\u00e4lt, von den vielen verf\u00fcgbaren Sexspielzeugen bis zu den in Erotikl\u00e4den erh\u00e4ltlichen Spielzeugen.<\/p>\n","protected":false},"excerpt":{"rendered":"<p>LushStories.com ist eine Website mit den besten Sexgeschichten der Welt. Es bringt mehr als 460.000 Mitglieder zusammen, die mehr als 57.000 Geschichten gepostet, mehr als 428.000 Bilder geteilt, mehr als 219.000 Blog-Posts erstellt und insgesamt mehr als 3.488.000 Foren-Posts geschrieben haben. All dies macht LushStories zu einem gro\u00dfartigen sozialen Netzwerk, das ausschlie\u00dflich auf Sexgeschichten und [&hellip;]<\/p>\n","protected":false},"author":1,"featured_media":0,"parent":0,"menu_order":0,"comment_status":"closed","ping_status":"closed","template":"page-star-stil.php","meta":{"footnotes":""},"class_list":["post-7167","page","type-page","status-publish","hentry"],"yoast_head":"<!-- This site is optimized with the Yoast SEO plugin v27.2 - https:\/\/yoast.com\/product\/yoast-seo-wordpress\/ -->\n<title>Lushstories.com Sexgeschichten Seite - PornMate.com<\/title>\n<meta name=\"description\" content=\"LushStories.com ist eine Website mit den besten Sexgeschichten der Welt. Es bringt mehr als 460.000 Mitglieder zusammen, die mehr als 57.000 Geschichten gepostet, mehr als 428.000 Bilder geteilt, mehr als 219.000 Blog-Posts erstellt und insgesamt mehr als 3.488.000 Foren-Posts geschrieben haben.\" \/>\n<meta name=\"robots\" content=\"index, follow, max-snippet:-1, max-image-preview:large, max-video-preview:-1\" \/>\n<link rel=\"canonical\" href=\"https:\/\/pornmate.com\/de\/lushstories\" \/>\n<meta property=\"og:locale\" content=\"de_DE\" \/>\n<meta property=\"og:type\" content=\"article\" \/>\n<meta property=\"og:title\" content=\"Lushstories.com Sexgeschichten Seite - PornMate.com\" \/>\n<meta property=\"og:description\" content=\"LushStories.com ist eine Website mit den besten Sexgeschichten der Welt. Es bringt mehr als 460.000 Mitglieder zusammen, die mehr als 57.000 Geschichten gepostet, mehr als 428.000 Bilder geteilt, mehr als 219.000 Blog-Posts erstellt und insgesamt mehr als 3.488.000 Foren-Posts geschrieben haben.\" \/>\n<meta property=\"og:url\" content=\"https:\/\/pornmate.com\/de\/lushstories\" \/>\n<meta property=\"og:site_name\" content=\"Besten Pornoseiten - Kostenlose Deutsche Pornos | PornMate.com\" \/>\n<meta property=\"article:modified_time\" content=\"2022-11-23T16:46:18+00:00\" \/>\n<meta name=\"twitter:card\" content=\"summary_large_image\" \/>\n<meta name=\"twitter:label1\" content=\"Gesch\u00e4tzte Lesezeit\" \/>\n\t<meta name=\"twitter:data1\" content=\"1\u00a0Minute\" \/>\n<script type=\"application\/ld+json\" class=\"yoast-schema-graph\">{\"@context\":\"https:\/\/schema.org\",\"@graph\":[{\"@type\":\"WebPage\",\"@id\":\"https:\/\/pornmate.com\/de\/lushstories\",\"url\":\"https:\/\/pornmate.com\/de\/lushstories\",\"name\":\"Lushstories.com Sexgeschichten Seite - PornMate.com\",\"isPartOf\":{\"@id\":\"https:\/\/pornmate.com\/de\/#website\"},\"datePublished\":\"2020-03-19T10:48:29+00:00\",\"dateModified\":\"2022-11-23T16:46:18+00:00\",\"description\":\"LushStories.com ist eine Website mit den besten Sexgeschichten der Welt. Es bringt mehr als 460.000 Mitglieder zusammen, die mehr als 57.000 Geschichten gepostet, mehr als 428.000 Bilder geteilt, mehr als 219.000 Blog-Posts erstellt und insgesamt mehr als 3.488.000 Foren-Posts geschrieben haben.\",\"breadcrumb\":{\"@id\":\"https:\/\/pornmate.com\/de\/lushstories#breadcrumb\"},\"inLanguage\":\"de\",\"potentialAction\":[{\"@type\":\"ReadAction\",\"target\":[\"https:\/\/pornmate.com\/de\/lushstories\"]}]},{\"@type\":\"BreadcrumbList\",\"@id\":\"https:\/\/pornmate.com\/de\/lushstories#breadcrumb\",\"itemListElement\":[{\"@type\":\"ListItem\",\"position\":1,\"name\":\"Startseite\",\"item\":\"https:\/\/pornmate.com\/de\"},{\"@type\":\"ListItem\",\"position\":2,\"name\":\"Lushstories.com\"}]},{\"@type\":\"WebSite\",\"@id\":\"https:\/\/pornmate.com\/de\/#website\",\"url\":\"https:\/\/pornmate.com\/de\/\",\"name\":\"Besten Pornoseiten - Kostenlose Deutsche Pornos | PornMate.com\",\"description\":\"Kostenlose Pornos, ist Ihr Combo-Verzeichnis der besten gratis Pornoseiten, die Sie finden k\u00f6nnen, und das fantastische Seitenbewertungen, Kostenlose Deutsche sex Biografien von Pornostars und ihre xxx Freie Porno videos unter einem Dach pr\u00e4sentiert.\",\"publisher\":{\"@id\":\"https:\/\/pornmate.com\/de\/#organization\"},\"potentialAction\":[{\"@type\":\"SearchAction\",\"target\":{\"@type\":\"EntryPoint\",\"urlTemplate\":\"https:\/\/pornmate.com\/de\/?s={search_term_string}\"},\"query-input\":{\"@type\":\"PropertyValueSpecification\",\"valueRequired\":true,\"valueName\":\"search_term_string\"}}],\"inLanguage\":\"de\"},{\"@type\":\"Organization\",\"@id\":\"https:\/\/pornmate.com\/de\/#organization\",\"name\":\"Besten Pornoseiten - Kostenlose Deutsche Pornos | PornMate.com\",\"url\":\"https:\/\/pornmate.com\/de\/\",\"logo\":{\"@type\":\"ImageObject\",\"inLanguage\":\"de\",\"@id\":\"https:\/\/pornmate.com\/de\/#\/schema\/logo\/image\/\",\"url\":\"https:\/\/pornmate.com\/de\/wp-content\/uploads\/2022\/11\/pornmate-1.png\",\"contentUrl\":\"https:\/\/pornmate.com\/de\/wp-content\/uploads\/2022\/11\/pornmate-1.png\",\"width\":203,\"height\":200,\"caption\":\"Besten Pornoseiten - Kostenlose Deutsche Pornos | PornMate.com\"},\"image\":{\"@id\":\"https:\/\/pornmate.com\/de\/#\/schema\/logo\/image\/\"}}]}<\/script>\n<!-- \/ Yoast SEO plugin. -->","yoast_head_json":{"title":"Lushstories.com Sexgeschichten Seite - PornMate.com","description":"LushStories.com ist eine Website mit den besten Sexgeschichten der Welt. Es bringt mehr als 460.000 Mitglieder zusammen, die mehr als 57.000 Geschichten gepostet, mehr als 428.000 Bilder geteilt, mehr als 219.000 Blog-Posts erstellt und insgesamt mehr als 3.488.000 Foren-Posts geschrieben haben.","robots":{"index":"index","follow":"follow","max-snippet":"max-snippet:-1","max-image-preview":"max-image-preview:large","max-video-preview":"max-video-preview:-1"},"canonical":"https:\/\/pornmate.com\/de\/lushstories","og_locale":"de_DE","og_type":"article","og_title":"Lushstories.com Sexgeschichten Seite - PornMate.com","og_description":"LushStories.com ist eine Website mit den besten Sexgeschichten der Welt. Es bringt mehr als 460.000 Mitglieder zusammen, die mehr als 57.000 Geschichten gepostet, mehr als 428.000 Bilder geteilt, mehr als 219.000 Blog-Posts erstellt und insgesamt mehr als 3.488.000 Foren-Posts geschrieben haben.","og_url":"https:\/\/pornmate.com\/de\/lushstories","og_site_name":"Besten Pornoseiten - Kostenlose Deutsche Pornos | PornMate.com","article_modified_time":"2022-11-23T16:46:18+00:00","twitter_card":"summary_large_image","twitter_misc":{"Gesch\u00e4tzte Lesezeit":"1\u00a0Minute"},"schema":{"@context":"https:\/\/schema.org","@graph":[{"@type":"WebPage","@id":"https:\/\/pornmate.com\/de\/lushstories","url":"https:\/\/pornmate.com\/de\/lushstories","name":"Lushstories.com Sexgeschichten Seite - PornMate.com","isPartOf":{"@id":"https:\/\/pornmate.com\/de\/#website"},"datePublished":"2020-03-19T10:48:29+00:00","dateModified":"2022-11-23T16:46:18+00:00","description":"LushStories.com ist eine Website mit den besten Sexgeschichten der Welt. Es bringt mehr als 460.000 Mitglieder zusammen, die mehr als 57.000 Geschichten gepostet, mehr als 428.000 Bilder geteilt, mehr als 219.000 Blog-Posts erstellt und insgesamt mehr als 3.488.000 Foren-Posts geschrieben haben.","breadcrumb":{"@id":"https:\/\/pornmate.com\/de\/lushstories#breadcrumb"},"inLanguage":"de","potentialAction":[{"@type":"ReadAction","target":["https:\/\/pornmate.com\/de\/lushstories"]}]},{"@type":"BreadcrumbList","@id":"https:\/\/pornmate.com\/de\/lushstories#breadcrumb","itemListElement":[{"@type":"ListItem","position":1,"name":"Startseite","item":"https:\/\/pornmate.com\/de"},{"@type":"ListItem","position":2,"name":"Lushstories.com"}]},{"@type":"WebSite","@id":"https:\/\/pornmate.com\/de\/#website","url":"https:\/\/pornmate.com\/de\/","name":"Besten Pornoseiten - Kostenlose Deutsche Pornos | PornMate.com","description":"Kostenlose Pornos, ist Ihr Combo-Verzeichnis der besten gratis Pornoseiten, die Sie finden k\u00f6nnen, und das fantastische Seitenbewertungen, Kostenlose Deutsche sex Biografien von Pornostars und ihre xxx Freie Porno videos unter einem Dach pr\u00e4sentiert.","publisher":{"@id":"https:\/\/pornmate.com\/de\/#organization"},"potentialAction":[{"@type":"SearchAction","target":{"@type":"EntryPoint","urlTemplate":"https:\/\/pornmate.com\/de\/?s={search_term_string}"},"query-input":{"@type":"PropertyValueSpecification","valueRequired":true,"valueName":"search_term_string"}}],"inLanguage":"de"},{"@type":"Organization","@id":"https:\/\/pornmate.com\/de\/#organization","name":"Besten Pornoseiten - Kostenlose Deutsche Pornos | PornMate.com","url":"https:\/\/pornmate.com\/de\/","logo":{"@type":"ImageObject","inLanguage":"de","@id":"https:\/\/pornmate.com\/de\/#\/schema\/logo\/image\/","url":"https:\/\/pornmate.com\/de\/wp-content\/uploads\/2022\/11\/pornmate-1.png","contentUrl":"https:\/\/pornmate.com\/de\/wp-content\/uploads\/2022\/11\/pornmate-1.png","width":203,"height":200,"caption":"Besten Pornoseiten - Kostenlose Deutsche Pornos | PornMate.com"},"image":{"@id":"https:\/\/pornmate.com\/de\/#\/schema\/logo\/image\/"}}]}},"_links":{"self":[{"href":"https:\/\/pornmate.com\/de\/wp-json\/wp\/v2\/pages\/7167","targetHints":{"allow":["GET"]}}],"collection":[{"href":"https:\/\/pornmate.com\/de\/wp-json\/wp\/v2\/pages"}],"about":[{"href":"https:\/\/pornmate.com\/de\/wp-json\/wp\/v2\/types\/page"}],"author":[{"embeddable":true,"href":"https:\/\/pornmate.com\/de\/wp-json\/wp\/v2\/users\/1"}],"replies":[{"embeddable":true,"href":"https:\/\/pornmate.com\/de\/wp-json\/wp\/v2\/comments?post=7167"}],"version-history":[{"count":0,"href":"https:\/\/pornmate.com\/de\/wp-json\/wp\/v2\/pages\/7167\/revisions"}],"wp:attachment":[{"href":"https:\/\/pornmate.com\/de\/wp-json\/wp\/v2\/media?parent=7167"}],"curies":[{"name":"wp","href":"https:\/\/api.w.org\/{rel}","templated":true}]}}