{"id":7169,"date":"2020-03-19T10:50:31","date_gmt":"2020-03-19T10:50:31","guid":{"rendered":"https:\/\/pornmate.com\/?page_id=7169"},"modified":"2022-11-23T18:07:04","modified_gmt":"2022-11-23T17:07:04","slug":"frolicme","status":"publish","type":"page","link":"https:\/\/pornmate.com\/de\/frolicme","title":{"rendered":"Frolicme.com"},"content":{"rendered":"<p>Anstatt sich auf Hardcore-Inhalte zu verlassen, geh\u00f6rt Frolicme.com zu den weltweit besten Pornofilmseiten, die sich durch ihren erotischen Inhalt von solchen Seiten abheben.In FrolicMe k\u00f6nnen Menschen Filme, Videos, Bilder, Audio auf ihren Handys, iPads oder PCs ansehen ., und Sie k\u00f6nnen sich jede ihrer Geschichten ansehen und genie\u00dfen. Alle erotischen Inhalte auf dieser Website, ob m\u00e4nnlich, weiblich oder paarweise, sind Inhalte nur f\u00fcr Erwachsene. Bei FrolicMe geht es haupts\u00e4chlich darum, sich mit provokanten, unterhaltsamen und eleganten Filmen auf die sexuellen Fantasien von jemandem einzulassen. Es gibt jedoch auch viele erotische Geschichten und eine nette Porno-Fotogalerie, die jeder akzeptabel und unterhaltsam finden wird. Es ist wie ein Online-Erotikmagazin voller atemberaubender Artikel und sexuell anregender Geschichten. Es ist eine Seite, auf der es mehr erotische Videos gibt als m\u00e4nnlich orientierte pornografische Inhalte, die heute beliebt sind. Im Vergleich zu Inhalten auf Frolicme.com sieht diese Art von Inhalten f\u00fcr Erwachsene erniedrigend, vulg\u00e4r, nicht \u00fcppig und schlecht erstellt aus. Daher ist es klar, warum viele M\u00e4nner und insbesondere Frauen diese Seite t\u00e4glich regelm\u00e4\u00dfig besuchen.<\/p>\n","protected":false},"excerpt":{"rendered":"<p>Anstatt sich auf Hardcore-Inhalte zu verlassen, geh\u00f6rt Frolicme.com zu den weltweit besten Pornofilmseiten, die sich durch ihren erotischen Inhalt von solchen Seiten abheben.In FrolicMe k\u00f6nnen Menschen Filme, Videos, Bilder, Audio auf ihren Handys, iPads oder PCs ansehen ., und Sie k\u00f6nnen sich jede ihrer Geschichten ansehen und genie\u00dfen. Alle erotischen Inhalte auf dieser Website, ob [&hellip;]<\/p>\n","protected":false},"author":1,"featured_media":0,"parent":0,"menu_order":0,"comment_status":"closed","ping_status":"closed","template":"page-star-stil.php","meta":{"footnotes":""},"class_list":["post-7169","page","type-page","status-publish","hentry"],"yoast_head":"<!-- This site is optimized with the Yoast SEO plugin v27.2 - https:\/\/yoast.com\/product\/yoast-seo-wordpress\/ -->\n<title>Frolicme.com - PornMate.com<\/title>\n<meta name=\"description\" content=\"Anstatt sich auf Hardcore-Inhalte zu verlassen, geh\u00f6rt Frolicme.com zu den weltweit besten Pornofilmseiten, die sich durch ihren erotischen Inhalt von solchen Seiten abheben.In FrolicMe k\u00f6nnen Menschen Filme, Videos, Bilder, Audio auf ihren Handys, iPads oder PCs ansehen ., und Sie k\u00f6nnen sich jede ihrer Geschichten ansehen und genie\u00dfen.\" \/>\n<meta name=\"robots\" content=\"index, follow, max-snippet:-1, max-image-preview:large, max-video-preview:-1\" \/>\n<link rel=\"canonical\" href=\"https:\/\/pornmate.com\/de\/frolicme\" \/>\n<meta property=\"og:locale\" content=\"de_DE\" \/>\n<meta property=\"og:type\" content=\"article\" \/>\n<meta property=\"og:title\" content=\"Frolicme.com - PornMate.com\" \/>\n<meta property=\"og:description\" content=\"Anstatt sich auf Hardcore-Inhalte zu verlassen, geh\u00f6rt Frolicme.com zu den weltweit besten Pornofilmseiten, die sich durch ihren erotischen Inhalt von solchen Seiten abheben.In FrolicMe k\u00f6nnen Menschen Filme, Videos, Bilder, Audio auf ihren Handys, iPads oder PCs ansehen ., und Sie k\u00f6nnen sich jede ihrer Geschichten ansehen und genie\u00dfen.\" \/>\n<meta property=\"og:url\" content=\"https:\/\/pornmate.com\/de\/frolicme\" \/>\n<meta property=\"og:site_name\" content=\"Besten Pornoseiten - Kostenlose Deutsche Pornos | PornMate.com\" \/>\n<meta property=\"article:modified_time\" content=\"2022-11-23T17:07:04+00:00\" \/>\n<meta name=\"twitter:card\" content=\"summary_large_image\" \/>\n<meta name=\"twitter:label1\" content=\"Gesch\u00e4tzte Lesezeit\" \/>\n\t<meta name=\"twitter:data1\" content=\"1\u00a0Minute\" \/>\n<script type=\"application\/ld+json\" class=\"yoast-schema-graph\">{\"@context\":\"https:\/\/schema.org\",\"@graph\":[{\"@type\":\"WebPage\",\"@id\":\"https:\/\/pornmate.com\/de\/frolicme\",\"url\":\"https:\/\/pornmate.com\/de\/frolicme\",\"name\":\"Frolicme.com - PornMate.com\",\"isPartOf\":{\"@id\":\"https:\/\/pornmate.com\/de\/#website\"},\"datePublished\":\"2020-03-19T10:50:31+00:00\",\"dateModified\":\"2022-11-23T17:07:04+00:00\",\"description\":\"Anstatt sich auf Hardcore-Inhalte zu verlassen, geh\u00f6rt Frolicme.com zu den weltweit besten Pornofilmseiten, die sich durch ihren erotischen Inhalt von solchen Seiten abheben.In FrolicMe k\u00f6nnen Menschen Filme, Videos, Bilder, Audio auf ihren Handys, iPads oder PCs ansehen ., und Sie k\u00f6nnen sich jede ihrer Geschichten ansehen und genie\u00dfen.\",\"breadcrumb\":{\"@id\":\"https:\/\/pornmate.com\/de\/frolicme#breadcrumb\"},\"inLanguage\":\"de\",\"potentialAction\":[{\"@type\":\"ReadAction\",\"target\":[\"https:\/\/pornmate.com\/de\/frolicme\"]}]},{\"@type\":\"BreadcrumbList\",\"@id\":\"https:\/\/pornmate.com\/de\/frolicme#breadcrumb\",\"itemListElement\":[{\"@type\":\"ListItem\",\"position\":1,\"name\":\"Startseite\",\"item\":\"https:\/\/pornmate.com\/de\"},{\"@type\":\"ListItem\",\"position\":2,\"name\":\"Frolicme.com\"}]},{\"@type\":\"WebSite\",\"@id\":\"https:\/\/pornmate.com\/de\/#website\",\"url\":\"https:\/\/pornmate.com\/de\/\",\"name\":\"Besten Pornoseiten - Kostenlose Deutsche Pornos | PornMate.com\",\"description\":\"Kostenlose Pornos, ist Ihr Combo-Verzeichnis der besten gratis Pornoseiten, die Sie finden k\u00f6nnen, und das fantastische Seitenbewertungen, Kostenlose Deutsche sex Biografien von Pornostars und ihre xxx Freie Porno videos unter einem Dach pr\u00e4sentiert.\",\"publisher\":{\"@id\":\"https:\/\/pornmate.com\/de\/#organization\"},\"potentialAction\":[{\"@type\":\"SearchAction\",\"target\":{\"@type\":\"EntryPoint\",\"urlTemplate\":\"https:\/\/pornmate.com\/de\/?s={search_term_string}\"},\"query-input\":{\"@type\":\"PropertyValueSpecification\",\"valueRequired\":true,\"valueName\":\"search_term_string\"}}],\"inLanguage\":\"de\"},{\"@type\":\"Organization\",\"@id\":\"https:\/\/pornmate.com\/de\/#organization\",\"name\":\"Besten Pornoseiten - Kostenlose Deutsche Pornos | PornMate.com\",\"url\":\"https:\/\/pornmate.com\/de\/\",\"logo\":{\"@type\":\"ImageObject\",\"inLanguage\":\"de\",\"@id\":\"https:\/\/pornmate.com\/de\/#\/schema\/logo\/image\/\",\"url\":\"https:\/\/pornmate.com\/de\/wp-content\/uploads\/2022\/11\/pornmate-1.png\",\"contentUrl\":\"https:\/\/pornmate.com\/de\/wp-content\/uploads\/2022\/11\/pornmate-1.png\",\"width\":203,\"height\":200,\"caption\":\"Besten Pornoseiten - Kostenlose Deutsche Pornos | PornMate.com\"},\"image\":{\"@id\":\"https:\/\/pornmate.com\/de\/#\/schema\/logo\/image\/\"}}]}<\/script>\n<!-- \/ Yoast SEO plugin. -->","yoast_head_json":{"title":"Frolicme.com - PornMate.com","description":"Anstatt sich auf Hardcore-Inhalte zu verlassen, geh\u00f6rt Frolicme.com zu den weltweit besten Pornofilmseiten, die sich durch ihren erotischen Inhalt von solchen Seiten abheben.In FrolicMe k\u00f6nnen Menschen Filme, Videos, Bilder, Audio auf ihren Handys, iPads oder PCs ansehen ., und Sie k\u00f6nnen sich jede ihrer Geschichten ansehen und genie\u00dfen.","robots":{"index":"index","follow":"follow","max-snippet":"max-snippet:-1","max-image-preview":"max-image-preview:large","max-video-preview":"max-video-preview:-1"},"canonical":"https:\/\/pornmate.com\/de\/frolicme","og_locale":"de_DE","og_type":"article","og_title":"Frolicme.com - PornMate.com","og_description":"Anstatt sich auf Hardcore-Inhalte zu verlassen, geh\u00f6rt Frolicme.com zu den weltweit besten Pornofilmseiten, die sich durch ihren erotischen Inhalt von solchen Seiten abheben.In FrolicMe k\u00f6nnen Menschen Filme, Videos, Bilder, Audio auf ihren Handys, iPads oder PCs ansehen ., und Sie k\u00f6nnen sich jede ihrer Geschichten ansehen und genie\u00dfen.","og_url":"https:\/\/pornmate.com\/de\/frolicme","og_site_name":"Besten Pornoseiten - Kostenlose Deutsche Pornos | PornMate.com","article_modified_time":"2022-11-23T17:07:04+00:00","twitter_card":"summary_large_image","twitter_misc":{"Gesch\u00e4tzte Lesezeit":"1\u00a0Minute"},"schema":{"@context":"https:\/\/schema.org","@graph":[{"@type":"WebPage","@id":"https:\/\/pornmate.com\/de\/frolicme","url":"https:\/\/pornmate.com\/de\/frolicme","name":"Frolicme.com - PornMate.com","isPartOf":{"@id":"https:\/\/pornmate.com\/de\/#website"},"datePublished":"2020-03-19T10:50:31+00:00","dateModified":"2022-11-23T17:07:04+00:00","description":"Anstatt sich auf Hardcore-Inhalte zu verlassen, geh\u00f6rt Frolicme.com zu den weltweit besten Pornofilmseiten, die sich durch ihren erotischen Inhalt von solchen Seiten abheben.In FrolicMe k\u00f6nnen Menschen Filme, Videos, Bilder, Audio auf ihren Handys, iPads oder PCs ansehen ., und Sie k\u00f6nnen sich jede ihrer Geschichten ansehen und genie\u00dfen.","breadcrumb":{"@id":"https:\/\/pornmate.com\/de\/frolicme#breadcrumb"},"inLanguage":"de","potentialAction":[{"@type":"ReadAction","target":["https:\/\/pornmate.com\/de\/frolicme"]}]},{"@type":"BreadcrumbList","@id":"https:\/\/pornmate.com\/de\/frolicme#breadcrumb","itemListElement":[{"@type":"ListItem","position":1,"name":"Startseite","item":"https:\/\/pornmate.com\/de"},{"@type":"ListItem","position":2,"name":"Frolicme.com"}]},{"@type":"WebSite","@id":"https:\/\/pornmate.com\/de\/#website","url":"https:\/\/pornmate.com\/de\/","name":"Besten Pornoseiten - Kostenlose Deutsche Pornos | PornMate.com","description":"Kostenlose Pornos, ist Ihr Combo-Verzeichnis der besten gratis Pornoseiten, die Sie finden k\u00f6nnen, und das fantastische Seitenbewertungen, Kostenlose Deutsche sex Biografien von Pornostars und ihre xxx Freie Porno videos unter einem Dach pr\u00e4sentiert.","publisher":{"@id":"https:\/\/pornmate.com\/de\/#organization"},"potentialAction":[{"@type":"SearchAction","target":{"@type":"EntryPoint","urlTemplate":"https:\/\/pornmate.com\/de\/?s={search_term_string}"},"query-input":{"@type":"PropertyValueSpecification","valueRequired":true,"valueName":"search_term_string"}}],"inLanguage":"de"},{"@type":"Organization","@id":"https:\/\/pornmate.com\/de\/#organization","name":"Besten Pornoseiten - Kostenlose Deutsche Pornos | PornMate.com","url":"https:\/\/pornmate.com\/de\/","logo":{"@type":"ImageObject","inLanguage":"de","@id":"https:\/\/pornmate.com\/de\/#\/schema\/logo\/image\/","url":"https:\/\/pornmate.com\/de\/wp-content\/uploads\/2022\/11\/pornmate-1.png","contentUrl":"https:\/\/pornmate.com\/de\/wp-content\/uploads\/2022\/11\/pornmate-1.png","width":203,"height":200,"caption":"Besten Pornoseiten - Kostenlose Deutsche Pornos | PornMate.com"},"image":{"@id":"https:\/\/pornmate.com\/de\/#\/schema\/logo\/image\/"}}]}},"_links":{"self":[{"href":"https:\/\/pornmate.com\/de\/wp-json\/wp\/v2\/pages\/7169","targetHints":{"allow":["GET"]}}],"collection":[{"href":"https:\/\/pornmate.com\/de\/wp-json\/wp\/v2\/pages"}],"about":[{"href":"https:\/\/pornmate.com\/de\/wp-json\/wp\/v2\/types\/page"}],"author":[{"embeddable":true,"href":"https:\/\/pornmate.com\/de\/wp-json\/wp\/v2\/users\/1"}],"replies":[{"embeddable":true,"href":"https:\/\/pornmate.com\/de\/wp-json\/wp\/v2\/comments?post=7169"}],"version-history":[{"count":0,"href":"https:\/\/pornmate.com\/de\/wp-json\/wp\/v2\/pages\/7169\/revisions"}],"wp:attachment":[{"href":"https:\/\/pornmate.com\/de\/wp-json\/wp\/v2\/media?parent=7169"}],"curies":[{"name":"wp","href":"https:\/\/api.w.org\/{rel}","templated":true}]}}