{"id":7171,"date":"2020-03-19T10:52:37","date_gmt":"2020-03-19T10:52:37","guid":{"rendered":"https:\/\/pornmate.com\/?page_id=7171"},"modified":"2020-03-19T10:52:37","modified_gmt":"2020-03-19T10:52:37","slug":"juicysexstories","status":"publish","type":"page","link":"https:\/\/pornmate.com\/de\/juicysexstories","title":{"rendered":"Juicysexstories.com"},"content":{"rendered":"<p>Juicysexstories.com bietet Tausende von Sexgeschichten, die eine Vielzahl von Kategorien abdecken.<br \/>\nObwohl das Wirbelsturm-Internet es uns tats\u00e4chlich erm\u00f6glicht, 4K zu streamen, gibt es immer noch etwas Nekromantie in archetypischen Sexgeschichten.<br \/>\nBesuchen Sie trotzdem juicysexstories, wenn Sie vergessen haben, wie mutwillig sie sein k\u00f6nnten.com.<br \/>\nDies ist ein weicher Punkt, der Sie nicht mit Werbung und ehrgeizigen Popups bombardieren wird, was immer ein gro\u00dfes Plus ist.<br \/>\nUnter den Seiten f\u00fcr Sexgeschichten geh\u00f6rt diese zu den stilvollsten.<br \/>\nSie werden ein breites Publikum finden, aber Nischenkategorien wie Tabu-Sexgeschichten, Tranny- oder H\u00fcpfgeschichten.<br \/>\nAlles ist dann kostenlos, obwohl Sie es k\u00f6nnen, weil Sie Ihren Lieblingsautoren folgen m\u00fcssen, um ihre Geschichten zu bewerten.<br \/>\nAu\u00dferdem ist es eine Position, in der Sie Geschichten blinken k\u00f6nnen, weil sie Tausende von Aufrufen erhalten.<br \/>\nWas diese Seite besonders macht, ist der Bereich \u201eKleines Geheimnis\u201c, in dem Sie etwas \u00fcber das Sexualleben preisgeben k\u00f6nnen, das niemand zus\u00e4tzlich wei\u00df. Es ist Abhilfe, an einem Geheimnis teilzuhaben, und Sie k\u00f6nnten einige aufbrausende Reaktionen bekommen. Sexgeschichten werden ausnahmslos ihre Fans haben, also diese Position und sieh es dir an<\/p>\n","protected":false},"excerpt":{"rendered":"<p>Juicysexstories.com bietet Tausende von Sexgeschichten, die eine Vielzahl von Kategorien abdecken. Obwohl das Wirbelsturm-Internet es uns tats\u00e4chlich erm\u00f6glicht, 4K zu streamen, gibt es immer noch etwas Nekromantie in archetypischen Sexgeschichten. Besuchen Sie trotzdem juicysexstories, wenn Sie vergessen haben, wie mutwillig sie sein k\u00f6nnten.com. Dies ist ein weicher Punkt, der Sie nicht mit Werbung und ehrgeizigen [&hellip;]<\/p>\n","protected":false},"author":1,"featured_media":0,"parent":0,"menu_order":0,"comment_status":"closed","ping_status":"closed","template":"page-star-stil.php","meta":{"footnotes":""},"class_list":["post-7171","page","type-page","status-publish","hentry"],"yoast_head":"<!-- This site is optimized with the Yoast SEO plugin v27.2 - https:\/\/yoast.com\/product\/yoast-seo-wordpress\/ -->\n<title>Juicysexstories.com and Best Sex Story Sites - PornMate.com<\/title>\n<meta name=\"description\" content=\"Juicysexstories.com bietet Tausende von Sexgeschichten, die eine Vielzahl von Kategorien abdecken.Obwohl das Wirbelsturm-Internet es uns tats\u00e4chlich erm\u00f6glicht, 4K zu streamen, gibt es immer noch etwas Nekromantie in archetypischen Sexgeschichten.\" \/>\n<meta name=\"robots\" content=\"index, follow, max-snippet:-1, max-image-preview:large, max-video-preview:-1\" \/>\n<link rel=\"canonical\" href=\"https:\/\/pornmate.com\/de\/juicysexstories\" \/>\n<meta property=\"og:locale\" content=\"de_DE\" \/>\n<meta property=\"og:type\" content=\"article\" \/>\n<meta property=\"og:title\" content=\"Juicysexstories.com and Best Sex Story Sites - PornMate.com\" \/>\n<meta property=\"og:description\" content=\"Juicysexstories.com bietet Tausende von Sexgeschichten, die eine Vielzahl von Kategorien abdecken.Obwohl das Wirbelsturm-Internet es uns tats\u00e4chlich erm\u00f6glicht, 4K zu streamen, gibt es immer noch etwas Nekromantie in archetypischen Sexgeschichten.\" \/>\n<meta property=\"og:url\" content=\"https:\/\/pornmate.com\/de\/juicysexstories\" \/>\n<meta property=\"og:site_name\" content=\"Besten Pornoseiten - Kostenlose Deutsche Pornos | PornMate.com\" \/>\n<meta name=\"twitter:card\" content=\"summary_large_image\" \/>\n<meta name=\"twitter:label1\" content=\"Gesch\u00e4tzte Lesezeit\" \/>\n\t<meta name=\"twitter:data1\" content=\"1\u00a0Minute\" \/>\n<script type=\"application\/ld+json\" class=\"yoast-schema-graph\">{\"@context\":\"https:\/\/schema.org\",\"@graph\":[{\"@type\":\"WebPage\",\"@id\":\"https:\/\/pornmate.com\/de\/juicysexstories\",\"url\":\"https:\/\/pornmate.com\/de\/juicysexstories\",\"name\":\"Juicysexstories.com and Best Sex Story Sites - PornMate.com\",\"isPartOf\":{\"@id\":\"https:\/\/pornmate.com\/de\/#website\"},\"datePublished\":\"2020-03-19T10:52:37+00:00\",\"description\":\"Juicysexstories.com bietet Tausende von Sexgeschichten, die eine Vielzahl von Kategorien abdecken.Obwohl das Wirbelsturm-Internet es uns tats\u00e4chlich erm\u00f6glicht, 4K zu streamen, gibt es immer noch etwas Nekromantie in archetypischen Sexgeschichten.\",\"breadcrumb\":{\"@id\":\"https:\/\/pornmate.com\/de\/juicysexstories#breadcrumb\"},\"inLanguage\":\"de\",\"potentialAction\":[{\"@type\":\"ReadAction\",\"target\":[\"https:\/\/pornmate.com\/de\/juicysexstories\"]}]},{\"@type\":\"BreadcrumbList\",\"@id\":\"https:\/\/pornmate.com\/de\/juicysexstories#breadcrumb\",\"itemListElement\":[{\"@type\":\"ListItem\",\"position\":1,\"name\":\"Startseite\",\"item\":\"https:\/\/pornmate.com\/de\"},{\"@type\":\"ListItem\",\"position\":2,\"name\":\"Juicysexstories.com\"}]},{\"@type\":\"WebSite\",\"@id\":\"https:\/\/pornmate.com\/de\/#website\",\"url\":\"https:\/\/pornmate.com\/de\/\",\"name\":\"Besten Pornoseiten - Kostenlose Deutsche Pornos | PornMate.com\",\"description\":\"Kostenlose Pornos, ist Ihr Combo-Verzeichnis der besten gratis Pornoseiten, die Sie finden k\u00f6nnen, und das fantastische Seitenbewertungen, Kostenlose Deutsche sex Biografien von Pornostars und ihre xxx Freie Porno videos unter einem Dach pr\u00e4sentiert.\",\"publisher\":{\"@id\":\"https:\/\/pornmate.com\/de\/#organization\"},\"potentialAction\":[{\"@type\":\"SearchAction\",\"target\":{\"@type\":\"EntryPoint\",\"urlTemplate\":\"https:\/\/pornmate.com\/de\/?s={search_term_string}\"},\"query-input\":{\"@type\":\"PropertyValueSpecification\",\"valueRequired\":true,\"valueName\":\"search_term_string\"}}],\"inLanguage\":\"de\"},{\"@type\":\"Organization\",\"@id\":\"https:\/\/pornmate.com\/de\/#organization\",\"name\":\"Besten Pornoseiten - Kostenlose Deutsche Pornos | PornMate.com\",\"url\":\"https:\/\/pornmate.com\/de\/\",\"logo\":{\"@type\":\"ImageObject\",\"inLanguage\":\"de\",\"@id\":\"https:\/\/pornmate.com\/de\/#\/schema\/logo\/image\/\",\"url\":\"https:\/\/pornmate.com\/de\/wp-content\/uploads\/2022\/11\/pornmate-1.png\",\"contentUrl\":\"https:\/\/pornmate.com\/de\/wp-content\/uploads\/2022\/11\/pornmate-1.png\",\"width\":203,\"height\":200,\"caption\":\"Besten Pornoseiten - Kostenlose Deutsche Pornos | PornMate.com\"},\"image\":{\"@id\":\"https:\/\/pornmate.com\/de\/#\/schema\/logo\/image\/\"}}]}<\/script>\n<!-- \/ Yoast SEO plugin. -->","yoast_head_json":{"title":"Juicysexstories.com and Best Sex Story Sites - PornMate.com","description":"Juicysexstories.com bietet Tausende von Sexgeschichten, die eine Vielzahl von Kategorien abdecken.Obwohl das Wirbelsturm-Internet es uns tats\u00e4chlich erm\u00f6glicht, 4K zu streamen, gibt es immer noch etwas Nekromantie in archetypischen Sexgeschichten.","robots":{"index":"index","follow":"follow","max-snippet":"max-snippet:-1","max-image-preview":"max-image-preview:large","max-video-preview":"max-video-preview:-1"},"canonical":"https:\/\/pornmate.com\/de\/juicysexstories","og_locale":"de_DE","og_type":"article","og_title":"Juicysexstories.com and Best Sex Story Sites - PornMate.com","og_description":"Juicysexstories.com bietet Tausende von Sexgeschichten, die eine Vielzahl von Kategorien abdecken.Obwohl das Wirbelsturm-Internet es uns tats\u00e4chlich erm\u00f6glicht, 4K zu streamen, gibt es immer noch etwas Nekromantie in archetypischen Sexgeschichten.","og_url":"https:\/\/pornmate.com\/de\/juicysexstories","og_site_name":"Besten Pornoseiten - Kostenlose Deutsche Pornos | PornMate.com","twitter_card":"summary_large_image","twitter_misc":{"Gesch\u00e4tzte Lesezeit":"1\u00a0Minute"},"schema":{"@context":"https:\/\/schema.org","@graph":[{"@type":"WebPage","@id":"https:\/\/pornmate.com\/de\/juicysexstories","url":"https:\/\/pornmate.com\/de\/juicysexstories","name":"Juicysexstories.com and Best Sex Story Sites - PornMate.com","isPartOf":{"@id":"https:\/\/pornmate.com\/de\/#website"},"datePublished":"2020-03-19T10:52:37+00:00","description":"Juicysexstories.com bietet Tausende von Sexgeschichten, die eine Vielzahl von Kategorien abdecken.Obwohl das Wirbelsturm-Internet es uns tats\u00e4chlich erm\u00f6glicht, 4K zu streamen, gibt es immer noch etwas Nekromantie in archetypischen Sexgeschichten.","breadcrumb":{"@id":"https:\/\/pornmate.com\/de\/juicysexstories#breadcrumb"},"inLanguage":"de","potentialAction":[{"@type":"ReadAction","target":["https:\/\/pornmate.com\/de\/juicysexstories"]}]},{"@type":"BreadcrumbList","@id":"https:\/\/pornmate.com\/de\/juicysexstories#breadcrumb","itemListElement":[{"@type":"ListItem","position":1,"name":"Startseite","item":"https:\/\/pornmate.com\/de"},{"@type":"ListItem","position":2,"name":"Juicysexstories.com"}]},{"@type":"WebSite","@id":"https:\/\/pornmate.com\/de\/#website","url":"https:\/\/pornmate.com\/de\/","name":"Besten Pornoseiten - Kostenlose Deutsche Pornos | PornMate.com","description":"Kostenlose Pornos, ist Ihr Combo-Verzeichnis der besten gratis Pornoseiten, die Sie finden k\u00f6nnen, und das fantastische Seitenbewertungen, Kostenlose Deutsche sex Biografien von Pornostars und ihre xxx Freie Porno videos unter einem Dach pr\u00e4sentiert.","publisher":{"@id":"https:\/\/pornmate.com\/de\/#organization"},"potentialAction":[{"@type":"SearchAction","target":{"@type":"EntryPoint","urlTemplate":"https:\/\/pornmate.com\/de\/?s={search_term_string}"},"query-input":{"@type":"PropertyValueSpecification","valueRequired":true,"valueName":"search_term_string"}}],"inLanguage":"de"},{"@type":"Organization","@id":"https:\/\/pornmate.com\/de\/#organization","name":"Besten Pornoseiten - Kostenlose Deutsche Pornos | PornMate.com","url":"https:\/\/pornmate.com\/de\/","logo":{"@type":"ImageObject","inLanguage":"de","@id":"https:\/\/pornmate.com\/de\/#\/schema\/logo\/image\/","url":"https:\/\/pornmate.com\/de\/wp-content\/uploads\/2022\/11\/pornmate-1.png","contentUrl":"https:\/\/pornmate.com\/de\/wp-content\/uploads\/2022\/11\/pornmate-1.png","width":203,"height":200,"caption":"Besten Pornoseiten - Kostenlose Deutsche Pornos | PornMate.com"},"image":{"@id":"https:\/\/pornmate.com\/de\/#\/schema\/logo\/image\/"}}]}},"_links":{"self":[{"href":"https:\/\/pornmate.com\/de\/wp-json\/wp\/v2\/pages\/7171","targetHints":{"allow":["GET"]}}],"collection":[{"href":"https:\/\/pornmate.com\/de\/wp-json\/wp\/v2\/pages"}],"about":[{"href":"https:\/\/pornmate.com\/de\/wp-json\/wp\/v2\/types\/page"}],"author":[{"embeddable":true,"href":"https:\/\/pornmate.com\/de\/wp-json\/wp\/v2\/users\/1"}],"replies":[{"embeddable":true,"href":"https:\/\/pornmate.com\/de\/wp-json\/wp\/v2\/comments?post=7171"}],"version-history":[{"count":0,"href":"https:\/\/pornmate.com\/de\/wp-json\/wp\/v2\/pages\/7171\/revisions"}],"wp:attachment":[{"href":"https:\/\/pornmate.com\/de\/wp-json\/wp\/v2\/media?parent=7171"}],"curies":[{"name":"wp","href":"https:\/\/api.w.org\/{rel}","templated":true}]}}