{"id":7173,"date":"2020-03-19T10:56:07","date_gmt":"2020-03-19T10:56:07","guid":{"rendered":"https:\/\/pornmate.com\/?page_id=7173"},"modified":"2020-03-19T10:56:07","modified_gmt":"2020-03-19T10:56:07","slug":"adultsexgames","status":"publish","type":"page","link":"https:\/\/pornmate.com\/de\/adultsexgames","title":{"rendered":"Adultsexgames"},"content":{"rendered":"<p>Die Adultsexgames-Website bietet Ihnen Tausende von qualitativ hochwertigen Sexspielen zum Spielen. W\u00e4hrend das Anschauen von Pornovideos immer Spa\u00df macht, brauchen wir alle manchmal mehr. Interaktive Erfahrungen haben in den letzten Jahren zugenommen, da Sexspiele besser geworden sind. Die Qualit\u00e4t der Grafiken und Animationen kann nahezu fotorealistisch sein oder einem sehr hochwertigen Zeichentrickfilm \u00e4hneln. Adultsexgames.com hat f\u00fcr jeden etwas zu bieten. Sie k\u00f6nnen sich also leicht f\u00fcr einfache Spiele entscheiden, die f\u00fcr Anf\u00e4nger entwickelt wurden, oder f\u00fcr Spiele, bei denen Sie hart arbeiten m\u00fcssen, bevor Sie belohnt werden. Diese Spiele sind gut optimiert. Sie ben\u00f6tigen also nur die grundlegende Hardware, um sie auszuf\u00fchren. Was uns am meisten Spa\u00df macht, ist, dass es Spiele gibt, die es uns erm\u00f6glichen, unsere Lieblingsphantasien auszuleben, die im wirklichen Leben unm\u00f6glich sind. Vielleicht gef\u00e4llt Ihnen die Idee, einen jungen Studenten zu Ihrem Sexsklaven auszubilden oder Ihren erstellten virtuellen Charakter in eine niedliche Elfe zu stecken. Die besten Pornospiele sind hier verf\u00fcgbar. Dank der benutzerfreundlichen Oberfl\u00e4che finden Sie Ihre Favoriten auch schnell. Da dies eine mit Werbung gef\u00fcllte, aber kostenlose Website ist, haben Sie keinen Grund, sie nicht zu besuchen und Spa\u00df zu haben.<\/p>\n","protected":false},"excerpt":{"rendered":"<p>Die Adultsexgames-Website bietet Ihnen Tausende von qualitativ hochwertigen Sexspielen zum Spielen. W\u00e4hrend das Anschauen von Pornovideos immer Spa\u00df macht, brauchen wir alle manchmal mehr. Interaktive Erfahrungen haben in den letzten Jahren zugenommen, da Sexspiele besser geworden sind. Die Qualit\u00e4t der Grafiken und Animationen kann nahezu fotorealistisch sein oder einem sehr hochwertigen Zeichentrickfilm \u00e4hneln. Adultsexgames.com hat [&hellip;]<\/p>\n","protected":false},"author":1,"featured_media":0,"parent":0,"menu_order":0,"comment_status":"closed","ping_status":"closed","template":"page-star-stil.php","meta":{"footnotes":""},"class_list":["post-7173","page","type-page","status-publish","hentry"],"yoast_head":"<!-- This site is optimized with the Yoast SEO plugin v27.2 - https:\/\/yoast.com\/product\/yoast-seo-wordpress\/ -->\n<title>Adultsexgames und Liste der besten Pornoseiten | PornMate<\/title>\n<meta name=\"description\" content=\"Die Adultsexgames-Website bietet Ihnen Tausende von qualitativ hochwertigen Sexspielen zum Spielen. W\u00e4hrend das Anschauen von Pornovideos immer Spa\u00df macht, brauchen wir alle manchmal mehr. Interaktive Erfahrungen haben in den letzten Jahren zugenommen, da Sexspiele besser geworden sind. Die Qualit\u00e4t der Grafiken und Animationen kann nahezu fotorealistisch sein oder einem sehr hochwertigen Zeichentrickfilm \u00e4hneln.\" \/>\n<meta name=\"robots\" content=\"index, follow, max-snippet:-1, max-image-preview:large, max-video-preview:-1\" \/>\n<link rel=\"canonical\" href=\"https:\/\/pornmate.com\/de\/adultsexgames\" \/>\n<meta property=\"og:locale\" content=\"de_DE\" \/>\n<meta property=\"og:type\" content=\"article\" \/>\n<meta property=\"og:title\" content=\"Adultsexgames und Liste der besten Pornoseiten | PornMate\" \/>\n<meta property=\"og:description\" content=\"Die Adultsexgames-Website bietet Ihnen Tausende von qualitativ hochwertigen Sexspielen zum Spielen. W\u00e4hrend das Anschauen von Pornovideos immer Spa\u00df macht, brauchen wir alle manchmal mehr. Interaktive Erfahrungen haben in den letzten Jahren zugenommen, da Sexspiele besser geworden sind. Die Qualit\u00e4t der Grafiken und Animationen kann nahezu fotorealistisch sein oder einem sehr hochwertigen Zeichentrickfilm \u00e4hneln.\" \/>\n<meta property=\"og:url\" content=\"https:\/\/pornmate.com\/de\/adultsexgames\" \/>\n<meta property=\"og:site_name\" content=\"Besten Pornoseiten - Kostenlose Deutsche Pornos | PornMate.com\" \/>\n<meta name=\"twitter:card\" content=\"summary_large_image\" \/>\n<meta name=\"twitter:label1\" content=\"Gesch\u00e4tzte Lesezeit\" \/>\n\t<meta name=\"twitter:data1\" content=\"2\u00a0Minuten\" \/>\n<script type=\"application\/ld+json\" class=\"yoast-schema-graph\">{\"@context\":\"https:\/\/schema.org\",\"@graph\":[{\"@type\":\"WebPage\",\"@id\":\"https:\/\/pornmate.com\/de\/adultsexgames\",\"url\":\"https:\/\/pornmate.com\/de\/adultsexgames\",\"name\":\"Adultsexgames und Liste der besten Pornoseiten | PornMate\",\"isPartOf\":{\"@id\":\"https:\/\/pornmate.com\/de\/#website\"},\"datePublished\":\"2020-03-19T10:56:07+00:00\",\"description\":\"Die Adultsexgames-Website bietet Ihnen Tausende von qualitativ hochwertigen Sexspielen zum Spielen. W\u00e4hrend das Anschauen von Pornovideos immer Spa\u00df macht, brauchen wir alle manchmal mehr. Interaktive Erfahrungen haben in den letzten Jahren zugenommen, da Sexspiele besser geworden sind. Die Qualit\u00e4t der Grafiken und Animationen kann nahezu fotorealistisch sein oder einem sehr hochwertigen Zeichentrickfilm \u00e4hneln.\",\"breadcrumb\":{\"@id\":\"https:\/\/pornmate.com\/de\/adultsexgames#breadcrumb\"},\"inLanguage\":\"de\",\"potentialAction\":[{\"@type\":\"ReadAction\",\"target\":[\"https:\/\/pornmate.com\/de\/adultsexgames\"]}]},{\"@type\":\"BreadcrumbList\",\"@id\":\"https:\/\/pornmate.com\/de\/adultsexgames#breadcrumb\",\"itemListElement\":[{\"@type\":\"ListItem\",\"position\":1,\"name\":\"Startseite\",\"item\":\"https:\/\/pornmate.com\/de\"},{\"@type\":\"ListItem\",\"position\":2,\"name\":\"Adultsexgames\"}]},{\"@type\":\"WebSite\",\"@id\":\"https:\/\/pornmate.com\/de\/#website\",\"url\":\"https:\/\/pornmate.com\/de\/\",\"name\":\"Besten Pornoseiten - Kostenlose Deutsche Pornos | PornMate.com\",\"description\":\"Kostenlose Pornos, ist Ihr Combo-Verzeichnis der besten gratis Pornoseiten, die Sie finden k\u00f6nnen, und das fantastische Seitenbewertungen, Kostenlose Deutsche sex Biografien von Pornostars und ihre xxx Freie Porno videos unter einem Dach pr\u00e4sentiert.\",\"publisher\":{\"@id\":\"https:\/\/pornmate.com\/de\/#organization\"},\"potentialAction\":[{\"@type\":\"SearchAction\",\"target\":{\"@type\":\"EntryPoint\",\"urlTemplate\":\"https:\/\/pornmate.com\/de\/?s={search_term_string}\"},\"query-input\":{\"@type\":\"PropertyValueSpecification\",\"valueRequired\":true,\"valueName\":\"search_term_string\"}}],\"inLanguage\":\"de\"},{\"@type\":\"Organization\",\"@id\":\"https:\/\/pornmate.com\/de\/#organization\",\"name\":\"Besten Pornoseiten - Kostenlose Deutsche Pornos | PornMate.com\",\"url\":\"https:\/\/pornmate.com\/de\/\",\"logo\":{\"@type\":\"ImageObject\",\"inLanguage\":\"de\",\"@id\":\"https:\/\/pornmate.com\/de\/#\/schema\/logo\/image\/\",\"url\":\"https:\/\/pornmate.com\/de\/wp-content\/uploads\/2022\/11\/pornmate-1.png\",\"contentUrl\":\"https:\/\/pornmate.com\/de\/wp-content\/uploads\/2022\/11\/pornmate-1.png\",\"width\":203,\"height\":200,\"caption\":\"Besten Pornoseiten - Kostenlose Deutsche Pornos | PornMate.com\"},\"image\":{\"@id\":\"https:\/\/pornmate.com\/de\/#\/schema\/logo\/image\/\"}}]}<\/script>\n<!-- \/ Yoast SEO plugin. -->","yoast_head_json":{"title":"Adultsexgames und Liste der besten Pornoseiten | PornMate","description":"Die Adultsexgames-Website bietet Ihnen Tausende von qualitativ hochwertigen Sexspielen zum Spielen. W\u00e4hrend das Anschauen von Pornovideos immer Spa\u00df macht, brauchen wir alle manchmal mehr. Interaktive Erfahrungen haben in den letzten Jahren zugenommen, da Sexspiele besser geworden sind. Die Qualit\u00e4t der Grafiken und Animationen kann nahezu fotorealistisch sein oder einem sehr hochwertigen Zeichentrickfilm \u00e4hneln.","robots":{"index":"index","follow":"follow","max-snippet":"max-snippet:-1","max-image-preview":"max-image-preview:large","max-video-preview":"max-video-preview:-1"},"canonical":"https:\/\/pornmate.com\/de\/adultsexgames","og_locale":"de_DE","og_type":"article","og_title":"Adultsexgames und Liste der besten Pornoseiten | PornMate","og_description":"Die Adultsexgames-Website bietet Ihnen Tausende von qualitativ hochwertigen Sexspielen zum Spielen. W\u00e4hrend das Anschauen von Pornovideos immer Spa\u00df macht, brauchen wir alle manchmal mehr. Interaktive Erfahrungen haben in den letzten Jahren zugenommen, da Sexspiele besser geworden sind. Die Qualit\u00e4t der Grafiken und Animationen kann nahezu fotorealistisch sein oder einem sehr hochwertigen Zeichentrickfilm \u00e4hneln.","og_url":"https:\/\/pornmate.com\/de\/adultsexgames","og_site_name":"Besten Pornoseiten - Kostenlose Deutsche Pornos | PornMate.com","twitter_card":"summary_large_image","twitter_misc":{"Gesch\u00e4tzte Lesezeit":"2\u00a0Minuten"},"schema":{"@context":"https:\/\/schema.org","@graph":[{"@type":"WebPage","@id":"https:\/\/pornmate.com\/de\/adultsexgames","url":"https:\/\/pornmate.com\/de\/adultsexgames","name":"Adultsexgames und Liste der besten Pornoseiten | PornMate","isPartOf":{"@id":"https:\/\/pornmate.com\/de\/#website"},"datePublished":"2020-03-19T10:56:07+00:00","description":"Die Adultsexgames-Website bietet Ihnen Tausende von qualitativ hochwertigen Sexspielen zum Spielen. W\u00e4hrend das Anschauen von Pornovideos immer Spa\u00df macht, brauchen wir alle manchmal mehr. Interaktive Erfahrungen haben in den letzten Jahren zugenommen, da Sexspiele besser geworden sind. Die Qualit\u00e4t der Grafiken und Animationen kann nahezu fotorealistisch sein oder einem sehr hochwertigen Zeichentrickfilm \u00e4hneln.","breadcrumb":{"@id":"https:\/\/pornmate.com\/de\/adultsexgames#breadcrumb"},"inLanguage":"de","potentialAction":[{"@type":"ReadAction","target":["https:\/\/pornmate.com\/de\/adultsexgames"]}]},{"@type":"BreadcrumbList","@id":"https:\/\/pornmate.com\/de\/adultsexgames#breadcrumb","itemListElement":[{"@type":"ListItem","position":1,"name":"Startseite","item":"https:\/\/pornmate.com\/de"},{"@type":"ListItem","position":2,"name":"Adultsexgames"}]},{"@type":"WebSite","@id":"https:\/\/pornmate.com\/de\/#website","url":"https:\/\/pornmate.com\/de\/","name":"Besten Pornoseiten - Kostenlose Deutsche Pornos | PornMate.com","description":"Kostenlose Pornos, ist Ihr Combo-Verzeichnis der besten gratis Pornoseiten, die Sie finden k\u00f6nnen, und das fantastische Seitenbewertungen, Kostenlose Deutsche sex Biografien von Pornostars und ihre xxx Freie Porno videos unter einem Dach pr\u00e4sentiert.","publisher":{"@id":"https:\/\/pornmate.com\/de\/#organization"},"potentialAction":[{"@type":"SearchAction","target":{"@type":"EntryPoint","urlTemplate":"https:\/\/pornmate.com\/de\/?s={search_term_string}"},"query-input":{"@type":"PropertyValueSpecification","valueRequired":true,"valueName":"search_term_string"}}],"inLanguage":"de"},{"@type":"Organization","@id":"https:\/\/pornmate.com\/de\/#organization","name":"Besten Pornoseiten - Kostenlose Deutsche Pornos | PornMate.com","url":"https:\/\/pornmate.com\/de\/","logo":{"@type":"ImageObject","inLanguage":"de","@id":"https:\/\/pornmate.com\/de\/#\/schema\/logo\/image\/","url":"https:\/\/pornmate.com\/de\/wp-content\/uploads\/2022\/11\/pornmate-1.png","contentUrl":"https:\/\/pornmate.com\/de\/wp-content\/uploads\/2022\/11\/pornmate-1.png","width":203,"height":200,"caption":"Besten Pornoseiten - Kostenlose Deutsche Pornos | PornMate.com"},"image":{"@id":"https:\/\/pornmate.com\/de\/#\/schema\/logo\/image\/"}}]}},"_links":{"self":[{"href":"https:\/\/pornmate.com\/de\/wp-json\/wp\/v2\/pages\/7173","targetHints":{"allow":["GET"]}}],"collection":[{"href":"https:\/\/pornmate.com\/de\/wp-json\/wp\/v2\/pages"}],"about":[{"href":"https:\/\/pornmate.com\/de\/wp-json\/wp\/v2\/types\/page"}],"author":[{"embeddable":true,"href":"https:\/\/pornmate.com\/de\/wp-json\/wp\/v2\/users\/1"}],"replies":[{"embeddable":true,"href":"https:\/\/pornmate.com\/de\/wp-json\/wp\/v2\/comments?post=7173"}],"version-history":[{"count":0,"href":"https:\/\/pornmate.com\/de\/wp-json\/wp\/v2\/pages\/7173\/revisions"}],"wp:attachment":[{"href":"https:\/\/pornmate.com\/de\/wp-json\/wp\/v2\/media?parent=7173"}],"curies":[{"name":"wp","href":"https:\/\/api.w.org\/{rel}","templated":true}]}}