{"id":7175,"date":"2020-03-19T10:58:38","date_gmt":"2020-03-19T10:58:38","guid":{"rendered":"https:\/\/pornmate.com\/?page_id=7175"},"modified":"2020-03-19T10:58:38","modified_gmt":"2020-03-19T10:58:38","slug":"pornhub-vr","status":"publish","type":"page","link":"https:\/\/pornmate.com\/de\/pornhub-vr","title":{"rendered":"Pornhub-vr"},"content":{"rendered":"<p>Pornhub-vr hat eine riesige Sammlung von Reality-Videos, die Sie kostenlos ansehen k\u00f6nnen.<br \/>\nDas VR-Tackle ist ein Turnierfavorit, aber auch f\u00fcr alle Gamer ma\u00dfgeschneidert.<br \/>\nDie virtuelle Realit\u00e4t macht das Erlebnis fast interaktiv, da Sie die Aktion beobachten k\u00f6nnen, wenn Sie dort waren.<br \/>\nAlle VR-Ger\u00e4te werden unterst\u00fctzt, sodass Sie auf keinen Fall alles in zwei Minuten einrichten m\u00fcssen.<br \/>\nDas Sch\u00f6ne an Pornhub-vr.com ist, dass zahlreiche Videos kostenlos sind.<br \/>\nDie Benutzeroberfl\u00e4che ist verst\u00e4ndlich und die Miniaturansichten sind daher bereit, etwas zu erkennen, das Ihnen gefallen wird.<br \/>\nSie k\u00f6nnen alles nach Dauer oder nach Produktion sortieren und sich auf hausgemachte professionelle Inhalte konzentrieren.<br \/>\nEs gibt zahlreiche kostenpflichtige und Premium-Videos, die Sie auch ansehen und herunterladen k\u00f6nnen, um sie immer zu behalten.<br \/>\nUnter den VR-Pornoseiten geh\u00f6rt diese dank gro\u00dfartiger Inhalte und Videos, die eine Aufl\u00f6sung von bis zu 4K bieten, zu den stilvollsten. Dies ist jedoch die Seite, die feststellt, dass Sie die richtige Aufl\u00f6sung getroffen haben, wenn Sie zuvor den Kauf von Ausr\u00fcstung zugelassen haben.<br \/>\nEs ist an der Zeit, dein Porno-Erlebnis auf das n\u00e4chste Level zu bringen!<\/p>\n","protected":false},"excerpt":{"rendered":"<p>Pornhub-vr hat eine riesige Sammlung von Reality-Videos, die Sie kostenlos ansehen k\u00f6nnen. Das VR-Tackle ist ein Turnierfavorit, aber auch f\u00fcr alle Gamer ma\u00dfgeschneidert. Die virtuelle Realit\u00e4t macht das Erlebnis fast interaktiv, da Sie die Aktion beobachten k\u00f6nnen, wenn Sie dort waren. Alle VR-Ger\u00e4te werden unterst\u00fctzt, sodass Sie auf keinen Fall alles in zwei Minuten einrichten [&hellip;]<\/p>\n","protected":false},"author":1,"featured_media":0,"parent":0,"menu_order":0,"comment_status":"closed","ping_status":"closed","template":"page-star-stil.php","meta":{"footnotes":""},"class_list":["post-7175","page","type-page","status-publish","hentry"],"yoast_head":"<!-- This site is optimized with the Yoast SEO plugin v27.4 - https:\/\/yoast.com\/product\/yoast-seo-wordpress\/ -->\n<title>Pornhub-vr und Liste der besten Pornoseiten | PornMate<\/title>\n<meta name=\"description\" content=\"Pornhub-vr hat eine riesige Sammlung von Reality-Videos, die Sie kostenlos ansehen k\u00f6nnen.Das VR-Tackle ist ein Turnierfavorit, aber auch f\u00fcr alle Gamer ma\u00dfgeschneidert.Die virtuelle Realit\u00e4t macht das Erlebnis fast interaktiv, da Sie die Aktion beobachten k\u00f6nnen, wenn Sie dort waren.\" \/>\n<meta name=\"robots\" content=\"index, follow, max-snippet:-1, max-image-preview:large, max-video-preview:-1\" \/>\n<link rel=\"canonical\" href=\"https:\/\/pornmate.com\/de\/pornhub-vr\" \/>\n<meta property=\"og:locale\" content=\"de_DE\" \/>\n<meta property=\"og:type\" content=\"article\" \/>\n<meta property=\"og:title\" content=\"Pornhub-vr und Liste der besten Pornoseiten | PornMate\" \/>\n<meta property=\"og:description\" content=\"Pornhub-vr hat eine riesige Sammlung von Reality-Videos, die Sie kostenlos ansehen k\u00f6nnen.Das VR-Tackle ist ein Turnierfavorit, aber auch f\u00fcr alle Gamer ma\u00dfgeschneidert.Die virtuelle Realit\u00e4t macht das Erlebnis fast interaktiv, da Sie die Aktion beobachten k\u00f6nnen, wenn Sie dort waren.\" \/>\n<meta property=\"og:url\" content=\"https:\/\/pornmate.com\/de\/pornhub-vr\" \/>\n<meta property=\"og:site_name\" content=\"Besten Pornoseiten - Kostenlose Deutsche Pornos | PornMate.com\" \/>\n<meta name=\"twitter:card\" content=\"summary_large_image\" \/>\n<meta name=\"twitter:label1\" content=\"Gesch\u00e4tzte Lesezeit\" \/>\n\t<meta name=\"twitter:data1\" content=\"1\u00a0Minute\" \/>\n<script type=\"application\/ld+json\" class=\"yoast-schema-graph\">{\"@context\":\"https:\\\/\\\/schema.org\",\"@graph\":[{\"@type\":\"WebPage\",\"@id\":\"https:\\\/\\\/pornmate.com\\\/de\\\/pornhub-vr\",\"url\":\"https:\\\/\\\/pornmate.com\\\/de\\\/pornhub-vr\",\"name\":\"Pornhub-vr und Liste der besten Pornoseiten | PornMate\",\"isPartOf\":{\"@id\":\"https:\\\/\\\/pornmate.com\\\/de\\\/#website\"},\"datePublished\":\"2020-03-19T10:58:38+00:00\",\"description\":\"Pornhub-vr hat eine riesige Sammlung von Reality-Videos, die Sie kostenlos ansehen k\u00f6nnen.Das VR-Tackle ist ein Turnierfavorit, aber auch f\u00fcr alle Gamer ma\u00dfgeschneidert.Die virtuelle Realit\u00e4t macht das Erlebnis fast interaktiv, da Sie die Aktion beobachten k\u00f6nnen, wenn Sie dort waren.\",\"breadcrumb\":{\"@id\":\"https:\\\/\\\/pornmate.com\\\/de\\\/pornhub-vr#breadcrumb\"},\"inLanguage\":\"de\",\"potentialAction\":[{\"@type\":\"ReadAction\",\"target\":[\"https:\\\/\\\/pornmate.com\\\/de\\\/pornhub-vr\"]}]},{\"@type\":\"BreadcrumbList\",\"@id\":\"https:\\\/\\\/pornmate.com\\\/de\\\/pornhub-vr#breadcrumb\",\"itemListElement\":[{\"@type\":\"ListItem\",\"position\":1,\"name\":\"Startseite\",\"item\":\"https:\\\/\\\/pornmate.com\\\/de\"},{\"@type\":\"ListItem\",\"position\":2,\"name\":\"Pornhub-vr\"}]},{\"@type\":\"WebSite\",\"@id\":\"https:\\\/\\\/pornmate.com\\\/de\\\/#website\",\"url\":\"https:\\\/\\\/pornmate.com\\\/de\\\/\",\"name\":\"Besten Pornoseiten - Kostenlose Deutsche Pornos | PornMate.com\",\"description\":\"Kostenlose Pornos, ist Ihr Combo-Verzeichnis der besten gratis Pornoseiten, die Sie finden k\u00f6nnen, und das fantastische Seitenbewertungen, Kostenlose Deutsche sex Biografien von Pornostars und ihre xxx Freie Porno videos unter einem Dach pr\u00e4sentiert.\",\"publisher\":{\"@id\":\"https:\\\/\\\/pornmate.com\\\/de\\\/#organization\"},\"potentialAction\":[{\"@type\":\"SearchAction\",\"target\":{\"@type\":\"EntryPoint\",\"urlTemplate\":\"https:\\\/\\\/pornmate.com\\\/de\\\/?s={search_term_string}\"},\"query-input\":{\"@type\":\"PropertyValueSpecification\",\"valueRequired\":true,\"valueName\":\"search_term_string\"}}],\"inLanguage\":\"de\"},{\"@type\":\"Organization\",\"@id\":\"https:\\\/\\\/pornmate.com\\\/de\\\/#organization\",\"name\":\"Besten Pornoseiten - Kostenlose Deutsche Pornos | PornMate.com\",\"url\":\"https:\\\/\\\/pornmate.com\\\/de\\\/\",\"logo\":{\"@type\":\"ImageObject\",\"inLanguage\":\"de\",\"@id\":\"https:\\\/\\\/pornmate.com\\\/de\\\/#\\\/schema\\\/logo\\\/image\\\/\",\"url\":\"https:\\\/\\\/pornmate.com\\\/de\\\/wp-content\\\/uploads\\\/2022\\\/11\\\/pornmate-1.png\",\"contentUrl\":\"https:\\\/\\\/pornmate.com\\\/de\\\/wp-content\\\/uploads\\\/2022\\\/11\\\/pornmate-1.png\",\"width\":203,\"height\":200,\"caption\":\"Besten Pornoseiten - Kostenlose Deutsche Pornos | PornMate.com\"},\"image\":{\"@id\":\"https:\\\/\\\/pornmate.com\\\/de\\\/#\\\/schema\\\/logo\\\/image\\\/\"}}]}<\/script>\n<!-- \/ Yoast SEO plugin. -->","yoast_head_json":{"title":"Pornhub-vr und Liste der besten Pornoseiten | PornMate","description":"Pornhub-vr hat eine riesige Sammlung von Reality-Videos, die Sie kostenlos ansehen k\u00f6nnen.Das VR-Tackle ist ein Turnierfavorit, aber auch f\u00fcr alle Gamer ma\u00dfgeschneidert.Die virtuelle Realit\u00e4t macht das Erlebnis fast interaktiv, da Sie die Aktion beobachten k\u00f6nnen, wenn Sie dort waren.","robots":{"index":"index","follow":"follow","max-snippet":"max-snippet:-1","max-image-preview":"max-image-preview:large","max-video-preview":"max-video-preview:-1"},"canonical":"https:\/\/pornmate.com\/de\/pornhub-vr","og_locale":"de_DE","og_type":"article","og_title":"Pornhub-vr und Liste der besten Pornoseiten | PornMate","og_description":"Pornhub-vr hat eine riesige Sammlung von Reality-Videos, die Sie kostenlos ansehen k\u00f6nnen.Das VR-Tackle ist ein Turnierfavorit, aber auch f\u00fcr alle Gamer ma\u00dfgeschneidert.Die virtuelle Realit\u00e4t macht das Erlebnis fast interaktiv, da Sie die Aktion beobachten k\u00f6nnen, wenn Sie dort waren.","og_url":"https:\/\/pornmate.com\/de\/pornhub-vr","og_site_name":"Besten Pornoseiten - Kostenlose Deutsche Pornos | PornMate.com","twitter_card":"summary_large_image","twitter_misc":{"Gesch\u00e4tzte Lesezeit":"1\u00a0Minute"},"schema":{"@context":"https:\/\/schema.org","@graph":[{"@type":"WebPage","@id":"https:\/\/pornmate.com\/de\/pornhub-vr","url":"https:\/\/pornmate.com\/de\/pornhub-vr","name":"Pornhub-vr und Liste der besten Pornoseiten | PornMate","isPartOf":{"@id":"https:\/\/pornmate.com\/de\/#website"},"datePublished":"2020-03-19T10:58:38+00:00","description":"Pornhub-vr hat eine riesige Sammlung von Reality-Videos, die Sie kostenlos ansehen k\u00f6nnen.Das VR-Tackle ist ein Turnierfavorit, aber auch f\u00fcr alle Gamer ma\u00dfgeschneidert.Die virtuelle Realit\u00e4t macht das Erlebnis fast interaktiv, da Sie die Aktion beobachten k\u00f6nnen, wenn Sie dort waren.","breadcrumb":{"@id":"https:\/\/pornmate.com\/de\/pornhub-vr#breadcrumb"},"inLanguage":"de","potentialAction":[{"@type":"ReadAction","target":["https:\/\/pornmate.com\/de\/pornhub-vr"]}]},{"@type":"BreadcrumbList","@id":"https:\/\/pornmate.com\/de\/pornhub-vr#breadcrumb","itemListElement":[{"@type":"ListItem","position":1,"name":"Startseite","item":"https:\/\/pornmate.com\/de"},{"@type":"ListItem","position":2,"name":"Pornhub-vr"}]},{"@type":"WebSite","@id":"https:\/\/pornmate.com\/de\/#website","url":"https:\/\/pornmate.com\/de\/","name":"Besten Pornoseiten - Kostenlose Deutsche Pornos | PornMate.com","description":"Kostenlose Pornos, ist Ihr Combo-Verzeichnis der besten gratis Pornoseiten, die Sie finden k\u00f6nnen, und das fantastische Seitenbewertungen, Kostenlose Deutsche sex Biografien von Pornostars und ihre xxx Freie Porno videos unter einem Dach pr\u00e4sentiert.","publisher":{"@id":"https:\/\/pornmate.com\/de\/#organization"},"potentialAction":[{"@type":"SearchAction","target":{"@type":"EntryPoint","urlTemplate":"https:\/\/pornmate.com\/de\/?s={search_term_string}"},"query-input":{"@type":"PropertyValueSpecification","valueRequired":true,"valueName":"search_term_string"}}],"inLanguage":"de"},{"@type":"Organization","@id":"https:\/\/pornmate.com\/de\/#organization","name":"Besten Pornoseiten - Kostenlose Deutsche Pornos | PornMate.com","url":"https:\/\/pornmate.com\/de\/","logo":{"@type":"ImageObject","inLanguage":"de","@id":"https:\/\/pornmate.com\/de\/#\/schema\/logo\/image\/","url":"https:\/\/pornmate.com\/de\/wp-content\/uploads\/2022\/11\/pornmate-1.png","contentUrl":"https:\/\/pornmate.com\/de\/wp-content\/uploads\/2022\/11\/pornmate-1.png","width":203,"height":200,"caption":"Besten Pornoseiten - Kostenlose Deutsche Pornos | PornMate.com"},"image":{"@id":"https:\/\/pornmate.com\/de\/#\/schema\/logo\/image\/"}}]}},"_links":{"self":[{"href":"https:\/\/pornmate.com\/de\/wp-json\/wp\/v2\/pages\/7175","targetHints":{"allow":["GET"]}}],"collection":[{"href":"https:\/\/pornmate.com\/de\/wp-json\/wp\/v2\/pages"}],"about":[{"href":"https:\/\/pornmate.com\/de\/wp-json\/wp\/v2\/types\/page"}],"author":[{"embeddable":true,"href":"https:\/\/pornmate.com\/de\/wp-json\/wp\/v2\/users\/1"}],"replies":[{"embeddable":true,"href":"https:\/\/pornmate.com\/de\/wp-json\/wp\/v2\/comments?post=7175"}],"version-history":[{"count":0,"href":"https:\/\/pornmate.com\/de\/wp-json\/wp\/v2\/pages\/7175\/revisions"}],"wp:attachment":[{"href":"https:\/\/pornmate.com\/de\/wp-json\/wp\/v2\/media?parent=7175"}],"curies":[{"name":"wp","href":"https:\/\/api.w.org\/{rel}","templated":true}]}}