{"id":7177,"date":"2020-03-19T11:00:23","date_gmt":"2020-03-19T11:00:23","guid":{"rendered":"https:\/\/pornmate.com\/?page_id=7177"},"modified":"2022-11-26T08:52:15","modified_gmt":"2022-11-26T07:52:15","slug":"gifporntube","status":"publish","type":"page","link":"https:\/\/pornmate.com\/de\/gifporntube","title":{"rendered":"Gifporntube"},"content":{"rendered":"<p>GifPornTube.com ist eine der besten Pornoseiten der Branche. Wenn Sie auf Gifs und andere Filme stehen, die Schlampen zeigen, die gefickt werden oder Schw\u00e4nze lutschen, sind Sie hier genau richtig. Es teilt nicht nur die besten Teen-Pornos, sondern wird aufgrund all der Anal-Porno-Gifs, die Sie hier erwarten k\u00f6nnen, als eine der besten Anal-Pornoseiten eingestuft. GifPornTube ist ein Ort voller Girls, die es lieben, dir ihre Sachen zu zeigen. Von Alexis Fawx bis Leah Gotti, Sie k\u00f6nnen erwarten, dass Sie hier und in Zukunft noch viele weitere Peanuts sehen werden, alle in diesen kurzen, aber s\u00fc\u00dfen Gifs. In Wirklichkeit gibt es wirklich keinen Grund, warum Sie nicht zu GifPornTube.com gehen sollten. Dieser Ort ist voller gro\u00dfartiger Inhalte, die in einer wundersch\u00f6nen Benutzeroberfl\u00e4che verpackt sind, und Sie k\u00f6nnen diesen Ort sogar als eine bessere Version von Porno-Gif-Sites betrachten. Es gibt so viele animierte Gifs, die Sie sich ansehen k\u00f6nnen, und Sie k\u00f6nnen sie danach sortieren, wie gut sie bewertet und wie beliebt sie sind. Probieren Sie sie alle aus, w\u00e4hrend Sie GifPornTube besuchen.<\/p>\n","protected":false},"excerpt":{"rendered":"<p>GifPornTube.com ist eine der besten Pornoseiten der Branche. Wenn Sie auf Gifs und andere Filme stehen, die Schlampen zeigen, die gefickt werden oder Schw\u00e4nze lutschen, sind Sie hier genau richtig. Es teilt nicht nur die besten Teen-Pornos, sondern wird aufgrund all der Anal-Porno-Gifs, die Sie hier erwarten k\u00f6nnen, als eine der besten Anal-Pornoseiten eingestuft. GifPornTube [&hellip;]<\/p>\n","protected":false},"author":1,"featured_media":0,"parent":0,"menu_order":0,"comment_status":"closed","ping_status":"closed","template":"page-star-stil.php","meta":{"footnotes":""},"class_list":["post-7177","page","type-page","status-publish","hentry"],"yoast_head":"<!-- This site is optimized with the Yoast SEO plugin v27.4 - https:\/\/yoast.com\/product\/yoast-seo-wordpress\/ -->\n<title>Gifporntube und Liste der besten Pornoseiten | PornMate<\/title>\n<meta name=\"description\" content=\"GifPornTube.com ist eine der besten Pornoseiten der Branche. Wenn Sie auf Gifs und andere Filme stehen, die Schlampen zeigen, die gefickt werden oder Schw\u00e4nze lutschen, sind Sie hier genau richtig.\" \/>\n<meta name=\"robots\" content=\"index, follow, max-snippet:-1, max-image-preview:large, max-video-preview:-1\" \/>\n<link rel=\"canonical\" href=\"https:\/\/pornmate.com\/de\/gifporntube\" \/>\n<meta property=\"og:locale\" content=\"de_DE\" \/>\n<meta property=\"og:type\" content=\"article\" \/>\n<meta property=\"og:title\" content=\"Gifporntube und Liste der besten Pornoseiten | PornMate\" \/>\n<meta property=\"og:description\" content=\"GifPornTube.com ist eine der besten Pornoseiten der Branche. Wenn Sie auf Gifs und andere Filme stehen, die Schlampen zeigen, die gefickt werden oder Schw\u00e4nze lutschen, sind Sie hier genau richtig.\" \/>\n<meta property=\"og:url\" content=\"https:\/\/pornmate.com\/de\/gifporntube\" \/>\n<meta property=\"og:site_name\" content=\"Besten Pornoseiten - Kostenlose Deutsche Pornos | PornMate.com\" \/>\n<meta property=\"article:modified_time\" content=\"2022-11-26T07:52:15+00:00\" \/>\n<meta name=\"twitter:card\" content=\"summary_large_image\" \/>\n<meta name=\"twitter:label1\" content=\"Gesch\u00e4tzte Lesezeit\" \/>\n\t<meta name=\"twitter:data1\" content=\"1\u00a0Minute\" \/>\n<script type=\"application\/ld+json\" class=\"yoast-schema-graph\">{\"@context\":\"https:\\\/\\\/schema.org\",\"@graph\":[{\"@type\":\"WebPage\",\"@id\":\"https:\\\/\\\/pornmate.com\\\/de\\\/gifporntube\",\"url\":\"https:\\\/\\\/pornmate.com\\\/de\\\/gifporntube\",\"name\":\"Gifporntube und Liste der besten Pornoseiten | PornMate\",\"isPartOf\":{\"@id\":\"https:\\\/\\\/pornmate.com\\\/de\\\/#website\"},\"datePublished\":\"2020-03-19T11:00:23+00:00\",\"dateModified\":\"2022-11-26T07:52:15+00:00\",\"description\":\"GifPornTube.com ist eine der besten Pornoseiten der Branche. Wenn Sie auf Gifs und andere Filme stehen, die Schlampen zeigen, die gefickt werden oder Schw\u00e4nze lutschen, sind Sie hier genau richtig.\",\"breadcrumb\":{\"@id\":\"https:\\\/\\\/pornmate.com\\\/de\\\/gifporntube#breadcrumb\"},\"inLanguage\":\"de\",\"potentialAction\":[{\"@type\":\"ReadAction\",\"target\":[\"https:\\\/\\\/pornmate.com\\\/de\\\/gifporntube\"]}]},{\"@type\":\"BreadcrumbList\",\"@id\":\"https:\\\/\\\/pornmate.com\\\/de\\\/gifporntube#breadcrumb\",\"itemListElement\":[{\"@type\":\"ListItem\",\"position\":1,\"name\":\"Startseite\",\"item\":\"https:\\\/\\\/pornmate.com\\\/de\"},{\"@type\":\"ListItem\",\"position\":2,\"name\":\"Gifporntube\"}]},{\"@type\":\"WebSite\",\"@id\":\"https:\\\/\\\/pornmate.com\\\/de\\\/#website\",\"url\":\"https:\\\/\\\/pornmate.com\\\/de\\\/\",\"name\":\"Besten Pornoseiten - Kostenlose Deutsche Pornos | PornMate.com\",\"description\":\"Kostenlose Pornos, ist Ihr Combo-Verzeichnis der besten gratis Pornoseiten, die Sie finden k\u00f6nnen, und das fantastische Seitenbewertungen, Kostenlose Deutsche sex Biografien von Pornostars und ihre xxx Freie Porno videos unter einem Dach pr\u00e4sentiert.\",\"publisher\":{\"@id\":\"https:\\\/\\\/pornmate.com\\\/de\\\/#organization\"},\"potentialAction\":[{\"@type\":\"SearchAction\",\"target\":{\"@type\":\"EntryPoint\",\"urlTemplate\":\"https:\\\/\\\/pornmate.com\\\/de\\\/?s={search_term_string}\"},\"query-input\":{\"@type\":\"PropertyValueSpecification\",\"valueRequired\":true,\"valueName\":\"search_term_string\"}}],\"inLanguage\":\"de\"},{\"@type\":\"Organization\",\"@id\":\"https:\\\/\\\/pornmate.com\\\/de\\\/#organization\",\"name\":\"Besten Pornoseiten - Kostenlose Deutsche Pornos | PornMate.com\",\"url\":\"https:\\\/\\\/pornmate.com\\\/de\\\/\",\"logo\":{\"@type\":\"ImageObject\",\"inLanguage\":\"de\",\"@id\":\"https:\\\/\\\/pornmate.com\\\/de\\\/#\\\/schema\\\/logo\\\/image\\\/\",\"url\":\"https:\\\/\\\/pornmate.com\\\/de\\\/wp-content\\\/uploads\\\/2022\\\/11\\\/pornmate-1.png\",\"contentUrl\":\"https:\\\/\\\/pornmate.com\\\/de\\\/wp-content\\\/uploads\\\/2022\\\/11\\\/pornmate-1.png\",\"width\":203,\"height\":200,\"caption\":\"Besten Pornoseiten - Kostenlose Deutsche Pornos | PornMate.com\"},\"image\":{\"@id\":\"https:\\\/\\\/pornmate.com\\\/de\\\/#\\\/schema\\\/logo\\\/image\\\/\"}}]}<\/script>\n<!-- \/ Yoast SEO plugin. -->","yoast_head_json":{"title":"Gifporntube und Liste der besten Pornoseiten | PornMate","description":"GifPornTube.com ist eine der besten Pornoseiten der Branche. Wenn Sie auf Gifs und andere Filme stehen, die Schlampen zeigen, die gefickt werden oder Schw\u00e4nze lutschen, sind Sie hier genau richtig.","robots":{"index":"index","follow":"follow","max-snippet":"max-snippet:-1","max-image-preview":"max-image-preview:large","max-video-preview":"max-video-preview:-1"},"canonical":"https:\/\/pornmate.com\/de\/gifporntube","og_locale":"de_DE","og_type":"article","og_title":"Gifporntube und Liste der besten Pornoseiten | PornMate","og_description":"GifPornTube.com ist eine der besten Pornoseiten der Branche. Wenn Sie auf Gifs und andere Filme stehen, die Schlampen zeigen, die gefickt werden oder Schw\u00e4nze lutschen, sind Sie hier genau richtig.","og_url":"https:\/\/pornmate.com\/de\/gifporntube","og_site_name":"Besten Pornoseiten - Kostenlose Deutsche Pornos | PornMate.com","article_modified_time":"2022-11-26T07:52:15+00:00","twitter_card":"summary_large_image","twitter_misc":{"Gesch\u00e4tzte Lesezeit":"1\u00a0Minute"},"schema":{"@context":"https:\/\/schema.org","@graph":[{"@type":"WebPage","@id":"https:\/\/pornmate.com\/de\/gifporntube","url":"https:\/\/pornmate.com\/de\/gifporntube","name":"Gifporntube und Liste der besten Pornoseiten | PornMate","isPartOf":{"@id":"https:\/\/pornmate.com\/de\/#website"},"datePublished":"2020-03-19T11:00:23+00:00","dateModified":"2022-11-26T07:52:15+00:00","description":"GifPornTube.com ist eine der besten Pornoseiten der Branche. Wenn Sie auf Gifs und andere Filme stehen, die Schlampen zeigen, die gefickt werden oder Schw\u00e4nze lutschen, sind Sie hier genau richtig.","breadcrumb":{"@id":"https:\/\/pornmate.com\/de\/gifporntube#breadcrumb"},"inLanguage":"de","potentialAction":[{"@type":"ReadAction","target":["https:\/\/pornmate.com\/de\/gifporntube"]}]},{"@type":"BreadcrumbList","@id":"https:\/\/pornmate.com\/de\/gifporntube#breadcrumb","itemListElement":[{"@type":"ListItem","position":1,"name":"Startseite","item":"https:\/\/pornmate.com\/de"},{"@type":"ListItem","position":2,"name":"Gifporntube"}]},{"@type":"WebSite","@id":"https:\/\/pornmate.com\/de\/#website","url":"https:\/\/pornmate.com\/de\/","name":"Besten Pornoseiten - Kostenlose Deutsche Pornos | PornMate.com","description":"Kostenlose Pornos, ist Ihr Combo-Verzeichnis der besten gratis Pornoseiten, die Sie finden k\u00f6nnen, und das fantastische Seitenbewertungen, Kostenlose Deutsche sex Biografien von Pornostars und ihre xxx Freie Porno videos unter einem Dach pr\u00e4sentiert.","publisher":{"@id":"https:\/\/pornmate.com\/de\/#organization"},"potentialAction":[{"@type":"SearchAction","target":{"@type":"EntryPoint","urlTemplate":"https:\/\/pornmate.com\/de\/?s={search_term_string}"},"query-input":{"@type":"PropertyValueSpecification","valueRequired":true,"valueName":"search_term_string"}}],"inLanguage":"de"},{"@type":"Organization","@id":"https:\/\/pornmate.com\/de\/#organization","name":"Besten Pornoseiten - Kostenlose Deutsche Pornos | PornMate.com","url":"https:\/\/pornmate.com\/de\/","logo":{"@type":"ImageObject","inLanguage":"de","@id":"https:\/\/pornmate.com\/de\/#\/schema\/logo\/image\/","url":"https:\/\/pornmate.com\/de\/wp-content\/uploads\/2022\/11\/pornmate-1.png","contentUrl":"https:\/\/pornmate.com\/de\/wp-content\/uploads\/2022\/11\/pornmate-1.png","width":203,"height":200,"caption":"Besten Pornoseiten - Kostenlose Deutsche Pornos | PornMate.com"},"image":{"@id":"https:\/\/pornmate.com\/de\/#\/schema\/logo\/image\/"}}]}},"_links":{"self":[{"href":"https:\/\/pornmate.com\/de\/wp-json\/wp\/v2\/pages\/7177","targetHints":{"allow":["GET"]}}],"collection":[{"href":"https:\/\/pornmate.com\/de\/wp-json\/wp\/v2\/pages"}],"about":[{"href":"https:\/\/pornmate.com\/de\/wp-json\/wp\/v2\/types\/page"}],"author":[{"embeddable":true,"href":"https:\/\/pornmate.com\/de\/wp-json\/wp\/v2\/users\/1"}],"replies":[{"embeddable":true,"href":"https:\/\/pornmate.com\/de\/wp-json\/wp\/v2\/comments?post=7177"}],"version-history":[{"count":0,"href":"https:\/\/pornmate.com\/de\/wp-json\/wp\/v2\/pages\/7177\/revisions"}],"wp:attachment":[{"href":"https:\/\/pornmate.com\/de\/wp-json\/wp\/v2\/media?parent=7177"}],"curies":[{"name":"wp","href":"https:\/\/api.w.org\/{rel}","templated":true}]}}