{"id":7181,"date":"2020-03-19T11:05:24","date_gmt":"2020-03-19T11:05:24","guid":{"rendered":"https:\/\/pornmate.com\/?page_id=7181"},"modified":"2020-03-19T11:05:24","modified_gmt":"2020-03-19T11:05:24","slug":"sexstories","status":"publish","type":"page","link":"https:\/\/pornmate.com\/de\/sexstories","title":{"rendered":"Sexstories"},"content":{"rendered":"<p>SexStories.com ist die Seite mit den besten Sexgeschichten im Internet. Wenn Sie jemand sind, der sich gerne mit einem guten Buch beruhigt und entspannt, werden Sie Sexgeschichten lieben. Nicht nur das, wenn Sie eine lebhafte Vorstellungskraft haben, k\u00f6nnen Sie erwarten, dass diese Sexgeschichten wundersch\u00f6ne Bilder in Ihrem Kopf malen und sie in Ihrem Kopf rekonstruieren. Wir sprechen \u00fcber Arten, von denen Sie noch nie getr\u00e4umt haben. Es gibt alle Arten von Fetischen da drau\u00dfen, und in den Tausenden und Abertausenden von Sexgeschichten, die SexStories seinen Nutzern bietet, gibt es noch keine Nische, die es zu erforschen gilt. Tats\u00e4chlich w\u00e4re es genauer, Hunderttausende von Geschichten zu sagen. Also warten Sie besser darauf, dass es das Beste ist, was Sie bekommen k\u00f6nnen, wenn es um dieses Genre und Pornounterhaltung geht. Sie k\u00f6nnen auch Fanfiction-Geschichten einiger beliebter Pornostars wie Ava Addams, Tori Black, Sunny Leone und so weiter lesen. In diesen Geschichten ist alles vorhanden, und wenn Sie Ihrer Fantasie freien Lauf lassen, k\u00f6nnen Sie alles durchdenken, was der Autor beabsichtigt hat, und es noch mehr genie\u00dfen. Es ist ein tolles Gef\u00fchl, wenn Sie SexStories.com erkunden.<\/p>\n","protected":false},"excerpt":{"rendered":"<p>SexStories.com ist die Seite mit den besten Sexgeschichten im Internet. Wenn Sie jemand sind, der sich gerne mit einem guten Buch beruhigt und entspannt, werden Sie Sexgeschichten lieben. Nicht nur das, wenn Sie eine lebhafte Vorstellungskraft haben, k\u00f6nnen Sie erwarten, dass diese Sexgeschichten wundersch\u00f6ne Bilder in Ihrem Kopf malen und sie in Ihrem Kopf rekonstruieren. [&hellip;]<\/p>\n","protected":false},"author":1,"featured_media":0,"parent":0,"menu_order":0,"comment_status":"closed","ping_status":"closed","template":"page-star-stil.php","meta":{"footnotes":""},"class_list":["post-7181","page","type-page","status-publish","hentry"],"yoast_head":"<!-- This site is optimized with the Yoast SEO plugin v27.4 - https:\/\/yoast.com\/product\/yoast-seo-wordpress\/ -->\n<title>Sexstories und Liste der besten Pornoseiten | PornMate<\/title>\n<meta name=\"description\" content=\"SexStories.com ist die Seite mit den besten Sexgeschichten im Internet. Wenn Sie jemand sind, der sich gerne mit einem guten Buch beruhigt und entspannt, werden Sie Sexgeschichten lieben.\" \/>\n<meta name=\"robots\" content=\"index, follow, max-snippet:-1, max-image-preview:large, max-video-preview:-1\" \/>\n<link rel=\"canonical\" href=\"https:\/\/pornmate.com\/de\/sexstories\" \/>\n<meta property=\"og:locale\" content=\"de_DE\" \/>\n<meta property=\"og:type\" content=\"article\" \/>\n<meta property=\"og:title\" content=\"Sexstories und Liste der besten Pornoseiten | PornMate\" \/>\n<meta property=\"og:description\" content=\"SexStories.com ist die Seite mit den besten Sexgeschichten im Internet. Wenn Sie jemand sind, der sich gerne mit einem guten Buch beruhigt und entspannt, werden Sie Sexgeschichten lieben.\" \/>\n<meta property=\"og:url\" content=\"https:\/\/pornmate.com\/de\/sexstories\" \/>\n<meta property=\"og:site_name\" content=\"Besten Pornoseiten - Kostenlose Deutsche Pornos | PornMate.com\" \/>\n<meta name=\"twitter:card\" content=\"summary_large_image\" \/>\n<meta name=\"twitter:label1\" content=\"Gesch\u00e4tzte Lesezeit\" \/>\n\t<meta name=\"twitter:data1\" content=\"2\u00a0Minuten\" \/>\n<script type=\"application\/ld+json\" class=\"yoast-schema-graph\">{\"@context\":\"https:\\\/\\\/schema.org\",\"@graph\":[{\"@type\":\"WebPage\",\"@id\":\"https:\\\/\\\/pornmate.com\\\/de\\\/sexstories\",\"url\":\"https:\\\/\\\/pornmate.com\\\/de\\\/sexstories\",\"name\":\"Sexstories und Liste der besten Pornoseiten | PornMate\",\"isPartOf\":{\"@id\":\"https:\\\/\\\/pornmate.com\\\/de\\\/#website\"},\"datePublished\":\"2020-03-19T11:05:24+00:00\",\"description\":\"SexStories.com ist die Seite mit den besten Sexgeschichten im Internet. Wenn Sie jemand sind, der sich gerne mit einem guten Buch beruhigt und entspannt, werden Sie Sexgeschichten lieben.\",\"breadcrumb\":{\"@id\":\"https:\\\/\\\/pornmate.com\\\/de\\\/sexstories#breadcrumb\"},\"inLanguage\":\"de\",\"potentialAction\":[{\"@type\":\"ReadAction\",\"target\":[\"https:\\\/\\\/pornmate.com\\\/de\\\/sexstories\"]}]},{\"@type\":\"BreadcrumbList\",\"@id\":\"https:\\\/\\\/pornmate.com\\\/de\\\/sexstories#breadcrumb\",\"itemListElement\":[{\"@type\":\"ListItem\",\"position\":1,\"name\":\"Startseite\",\"item\":\"https:\\\/\\\/pornmate.com\\\/de\"},{\"@type\":\"ListItem\",\"position\":2,\"name\":\"Sexstories\"}]},{\"@type\":\"WebSite\",\"@id\":\"https:\\\/\\\/pornmate.com\\\/de\\\/#website\",\"url\":\"https:\\\/\\\/pornmate.com\\\/de\\\/\",\"name\":\"Besten Pornoseiten - Kostenlose Deutsche Pornos | PornMate.com\",\"description\":\"Kostenlose Pornos, ist Ihr Combo-Verzeichnis der besten gratis Pornoseiten, die Sie finden k\u00f6nnen, und das fantastische Seitenbewertungen, Kostenlose Deutsche sex Biografien von Pornostars und ihre xxx Freie Porno videos unter einem Dach pr\u00e4sentiert.\",\"publisher\":{\"@id\":\"https:\\\/\\\/pornmate.com\\\/de\\\/#organization\"},\"potentialAction\":[{\"@type\":\"SearchAction\",\"target\":{\"@type\":\"EntryPoint\",\"urlTemplate\":\"https:\\\/\\\/pornmate.com\\\/de\\\/?s={search_term_string}\"},\"query-input\":{\"@type\":\"PropertyValueSpecification\",\"valueRequired\":true,\"valueName\":\"search_term_string\"}}],\"inLanguage\":\"de\"},{\"@type\":\"Organization\",\"@id\":\"https:\\\/\\\/pornmate.com\\\/de\\\/#organization\",\"name\":\"Besten Pornoseiten - Kostenlose Deutsche Pornos | PornMate.com\",\"url\":\"https:\\\/\\\/pornmate.com\\\/de\\\/\",\"logo\":{\"@type\":\"ImageObject\",\"inLanguage\":\"de\",\"@id\":\"https:\\\/\\\/pornmate.com\\\/de\\\/#\\\/schema\\\/logo\\\/image\\\/\",\"url\":\"https:\\\/\\\/pornmate.com\\\/de\\\/wp-content\\\/uploads\\\/2022\\\/11\\\/pornmate-1.png\",\"contentUrl\":\"https:\\\/\\\/pornmate.com\\\/de\\\/wp-content\\\/uploads\\\/2022\\\/11\\\/pornmate-1.png\",\"width\":203,\"height\":200,\"caption\":\"Besten Pornoseiten - Kostenlose Deutsche Pornos | PornMate.com\"},\"image\":{\"@id\":\"https:\\\/\\\/pornmate.com\\\/de\\\/#\\\/schema\\\/logo\\\/image\\\/\"}}]}<\/script>\n<!-- \/ Yoast SEO plugin. -->","yoast_head_json":{"title":"Sexstories und Liste der besten Pornoseiten | PornMate","description":"SexStories.com ist die Seite mit den besten Sexgeschichten im Internet. Wenn Sie jemand sind, der sich gerne mit einem guten Buch beruhigt und entspannt, werden Sie Sexgeschichten lieben.","robots":{"index":"index","follow":"follow","max-snippet":"max-snippet:-1","max-image-preview":"max-image-preview:large","max-video-preview":"max-video-preview:-1"},"canonical":"https:\/\/pornmate.com\/de\/sexstories","og_locale":"de_DE","og_type":"article","og_title":"Sexstories und Liste der besten Pornoseiten | PornMate","og_description":"SexStories.com ist die Seite mit den besten Sexgeschichten im Internet. Wenn Sie jemand sind, der sich gerne mit einem guten Buch beruhigt und entspannt, werden Sie Sexgeschichten lieben.","og_url":"https:\/\/pornmate.com\/de\/sexstories","og_site_name":"Besten Pornoseiten - Kostenlose Deutsche Pornos | PornMate.com","twitter_card":"summary_large_image","twitter_misc":{"Gesch\u00e4tzte Lesezeit":"2\u00a0Minuten"},"schema":{"@context":"https:\/\/schema.org","@graph":[{"@type":"WebPage","@id":"https:\/\/pornmate.com\/de\/sexstories","url":"https:\/\/pornmate.com\/de\/sexstories","name":"Sexstories und Liste der besten Pornoseiten | PornMate","isPartOf":{"@id":"https:\/\/pornmate.com\/de\/#website"},"datePublished":"2020-03-19T11:05:24+00:00","description":"SexStories.com ist die Seite mit den besten Sexgeschichten im Internet. Wenn Sie jemand sind, der sich gerne mit einem guten Buch beruhigt und entspannt, werden Sie Sexgeschichten lieben.","breadcrumb":{"@id":"https:\/\/pornmate.com\/de\/sexstories#breadcrumb"},"inLanguage":"de","potentialAction":[{"@type":"ReadAction","target":["https:\/\/pornmate.com\/de\/sexstories"]}]},{"@type":"BreadcrumbList","@id":"https:\/\/pornmate.com\/de\/sexstories#breadcrumb","itemListElement":[{"@type":"ListItem","position":1,"name":"Startseite","item":"https:\/\/pornmate.com\/de"},{"@type":"ListItem","position":2,"name":"Sexstories"}]},{"@type":"WebSite","@id":"https:\/\/pornmate.com\/de\/#website","url":"https:\/\/pornmate.com\/de\/","name":"Besten Pornoseiten - Kostenlose Deutsche Pornos | PornMate.com","description":"Kostenlose Pornos, ist Ihr Combo-Verzeichnis der besten gratis Pornoseiten, die Sie finden k\u00f6nnen, und das fantastische Seitenbewertungen, Kostenlose Deutsche sex Biografien von Pornostars und ihre xxx Freie Porno videos unter einem Dach pr\u00e4sentiert.","publisher":{"@id":"https:\/\/pornmate.com\/de\/#organization"},"potentialAction":[{"@type":"SearchAction","target":{"@type":"EntryPoint","urlTemplate":"https:\/\/pornmate.com\/de\/?s={search_term_string}"},"query-input":{"@type":"PropertyValueSpecification","valueRequired":true,"valueName":"search_term_string"}}],"inLanguage":"de"},{"@type":"Organization","@id":"https:\/\/pornmate.com\/de\/#organization","name":"Besten Pornoseiten - Kostenlose Deutsche Pornos | PornMate.com","url":"https:\/\/pornmate.com\/de\/","logo":{"@type":"ImageObject","inLanguage":"de","@id":"https:\/\/pornmate.com\/de\/#\/schema\/logo\/image\/","url":"https:\/\/pornmate.com\/de\/wp-content\/uploads\/2022\/11\/pornmate-1.png","contentUrl":"https:\/\/pornmate.com\/de\/wp-content\/uploads\/2022\/11\/pornmate-1.png","width":203,"height":200,"caption":"Besten Pornoseiten - Kostenlose Deutsche Pornos | PornMate.com"},"image":{"@id":"https:\/\/pornmate.com\/de\/#\/schema\/logo\/image\/"}}]}},"_links":{"self":[{"href":"https:\/\/pornmate.com\/de\/wp-json\/wp\/v2\/pages\/7181","targetHints":{"allow":["GET"]}}],"collection":[{"href":"https:\/\/pornmate.com\/de\/wp-json\/wp\/v2\/pages"}],"about":[{"href":"https:\/\/pornmate.com\/de\/wp-json\/wp\/v2\/types\/page"}],"author":[{"embeddable":true,"href":"https:\/\/pornmate.com\/de\/wp-json\/wp\/v2\/users\/1"}],"replies":[{"embeddable":true,"href":"https:\/\/pornmate.com\/de\/wp-json\/wp\/v2\/comments?post=7181"}],"version-history":[{"count":0,"href":"https:\/\/pornmate.com\/de\/wp-json\/wp\/v2\/pages\/7181\/revisions"}],"wp:attachment":[{"href":"https:\/\/pornmate.com\/de\/wp-json\/wp\/v2\/media?parent=7181"}],"curies":[{"name":"wp","href":"https:\/\/api.w.org\/{rel}","templated":true}]}}