{"id":7183,"date":"2020-03-19T11:07:35","date_gmt":"2020-03-19T11:07:35","guid":{"rendered":"https:\/\/pornmate.com\/?page_id=7183"},"modified":"2020-03-19T11:07:35","modified_gmt":"2020-03-19T11:07:35","slug":"virtualreality4porn","status":"publish","type":"page","link":"https:\/\/pornmate.com\/de\/virtualreality4porn","title":{"rendered":"Virtualreality4porn"},"content":{"rendered":"<p>VirtualReality4Porn.com ist die Nummer eins, wenn Sie sich nach VR-Pornos sehnen.<br \/>\nEs gibt zahlreiche Gr\u00fcnde, warum Sie sich andere VR-Pornoseiten ansehen, aber diese ist die mit ihren unz\u00e4hligen \u00fcberraschenden Pornostars in einigen der hei\u00dfesten Szenen, die man sich vorstellen kann.<br \/>\nDie Benutzeroberfl\u00e4che ist hochmodern und funktioniert hervorragend mit netten Animationen.<br \/>\nDar\u00fcber hinaus haben Sie einige sch\u00f6ne Arbeiten in diesen VR-Videos, die VirtualReality4Porn zu bieten hat.<br \/>\nZum Beispiel hast du M\u00e4dchen wie Jasmine Jae, Rhoades, Megan Rain, Katrina Jade, Amirah Adara, Jill Kassidy,<br \/>\nDiese wundersch\u00f6nen Pornostars sind nur einer aus einer langen Liste von Pornostar-Namen, die die Rolle Ihrer Ritualschlampe \u00fcbernommen haben, die Sie durch Ihr VR-Headset ficken werden.<br \/>\nWenn du dir diese Videos ansiehst, ist es, als w\u00e4rst du mit diesen Schlampen dabei.<br \/>\nEs ist, als w\u00fcrden sie jede Sekunde des Films auf den Schwanz springen und dir einen blasen. Dies ist ein Durchbruch in der Unterhaltung f\u00fcr Erwachsene, und seien Sie nicht \u00fcberrascht, wenn es in Zukunft vollst\u00e4ndig \u00fcbernommen wird.<br \/>\nSchauen Sie sich jetzt VirtualReality4Porn.com an!<\/p>\n","protected":false},"excerpt":{"rendered":"<p>VirtualReality4Porn.com ist die Nummer eins, wenn Sie sich nach VR-Pornos sehnen. Es gibt zahlreiche Gr\u00fcnde, warum Sie sich andere VR-Pornoseiten ansehen, aber diese ist die mit ihren unz\u00e4hligen \u00fcberraschenden Pornostars in einigen der hei\u00dfesten Szenen, die man sich vorstellen kann. Die Benutzeroberfl\u00e4che ist hochmodern und funktioniert hervorragend mit netten Animationen. Dar\u00fcber hinaus haben Sie einige [&hellip;]<\/p>\n","protected":false},"author":1,"featured_media":0,"parent":0,"menu_order":0,"comment_status":"closed","ping_status":"closed","template":"page-star-stil.php","meta":{"footnotes":""},"class_list":["post-7183","page","type-page","status-publish","hentry"],"yoast_head":"<!-- This site is optimized with the Yoast SEO plugin v27.4 - https:\/\/yoast.com\/product\/yoast-seo-wordpress\/ -->\n<title>Virtualreality4porn und Liste der besten Pornoseiten | PornMate<\/title>\n<meta name=\"description\" content=\"VirtualReality4Porn.com ist die Nummer eins, wenn Sie sich nach VR-Pornos sehnen.\" \/>\n<meta name=\"robots\" content=\"index, follow, max-snippet:-1, max-image-preview:large, max-video-preview:-1\" \/>\n<link rel=\"canonical\" href=\"https:\/\/pornmate.com\/de\/virtualreality4porn\" \/>\n<meta property=\"og:locale\" content=\"de_DE\" \/>\n<meta property=\"og:type\" content=\"article\" \/>\n<meta property=\"og:title\" content=\"Virtualreality4porn und Liste der besten Pornoseiten | PornMate\" \/>\n<meta property=\"og:description\" content=\"VirtualReality4Porn.com ist die Nummer eins, wenn Sie sich nach VR-Pornos sehnen.\" \/>\n<meta property=\"og:url\" content=\"https:\/\/pornmate.com\/de\/virtualreality4porn\" \/>\n<meta property=\"og:site_name\" content=\"Besten Pornoseiten - Kostenlose Deutsche Pornos | PornMate.com\" \/>\n<meta name=\"twitter:card\" content=\"summary_large_image\" \/>\n<meta name=\"twitter:label1\" content=\"Gesch\u00e4tzte Lesezeit\" \/>\n\t<meta name=\"twitter:data1\" content=\"1\u00a0Minute\" \/>\n<script type=\"application\/ld+json\" class=\"yoast-schema-graph\">{\"@context\":\"https:\\\/\\\/schema.org\",\"@graph\":[{\"@type\":\"WebPage\",\"@id\":\"https:\\\/\\\/pornmate.com\\\/de\\\/virtualreality4porn\",\"url\":\"https:\\\/\\\/pornmate.com\\\/de\\\/virtualreality4porn\",\"name\":\"Virtualreality4porn und Liste der besten Pornoseiten | PornMate\",\"isPartOf\":{\"@id\":\"https:\\\/\\\/pornmate.com\\\/de\\\/#website\"},\"datePublished\":\"2020-03-19T11:07:35+00:00\",\"description\":\"VirtualReality4Porn.com ist die Nummer eins, wenn Sie sich nach VR-Pornos sehnen.\",\"breadcrumb\":{\"@id\":\"https:\\\/\\\/pornmate.com\\\/de\\\/virtualreality4porn#breadcrumb\"},\"inLanguage\":\"de\",\"potentialAction\":[{\"@type\":\"ReadAction\",\"target\":[\"https:\\\/\\\/pornmate.com\\\/de\\\/virtualreality4porn\"]}]},{\"@type\":\"BreadcrumbList\",\"@id\":\"https:\\\/\\\/pornmate.com\\\/de\\\/virtualreality4porn#breadcrumb\",\"itemListElement\":[{\"@type\":\"ListItem\",\"position\":1,\"name\":\"Startseite\",\"item\":\"https:\\\/\\\/pornmate.com\\\/de\"},{\"@type\":\"ListItem\",\"position\":2,\"name\":\"Virtualreality4porn\"}]},{\"@type\":\"WebSite\",\"@id\":\"https:\\\/\\\/pornmate.com\\\/de\\\/#website\",\"url\":\"https:\\\/\\\/pornmate.com\\\/de\\\/\",\"name\":\"Besten Pornoseiten - Kostenlose Deutsche Pornos | PornMate.com\",\"description\":\"Kostenlose Pornos, ist Ihr Combo-Verzeichnis der besten gratis Pornoseiten, die Sie finden k\u00f6nnen, und das fantastische Seitenbewertungen, Kostenlose Deutsche sex Biografien von Pornostars und ihre xxx Freie Porno videos unter einem Dach pr\u00e4sentiert.\",\"publisher\":{\"@id\":\"https:\\\/\\\/pornmate.com\\\/de\\\/#organization\"},\"potentialAction\":[{\"@type\":\"SearchAction\",\"target\":{\"@type\":\"EntryPoint\",\"urlTemplate\":\"https:\\\/\\\/pornmate.com\\\/de\\\/?s={search_term_string}\"},\"query-input\":{\"@type\":\"PropertyValueSpecification\",\"valueRequired\":true,\"valueName\":\"search_term_string\"}}],\"inLanguage\":\"de\"},{\"@type\":\"Organization\",\"@id\":\"https:\\\/\\\/pornmate.com\\\/de\\\/#organization\",\"name\":\"Besten Pornoseiten - Kostenlose Deutsche Pornos | PornMate.com\",\"url\":\"https:\\\/\\\/pornmate.com\\\/de\\\/\",\"logo\":{\"@type\":\"ImageObject\",\"inLanguage\":\"de\",\"@id\":\"https:\\\/\\\/pornmate.com\\\/de\\\/#\\\/schema\\\/logo\\\/image\\\/\",\"url\":\"https:\\\/\\\/pornmate.com\\\/de\\\/wp-content\\\/uploads\\\/2022\\\/11\\\/pornmate-1.png\",\"contentUrl\":\"https:\\\/\\\/pornmate.com\\\/de\\\/wp-content\\\/uploads\\\/2022\\\/11\\\/pornmate-1.png\",\"width\":203,\"height\":200,\"caption\":\"Besten Pornoseiten - Kostenlose Deutsche Pornos | PornMate.com\"},\"image\":{\"@id\":\"https:\\\/\\\/pornmate.com\\\/de\\\/#\\\/schema\\\/logo\\\/image\\\/\"}}]}<\/script>\n<!-- \/ Yoast SEO plugin. -->","yoast_head_json":{"title":"Virtualreality4porn und Liste der besten Pornoseiten | PornMate","description":"VirtualReality4Porn.com ist die Nummer eins, wenn Sie sich nach VR-Pornos sehnen.","robots":{"index":"index","follow":"follow","max-snippet":"max-snippet:-1","max-image-preview":"max-image-preview:large","max-video-preview":"max-video-preview:-1"},"canonical":"https:\/\/pornmate.com\/de\/virtualreality4porn","og_locale":"de_DE","og_type":"article","og_title":"Virtualreality4porn und Liste der besten Pornoseiten | PornMate","og_description":"VirtualReality4Porn.com ist die Nummer eins, wenn Sie sich nach VR-Pornos sehnen.","og_url":"https:\/\/pornmate.com\/de\/virtualreality4porn","og_site_name":"Besten Pornoseiten - Kostenlose Deutsche Pornos | PornMate.com","twitter_card":"summary_large_image","twitter_misc":{"Gesch\u00e4tzte Lesezeit":"1\u00a0Minute"},"schema":{"@context":"https:\/\/schema.org","@graph":[{"@type":"WebPage","@id":"https:\/\/pornmate.com\/de\/virtualreality4porn","url":"https:\/\/pornmate.com\/de\/virtualreality4porn","name":"Virtualreality4porn und Liste der besten Pornoseiten | PornMate","isPartOf":{"@id":"https:\/\/pornmate.com\/de\/#website"},"datePublished":"2020-03-19T11:07:35+00:00","description":"VirtualReality4Porn.com ist die Nummer eins, wenn Sie sich nach VR-Pornos sehnen.","breadcrumb":{"@id":"https:\/\/pornmate.com\/de\/virtualreality4porn#breadcrumb"},"inLanguage":"de","potentialAction":[{"@type":"ReadAction","target":["https:\/\/pornmate.com\/de\/virtualreality4porn"]}]},{"@type":"BreadcrumbList","@id":"https:\/\/pornmate.com\/de\/virtualreality4porn#breadcrumb","itemListElement":[{"@type":"ListItem","position":1,"name":"Startseite","item":"https:\/\/pornmate.com\/de"},{"@type":"ListItem","position":2,"name":"Virtualreality4porn"}]},{"@type":"WebSite","@id":"https:\/\/pornmate.com\/de\/#website","url":"https:\/\/pornmate.com\/de\/","name":"Besten Pornoseiten - Kostenlose Deutsche Pornos | PornMate.com","description":"Kostenlose Pornos, ist Ihr Combo-Verzeichnis der besten gratis Pornoseiten, die Sie finden k\u00f6nnen, und das fantastische Seitenbewertungen, Kostenlose Deutsche sex Biografien von Pornostars und ihre xxx Freie Porno videos unter einem Dach pr\u00e4sentiert.","publisher":{"@id":"https:\/\/pornmate.com\/de\/#organization"},"potentialAction":[{"@type":"SearchAction","target":{"@type":"EntryPoint","urlTemplate":"https:\/\/pornmate.com\/de\/?s={search_term_string}"},"query-input":{"@type":"PropertyValueSpecification","valueRequired":true,"valueName":"search_term_string"}}],"inLanguage":"de"},{"@type":"Organization","@id":"https:\/\/pornmate.com\/de\/#organization","name":"Besten Pornoseiten - Kostenlose Deutsche Pornos | PornMate.com","url":"https:\/\/pornmate.com\/de\/","logo":{"@type":"ImageObject","inLanguage":"de","@id":"https:\/\/pornmate.com\/de\/#\/schema\/logo\/image\/","url":"https:\/\/pornmate.com\/de\/wp-content\/uploads\/2022\/11\/pornmate-1.png","contentUrl":"https:\/\/pornmate.com\/de\/wp-content\/uploads\/2022\/11\/pornmate-1.png","width":203,"height":200,"caption":"Besten Pornoseiten - Kostenlose Deutsche Pornos | PornMate.com"},"image":{"@id":"https:\/\/pornmate.com\/de\/#\/schema\/logo\/image\/"}}]}},"_links":{"self":[{"href":"https:\/\/pornmate.com\/de\/wp-json\/wp\/v2\/pages\/7183","targetHints":{"allow":["GET"]}}],"collection":[{"href":"https:\/\/pornmate.com\/de\/wp-json\/wp\/v2\/pages"}],"about":[{"href":"https:\/\/pornmate.com\/de\/wp-json\/wp\/v2\/types\/page"}],"author":[{"embeddable":true,"href":"https:\/\/pornmate.com\/de\/wp-json\/wp\/v2\/users\/1"}],"replies":[{"embeddable":true,"href":"https:\/\/pornmate.com\/de\/wp-json\/wp\/v2\/comments?post=7183"}],"version-history":[{"count":0,"href":"https:\/\/pornmate.com\/de\/wp-json\/wp\/v2\/pages\/7183\/revisions"}],"wp:attachment":[{"href":"https:\/\/pornmate.com\/de\/wp-json\/wp\/v2\/media?parent=7183"}],"curies":[{"name":"wp","href":"https:\/\/api.w.org\/{rel}","templated":true}]}}