{"id":7185,"date":"2020-03-19T11:10:53","date_gmt":"2020-03-19T11:10:53","guid":{"rendered":"https:\/\/pornmate.com\/?page_id=7185"},"modified":"2020-03-19T11:10:53","modified_gmt":"2020-03-19T11:10:53","slug":"angelsx","status":"publish","type":"page","link":"https:\/\/pornmate.com\/de\/angelsx","title":{"rendered":"AngelsX.com"},"content":{"rendered":"<p>AngelsX, eine faszinierende Tube-Site, ist eine der gr\u00f6\u00dften und beliebtesten Produktionen in der Erotikbranche. Und es ist auch in der Kategorie der kostenlosen Tube-Pornoseiten, was bedeutet, dass Sie alle seine Videos ansehen k\u00f6nnen, wann immer Sie wollen, ohne einen einzigen Cent zu bezahlen. Wenn Sie ein Video auf AngelsX.com hochladen, werden Sie m\u00f6glicherweise auf eine kurze Werbung sto\u00dfen, aber keine gro\u00dfe Sache, dies ist ein kleiner Preis, den Sie f\u00fcr exklusive Inhalte zahlen m\u00fcssen. Mit Namen wie Sunny Leone, Madison Ivy, Rachel Starr und anderen wissen Sie wie viele andere, dass ihre Videos sehenswert sind. Die Zielseite hat ein sehr einfaches und n\u00fctzliches Design. Die Videos, die gerade angesehen werden, werden Ihnen sofort angezeigt, oder Sie k\u00f6nnen nach unten scrollen und fast alle zuletzt hochgeladenen sehen. Wenn Sie spezifischere Bed\u00fcrfnisse haben, gibt es eine umfangreiche Liste von Pornostars, aus der Sie denjenigen ausw\u00e4hlen k\u00f6nnen, der am besten zu Ihnen passt. Sie haben auch alle ihre Inhalte nach Herkunft getrennt, sodass Sie sich Videos von Brazzers, Mofos, Joymii, Blacked und vielen anderen Premium-Pornoseiten ansehen k\u00f6nnen.<\/p>\n","protected":false},"excerpt":{"rendered":"<p>AngelsX, eine faszinierende Tube-Site, ist eine der gr\u00f6\u00dften und beliebtesten Produktionen in der Erotikbranche. Und es ist auch in der Kategorie der kostenlosen Tube-Pornoseiten, was bedeutet, dass Sie alle seine Videos ansehen k\u00f6nnen, wann immer Sie wollen, ohne einen einzigen Cent zu bezahlen. Wenn Sie ein Video auf AngelsX.com hochladen, werden Sie m\u00f6glicherweise auf eine [&hellip;]<\/p>\n","protected":false},"author":1,"featured_media":0,"parent":0,"menu_order":0,"comment_status":"closed","ping_status":"closed","template":"page-star-stil.php","meta":{"footnotes":""},"class_list":["post-7185","page","type-page","status-publish","hentry"],"yoast_head":"<!-- This site is optimized with the Yoast SEO plugin v27.2 - https:\/\/yoast.com\/product\/yoast-seo-wordpress\/ -->\n<title>AngelsX.com und Liste der besten Pornoseiten | PornMate<\/title>\n<meta name=\"description\" content=\"AngelsX, eine faszinierende Tube-Site, ist eine der gr\u00f6\u00dften und beliebtesten Produktionen in der Erotikbranche.\" \/>\n<meta name=\"robots\" content=\"index, follow, max-snippet:-1, max-image-preview:large, max-video-preview:-1\" \/>\n<link rel=\"canonical\" href=\"https:\/\/pornmate.com\/de\/angelsx\" \/>\n<meta property=\"og:locale\" content=\"de_DE\" \/>\n<meta property=\"og:type\" content=\"article\" \/>\n<meta property=\"og:title\" content=\"AngelsX.com und Liste der besten Pornoseiten | PornMate\" \/>\n<meta property=\"og:description\" content=\"AngelsX, eine faszinierende Tube-Site, ist eine der gr\u00f6\u00dften und beliebtesten Produktionen in der Erotikbranche.\" \/>\n<meta property=\"og:url\" content=\"https:\/\/pornmate.com\/de\/angelsx\" \/>\n<meta property=\"og:site_name\" content=\"Besten Pornoseiten - Kostenlose Deutsche Pornos | PornMate.com\" \/>\n<meta name=\"twitter:card\" content=\"summary_large_image\" \/>\n<meta name=\"twitter:label1\" content=\"Gesch\u00e4tzte Lesezeit\" \/>\n\t<meta name=\"twitter:data1\" content=\"1\u00a0Minute\" \/>\n<script type=\"application\/ld+json\" class=\"yoast-schema-graph\">{\"@context\":\"https:\/\/schema.org\",\"@graph\":[{\"@type\":\"WebPage\",\"@id\":\"https:\/\/pornmate.com\/de\/angelsx\",\"url\":\"https:\/\/pornmate.com\/de\/angelsx\",\"name\":\"AngelsX.com und Liste der besten Pornoseiten | PornMate\",\"isPartOf\":{\"@id\":\"https:\/\/pornmate.com\/de\/#website\"},\"datePublished\":\"2020-03-19T11:10:53+00:00\",\"description\":\"AngelsX, eine faszinierende Tube-Site, ist eine der gr\u00f6\u00dften und beliebtesten Produktionen in der Erotikbranche.\",\"breadcrumb\":{\"@id\":\"https:\/\/pornmate.com\/de\/angelsx#breadcrumb\"},\"inLanguage\":\"de\",\"potentialAction\":[{\"@type\":\"ReadAction\",\"target\":[\"https:\/\/pornmate.com\/de\/angelsx\"]}]},{\"@type\":\"BreadcrumbList\",\"@id\":\"https:\/\/pornmate.com\/de\/angelsx#breadcrumb\",\"itemListElement\":[{\"@type\":\"ListItem\",\"position\":1,\"name\":\"Startseite\",\"item\":\"https:\/\/pornmate.com\/de\"},{\"@type\":\"ListItem\",\"position\":2,\"name\":\"AngelsX.com\"}]},{\"@type\":\"WebSite\",\"@id\":\"https:\/\/pornmate.com\/de\/#website\",\"url\":\"https:\/\/pornmate.com\/de\/\",\"name\":\"Besten Pornoseiten - Kostenlose Deutsche Pornos | PornMate.com\",\"description\":\"Kostenlose Pornos, ist Ihr Combo-Verzeichnis der besten gratis Pornoseiten, die Sie finden k\u00f6nnen, und das fantastische Seitenbewertungen, Kostenlose Deutsche sex Biografien von Pornostars und ihre xxx Freie Porno videos unter einem Dach pr\u00e4sentiert.\",\"publisher\":{\"@id\":\"https:\/\/pornmate.com\/de\/#organization\"},\"potentialAction\":[{\"@type\":\"SearchAction\",\"target\":{\"@type\":\"EntryPoint\",\"urlTemplate\":\"https:\/\/pornmate.com\/de\/?s={search_term_string}\"},\"query-input\":{\"@type\":\"PropertyValueSpecification\",\"valueRequired\":true,\"valueName\":\"search_term_string\"}}],\"inLanguage\":\"de\"},{\"@type\":\"Organization\",\"@id\":\"https:\/\/pornmate.com\/de\/#organization\",\"name\":\"Besten Pornoseiten - Kostenlose Deutsche Pornos | PornMate.com\",\"url\":\"https:\/\/pornmate.com\/de\/\",\"logo\":{\"@type\":\"ImageObject\",\"inLanguage\":\"de\",\"@id\":\"https:\/\/pornmate.com\/de\/#\/schema\/logo\/image\/\",\"url\":\"https:\/\/pornmate.com\/de\/wp-content\/uploads\/2022\/11\/pornmate-1.png\",\"contentUrl\":\"https:\/\/pornmate.com\/de\/wp-content\/uploads\/2022\/11\/pornmate-1.png\",\"width\":203,\"height\":200,\"caption\":\"Besten Pornoseiten - Kostenlose Deutsche Pornos | PornMate.com\"},\"image\":{\"@id\":\"https:\/\/pornmate.com\/de\/#\/schema\/logo\/image\/\"}}]}<\/script>\n<!-- \/ Yoast SEO plugin. -->","yoast_head_json":{"title":"AngelsX.com und Liste der besten Pornoseiten | PornMate","description":"AngelsX, eine faszinierende Tube-Site, ist eine der gr\u00f6\u00dften und beliebtesten Produktionen in der Erotikbranche.","robots":{"index":"index","follow":"follow","max-snippet":"max-snippet:-1","max-image-preview":"max-image-preview:large","max-video-preview":"max-video-preview:-1"},"canonical":"https:\/\/pornmate.com\/de\/angelsx","og_locale":"de_DE","og_type":"article","og_title":"AngelsX.com und Liste der besten Pornoseiten | PornMate","og_description":"AngelsX, eine faszinierende Tube-Site, ist eine der gr\u00f6\u00dften und beliebtesten Produktionen in der Erotikbranche.","og_url":"https:\/\/pornmate.com\/de\/angelsx","og_site_name":"Besten Pornoseiten - Kostenlose Deutsche Pornos | PornMate.com","twitter_card":"summary_large_image","twitter_misc":{"Gesch\u00e4tzte Lesezeit":"1\u00a0Minute"},"schema":{"@context":"https:\/\/schema.org","@graph":[{"@type":"WebPage","@id":"https:\/\/pornmate.com\/de\/angelsx","url":"https:\/\/pornmate.com\/de\/angelsx","name":"AngelsX.com und Liste der besten Pornoseiten | PornMate","isPartOf":{"@id":"https:\/\/pornmate.com\/de\/#website"},"datePublished":"2020-03-19T11:10:53+00:00","description":"AngelsX, eine faszinierende Tube-Site, ist eine der gr\u00f6\u00dften und beliebtesten Produktionen in der Erotikbranche.","breadcrumb":{"@id":"https:\/\/pornmate.com\/de\/angelsx#breadcrumb"},"inLanguage":"de","potentialAction":[{"@type":"ReadAction","target":["https:\/\/pornmate.com\/de\/angelsx"]}]},{"@type":"BreadcrumbList","@id":"https:\/\/pornmate.com\/de\/angelsx#breadcrumb","itemListElement":[{"@type":"ListItem","position":1,"name":"Startseite","item":"https:\/\/pornmate.com\/de"},{"@type":"ListItem","position":2,"name":"AngelsX.com"}]},{"@type":"WebSite","@id":"https:\/\/pornmate.com\/de\/#website","url":"https:\/\/pornmate.com\/de\/","name":"Besten Pornoseiten - Kostenlose Deutsche Pornos | PornMate.com","description":"Kostenlose Pornos, ist Ihr Combo-Verzeichnis der besten gratis Pornoseiten, die Sie finden k\u00f6nnen, und das fantastische Seitenbewertungen, Kostenlose Deutsche sex Biografien von Pornostars und ihre xxx Freie Porno videos unter einem Dach pr\u00e4sentiert.","publisher":{"@id":"https:\/\/pornmate.com\/de\/#organization"},"potentialAction":[{"@type":"SearchAction","target":{"@type":"EntryPoint","urlTemplate":"https:\/\/pornmate.com\/de\/?s={search_term_string}"},"query-input":{"@type":"PropertyValueSpecification","valueRequired":true,"valueName":"search_term_string"}}],"inLanguage":"de"},{"@type":"Organization","@id":"https:\/\/pornmate.com\/de\/#organization","name":"Besten Pornoseiten - Kostenlose Deutsche Pornos | PornMate.com","url":"https:\/\/pornmate.com\/de\/","logo":{"@type":"ImageObject","inLanguage":"de","@id":"https:\/\/pornmate.com\/de\/#\/schema\/logo\/image\/","url":"https:\/\/pornmate.com\/de\/wp-content\/uploads\/2022\/11\/pornmate-1.png","contentUrl":"https:\/\/pornmate.com\/de\/wp-content\/uploads\/2022\/11\/pornmate-1.png","width":203,"height":200,"caption":"Besten Pornoseiten - Kostenlose Deutsche Pornos | PornMate.com"},"image":{"@id":"https:\/\/pornmate.com\/de\/#\/schema\/logo\/image\/"}}]}},"_links":{"self":[{"href":"https:\/\/pornmate.com\/de\/wp-json\/wp\/v2\/pages\/7185","targetHints":{"allow":["GET"]}}],"collection":[{"href":"https:\/\/pornmate.com\/de\/wp-json\/wp\/v2\/pages"}],"about":[{"href":"https:\/\/pornmate.com\/de\/wp-json\/wp\/v2\/types\/page"}],"author":[{"embeddable":true,"href":"https:\/\/pornmate.com\/de\/wp-json\/wp\/v2\/users\/1"}],"replies":[{"embeddable":true,"href":"https:\/\/pornmate.com\/de\/wp-json\/wp\/v2\/comments?post=7185"}],"version-history":[{"count":0,"href":"https:\/\/pornmate.com\/de\/wp-json\/wp\/v2\/pages\/7185\/revisions"}],"wp:attachment":[{"href":"https:\/\/pornmate.com\/de\/wp-json\/wp\/v2\/media?parent=7185"}],"curies":[{"name":"wp","href":"https:\/\/api.w.org\/{rel}","templated":true}]}}