{"id":7187,"date":"2020-03-19T11:12:51","date_gmt":"2020-03-19T11:12:51","guid":{"rendered":"https:\/\/pornmate.com\/?page_id=7187"},"modified":"2020-03-19T11:12:51","modified_gmt":"2020-03-19T11:12:51","slug":"pornobuzz","status":"publish","type":"page","link":"https:\/\/pornmate.com\/de\/pornobuzz","title":{"rendered":"Pornobuzz"},"content":{"rendered":"<p>PornoBuzz ist stolz darauf, nur die sch\u00f6nsten Videos und Bildersalons in hoher Qualit\u00e4t anzubieten<br \/>\nDas Projekt vonPornoBuzz.net selbst sieht ermutigend aus, mit schwarzen und roten Farben, die auf alle schelmischen und erogenen Inhalte anspielen und fr\u00fcher Premium erscheinen als andere Spots von kostenlosen Pornof\u00fchrern.<br \/>\nDie Homepage ist mit fesselnden Thumbnails gef\u00fcllt, die Ihnen mit einem Klick auf einen Aktuator einen Blick auf all die Auszubildenden gew\u00e4hren, die auf Sie warten.<br \/>\nRiley Reid, Abella Danger, Ava Adams und Elsa Jean sind genau einige der Namen, die Sie in zahlreichen kostenlosen Pornovideos kennen k\u00f6nnen.<br \/>\nNeben der M\u00f6glichkeit, Inhalte urspr\u00fcnglich zu durchsuchen, bietet PornoBuzz auch Abschnitte an, in denen Sie Ihre Suche st\u00e4ndig einschr\u00e4nken m\u00fcssen.<br \/>\nSie k\u00f6nnen aus Pornovideos, HD-Pornovideos, Shemales, Teens, Massagevideos und mehr nehmen. Dar\u00fcber hinaus gibt es eine vollst\u00e4ndige Liste weiterer spezieller Kategorien f\u00fcr diejenigen mit pers\u00f6nlichem Geschmack, und Sie k\u00f6nnen immer einen Balken bet\u00e4tigen, um ein spezielles Video zu finden.<br \/>\nDar\u00fcber hinaus geh\u00f6rt PornoBuzz.net zu einem umfangreichen Netzwerk freundlicher Seiten, die Sie auch besuchen k\u00f6nnen, damit Ihnen nie die Dinge ausgehen.<\/p>\n","protected":false},"excerpt":{"rendered":"<p>PornoBuzz ist stolz darauf, nur die sch\u00f6nsten Videos und Bildersalons in hoher Qualit\u00e4t anzubieten Das Projekt vonPornoBuzz.net selbst sieht ermutigend aus, mit schwarzen und roten Farben, die auf alle schelmischen und erogenen Inhalte anspielen und fr\u00fcher Premium erscheinen als andere Spots von kostenlosen Pornof\u00fchrern. Die Homepage ist mit fesselnden Thumbnails gef\u00fcllt, die Ihnen mit einem [&hellip;]<\/p>\n","protected":false},"author":1,"featured_media":0,"parent":0,"menu_order":0,"comment_status":"closed","ping_status":"closed","template":"page-star-stil.php","meta":{"footnotes":""},"class_list":["post-7187","page","type-page","status-publish","hentry"],"yoast_head":"<!-- This site is optimized with the Yoast SEO plugin v27.2 - https:\/\/yoast.com\/product\/yoast-seo-wordpress\/ -->\n<title>Pornobuzz und Liste der besten Pornoseiten | PornMate<\/title>\n<meta name=\"description\" content=\"PornoBuzz ist stolz darauf, nur die sch\u00f6nsten Videos und Bildersalons in hoher Qualit\u00e4t anzubietenDas Projekt vonPornoBuzz.net selbst sieht ermutigend aus, mit schwarzen und roten Farben, die auf alle schelmischen und erogenen Inhalte anspielen.\" \/>\n<meta name=\"robots\" content=\"index, follow, max-snippet:-1, max-image-preview:large, max-video-preview:-1\" \/>\n<link rel=\"canonical\" href=\"https:\/\/pornmate.com\/de\/pornobuzz\" \/>\n<meta property=\"og:locale\" content=\"de_DE\" \/>\n<meta property=\"og:type\" content=\"article\" \/>\n<meta property=\"og:title\" content=\"Pornobuzz und Liste der besten Pornoseiten | PornMate\" \/>\n<meta property=\"og:description\" content=\"PornoBuzz ist stolz darauf, nur die sch\u00f6nsten Videos und Bildersalons in hoher Qualit\u00e4t anzubietenDas Projekt vonPornoBuzz.net selbst sieht ermutigend aus, mit schwarzen und roten Farben, die auf alle schelmischen und erogenen Inhalte anspielen.\" \/>\n<meta property=\"og:url\" content=\"https:\/\/pornmate.com\/de\/pornobuzz\" \/>\n<meta property=\"og:site_name\" content=\"Besten Pornoseiten - Kostenlose Deutsche Pornos | PornMate.com\" \/>\n<meta name=\"twitter:card\" content=\"summary_large_image\" \/>\n<meta name=\"twitter:label1\" content=\"Gesch\u00e4tzte Lesezeit\" \/>\n\t<meta name=\"twitter:data1\" content=\"1\u00a0Minute\" \/>\n<script type=\"application\/ld+json\" class=\"yoast-schema-graph\">{\"@context\":\"https:\/\/schema.org\",\"@graph\":[{\"@type\":\"WebPage\",\"@id\":\"https:\/\/pornmate.com\/de\/pornobuzz\",\"url\":\"https:\/\/pornmate.com\/de\/pornobuzz\",\"name\":\"Pornobuzz und Liste der besten Pornoseiten | PornMate\",\"isPartOf\":{\"@id\":\"https:\/\/pornmate.com\/de\/#website\"},\"datePublished\":\"2020-03-19T11:12:51+00:00\",\"description\":\"PornoBuzz ist stolz darauf, nur die sch\u00f6nsten Videos und Bildersalons in hoher Qualit\u00e4t anzubietenDas Projekt vonPornoBuzz.net selbst sieht ermutigend aus, mit schwarzen und roten Farben, die auf alle schelmischen und erogenen Inhalte anspielen.\",\"breadcrumb\":{\"@id\":\"https:\/\/pornmate.com\/de\/pornobuzz#breadcrumb\"},\"inLanguage\":\"de\",\"potentialAction\":[{\"@type\":\"ReadAction\",\"target\":[\"https:\/\/pornmate.com\/de\/pornobuzz\"]}]},{\"@type\":\"BreadcrumbList\",\"@id\":\"https:\/\/pornmate.com\/de\/pornobuzz#breadcrumb\",\"itemListElement\":[{\"@type\":\"ListItem\",\"position\":1,\"name\":\"Startseite\",\"item\":\"https:\/\/pornmate.com\/de\"},{\"@type\":\"ListItem\",\"position\":2,\"name\":\"Pornobuzz\"}]},{\"@type\":\"WebSite\",\"@id\":\"https:\/\/pornmate.com\/de\/#website\",\"url\":\"https:\/\/pornmate.com\/de\/\",\"name\":\"Besten Pornoseiten - Kostenlose Deutsche Pornos | PornMate.com\",\"description\":\"Kostenlose Pornos, ist Ihr Combo-Verzeichnis der besten gratis Pornoseiten, die Sie finden k\u00f6nnen, und das fantastische Seitenbewertungen, Kostenlose Deutsche sex Biografien von Pornostars und ihre xxx Freie Porno videos unter einem Dach pr\u00e4sentiert.\",\"publisher\":{\"@id\":\"https:\/\/pornmate.com\/de\/#organization\"},\"potentialAction\":[{\"@type\":\"SearchAction\",\"target\":{\"@type\":\"EntryPoint\",\"urlTemplate\":\"https:\/\/pornmate.com\/de\/?s={search_term_string}\"},\"query-input\":{\"@type\":\"PropertyValueSpecification\",\"valueRequired\":true,\"valueName\":\"search_term_string\"}}],\"inLanguage\":\"de\"},{\"@type\":\"Organization\",\"@id\":\"https:\/\/pornmate.com\/de\/#organization\",\"name\":\"Besten Pornoseiten - Kostenlose Deutsche Pornos | PornMate.com\",\"url\":\"https:\/\/pornmate.com\/de\/\",\"logo\":{\"@type\":\"ImageObject\",\"inLanguage\":\"de\",\"@id\":\"https:\/\/pornmate.com\/de\/#\/schema\/logo\/image\/\",\"url\":\"https:\/\/pornmate.com\/de\/wp-content\/uploads\/2022\/11\/pornmate-1.png\",\"contentUrl\":\"https:\/\/pornmate.com\/de\/wp-content\/uploads\/2022\/11\/pornmate-1.png\",\"width\":203,\"height\":200,\"caption\":\"Besten Pornoseiten - Kostenlose Deutsche Pornos | PornMate.com\"},\"image\":{\"@id\":\"https:\/\/pornmate.com\/de\/#\/schema\/logo\/image\/\"}}]}<\/script>\n<!-- \/ Yoast SEO plugin. -->","yoast_head_json":{"title":"Pornobuzz und Liste der besten Pornoseiten | PornMate","description":"PornoBuzz ist stolz darauf, nur die sch\u00f6nsten Videos und Bildersalons in hoher Qualit\u00e4t anzubietenDas Projekt vonPornoBuzz.net selbst sieht ermutigend aus, mit schwarzen und roten Farben, die auf alle schelmischen und erogenen Inhalte anspielen.","robots":{"index":"index","follow":"follow","max-snippet":"max-snippet:-1","max-image-preview":"max-image-preview:large","max-video-preview":"max-video-preview:-1"},"canonical":"https:\/\/pornmate.com\/de\/pornobuzz","og_locale":"de_DE","og_type":"article","og_title":"Pornobuzz und Liste der besten Pornoseiten | PornMate","og_description":"PornoBuzz ist stolz darauf, nur die sch\u00f6nsten Videos und Bildersalons in hoher Qualit\u00e4t anzubietenDas Projekt vonPornoBuzz.net selbst sieht ermutigend aus, mit schwarzen und roten Farben, die auf alle schelmischen und erogenen Inhalte anspielen.","og_url":"https:\/\/pornmate.com\/de\/pornobuzz","og_site_name":"Besten Pornoseiten - Kostenlose Deutsche Pornos | PornMate.com","twitter_card":"summary_large_image","twitter_misc":{"Gesch\u00e4tzte Lesezeit":"1\u00a0Minute"},"schema":{"@context":"https:\/\/schema.org","@graph":[{"@type":"WebPage","@id":"https:\/\/pornmate.com\/de\/pornobuzz","url":"https:\/\/pornmate.com\/de\/pornobuzz","name":"Pornobuzz und Liste der besten Pornoseiten | PornMate","isPartOf":{"@id":"https:\/\/pornmate.com\/de\/#website"},"datePublished":"2020-03-19T11:12:51+00:00","description":"PornoBuzz ist stolz darauf, nur die sch\u00f6nsten Videos und Bildersalons in hoher Qualit\u00e4t anzubietenDas Projekt vonPornoBuzz.net selbst sieht ermutigend aus, mit schwarzen und roten Farben, die auf alle schelmischen und erogenen Inhalte anspielen.","breadcrumb":{"@id":"https:\/\/pornmate.com\/de\/pornobuzz#breadcrumb"},"inLanguage":"de","potentialAction":[{"@type":"ReadAction","target":["https:\/\/pornmate.com\/de\/pornobuzz"]}]},{"@type":"BreadcrumbList","@id":"https:\/\/pornmate.com\/de\/pornobuzz#breadcrumb","itemListElement":[{"@type":"ListItem","position":1,"name":"Startseite","item":"https:\/\/pornmate.com\/de"},{"@type":"ListItem","position":2,"name":"Pornobuzz"}]},{"@type":"WebSite","@id":"https:\/\/pornmate.com\/de\/#website","url":"https:\/\/pornmate.com\/de\/","name":"Besten Pornoseiten - Kostenlose Deutsche Pornos | PornMate.com","description":"Kostenlose Pornos, ist Ihr Combo-Verzeichnis der besten gratis Pornoseiten, die Sie finden k\u00f6nnen, und das fantastische Seitenbewertungen, Kostenlose Deutsche sex Biografien von Pornostars und ihre xxx Freie Porno videos unter einem Dach pr\u00e4sentiert.","publisher":{"@id":"https:\/\/pornmate.com\/de\/#organization"},"potentialAction":[{"@type":"SearchAction","target":{"@type":"EntryPoint","urlTemplate":"https:\/\/pornmate.com\/de\/?s={search_term_string}"},"query-input":{"@type":"PropertyValueSpecification","valueRequired":true,"valueName":"search_term_string"}}],"inLanguage":"de"},{"@type":"Organization","@id":"https:\/\/pornmate.com\/de\/#organization","name":"Besten Pornoseiten - Kostenlose Deutsche Pornos | PornMate.com","url":"https:\/\/pornmate.com\/de\/","logo":{"@type":"ImageObject","inLanguage":"de","@id":"https:\/\/pornmate.com\/de\/#\/schema\/logo\/image\/","url":"https:\/\/pornmate.com\/de\/wp-content\/uploads\/2022\/11\/pornmate-1.png","contentUrl":"https:\/\/pornmate.com\/de\/wp-content\/uploads\/2022\/11\/pornmate-1.png","width":203,"height":200,"caption":"Besten Pornoseiten - Kostenlose Deutsche Pornos | PornMate.com"},"image":{"@id":"https:\/\/pornmate.com\/de\/#\/schema\/logo\/image\/"}}]}},"_links":{"self":[{"href":"https:\/\/pornmate.com\/de\/wp-json\/wp\/v2\/pages\/7187","targetHints":{"allow":["GET"]}}],"collection":[{"href":"https:\/\/pornmate.com\/de\/wp-json\/wp\/v2\/pages"}],"about":[{"href":"https:\/\/pornmate.com\/de\/wp-json\/wp\/v2\/types\/page"}],"author":[{"embeddable":true,"href":"https:\/\/pornmate.com\/de\/wp-json\/wp\/v2\/users\/1"}],"replies":[{"embeddable":true,"href":"https:\/\/pornmate.com\/de\/wp-json\/wp\/v2\/comments?post=7187"}],"version-history":[{"count":0,"href":"https:\/\/pornmate.com\/de\/wp-json\/wp\/v2\/pages\/7187\/revisions"}],"wp:attachment":[{"href":"https:\/\/pornmate.com\/de\/wp-json\/wp\/v2\/media?parent=7187"}],"curies":[{"name":"wp","href":"https:\/\/api.w.org\/{rel}","templated":true}]}}