{"id":7190,"date":"2020-03-19T11:19:01","date_gmt":"2020-03-19T11:19:01","guid":{"rendered":"https:\/\/pornmate.com\/?page_id=7190"},"modified":"2022-11-26T10:48:53","modified_gmt":"2022-11-26T09:48:53","slug":"wetpussygames","status":"publish","type":"page","link":"https:\/\/pornmate.com\/de\/wetpussygames","title":{"rendered":"Wetpussygames"},"content":{"rendered":"<div class=\"FFpbKc\">WetPussyGames ist eine riesige Galerie aller Arten von Pornospielen. Egal, ob Sie sich f\u00fcr Hentai-Spiele, westliche Pornokunst, 3D-CGI-Puppen oder etwas ganz anderes interessieren, Sie werden hier definitiv finden, wonach Sie suchen. Das Beste an WetPussyGames.com ist, dass jedes Spiel, das sie haben, v\u00f6llig kostenlos ist. Was solche Orte betrifft, so ist dies eine der besten Pornospielseiten, sowohl in Bezug auf die Qualit\u00e4t als auch auf die Quantit\u00e4t der Inhalte. Die Homepage ist voll von Miniaturansichten, die Sie zu den faszinierenden Spielen f\u00fchren, die gerade zu ihrer Sammlung hinzugef\u00fcgt wurden. Sie k\u00f6nnen eines dieser Bilder ausw\u00e4hlen und darin eintauchen, oder Sie k\u00f6nnen sich entscheiden, einen Blick darauf zu werfen und den Abschnitt \u201eKategorien\u201c zu verwenden, um Ihre Suche einzugrenzen. Actionspiele, Adventures, Arcades, BDSM-Titel etc. Viele von ihnen haben animierte, CGI- oder Hentai-Charaktere, die bereit und willens sind, Ihr Angebot zu machen, aber es gibt auch Spiele mit echten M\u00e4dchen, in denen Sie Ihre Lieblingspornostars wie Mia Malkova oder Peta Jensen treffen k\u00f6nnen. Die Sammlung ist riesig und die Spiele sind schnell zu laden und bieten Ihnen endlosen Spa\u00df f\u00fcr Erwachsene.<\/div>\n","protected":false},"excerpt":{"rendered":"<p>WetPussyGames ist eine riesige Galerie aller Arten von Pornospielen. Egal, ob Sie sich f\u00fcr Hentai-Spiele, westliche Pornokunst, 3D-CGI-Puppen oder etwas ganz anderes interessieren, Sie werden hier definitiv finden, wonach Sie suchen. Das Beste an WetPussyGames.com ist, dass jedes Spiel, das sie haben, v\u00f6llig kostenlos ist. Was solche Orte betrifft, so ist dies eine der besten [&hellip;]<\/p>\n","protected":false},"author":1,"featured_media":0,"parent":0,"menu_order":0,"comment_status":"closed","ping_status":"closed","template":"page-star-stil.php","meta":{"footnotes":""},"class_list":["post-7190","page","type-page","status-publish","hentry"],"yoast_head":"<!-- This site is optimized with the Yoast SEO plugin v27.4 - https:\/\/yoast.com\/product\/yoast-seo-wordpress\/ -->\n<title>Wetpussygames und Liste der besten Pornoseiten | PornMate<\/title>\n<meta name=\"description\" content=\"WetPussyGames ist eine riesige Galerie aller Arten von Pornospielen. Egal, ob Sie sich f\u00fcr Hentai-Spiele, westliche Pornokunst, 3D-CGI-Puppen oder etwas ganz anderes interessieren, Sie werden hier definitiv finden, wonach Sie suchen.\" \/>\n<meta name=\"robots\" content=\"index, follow, max-snippet:-1, max-image-preview:large, max-video-preview:-1\" \/>\n<link rel=\"canonical\" href=\"https:\/\/pornmate.com\/de\/wetpussygames\" \/>\n<meta property=\"og:locale\" content=\"de_DE\" \/>\n<meta property=\"og:type\" content=\"article\" \/>\n<meta property=\"og:title\" content=\"Wetpussygames und Liste der besten Pornoseiten | PornMate\" \/>\n<meta property=\"og:description\" content=\"WetPussyGames ist eine riesige Galerie aller Arten von Pornospielen. Egal, ob Sie sich f\u00fcr Hentai-Spiele, westliche Pornokunst, 3D-CGI-Puppen oder etwas ganz anderes interessieren, Sie werden hier definitiv finden, wonach Sie suchen.\" \/>\n<meta property=\"og:url\" content=\"https:\/\/pornmate.com\/de\/wetpussygames\" \/>\n<meta property=\"og:site_name\" content=\"Besten Pornoseiten - Kostenlose Deutsche Pornos | PornMate.com\" \/>\n<meta property=\"article:modified_time\" content=\"2022-11-26T09:48:53+00:00\" \/>\n<meta name=\"twitter:card\" content=\"summary_large_image\" \/>\n<meta name=\"twitter:label1\" content=\"Gesch\u00e4tzte Lesezeit\" \/>\n\t<meta name=\"twitter:data1\" content=\"1\u00a0Minute\" \/>\n<script type=\"application\/ld+json\" class=\"yoast-schema-graph\">{\"@context\":\"https:\\\/\\\/schema.org\",\"@graph\":[{\"@type\":\"WebPage\",\"@id\":\"https:\\\/\\\/pornmate.com\\\/de\\\/wetpussygames\",\"url\":\"https:\\\/\\\/pornmate.com\\\/de\\\/wetpussygames\",\"name\":\"Wetpussygames und Liste der besten Pornoseiten | PornMate\",\"isPartOf\":{\"@id\":\"https:\\\/\\\/pornmate.com\\\/de\\\/#website\"},\"datePublished\":\"2020-03-19T11:19:01+00:00\",\"dateModified\":\"2022-11-26T09:48:53+00:00\",\"description\":\"WetPussyGames ist eine riesige Galerie aller Arten von Pornospielen. Egal, ob Sie sich f\u00fcr Hentai-Spiele, westliche Pornokunst, 3D-CGI-Puppen oder etwas ganz anderes interessieren, Sie werden hier definitiv finden, wonach Sie suchen.\",\"breadcrumb\":{\"@id\":\"https:\\\/\\\/pornmate.com\\\/de\\\/wetpussygames#breadcrumb\"},\"inLanguage\":\"de\",\"potentialAction\":[{\"@type\":\"ReadAction\",\"target\":[\"https:\\\/\\\/pornmate.com\\\/de\\\/wetpussygames\"]}]},{\"@type\":\"BreadcrumbList\",\"@id\":\"https:\\\/\\\/pornmate.com\\\/de\\\/wetpussygames#breadcrumb\",\"itemListElement\":[{\"@type\":\"ListItem\",\"position\":1,\"name\":\"Startseite\",\"item\":\"https:\\\/\\\/pornmate.com\\\/de\"},{\"@type\":\"ListItem\",\"position\":2,\"name\":\"Wetpussygames\"}]},{\"@type\":\"WebSite\",\"@id\":\"https:\\\/\\\/pornmate.com\\\/de\\\/#website\",\"url\":\"https:\\\/\\\/pornmate.com\\\/de\\\/\",\"name\":\"Besten Pornoseiten - Kostenlose Deutsche Pornos | PornMate.com\",\"description\":\"Kostenlose Pornos, ist Ihr Combo-Verzeichnis der besten gratis Pornoseiten, die Sie finden k\u00f6nnen, und das fantastische Seitenbewertungen, Kostenlose Deutsche sex Biografien von Pornostars und ihre xxx Freie Porno videos unter einem Dach pr\u00e4sentiert.\",\"publisher\":{\"@id\":\"https:\\\/\\\/pornmate.com\\\/de\\\/#organization\"},\"potentialAction\":[{\"@type\":\"SearchAction\",\"target\":{\"@type\":\"EntryPoint\",\"urlTemplate\":\"https:\\\/\\\/pornmate.com\\\/de\\\/?s={search_term_string}\"},\"query-input\":{\"@type\":\"PropertyValueSpecification\",\"valueRequired\":true,\"valueName\":\"search_term_string\"}}],\"inLanguage\":\"de\"},{\"@type\":\"Organization\",\"@id\":\"https:\\\/\\\/pornmate.com\\\/de\\\/#organization\",\"name\":\"Besten Pornoseiten - Kostenlose Deutsche Pornos | PornMate.com\",\"url\":\"https:\\\/\\\/pornmate.com\\\/de\\\/\",\"logo\":{\"@type\":\"ImageObject\",\"inLanguage\":\"de\",\"@id\":\"https:\\\/\\\/pornmate.com\\\/de\\\/#\\\/schema\\\/logo\\\/image\\\/\",\"url\":\"https:\\\/\\\/pornmate.com\\\/de\\\/wp-content\\\/uploads\\\/2022\\\/11\\\/pornmate-1.png\",\"contentUrl\":\"https:\\\/\\\/pornmate.com\\\/de\\\/wp-content\\\/uploads\\\/2022\\\/11\\\/pornmate-1.png\",\"width\":203,\"height\":200,\"caption\":\"Besten Pornoseiten - Kostenlose Deutsche Pornos | PornMate.com\"},\"image\":{\"@id\":\"https:\\\/\\\/pornmate.com\\\/de\\\/#\\\/schema\\\/logo\\\/image\\\/\"}}]}<\/script>\n<!-- \/ Yoast SEO plugin. -->","yoast_head_json":{"title":"Wetpussygames und Liste der besten Pornoseiten | PornMate","description":"WetPussyGames ist eine riesige Galerie aller Arten von Pornospielen. Egal, ob Sie sich f\u00fcr Hentai-Spiele, westliche Pornokunst, 3D-CGI-Puppen oder etwas ganz anderes interessieren, Sie werden hier definitiv finden, wonach Sie suchen.","robots":{"index":"index","follow":"follow","max-snippet":"max-snippet:-1","max-image-preview":"max-image-preview:large","max-video-preview":"max-video-preview:-1"},"canonical":"https:\/\/pornmate.com\/de\/wetpussygames","og_locale":"de_DE","og_type":"article","og_title":"Wetpussygames und Liste der besten Pornoseiten | PornMate","og_description":"WetPussyGames ist eine riesige Galerie aller Arten von Pornospielen. Egal, ob Sie sich f\u00fcr Hentai-Spiele, westliche Pornokunst, 3D-CGI-Puppen oder etwas ganz anderes interessieren, Sie werden hier definitiv finden, wonach Sie suchen.","og_url":"https:\/\/pornmate.com\/de\/wetpussygames","og_site_name":"Besten Pornoseiten - Kostenlose Deutsche Pornos | PornMate.com","article_modified_time":"2022-11-26T09:48:53+00:00","twitter_card":"summary_large_image","twitter_misc":{"Gesch\u00e4tzte Lesezeit":"1\u00a0Minute"},"schema":{"@context":"https:\/\/schema.org","@graph":[{"@type":"WebPage","@id":"https:\/\/pornmate.com\/de\/wetpussygames","url":"https:\/\/pornmate.com\/de\/wetpussygames","name":"Wetpussygames und Liste der besten Pornoseiten | PornMate","isPartOf":{"@id":"https:\/\/pornmate.com\/de\/#website"},"datePublished":"2020-03-19T11:19:01+00:00","dateModified":"2022-11-26T09:48:53+00:00","description":"WetPussyGames ist eine riesige Galerie aller Arten von Pornospielen. Egal, ob Sie sich f\u00fcr Hentai-Spiele, westliche Pornokunst, 3D-CGI-Puppen oder etwas ganz anderes interessieren, Sie werden hier definitiv finden, wonach Sie suchen.","breadcrumb":{"@id":"https:\/\/pornmate.com\/de\/wetpussygames#breadcrumb"},"inLanguage":"de","potentialAction":[{"@type":"ReadAction","target":["https:\/\/pornmate.com\/de\/wetpussygames"]}]},{"@type":"BreadcrumbList","@id":"https:\/\/pornmate.com\/de\/wetpussygames#breadcrumb","itemListElement":[{"@type":"ListItem","position":1,"name":"Startseite","item":"https:\/\/pornmate.com\/de"},{"@type":"ListItem","position":2,"name":"Wetpussygames"}]},{"@type":"WebSite","@id":"https:\/\/pornmate.com\/de\/#website","url":"https:\/\/pornmate.com\/de\/","name":"Besten Pornoseiten - Kostenlose Deutsche Pornos | PornMate.com","description":"Kostenlose Pornos, ist Ihr Combo-Verzeichnis der besten gratis Pornoseiten, die Sie finden k\u00f6nnen, und das fantastische Seitenbewertungen, Kostenlose Deutsche sex Biografien von Pornostars und ihre xxx Freie Porno videos unter einem Dach pr\u00e4sentiert.","publisher":{"@id":"https:\/\/pornmate.com\/de\/#organization"},"potentialAction":[{"@type":"SearchAction","target":{"@type":"EntryPoint","urlTemplate":"https:\/\/pornmate.com\/de\/?s={search_term_string}"},"query-input":{"@type":"PropertyValueSpecification","valueRequired":true,"valueName":"search_term_string"}}],"inLanguage":"de"},{"@type":"Organization","@id":"https:\/\/pornmate.com\/de\/#organization","name":"Besten Pornoseiten - Kostenlose Deutsche Pornos | PornMate.com","url":"https:\/\/pornmate.com\/de\/","logo":{"@type":"ImageObject","inLanguage":"de","@id":"https:\/\/pornmate.com\/de\/#\/schema\/logo\/image\/","url":"https:\/\/pornmate.com\/de\/wp-content\/uploads\/2022\/11\/pornmate-1.png","contentUrl":"https:\/\/pornmate.com\/de\/wp-content\/uploads\/2022\/11\/pornmate-1.png","width":203,"height":200,"caption":"Besten Pornoseiten - Kostenlose Deutsche Pornos | PornMate.com"},"image":{"@id":"https:\/\/pornmate.com\/de\/#\/schema\/logo\/image\/"}}]}},"_links":{"self":[{"href":"https:\/\/pornmate.com\/de\/wp-json\/wp\/v2\/pages\/7190","targetHints":{"allow":["GET"]}}],"collection":[{"href":"https:\/\/pornmate.com\/de\/wp-json\/wp\/v2\/pages"}],"about":[{"href":"https:\/\/pornmate.com\/de\/wp-json\/wp\/v2\/types\/page"}],"author":[{"embeddable":true,"href":"https:\/\/pornmate.com\/de\/wp-json\/wp\/v2\/users\/1"}],"replies":[{"embeddable":true,"href":"https:\/\/pornmate.com\/de\/wp-json\/wp\/v2\/comments?post=7190"}],"version-history":[{"count":0,"href":"https:\/\/pornmate.com\/de\/wp-json\/wp\/v2\/pages\/7190\/revisions"}],"wp:attachment":[{"href":"https:\/\/pornmate.com\/de\/wp-json\/wp\/v2\/media?parent=7190"}],"curies":[{"name":"wp","href":"https:\/\/api.w.org\/{rel}","templated":true}]}}