{"id":7192,"date":"2020-03-19T11:22:24","date_gmt":"2020-03-19T11:22:24","guid":{"rendered":"https:\/\/pornmate.com\/?page_id=7192"},"modified":"2022-11-28T09:41:35","modified_gmt":"2022-11-28T08:41:35","slug":"xhamstervr","status":"publish","type":"page","link":"https:\/\/pornmate.com\/de\/xhamstervr","title":{"rendered":"Xhamstervr"},"content":{"rendered":"<p>XHamster.com\/vr ist eine gro\u00dfartige Seite, auf der Sie die besten Virtual-Reality-Pornos sehen k\u00f6nnen. Diese Art von Porno ist im Wesentlichen, wenn Sie eine spezielle Ausr\u00fcstung anziehen. Danach k\u00f6nnen Sie sehen, als w\u00e4ren Sie im Pornovideo. Und das ist etwas, das das Erlebnis verbessert. Solche Technologien befinden sich noch in der Entwicklung, aber XHamstervr hat bereits die besten Videos, die man sich w\u00fcnschen kann. Meistens k\u00f6nnen Sie aus den Videos mit \u00fcber siebzig Seiten ausw\u00e4hlen und genie\u00dfen.Sie sehen nicht nur so aus, als w\u00e4ren Sie in das Video eingetaucht, sondern k\u00f6nnen auch den Kopf drehen, um alles zu sehen. Das Bild ist sehr klar und die Aktion sieht echt aus. XHamster.com\/vr ist anderen Seiten mit solchen Technologien weit voraus. Au\u00dferdem sollten Sie VR-pornografischen Inhalten unbedingt eine Chance geben, nur weil sie unschlagbar sind. Es ist besser als neunzig Prozent der Amateur-Pornoseiten und Sie werden es sp\u00fcren, wenn Sie es zum ersten Mal benutzen. Sie k\u00f6nnen auch Ihre Lieblingspornostars finden, die ein Video wie dieses machen. Es k\u00f6nnte Riley Reid oder ein anderer Pornostar sein, weil sie alle einen Clip wie diesen gedreht haben, was gro\u00dfartig ist!<\/p>\n","protected":false},"excerpt":{"rendered":"<p>XHamster.com\/vr ist eine gro\u00dfartige Seite, auf der Sie die besten Virtual-Reality-Pornos sehen k\u00f6nnen. Diese Art von Porno ist im Wesentlichen, wenn Sie eine spezielle Ausr\u00fcstung anziehen. Danach k\u00f6nnen Sie sehen, als w\u00e4ren Sie im Pornovideo. Und das ist etwas, das das Erlebnis verbessert. Solche Technologien befinden sich noch in der Entwicklung, aber XHamstervr hat bereits [&hellip;]<\/p>\n","protected":false},"author":1,"featured_media":0,"parent":0,"menu_order":0,"comment_status":"closed","ping_status":"closed","template":"page-star-stil.php","meta":{"footnotes":""},"class_list":["post-7192","page","type-page","status-publish","hentry"],"yoast_head":"<!-- This site is optimized with the Yoast SEO plugin v27.2 - https:\/\/yoast.com\/product\/yoast-seo-wordpress\/ -->\n<title>Xhamstervr und Liste der besten Pornoseiten | PornMate<\/title>\n<meta name=\"description\" content=\"XHamster.com\/vr ist eine gro\u00dfartige Seite, auf der Sie die besten Virtual-Reality-Pornos sehen k\u00f6nnen. Diese Art von Porno ist im Wesentlichen, wenn Sie eine spezielle Ausr\u00fcstung anziehen. Danach k\u00f6nnen Sie sehen, als w\u00e4ren Sie im Pornovideo. Und das ist etwas, das das Erlebnis verbessert.\" \/>\n<meta name=\"robots\" content=\"index, follow, max-snippet:-1, max-image-preview:large, max-video-preview:-1\" \/>\n<link rel=\"canonical\" href=\"https:\/\/pornmate.com\/de\/xhamstervr\" \/>\n<meta property=\"og:locale\" content=\"de_DE\" \/>\n<meta property=\"og:type\" content=\"article\" \/>\n<meta property=\"og:title\" content=\"Xhamstervr und Liste der besten Pornoseiten | PornMate\" \/>\n<meta property=\"og:description\" content=\"XHamster.com\/vr ist eine gro\u00dfartige Seite, auf der Sie die besten Virtual-Reality-Pornos sehen k\u00f6nnen. Diese Art von Porno ist im Wesentlichen, wenn Sie eine spezielle Ausr\u00fcstung anziehen. Danach k\u00f6nnen Sie sehen, als w\u00e4ren Sie im Pornovideo. Und das ist etwas, das das Erlebnis verbessert.\" \/>\n<meta property=\"og:url\" content=\"https:\/\/pornmate.com\/de\/xhamstervr\" \/>\n<meta property=\"og:site_name\" content=\"Besten Pornoseiten - Kostenlose Deutsche Pornos | PornMate.com\" \/>\n<meta property=\"article:modified_time\" content=\"2022-11-28T08:41:35+00:00\" \/>\n<meta name=\"twitter:card\" content=\"summary_large_image\" \/>\n<meta name=\"twitter:label1\" content=\"Gesch\u00e4tzte Lesezeit\" \/>\n\t<meta name=\"twitter:data1\" content=\"2\u00a0Minuten\" \/>\n<script type=\"application\/ld+json\" class=\"yoast-schema-graph\">{\"@context\":\"https:\/\/schema.org\",\"@graph\":[{\"@type\":\"WebPage\",\"@id\":\"https:\/\/pornmate.com\/de\/xhamstervr\",\"url\":\"https:\/\/pornmate.com\/de\/xhamstervr\",\"name\":\"Xhamstervr und Liste der besten Pornoseiten | PornMate\",\"isPartOf\":{\"@id\":\"https:\/\/pornmate.com\/de\/#website\"},\"datePublished\":\"2020-03-19T11:22:24+00:00\",\"dateModified\":\"2022-11-28T08:41:35+00:00\",\"description\":\"XHamster.com\/vr ist eine gro\u00dfartige Seite, auf der Sie die besten Virtual-Reality-Pornos sehen k\u00f6nnen. Diese Art von Porno ist im Wesentlichen, wenn Sie eine spezielle Ausr\u00fcstung anziehen. Danach k\u00f6nnen Sie sehen, als w\u00e4ren Sie im Pornovideo. Und das ist etwas, das das Erlebnis verbessert.\",\"breadcrumb\":{\"@id\":\"https:\/\/pornmate.com\/de\/xhamstervr#breadcrumb\"},\"inLanguage\":\"de\",\"potentialAction\":[{\"@type\":\"ReadAction\",\"target\":[\"https:\/\/pornmate.com\/de\/xhamstervr\"]}]},{\"@type\":\"BreadcrumbList\",\"@id\":\"https:\/\/pornmate.com\/de\/xhamstervr#breadcrumb\",\"itemListElement\":[{\"@type\":\"ListItem\",\"position\":1,\"name\":\"Startseite\",\"item\":\"https:\/\/pornmate.com\/de\"},{\"@type\":\"ListItem\",\"position\":2,\"name\":\"Xhamstervr\"}]},{\"@type\":\"WebSite\",\"@id\":\"https:\/\/pornmate.com\/de\/#website\",\"url\":\"https:\/\/pornmate.com\/de\/\",\"name\":\"Besten Pornoseiten - Kostenlose Deutsche Pornos | PornMate.com\",\"description\":\"Kostenlose Pornos, ist Ihr Combo-Verzeichnis der besten gratis Pornoseiten, die Sie finden k\u00f6nnen, und das fantastische Seitenbewertungen, Kostenlose Deutsche sex Biografien von Pornostars und ihre xxx Freie Porno videos unter einem Dach pr\u00e4sentiert.\",\"publisher\":{\"@id\":\"https:\/\/pornmate.com\/de\/#organization\"},\"potentialAction\":[{\"@type\":\"SearchAction\",\"target\":{\"@type\":\"EntryPoint\",\"urlTemplate\":\"https:\/\/pornmate.com\/de\/?s={search_term_string}\"},\"query-input\":{\"@type\":\"PropertyValueSpecification\",\"valueRequired\":true,\"valueName\":\"search_term_string\"}}],\"inLanguage\":\"de\"},{\"@type\":\"Organization\",\"@id\":\"https:\/\/pornmate.com\/de\/#organization\",\"name\":\"Besten Pornoseiten - Kostenlose Deutsche Pornos | PornMate.com\",\"url\":\"https:\/\/pornmate.com\/de\/\",\"logo\":{\"@type\":\"ImageObject\",\"inLanguage\":\"de\",\"@id\":\"https:\/\/pornmate.com\/de\/#\/schema\/logo\/image\/\",\"url\":\"https:\/\/pornmate.com\/de\/wp-content\/uploads\/2022\/11\/pornmate-1.png\",\"contentUrl\":\"https:\/\/pornmate.com\/de\/wp-content\/uploads\/2022\/11\/pornmate-1.png\",\"width\":203,\"height\":200,\"caption\":\"Besten Pornoseiten - Kostenlose Deutsche Pornos | PornMate.com\"},\"image\":{\"@id\":\"https:\/\/pornmate.com\/de\/#\/schema\/logo\/image\/\"}}]}<\/script>\n<!-- \/ Yoast SEO plugin. -->","yoast_head_json":{"title":"Xhamstervr und Liste der besten Pornoseiten | PornMate","description":"XHamster.com\/vr ist eine gro\u00dfartige Seite, auf der Sie die besten Virtual-Reality-Pornos sehen k\u00f6nnen. Diese Art von Porno ist im Wesentlichen, wenn Sie eine spezielle Ausr\u00fcstung anziehen. Danach k\u00f6nnen Sie sehen, als w\u00e4ren Sie im Pornovideo. Und das ist etwas, das das Erlebnis verbessert.","robots":{"index":"index","follow":"follow","max-snippet":"max-snippet:-1","max-image-preview":"max-image-preview:large","max-video-preview":"max-video-preview:-1"},"canonical":"https:\/\/pornmate.com\/de\/xhamstervr","og_locale":"de_DE","og_type":"article","og_title":"Xhamstervr und Liste der besten Pornoseiten | PornMate","og_description":"XHamster.com\/vr ist eine gro\u00dfartige Seite, auf der Sie die besten Virtual-Reality-Pornos sehen k\u00f6nnen. Diese Art von Porno ist im Wesentlichen, wenn Sie eine spezielle Ausr\u00fcstung anziehen. Danach k\u00f6nnen Sie sehen, als w\u00e4ren Sie im Pornovideo. Und das ist etwas, das das Erlebnis verbessert.","og_url":"https:\/\/pornmate.com\/de\/xhamstervr","og_site_name":"Besten Pornoseiten - Kostenlose Deutsche Pornos | PornMate.com","article_modified_time":"2022-11-28T08:41:35+00:00","twitter_card":"summary_large_image","twitter_misc":{"Gesch\u00e4tzte Lesezeit":"2\u00a0Minuten"},"schema":{"@context":"https:\/\/schema.org","@graph":[{"@type":"WebPage","@id":"https:\/\/pornmate.com\/de\/xhamstervr","url":"https:\/\/pornmate.com\/de\/xhamstervr","name":"Xhamstervr und Liste der besten Pornoseiten | PornMate","isPartOf":{"@id":"https:\/\/pornmate.com\/de\/#website"},"datePublished":"2020-03-19T11:22:24+00:00","dateModified":"2022-11-28T08:41:35+00:00","description":"XHamster.com\/vr ist eine gro\u00dfartige Seite, auf der Sie die besten Virtual-Reality-Pornos sehen k\u00f6nnen. Diese Art von Porno ist im Wesentlichen, wenn Sie eine spezielle Ausr\u00fcstung anziehen. Danach k\u00f6nnen Sie sehen, als w\u00e4ren Sie im Pornovideo. Und das ist etwas, das das Erlebnis verbessert.","breadcrumb":{"@id":"https:\/\/pornmate.com\/de\/xhamstervr#breadcrumb"},"inLanguage":"de","potentialAction":[{"@type":"ReadAction","target":["https:\/\/pornmate.com\/de\/xhamstervr"]}]},{"@type":"BreadcrumbList","@id":"https:\/\/pornmate.com\/de\/xhamstervr#breadcrumb","itemListElement":[{"@type":"ListItem","position":1,"name":"Startseite","item":"https:\/\/pornmate.com\/de"},{"@type":"ListItem","position":2,"name":"Xhamstervr"}]},{"@type":"WebSite","@id":"https:\/\/pornmate.com\/de\/#website","url":"https:\/\/pornmate.com\/de\/","name":"Besten Pornoseiten - Kostenlose Deutsche Pornos | PornMate.com","description":"Kostenlose Pornos, ist Ihr Combo-Verzeichnis der besten gratis Pornoseiten, die Sie finden k\u00f6nnen, und das fantastische Seitenbewertungen, Kostenlose Deutsche sex Biografien von Pornostars und ihre xxx Freie Porno videos unter einem Dach pr\u00e4sentiert.","publisher":{"@id":"https:\/\/pornmate.com\/de\/#organization"},"potentialAction":[{"@type":"SearchAction","target":{"@type":"EntryPoint","urlTemplate":"https:\/\/pornmate.com\/de\/?s={search_term_string}"},"query-input":{"@type":"PropertyValueSpecification","valueRequired":true,"valueName":"search_term_string"}}],"inLanguage":"de"},{"@type":"Organization","@id":"https:\/\/pornmate.com\/de\/#organization","name":"Besten Pornoseiten - Kostenlose Deutsche Pornos | PornMate.com","url":"https:\/\/pornmate.com\/de\/","logo":{"@type":"ImageObject","inLanguage":"de","@id":"https:\/\/pornmate.com\/de\/#\/schema\/logo\/image\/","url":"https:\/\/pornmate.com\/de\/wp-content\/uploads\/2022\/11\/pornmate-1.png","contentUrl":"https:\/\/pornmate.com\/de\/wp-content\/uploads\/2022\/11\/pornmate-1.png","width":203,"height":200,"caption":"Besten Pornoseiten - Kostenlose Deutsche Pornos | PornMate.com"},"image":{"@id":"https:\/\/pornmate.com\/de\/#\/schema\/logo\/image\/"}}]}},"_links":{"self":[{"href":"https:\/\/pornmate.com\/de\/wp-json\/wp\/v2\/pages\/7192","targetHints":{"allow":["GET"]}}],"collection":[{"href":"https:\/\/pornmate.com\/de\/wp-json\/wp\/v2\/pages"}],"about":[{"href":"https:\/\/pornmate.com\/de\/wp-json\/wp\/v2\/types\/page"}],"author":[{"embeddable":true,"href":"https:\/\/pornmate.com\/de\/wp-json\/wp\/v2\/users\/1"}],"replies":[{"embeddable":true,"href":"https:\/\/pornmate.com\/de\/wp-json\/wp\/v2\/comments?post=7192"}],"version-history":[{"count":0,"href":"https:\/\/pornmate.com\/de\/wp-json\/wp\/v2\/pages\/7192\/revisions"}],"wp:attachment":[{"href":"https:\/\/pornmate.com\/de\/wp-json\/wp\/v2\/media?parent=7192"}],"curies":[{"name":"wp","href":"https:\/\/api.w.org\/{rel}","templated":true}]}}