{"id":7196,"date":"2020-03-19T11:27:26","date_gmt":"2020-03-19T11:27:26","guid":{"rendered":"https:\/\/pornmate.com\/?page_id=7196"},"modified":"2020-03-19T11:27:26","modified_gmt":"2020-03-19T11:27:26","slug":"porndiscounts","status":"publish","type":"page","link":"https:\/\/pornmate.com\/de\/porndiscounts","title":{"rendered":"Porndiscounts"},"content":{"rendered":"<p>PornDiscounts.com ist das, was wir jetzt im Geburtsrecht brauchen.<br \/>\nHaben Sie sich jemals gefragt, welche Art von Pornos im Angebot sind?<br \/>\nOder suchen Sie gedankenlos nach Clips \u00fcber das Internet?<br \/>\nJetzt brauchen Sie das nicht mehr, denn schlie\u00dflich haben Sie diese Seite.<br \/>\nMit PornDiscounts k\u00f6nnen Sie wissen, welche Websites die Preise senken.<br \/>\nSie k\u00f6nnen dann Angebote, Coupons, Rabatte und mehr erkennen.<br \/>\nSie k\u00f6nnen die derzeit g\u00fcnstigsten Websites kennen, von denen Sie entweder Abonnements oder Inhalte kaufen k\u00f6nnen.<br \/>\nPornDiscounts.com ist eine fantastische Sache, die Ihnen den Porno bringt.<br \/>\nUnd es tut dieses Bit auch, um Ihre zu sparen<br \/>\nWas k\u00f6nnen Sie noch befragen?<br \/>\nMit diesen Rabatten auf Pornos k\u00f6nnen Sie schlie\u00dflich Ihr Pornoerlebnis genie\u00dfen.<br \/>\nSchluss mit kostenlosen Pornof\u00fchrern und der Jagd nach unvollendeten.<br \/>\nJetzt k\u00f6nnen Sie alle Filmstars genie\u00dfen, die Sie wollen, wie Lana Rhoades und zahlreiche weitere. Der einzige Unterschied besteht darin, dass Sie jetzt besser als zerbrechliche, zerbrochene Clips geeignet sind, um zu wissen<br \/>\nUnd Sie k\u00f6nnen sie in ausgezeichneter Qualit\u00e4t kennen, genau so erhalten Sie einen guten Rabatt.<br \/>\nDiese Seite ist einen Besuch wert, wenn Sie auf besondere Pornos stehen.<\/p>\n","protected":false},"excerpt":{"rendered":"<p>PornDiscounts.com ist das, was wir jetzt im Geburtsrecht brauchen. Haben Sie sich jemals gefragt, welche Art von Pornos im Angebot sind? Oder suchen Sie gedankenlos nach Clips \u00fcber das Internet? Jetzt brauchen Sie das nicht mehr, denn schlie\u00dflich haben Sie diese Seite. Mit PornDiscounts k\u00f6nnen Sie wissen, welche Websites die Preise senken. Sie k\u00f6nnen dann [&hellip;]<\/p>\n","protected":false},"author":1,"featured_media":0,"parent":0,"menu_order":0,"comment_status":"closed","ping_status":"closed","template":"page-star-stil.php","meta":{"footnotes":""},"class_list":["post-7196","page","type-page","status-publish","hentry"],"yoast_head":"<!-- This site is optimized with the Yoast SEO plugin v27.2 - https:\/\/yoast.com\/product\/yoast-seo-wordpress\/ -->\n<title>Porndiscounts und Liste der besten Pornoseiten | PornMate<\/title>\n<meta name=\"description\" content=\"PornDiscounts.com ist das, was wir jetzt im Geburtsrecht brauchen.\" \/>\n<meta name=\"robots\" content=\"index, follow, max-snippet:-1, max-image-preview:large, max-video-preview:-1\" \/>\n<link rel=\"canonical\" href=\"https:\/\/pornmate.com\/de\/porndiscounts\" \/>\n<meta property=\"og:locale\" content=\"de_DE\" \/>\n<meta property=\"og:type\" content=\"article\" \/>\n<meta property=\"og:title\" content=\"Porndiscounts und Liste der besten Pornoseiten | PornMate\" \/>\n<meta property=\"og:description\" content=\"PornDiscounts.com ist das, was wir jetzt im Geburtsrecht brauchen.\" \/>\n<meta property=\"og:url\" content=\"https:\/\/pornmate.com\/de\/porndiscounts\" \/>\n<meta property=\"og:site_name\" content=\"Besten Pornoseiten - Kostenlose Deutsche Pornos | PornMate.com\" \/>\n<meta name=\"twitter:card\" content=\"summary_large_image\" \/>\n<meta name=\"twitter:label1\" content=\"Gesch\u00e4tzte Lesezeit\" \/>\n\t<meta name=\"twitter:data1\" content=\"2\u00a0Minuten\" \/>\n<script type=\"application\/ld+json\" class=\"yoast-schema-graph\">{\"@context\":\"https:\/\/schema.org\",\"@graph\":[{\"@type\":\"WebPage\",\"@id\":\"https:\/\/pornmate.com\/de\/porndiscounts\",\"url\":\"https:\/\/pornmate.com\/de\/porndiscounts\",\"name\":\"Porndiscounts und Liste der besten Pornoseiten | PornMate\",\"isPartOf\":{\"@id\":\"https:\/\/pornmate.com\/de\/#website\"},\"datePublished\":\"2020-03-19T11:27:26+00:00\",\"description\":\"PornDiscounts.com ist das, was wir jetzt im Geburtsrecht brauchen.\",\"breadcrumb\":{\"@id\":\"https:\/\/pornmate.com\/de\/porndiscounts#breadcrumb\"},\"inLanguage\":\"de\",\"potentialAction\":[{\"@type\":\"ReadAction\",\"target\":[\"https:\/\/pornmate.com\/de\/porndiscounts\"]}]},{\"@type\":\"BreadcrumbList\",\"@id\":\"https:\/\/pornmate.com\/de\/porndiscounts#breadcrumb\",\"itemListElement\":[{\"@type\":\"ListItem\",\"position\":1,\"name\":\"Startseite\",\"item\":\"https:\/\/pornmate.com\/de\"},{\"@type\":\"ListItem\",\"position\":2,\"name\":\"Porndiscounts\"}]},{\"@type\":\"WebSite\",\"@id\":\"https:\/\/pornmate.com\/de\/#website\",\"url\":\"https:\/\/pornmate.com\/de\/\",\"name\":\"Besten Pornoseiten - Kostenlose Deutsche Pornos | PornMate.com\",\"description\":\"Kostenlose Pornos, ist Ihr Combo-Verzeichnis der besten gratis Pornoseiten, die Sie finden k\u00f6nnen, und das fantastische Seitenbewertungen, Kostenlose Deutsche sex Biografien von Pornostars und ihre xxx Freie Porno videos unter einem Dach pr\u00e4sentiert.\",\"publisher\":{\"@id\":\"https:\/\/pornmate.com\/de\/#organization\"},\"potentialAction\":[{\"@type\":\"SearchAction\",\"target\":{\"@type\":\"EntryPoint\",\"urlTemplate\":\"https:\/\/pornmate.com\/de\/?s={search_term_string}\"},\"query-input\":{\"@type\":\"PropertyValueSpecification\",\"valueRequired\":true,\"valueName\":\"search_term_string\"}}],\"inLanguage\":\"de\"},{\"@type\":\"Organization\",\"@id\":\"https:\/\/pornmate.com\/de\/#organization\",\"name\":\"Besten Pornoseiten - Kostenlose Deutsche Pornos | PornMate.com\",\"url\":\"https:\/\/pornmate.com\/de\/\",\"logo\":{\"@type\":\"ImageObject\",\"inLanguage\":\"de\",\"@id\":\"https:\/\/pornmate.com\/de\/#\/schema\/logo\/image\/\",\"url\":\"https:\/\/pornmate.com\/de\/wp-content\/uploads\/2022\/11\/pornmate-1.png\",\"contentUrl\":\"https:\/\/pornmate.com\/de\/wp-content\/uploads\/2022\/11\/pornmate-1.png\",\"width\":203,\"height\":200,\"caption\":\"Besten Pornoseiten - Kostenlose Deutsche Pornos | PornMate.com\"},\"image\":{\"@id\":\"https:\/\/pornmate.com\/de\/#\/schema\/logo\/image\/\"}}]}<\/script>\n<!-- \/ Yoast SEO plugin. -->","yoast_head_json":{"title":"Porndiscounts und Liste der besten Pornoseiten | PornMate","description":"PornDiscounts.com ist das, was wir jetzt im Geburtsrecht brauchen.","robots":{"index":"index","follow":"follow","max-snippet":"max-snippet:-1","max-image-preview":"max-image-preview:large","max-video-preview":"max-video-preview:-1"},"canonical":"https:\/\/pornmate.com\/de\/porndiscounts","og_locale":"de_DE","og_type":"article","og_title":"Porndiscounts und Liste der besten Pornoseiten | PornMate","og_description":"PornDiscounts.com ist das, was wir jetzt im Geburtsrecht brauchen.","og_url":"https:\/\/pornmate.com\/de\/porndiscounts","og_site_name":"Besten Pornoseiten - Kostenlose Deutsche Pornos | PornMate.com","twitter_card":"summary_large_image","twitter_misc":{"Gesch\u00e4tzte Lesezeit":"2\u00a0Minuten"},"schema":{"@context":"https:\/\/schema.org","@graph":[{"@type":"WebPage","@id":"https:\/\/pornmate.com\/de\/porndiscounts","url":"https:\/\/pornmate.com\/de\/porndiscounts","name":"Porndiscounts und Liste der besten Pornoseiten | PornMate","isPartOf":{"@id":"https:\/\/pornmate.com\/de\/#website"},"datePublished":"2020-03-19T11:27:26+00:00","description":"PornDiscounts.com ist das, was wir jetzt im Geburtsrecht brauchen.","breadcrumb":{"@id":"https:\/\/pornmate.com\/de\/porndiscounts#breadcrumb"},"inLanguage":"de","potentialAction":[{"@type":"ReadAction","target":["https:\/\/pornmate.com\/de\/porndiscounts"]}]},{"@type":"BreadcrumbList","@id":"https:\/\/pornmate.com\/de\/porndiscounts#breadcrumb","itemListElement":[{"@type":"ListItem","position":1,"name":"Startseite","item":"https:\/\/pornmate.com\/de"},{"@type":"ListItem","position":2,"name":"Porndiscounts"}]},{"@type":"WebSite","@id":"https:\/\/pornmate.com\/de\/#website","url":"https:\/\/pornmate.com\/de\/","name":"Besten Pornoseiten - Kostenlose Deutsche Pornos | PornMate.com","description":"Kostenlose Pornos, ist Ihr Combo-Verzeichnis der besten gratis Pornoseiten, die Sie finden k\u00f6nnen, und das fantastische Seitenbewertungen, Kostenlose Deutsche sex Biografien von Pornostars und ihre xxx Freie Porno videos unter einem Dach pr\u00e4sentiert.","publisher":{"@id":"https:\/\/pornmate.com\/de\/#organization"},"potentialAction":[{"@type":"SearchAction","target":{"@type":"EntryPoint","urlTemplate":"https:\/\/pornmate.com\/de\/?s={search_term_string}"},"query-input":{"@type":"PropertyValueSpecification","valueRequired":true,"valueName":"search_term_string"}}],"inLanguage":"de"},{"@type":"Organization","@id":"https:\/\/pornmate.com\/de\/#organization","name":"Besten Pornoseiten - Kostenlose Deutsche Pornos | PornMate.com","url":"https:\/\/pornmate.com\/de\/","logo":{"@type":"ImageObject","inLanguage":"de","@id":"https:\/\/pornmate.com\/de\/#\/schema\/logo\/image\/","url":"https:\/\/pornmate.com\/de\/wp-content\/uploads\/2022\/11\/pornmate-1.png","contentUrl":"https:\/\/pornmate.com\/de\/wp-content\/uploads\/2022\/11\/pornmate-1.png","width":203,"height":200,"caption":"Besten Pornoseiten - Kostenlose Deutsche Pornos | PornMate.com"},"image":{"@id":"https:\/\/pornmate.com\/de\/#\/schema\/logo\/image\/"}}]}},"_links":{"self":[{"href":"https:\/\/pornmate.com\/de\/wp-json\/wp\/v2\/pages\/7196","targetHints":{"allow":["GET"]}}],"collection":[{"href":"https:\/\/pornmate.com\/de\/wp-json\/wp\/v2\/pages"}],"about":[{"href":"https:\/\/pornmate.com\/de\/wp-json\/wp\/v2\/types\/page"}],"author":[{"embeddable":true,"href":"https:\/\/pornmate.com\/de\/wp-json\/wp\/v2\/users\/1"}],"replies":[{"embeddable":true,"href":"https:\/\/pornmate.com\/de\/wp-json\/wp\/v2\/comments?post=7196"}],"version-history":[{"count":0,"href":"https:\/\/pornmate.com\/de\/wp-json\/wp\/v2\/pages\/7196\/revisions"}],"wp:attachment":[{"href":"https:\/\/pornmate.com\/de\/wp-json\/wp\/v2\/media?parent=7196"}],"curies":[{"name":"wp","href":"https:\/\/api.w.org\/{rel}","templated":true}]}}