{"id":7245,"date":"2020-03-20T15:08:11","date_gmt":"2020-03-20T15:08:11","guid":{"rendered":"https:\/\/pornmate.com\/?page_id=7245"},"modified":"2020-03-20T15:08:11","modified_gmt":"2020-03-20T15:08:11","slug":"hornygamer","status":"publish","type":"page","link":"https:\/\/pornmate.com\/de\/hornygamer","title":{"rendered":"Hornygamer"},"content":{"rendered":"<p>Wenn Sie Sexspiele spielen m\u00f6chten, die fantastisch aussehen, k\u00f6nnen Sie zu HornyGamer.com gehen. Hier finden Sie ganz einfach alle Arten von Spielen. Wenn Sie beispielsweise an einer bereits existierenden fiktiven Figur interessiert sind, werden Sie sie wahrscheinlich hier finden. Es gibt Spiele, die allen Arten von beliebten Damen aus Anime-Filmen und Zeichentrickfilmen gewidmet sind. Und solche Spiele sind alle Arten. Hier bei HornyGamer gibt es sowohl 2D-Spiele als auch tolle 3D-Spiele. Sie unterscheiden sich auch in ihrer Funktionsweise. Einige Spiele konzentrieren sich ausschlie\u00dflich auf Action und dann gibt es auch Story-basierte Spiele. In diesen m\u00fcssen Sie verschiedene Aufgaben erledigen und im Spiel vorankommen, um Sexualit\u00e4t zu erlangen. HornyGamer.com hat also alles, was auf Ihrem Boot schwimmt, und das ist gro\u00dfartig. Sie k\u00f6nnen alle Spiele hier kostenlos spielen und sich an der Sch\u00f6nheit der Spiele erfreuen. Auf dieser Seite werden keine Pornostars vorgestellt. Sie werden hier keine bekannten Pornostars wie Asa Akira sehen k\u00f6nnen. Sie werden jedoch jede Menge fiktive asiatische Damen sowie alle anderen Frauen aus beliebten Franchises sehen. Aus diesem Grund ist dies der richtige Ort f\u00fcr Sie. besonders wenn Sie exzellente Sexspiele mit unglaublichen Actionszenen genie\u00dfen.<\/p>\n","protected":false},"excerpt":{"rendered":"<p>Wenn Sie Sexspiele spielen m\u00f6chten, die fantastisch aussehen, k\u00f6nnen Sie zu HornyGamer.com gehen. Hier finden Sie ganz einfach alle Arten von Spielen. Wenn Sie beispielsweise an einer bereits existierenden fiktiven Figur interessiert sind, werden Sie sie wahrscheinlich hier finden. Es gibt Spiele, die allen Arten von beliebten Damen aus Anime-Filmen und Zeichentrickfilmen gewidmet sind. Und [&hellip;]<\/p>\n","protected":false},"author":1,"featured_media":0,"parent":0,"menu_order":0,"comment_status":"closed","ping_status":"closed","template":"page-star-stil.php","meta":{"footnotes":""},"class_list":["post-7245","page","type-page","status-publish","hentry"],"yoast_head":"<!-- This site is optimized with the Yoast SEO plugin v27.2 - https:\/\/yoast.com\/product\/yoast-seo-wordpress\/ -->\n<title>Hornygamer und Liste der besten Pornoseiten | PornMate<\/title>\n<meta name=\"description\" content=\"Wenn Sie Sexspiele spielen m\u00f6chten, die fantastisch aussehen, k\u00f6nnen Sie zu HornyGamer.com gehen. Hier finden Sie ganz einfach alle Arten von Spielen. Wenn Sie beispielsweise an einer bereits existierenden fiktiven Figur interessiert sind, werden Sie sie wahrscheinlich hier finden.\" \/>\n<meta name=\"robots\" content=\"index, follow, max-snippet:-1, max-image-preview:large, max-video-preview:-1\" \/>\n<link rel=\"canonical\" href=\"https:\/\/pornmate.com\/de\/hornygamer\" \/>\n<meta property=\"og:locale\" content=\"de_DE\" \/>\n<meta property=\"og:type\" content=\"article\" \/>\n<meta property=\"og:title\" content=\"Hornygamer und Liste der besten Pornoseiten | PornMate\" \/>\n<meta property=\"og:description\" content=\"Wenn Sie Sexspiele spielen m\u00f6chten, die fantastisch aussehen, k\u00f6nnen Sie zu HornyGamer.com gehen. Hier finden Sie ganz einfach alle Arten von Spielen. Wenn Sie beispielsweise an einer bereits existierenden fiktiven Figur interessiert sind, werden Sie sie wahrscheinlich hier finden.\" \/>\n<meta property=\"og:url\" content=\"https:\/\/pornmate.com\/de\/hornygamer\" \/>\n<meta property=\"og:site_name\" content=\"Besten Pornoseiten - Kostenlose Deutsche Pornos | PornMate.com\" \/>\n<meta name=\"twitter:card\" content=\"summary_large_image\" \/>\n<meta name=\"twitter:label1\" content=\"Gesch\u00e4tzte Lesezeit\" \/>\n\t<meta name=\"twitter:data1\" content=\"2\u00a0Minuten\" \/>\n<script type=\"application\/ld+json\" class=\"yoast-schema-graph\">{\"@context\":\"https:\/\/schema.org\",\"@graph\":[{\"@type\":\"WebPage\",\"@id\":\"https:\/\/pornmate.com\/de\/hornygamer\",\"url\":\"https:\/\/pornmate.com\/de\/hornygamer\",\"name\":\"Hornygamer und Liste der besten Pornoseiten | PornMate\",\"isPartOf\":{\"@id\":\"https:\/\/pornmate.com\/de\/#website\"},\"datePublished\":\"2020-03-20T15:08:11+00:00\",\"description\":\"Wenn Sie Sexspiele spielen m\u00f6chten, die fantastisch aussehen, k\u00f6nnen Sie zu HornyGamer.com gehen. Hier finden Sie ganz einfach alle Arten von Spielen. Wenn Sie beispielsweise an einer bereits existierenden fiktiven Figur interessiert sind, werden Sie sie wahrscheinlich hier finden.\",\"breadcrumb\":{\"@id\":\"https:\/\/pornmate.com\/de\/hornygamer#breadcrumb\"},\"inLanguage\":\"de\",\"potentialAction\":[{\"@type\":\"ReadAction\",\"target\":[\"https:\/\/pornmate.com\/de\/hornygamer\"]}]},{\"@type\":\"BreadcrumbList\",\"@id\":\"https:\/\/pornmate.com\/de\/hornygamer#breadcrumb\",\"itemListElement\":[{\"@type\":\"ListItem\",\"position\":1,\"name\":\"Startseite\",\"item\":\"https:\/\/pornmate.com\/de\"},{\"@type\":\"ListItem\",\"position\":2,\"name\":\"Hornygamer\"}]},{\"@type\":\"WebSite\",\"@id\":\"https:\/\/pornmate.com\/de\/#website\",\"url\":\"https:\/\/pornmate.com\/de\/\",\"name\":\"Besten Pornoseiten - Kostenlose Deutsche Pornos | PornMate.com\",\"description\":\"Kostenlose Pornos, ist Ihr Combo-Verzeichnis der besten gratis Pornoseiten, die Sie finden k\u00f6nnen, und das fantastische Seitenbewertungen, Kostenlose Deutsche sex Biografien von Pornostars und ihre xxx Freie Porno videos unter einem Dach pr\u00e4sentiert.\",\"publisher\":{\"@id\":\"https:\/\/pornmate.com\/de\/#organization\"},\"potentialAction\":[{\"@type\":\"SearchAction\",\"target\":{\"@type\":\"EntryPoint\",\"urlTemplate\":\"https:\/\/pornmate.com\/de\/?s={search_term_string}\"},\"query-input\":{\"@type\":\"PropertyValueSpecification\",\"valueRequired\":true,\"valueName\":\"search_term_string\"}}],\"inLanguage\":\"de\"},{\"@type\":\"Organization\",\"@id\":\"https:\/\/pornmate.com\/de\/#organization\",\"name\":\"Besten Pornoseiten - Kostenlose Deutsche Pornos | PornMate.com\",\"url\":\"https:\/\/pornmate.com\/de\/\",\"logo\":{\"@type\":\"ImageObject\",\"inLanguage\":\"de\",\"@id\":\"https:\/\/pornmate.com\/de\/#\/schema\/logo\/image\/\",\"url\":\"https:\/\/pornmate.com\/de\/wp-content\/uploads\/2022\/11\/pornmate-1.png\",\"contentUrl\":\"https:\/\/pornmate.com\/de\/wp-content\/uploads\/2022\/11\/pornmate-1.png\",\"width\":203,\"height\":200,\"caption\":\"Besten Pornoseiten - Kostenlose Deutsche Pornos | PornMate.com\"},\"image\":{\"@id\":\"https:\/\/pornmate.com\/de\/#\/schema\/logo\/image\/\"}}]}<\/script>\n<!-- \/ Yoast SEO plugin. -->","yoast_head_json":{"title":"Hornygamer und Liste der besten Pornoseiten | PornMate","description":"Wenn Sie Sexspiele spielen m\u00f6chten, die fantastisch aussehen, k\u00f6nnen Sie zu HornyGamer.com gehen. Hier finden Sie ganz einfach alle Arten von Spielen. Wenn Sie beispielsweise an einer bereits existierenden fiktiven Figur interessiert sind, werden Sie sie wahrscheinlich hier finden.","robots":{"index":"index","follow":"follow","max-snippet":"max-snippet:-1","max-image-preview":"max-image-preview:large","max-video-preview":"max-video-preview:-1"},"canonical":"https:\/\/pornmate.com\/de\/hornygamer","og_locale":"de_DE","og_type":"article","og_title":"Hornygamer und Liste der besten Pornoseiten | PornMate","og_description":"Wenn Sie Sexspiele spielen m\u00f6chten, die fantastisch aussehen, k\u00f6nnen Sie zu HornyGamer.com gehen. Hier finden Sie ganz einfach alle Arten von Spielen. Wenn Sie beispielsweise an einer bereits existierenden fiktiven Figur interessiert sind, werden Sie sie wahrscheinlich hier finden.","og_url":"https:\/\/pornmate.com\/de\/hornygamer","og_site_name":"Besten Pornoseiten - Kostenlose Deutsche Pornos | PornMate.com","twitter_card":"summary_large_image","twitter_misc":{"Gesch\u00e4tzte Lesezeit":"2\u00a0Minuten"},"schema":{"@context":"https:\/\/schema.org","@graph":[{"@type":"WebPage","@id":"https:\/\/pornmate.com\/de\/hornygamer","url":"https:\/\/pornmate.com\/de\/hornygamer","name":"Hornygamer und Liste der besten Pornoseiten | PornMate","isPartOf":{"@id":"https:\/\/pornmate.com\/de\/#website"},"datePublished":"2020-03-20T15:08:11+00:00","description":"Wenn Sie Sexspiele spielen m\u00f6chten, die fantastisch aussehen, k\u00f6nnen Sie zu HornyGamer.com gehen. Hier finden Sie ganz einfach alle Arten von Spielen. Wenn Sie beispielsweise an einer bereits existierenden fiktiven Figur interessiert sind, werden Sie sie wahrscheinlich hier finden.","breadcrumb":{"@id":"https:\/\/pornmate.com\/de\/hornygamer#breadcrumb"},"inLanguage":"de","potentialAction":[{"@type":"ReadAction","target":["https:\/\/pornmate.com\/de\/hornygamer"]}]},{"@type":"BreadcrumbList","@id":"https:\/\/pornmate.com\/de\/hornygamer#breadcrumb","itemListElement":[{"@type":"ListItem","position":1,"name":"Startseite","item":"https:\/\/pornmate.com\/de"},{"@type":"ListItem","position":2,"name":"Hornygamer"}]},{"@type":"WebSite","@id":"https:\/\/pornmate.com\/de\/#website","url":"https:\/\/pornmate.com\/de\/","name":"Besten Pornoseiten - Kostenlose Deutsche Pornos | PornMate.com","description":"Kostenlose Pornos, ist Ihr Combo-Verzeichnis der besten gratis Pornoseiten, die Sie finden k\u00f6nnen, und das fantastische Seitenbewertungen, Kostenlose Deutsche sex Biografien von Pornostars und ihre xxx Freie Porno videos unter einem Dach pr\u00e4sentiert.","publisher":{"@id":"https:\/\/pornmate.com\/de\/#organization"},"potentialAction":[{"@type":"SearchAction","target":{"@type":"EntryPoint","urlTemplate":"https:\/\/pornmate.com\/de\/?s={search_term_string}"},"query-input":{"@type":"PropertyValueSpecification","valueRequired":true,"valueName":"search_term_string"}}],"inLanguage":"de"},{"@type":"Organization","@id":"https:\/\/pornmate.com\/de\/#organization","name":"Besten Pornoseiten - Kostenlose Deutsche Pornos | PornMate.com","url":"https:\/\/pornmate.com\/de\/","logo":{"@type":"ImageObject","inLanguage":"de","@id":"https:\/\/pornmate.com\/de\/#\/schema\/logo\/image\/","url":"https:\/\/pornmate.com\/de\/wp-content\/uploads\/2022\/11\/pornmate-1.png","contentUrl":"https:\/\/pornmate.com\/de\/wp-content\/uploads\/2022\/11\/pornmate-1.png","width":203,"height":200,"caption":"Besten Pornoseiten - Kostenlose Deutsche Pornos | PornMate.com"},"image":{"@id":"https:\/\/pornmate.com\/de\/#\/schema\/logo\/image\/"}}]}},"_links":{"self":[{"href":"https:\/\/pornmate.com\/de\/wp-json\/wp\/v2\/pages\/7245","targetHints":{"allow":["GET"]}}],"collection":[{"href":"https:\/\/pornmate.com\/de\/wp-json\/wp\/v2\/pages"}],"about":[{"href":"https:\/\/pornmate.com\/de\/wp-json\/wp\/v2\/types\/page"}],"author":[{"embeddable":true,"href":"https:\/\/pornmate.com\/de\/wp-json\/wp\/v2\/users\/1"}],"replies":[{"embeddable":true,"href":"https:\/\/pornmate.com\/de\/wp-json\/wp\/v2\/comments?post=7245"}],"version-history":[{"count":0,"href":"https:\/\/pornmate.com\/de\/wp-json\/wp\/v2\/pages\/7245\/revisions"}],"wp:attachment":[{"href":"https:\/\/pornmate.com\/de\/wp-json\/wp\/v2\/media?parent=7245"}],"curies":[{"name":"wp","href":"https:\/\/api.w.org\/{rel}","templated":true}]}}