{"id":7248,"date":"2020-03-20T15:10:27","date_gmt":"2020-03-20T15:10:27","guid":{"rendered":"https:\/\/pornmate.com\/?page_id=7248"},"modified":"2020-03-20T15:10:27","modified_gmt":"2020-03-20T15:10:27","slug":"topporn","status":"publish","type":"page","link":"https:\/\/pornmate.com\/de\/topporn","title":{"rendered":"Topporn"},"content":{"rendered":"<p>LovePorn.com ist Ihre stilvolle Ressource, um gro\u00dfartige neue Pornoseiten zu entdecken.<br \/>\nSie wissen, dass Websites Sie st\u00e4ndig dazu auffordern, f\u00fcr ihre Inhalte zu bezahlen.<br \/>\nUnd im Allgemeinen bieten sie tats\u00e4chlich keine Vorschau ihrer Videos an.<br \/>\nWie sehen Sie also, ob es sich lohnt, f\u00fcr eine Website zu bezahlen?<br \/>\nNun, das ist fertig, jetzt k\u00f6nnen Sie TopPorn aktivieren, um sich ihre Bewertung anzusehen. Dort sprechen sie ausf\u00fchrlich \u00fcber nicht identische Websites, die hart daran arbeiten, Ihnen die stilvollen Informationen zu liefern, die praktikabel sind.<br \/>\nAuf dieser Schnellstra\u00dfe k\u00f6nnen Sie gebildet und gepflegt bleiben, Sie werden sehen, ob eine Trap-Site Ihr OnLovePorn.com erhalten sollte, es gibt Hunderte und Aberhunderte von nicht identischen Websites, die sie fr\u00fcher untersucht haben. Wenn Sie also dorthin gehen, k\u00f6nnen Sie diese lesen und sich selbst \u00fcberzeugen. Und Sie k\u00f6nnen auch ultrateure Amateurseiten erkennen.<br \/>\nUnd wenn Sie zufrieden sind, werden Ihnen der Inhalt und die Preise gefallen.<br \/>\nAuf dieser Schnellstra\u00dfe k\u00f6nnen Sie alle Ihre Lieblingsschauspielerinnen wie Kendra Lust ohne Schuldgef\u00fchle kennenlernen. Investieren Sie daher Ihre Zeit und Ihr Geld in eine Qualit\u00e4t und h\u00f6ren Sie auf, Websites ohne echte oder hochwertige Clips zu konsumieren.<\/p>\n","protected":false},"excerpt":{"rendered":"<p>LovePorn.com ist Ihre stilvolle Ressource, um gro\u00dfartige neue Pornoseiten zu entdecken. Sie wissen, dass Websites Sie st\u00e4ndig dazu auffordern, f\u00fcr ihre Inhalte zu bezahlen. Und im Allgemeinen bieten sie tats\u00e4chlich keine Vorschau ihrer Videos an. Wie sehen Sie also, ob es sich lohnt, f\u00fcr eine Website zu bezahlen? Nun, das ist fertig, jetzt k\u00f6nnen Sie [&hellip;]<\/p>\n","protected":false},"author":1,"featured_media":0,"parent":0,"menu_order":0,"comment_status":"closed","ping_status":"closed","template":"page-star-stil.php","meta":{"footnotes":""},"class_list":["post-7248","page","type-page","status-publish","hentry"],"yoast_head":"<!-- This site is optimized with the Yoast SEO plugin v27.2 - https:\/\/yoast.com\/product\/yoast-seo-wordpress\/ -->\n<title>Topporn und Liste der besten Pornoseiten | PornMate<\/title>\n<meta name=\"description\" content=\"LovePorn.com ist Ihre stilvolle Ressource, um gro\u00dfartige neue Pornoseiten zu entdecken.\" \/>\n<meta name=\"robots\" content=\"index, follow, max-snippet:-1, max-image-preview:large, max-video-preview:-1\" \/>\n<link rel=\"canonical\" href=\"https:\/\/pornmate.com\/de\/topporn\" \/>\n<meta property=\"og:locale\" content=\"de_DE\" \/>\n<meta property=\"og:type\" content=\"article\" \/>\n<meta property=\"og:title\" content=\"Topporn und Liste der besten Pornoseiten | PornMate\" \/>\n<meta property=\"og:description\" content=\"LovePorn.com ist Ihre stilvolle Ressource, um gro\u00dfartige neue Pornoseiten zu entdecken.\" \/>\n<meta property=\"og:url\" content=\"https:\/\/pornmate.com\/de\/topporn\" \/>\n<meta property=\"og:site_name\" content=\"Besten Pornoseiten - Kostenlose Deutsche Pornos | PornMate.com\" \/>\n<meta name=\"twitter:card\" content=\"summary_large_image\" \/>\n<meta name=\"twitter:label1\" content=\"Gesch\u00e4tzte Lesezeit\" \/>\n\t<meta name=\"twitter:data1\" content=\"2\u00a0Minuten\" \/>\n<script type=\"application\/ld+json\" class=\"yoast-schema-graph\">{\"@context\":\"https:\/\/schema.org\",\"@graph\":[{\"@type\":\"WebPage\",\"@id\":\"https:\/\/pornmate.com\/de\/topporn\",\"url\":\"https:\/\/pornmate.com\/de\/topporn\",\"name\":\"Topporn und Liste der besten Pornoseiten | PornMate\",\"isPartOf\":{\"@id\":\"https:\/\/pornmate.com\/de\/#website\"},\"datePublished\":\"2020-03-20T15:10:27+00:00\",\"description\":\"LovePorn.com ist Ihre stilvolle Ressource, um gro\u00dfartige neue Pornoseiten zu entdecken.\",\"breadcrumb\":{\"@id\":\"https:\/\/pornmate.com\/de\/topporn#breadcrumb\"},\"inLanguage\":\"de\",\"potentialAction\":[{\"@type\":\"ReadAction\",\"target\":[\"https:\/\/pornmate.com\/de\/topporn\"]}]},{\"@type\":\"BreadcrumbList\",\"@id\":\"https:\/\/pornmate.com\/de\/topporn#breadcrumb\",\"itemListElement\":[{\"@type\":\"ListItem\",\"position\":1,\"name\":\"Startseite\",\"item\":\"https:\/\/pornmate.com\/de\"},{\"@type\":\"ListItem\",\"position\":2,\"name\":\"Topporn\"}]},{\"@type\":\"WebSite\",\"@id\":\"https:\/\/pornmate.com\/de\/#website\",\"url\":\"https:\/\/pornmate.com\/de\/\",\"name\":\"Besten Pornoseiten - Kostenlose Deutsche Pornos | PornMate.com\",\"description\":\"Kostenlose Pornos, ist Ihr Combo-Verzeichnis der besten gratis Pornoseiten, die Sie finden k\u00f6nnen, und das fantastische Seitenbewertungen, Kostenlose Deutsche sex Biografien von Pornostars und ihre xxx Freie Porno videos unter einem Dach pr\u00e4sentiert.\",\"publisher\":{\"@id\":\"https:\/\/pornmate.com\/de\/#organization\"},\"potentialAction\":[{\"@type\":\"SearchAction\",\"target\":{\"@type\":\"EntryPoint\",\"urlTemplate\":\"https:\/\/pornmate.com\/de\/?s={search_term_string}\"},\"query-input\":{\"@type\":\"PropertyValueSpecification\",\"valueRequired\":true,\"valueName\":\"search_term_string\"}}],\"inLanguage\":\"de\"},{\"@type\":\"Organization\",\"@id\":\"https:\/\/pornmate.com\/de\/#organization\",\"name\":\"Besten Pornoseiten - Kostenlose Deutsche Pornos | PornMate.com\",\"url\":\"https:\/\/pornmate.com\/de\/\",\"logo\":{\"@type\":\"ImageObject\",\"inLanguage\":\"de\",\"@id\":\"https:\/\/pornmate.com\/de\/#\/schema\/logo\/image\/\",\"url\":\"https:\/\/pornmate.com\/de\/wp-content\/uploads\/2022\/11\/pornmate-1.png\",\"contentUrl\":\"https:\/\/pornmate.com\/de\/wp-content\/uploads\/2022\/11\/pornmate-1.png\",\"width\":203,\"height\":200,\"caption\":\"Besten Pornoseiten - Kostenlose Deutsche Pornos | PornMate.com\"},\"image\":{\"@id\":\"https:\/\/pornmate.com\/de\/#\/schema\/logo\/image\/\"}}]}<\/script>\n<!-- \/ Yoast SEO plugin. -->","yoast_head_json":{"title":"Topporn und Liste der besten Pornoseiten | PornMate","description":"LovePorn.com ist Ihre stilvolle Ressource, um gro\u00dfartige neue Pornoseiten zu entdecken.","robots":{"index":"index","follow":"follow","max-snippet":"max-snippet:-1","max-image-preview":"max-image-preview:large","max-video-preview":"max-video-preview:-1"},"canonical":"https:\/\/pornmate.com\/de\/topporn","og_locale":"de_DE","og_type":"article","og_title":"Topporn und Liste der besten Pornoseiten | PornMate","og_description":"LovePorn.com ist Ihre stilvolle Ressource, um gro\u00dfartige neue Pornoseiten zu entdecken.","og_url":"https:\/\/pornmate.com\/de\/topporn","og_site_name":"Besten Pornoseiten - Kostenlose Deutsche Pornos | PornMate.com","twitter_card":"summary_large_image","twitter_misc":{"Gesch\u00e4tzte Lesezeit":"2\u00a0Minuten"},"schema":{"@context":"https:\/\/schema.org","@graph":[{"@type":"WebPage","@id":"https:\/\/pornmate.com\/de\/topporn","url":"https:\/\/pornmate.com\/de\/topporn","name":"Topporn und Liste der besten Pornoseiten | PornMate","isPartOf":{"@id":"https:\/\/pornmate.com\/de\/#website"},"datePublished":"2020-03-20T15:10:27+00:00","description":"LovePorn.com ist Ihre stilvolle Ressource, um gro\u00dfartige neue Pornoseiten zu entdecken.","breadcrumb":{"@id":"https:\/\/pornmate.com\/de\/topporn#breadcrumb"},"inLanguage":"de","potentialAction":[{"@type":"ReadAction","target":["https:\/\/pornmate.com\/de\/topporn"]}]},{"@type":"BreadcrumbList","@id":"https:\/\/pornmate.com\/de\/topporn#breadcrumb","itemListElement":[{"@type":"ListItem","position":1,"name":"Startseite","item":"https:\/\/pornmate.com\/de"},{"@type":"ListItem","position":2,"name":"Topporn"}]},{"@type":"WebSite","@id":"https:\/\/pornmate.com\/de\/#website","url":"https:\/\/pornmate.com\/de\/","name":"Besten Pornoseiten - Kostenlose Deutsche Pornos | PornMate.com","description":"Kostenlose Pornos, ist Ihr Combo-Verzeichnis der besten gratis Pornoseiten, die Sie finden k\u00f6nnen, und das fantastische Seitenbewertungen, Kostenlose Deutsche sex Biografien von Pornostars und ihre xxx Freie Porno videos unter einem Dach pr\u00e4sentiert.","publisher":{"@id":"https:\/\/pornmate.com\/de\/#organization"},"potentialAction":[{"@type":"SearchAction","target":{"@type":"EntryPoint","urlTemplate":"https:\/\/pornmate.com\/de\/?s={search_term_string}"},"query-input":{"@type":"PropertyValueSpecification","valueRequired":true,"valueName":"search_term_string"}}],"inLanguage":"de"},{"@type":"Organization","@id":"https:\/\/pornmate.com\/de\/#organization","name":"Besten Pornoseiten - Kostenlose Deutsche Pornos | PornMate.com","url":"https:\/\/pornmate.com\/de\/","logo":{"@type":"ImageObject","inLanguage":"de","@id":"https:\/\/pornmate.com\/de\/#\/schema\/logo\/image\/","url":"https:\/\/pornmate.com\/de\/wp-content\/uploads\/2022\/11\/pornmate-1.png","contentUrl":"https:\/\/pornmate.com\/de\/wp-content\/uploads\/2022\/11\/pornmate-1.png","width":203,"height":200,"caption":"Besten Pornoseiten - Kostenlose Deutsche Pornos | PornMate.com"},"image":{"@id":"https:\/\/pornmate.com\/de\/#\/schema\/logo\/image\/"}}]}},"_links":{"self":[{"href":"https:\/\/pornmate.com\/de\/wp-json\/wp\/v2\/pages\/7248","targetHints":{"allow":["GET"]}}],"collection":[{"href":"https:\/\/pornmate.com\/de\/wp-json\/wp\/v2\/pages"}],"about":[{"href":"https:\/\/pornmate.com\/de\/wp-json\/wp\/v2\/types\/page"}],"author":[{"embeddable":true,"href":"https:\/\/pornmate.com\/de\/wp-json\/wp\/v2\/users\/1"}],"replies":[{"embeddable":true,"href":"https:\/\/pornmate.com\/de\/wp-json\/wp\/v2\/comments?post=7248"}],"version-history":[{"count":0,"href":"https:\/\/pornmate.com\/de\/wp-json\/wp\/v2\/pages\/7248\/revisions"}],"wp:attachment":[{"href":"https:\/\/pornmate.com\/de\/wp-json\/wp\/v2\/media?parent=7248"}],"curies":[{"name":"wp","href":"https:\/\/api.w.org\/{rel}","templated":true}]}}