{"id":7252,"date":"2020-03-20T15:15:34","date_gmt":"2020-03-20T15:15:34","guid":{"rendered":"https:\/\/pornmate.com\/?page_id=7252"},"modified":"2020-03-20T15:15:34","modified_gmt":"2020-03-20T15:15:34","slug":"extreme-porn","status":"publish","type":"page","link":"https:\/\/pornmate.com\/de\/extreme-porn","title":{"rendered":"extreme porn"},"content":{"rendered":"<p>Wtfpeople ist eine Website, die alle Arten von Inhalten f\u00fcr Erwachsene enth\u00e4lt. Was auch immer Sie bevorzugen, Sie werden in der breiten Galerie hier finden, was Sie wollen. Vielfalt ist etwas, auf das sie stolz sein k\u00f6nnen, mit Tausenden von Wtfpeople.com, die \u00fcber alle erdenklichen Genres verstreut sind. Es gibt auch eine Zielseite f\u00fcr Erwachsene, jede mit fesselnden und wunderbar betitelten Beitr\u00e4gen, die Sie dazu verleiten, sich anzusehen, worum es geht. Es gibt Geschichten \u00fcber Prominente und ihre suggestiven Bilder, besonders kuratierte und recht interessante Pornofilme, faszinierende Fotogalerien, sogar Pornospiele und andere coole Pornoseiten. Unter all diesen Prominenten und Amateuren taucht ab und zu ein beliebter Pornostar wie Peta Jensen, Eva Lovia, Jasmine Jae und andere auf. Wenn Sie jedoch nicht Tausende von Beitr\u00e4gen auf der Homepage \u00fcberfliegen m\u00f6chten, k\u00f6nnen Sie Ihre Suche einschr\u00e4nken, indem Sie die verschiedenen Abschnitte auf der Website durchgehen. Sie k\u00f6nnen w\u00e4hlen, ob Sie nur Videos ansehen oder nur Blog-Beitr\u00e4ge lesen, sie sowohl gesch\u00e4ftlich als auch zum Spa\u00df kontaktieren m\u00f6chten, aber auch f\u00fcr VR-Pornos, Sexspiele, Live-Paare, den Kauf von Sexpuppen usw.<\/p>\n","protected":false},"excerpt":{"rendered":"<p>Wtfpeople ist eine Website, die alle Arten von Inhalten f\u00fcr Erwachsene enth\u00e4lt. Was auch immer Sie bevorzugen, Sie werden in der breiten Galerie hier finden, was Sie wollen. Vielfalt ist etwas, auf das sie stolz sein k\u00f6nnen, mit Tausenden von Wtfpeople.com, die \u00fcber alle erdenklichen Genres verstreut sind. Es gibt auch eine Zielseite f\u00fcr Erwachsene, [&hellip;]<\/p>\n","protected":false},"author":1,"featured_media":0,"parent":0,"menu_order":0,"comment_status":"closed","ping_status":"closed","template":"page-star-stil.php","meta":{"footnotes":""},"class_list":["post-7252","page","type-page","status-publish","hentry"],"yoast_head":"<!-- This site is optimized with the Yoast SEO plugin v27.2 - https:\/\/yoast.com\/product\/yoast-seo-wordpress\/ -->\n<title>extreme porn und Liste der besten Pornoseiten | PornMate<\/title>\n<meta name=\"description\" content=\"Wtfpeople ist eine Website, die alle Arten von Inhalten f\u00fcr Erwachsene enth\u00e4lt. Was auch immer Sie bevorzugen, Sie werden in der breiten Galerie hier finden, was Sie wollen. Vielfalt ist etwas, auf das sie stolz sein k\u00f6nnen, mit Tausenden von Wtfpeople.com, die \u00fcber alle erdenklichen Genres verstreut sind.\" \/>\n<meta name=\"robots\" content=\"index, follow, max-snippet:-1, max-image-preview:large, max-video-preview:-1\" \/>\n<link rel=\"canonical\" href=\"https:\/\/pornmate.com\/de\/extreme-porn\" \/>\n<meta property=\"og:locale\" content=\"de_DE\" \/>\n<meta property=\"og:type\" content=\"article\" \/>\n<meta property=\"og:title\" content=\"extreme porn und Liste der besten Pornoseiten | PornMate\" \/>\n<meta property=\"og:description\" content=\"Wtfpeople ist eine Website, die alle Arten von Inhalten f\u00fcr Erwachsene enth\u00e4lt. Was auch immer Sie bevorzugen, Sie werden in der breiten Galerie hier finden, was Sie wollen. Vielfalt ist etwas, auf das sie stolz sein k\u00f6nnen, mit Tausenden von Wtfpeople.com, die \u00fcber alle erdenklichen Genres verstreut sind.\" \/>\n<meta property=\"og:url\" content=\"https:\/\/pornmate.com\/de\/extreme-porn\" \/>\n<meta property=\"og:site_name\" content=\"Besten Pornoseiten - Kostenlose Deutsche Pornos | PornMate.com\" \/>\n<meta name=\"twitter:card\" content=\"summary_large_image\" \/>\n<meta name=\"twitter:label1\" content=\"Gesch\u00e4tzte Lesezeit\" \/>\n\t<meta name=\"twitter:data1\" content=\"1\u00a0Minute\" \/>\n<script type=\"application\/ld+json\" class=\"yoast-schema-graph\">{\"@context\":\"https:\/\/schema.org\",\"@graph\":[{\"@type\":\"WebPage\",\"@id\":\"https:\/\/pornmate.com\/de\/extreme-porn\",\"url\":\"https:\/\/pornmate.com\/de\/extreme-porn\",\"name\":\"extreme porn und Liste der besten Pornoseiten | PornMate\",\"isPartOf\":{\"@id\":\"https:\/\/pornmate.com\/de\/#website\"},\"datePublished\":\"2020-03-20T15:15:34+00:00\",\"description\":\"Wtfpeople ist eine Website, die alle Arten von Inhalten f\u00fcr Erwachsene enth\u00e4lt. Was auch immer Sie bevorzugen, Sie werden in der breiten Galerie hier finden, was Sie wollen. Vielfalt ist etwas, auf das sie stolz sein k\u00f6nnen, mit Tausenden von Wtfpeople.com, die \u00fcber alle erdenklichen Genres verstreut sind.\",\"breadcrumb\":{\"@id\":\"https:\/\/pornmate.com\/de\/extreme-porn#breadcrumb\"},\"inLanguage\":\"de\",\"potentialAction\":[{\"@type\":\"ReadAction\",\"target\":[\"https:\/\/pornmate.com\/de\/extreme-porn\"]}]},{\"@type\":\"BreadcrumbList\",\"@id\":\"https:\/\/pornmate.com\/de\/extreme-porn#breadcrumb\",\"itemListElement\":[{\"@type\":\"ListItem\",\"position\":1,\"name\":\"Startseite\",\"item\":\"https:\/\/pornmate.com\/de\"},{\"@type\":\"ListItem\",\"position\":2,\"name\":\"extreme porn\"}]},{\"@type\":\"WebSite\",\"@id\":\"https:\/\/pornmate.com\/de\/#website\",\"url\":\"https:\/\/pornmate.com\/de\/\",\"name\":\"Besten Pornoseiten - Kostenlose Deutsche Pornos | PornMate.com\",\"description\":\"Kostenlose Pornos, ist Ihr Combo-Verzeichnis der besten gratis Pornoseiten, die Sie finden k\u00f6nnen, und das fantastische Seitenbewertungen, Kostenlose Deutsche sex Biografien von Pornostars und ihre xxx Freie Porno videos unter einem Dach pr\u00e4sentiert.\",\"publisher\":{\"@id\":\"https:\/\/pornmate.com\/de\/#organization\"},\"potentialAction\":[{\"@type\":\"SearchAction\",\"target\":{\"@type\":\"EntryPoint\",\"urlTemplate\":\"https:\/\/pornmate.com\/de\/?s={search_term_string}\"},\"query-input\":{\"@type\":\"PropertyValueSpecification\",\"valueRequired\":true,\"valueName\":\"search_term_string\"}}],\"inLanguage\":\"de\"},{\"@type\":\"Organization\",\"@id\":\"https:\/\/pornmate.com\/de\/#organization\",\"name\":\"Besten Pornoseiten - Kostenlose Deutsche Pornos | PornMate.com\",\"url\":\"https:\/\/pornmate.com\/de\/\",\"logo\":{\"@type\":\"ImageObject\",\"inLanguage\":\"de\",\"@id\":\"https:\/\/pornmate.com\/de\/#\/schema\/logo\/image\/\",\"url\":\"https:\/\/pornmate.com\/de\/wp-content\/uploads\/2022\/11\/pornmate-1.png\",\"contentUrl\":\"https:\/\/pornmate.com\/de\/wp-content\/uploads\/2022\/11\/pornmate-1.png\",\"width\":203,\"height\":200,\"caption\":\"Besten Pornoseiten - Kostenlose Deutsche Pornos | PornMate.com\"},\"image\":{\"@id\":\"https:\/\/pornmate.com\/de\/#\/schema\/logo\/image\/\"}}]}<\/script>\n<!-- \/ Yoast SEO plugin. -->","yoast_head_json":{"title":"extreme porn und Liste der besten Pornoseiten | PornMate","description":"Wtfpeople ist eine Website, die alle Arten von Inhalten f\u00fcr Erwachsene enth\u00e4lt. Was auch immer Sie bevorzugen, Sie werden in der breiten Galerie hier finden, was Sie wollen. Vielfalt ist etwas, auf das sie stolz sein k\u00f6nnen, mit Tausenden von Wtfpeople.com, die \u00fcber alle erdenklichen Genres verstreut sind.","robots":{"index":"index","follow":"follow","max-snippet":"max-snippet:-1","max-image-preview":"max-image-preview:large","max-video-preview":"max-video-preview:-1"},"canonical":"https:\/\/pornmate.com\/de\/extreme-porn","og_locale":"de_DE","og_type":"article","og_title":"extreme porn und Liste der besten Pornoseiten | PornMate","og_description":"Wtfpeople ist eine Website, die alle Arten von Inhalten f\u00fcr Erwachsene enth\u00e4lt. Was auch immer Sie bevorzugen, Sie werden in der breiten Galerie hier finden, was Sie wollen. Vielfalt ist etwas, auf das sie stolz sein k\u00f6nnen, mit Tausenden von Wtfpeople.com, die \u00fcber alle erdenklichen Genres verstreut sind.","og_url":"https:\/\/pornmate.com\/de\/extreme-porn","og_site_name":"Besten Pornoseiten - Kostenlose Deutsche Pornos | PornMate.com","twitter_card":"summary_large_image","twitter_misc":{"Gesch\u00e4tzte Lesezeit":"1\u00a0Minute"},"schema":{"@context":"https:\/\/schema.org","@graph":[{"@type":"WebPage","@id":"https:\/\/pornmate.com\/de\/extreme-porn","url":"https:\/\/pornmate.com\/de\/extreme-porn","name":"extreme porn und Liste der besten Pornoseiten | PornMate","isPartOf":{"@id":"https:\/\/pornmate.com\/de\/#website"},"datePublished":"2020-03-20T15:15:34+00:00","description":"Wtfpeople ist eine Website, die alle Arten von Inhalten f\u00fcr Erwachsene enth\u00e4lt. Was auch immer Sie bevorzugen, Sie werden in der breiten Galerie hier finden, was Sie wollen. Vielfalt ist etwas, auf das sie stolz sein k\u00f6nnen, mit Tausenden von Wtfpeople.com, die \u00fcber alle erdenklichen Genres verstreut sind.","breadcrumb":{"@id":"https:\/\/pornmate.com\/de\/extreme-porn#breadcrumb"},"inLanguage":"de","potentialAction":[{"@type":"ReadAction","target":["https:\/\/pornmate.com\/de\/extreme-porn"]}]},{"@type":"BreadcrumbList","@id":"https:\/\/pornmate.com\/de\/extreme-porn#breadcrumb","itemListElement":[{"@type":"ListItem","position":1,"name":"Startseite","item":"https:\/\/pornmate.com\/de"},{"@type":"ListItem","position":2,"name":"extreme porn"}]},{"@type":"WebSite","@id":"https:\/\/pornmate.com\/de\/#website","url":"https:\/\/pornmate.com\/de\/","name":"Besten Pornoseiten - Kostenlose Deutsche Pornos | PornMate.com","description":"Kostenlose Pornos, ist Ihr Combo-Verzeichnis der besten gratis Pornoseiten, die Sie finden k\u00f6nnen, und das fantastische Seitenbewertungen, Kostenlose Deutsche sex Biografien von Pornostars und ihre xxx Freie Porno videos unter einem Dach pr\u00e4sentiert.","publisher":{"@id":"https:\/\/pornmate.com\/de\/#organization"},"potentialAction":[{"@type":"SearchAction","target":{"@type":"EntryPoint","urlTemplate":"https:\/\/pornmate.com\/de\/?s={search_term_string}"},"query-input":{"@type":"PropertyValueSpecification","valueRequired":true,"valueName":"search_term_string"}}],"inLanguage":"de"},{"@type":"Organization","@id":"https:\/\/pornmate.com\/de\/#organization","name":"Besten Pornoseiten - Kostenlose Deutsche Pornos | PornMate.com","url":"https:\/\/pornmate.com\/de\/","logo":{"@type":"ImageObject","inLanguage":"de","@id":"https:\/\/pornmate.com\/de\/#\/schema\/logo\/image\/","url":"https:\/\/pornmate.com\/de\/wp-content\/uploads\/2022\/11\/pornmate-1.png","contentUrl":"https:\/\/pornmate.com\/de\/wp-content\/uploads\/2022\/11\/pornmate-1.png","width":203,"height":200,"caption":"Besten Pornoseiten - Kostenlose Deutsche Pornos | PornMate.com"},"image":{"@id":"https:\/\/pornmate.com\/de\/#\/schema\/logo\/image\/"}}]}},"_links":{"self":[{"href":"https:\/\/pornmate.com\/de\/wp-json\/wp\/v2\/pages\/7252","targetHints":{"allow":["GET"]}}],"collection":[{"href":"https:\/\/pornmate.com\/de\/wp-json\/wp\/v2\/pages"}],"about":[{"href":"https:\/\/pornmate.com\/de\/wp-json\/wp\/v2\/types\/page"}],"author":[{"embeddable":true,"href":"https:\/\/pornmate.com\/de\/wp-json\/wp\/v2\/users\/1"}],"replies":[{"embeddable":true,"href":"https:\/\/pornmate.com\/de\/wp-json\/wp\/v2\/comments?post=7252"}],"version-history":[{"count":0,"href":"https:\/\/pornmate.com\/de\/wp-json\/wp\/v2\/pages\/7252\/revisions"}],"wp:attachment":[{"href":"https:\/\/pornmate.com\/de\/wp-json\/wp\/v2\/media?parent=7252"}],"curies":[{"name":"wp","href":"https:\/\/api.w.org\/{rel}","templated":true}]}}