{"id":7256,"date":"2020-03-20T15:20:37","date_gmt":"2020-03-20T15:20:37","guid":{"rendered":"https:\/\/pornmate.com\/?page_id=7256"},"modified":"2020-03-20T15:20:37","modified_gmt":"2020-03-20T15:20:37","slug":"celebsnudeworld","status":"publish","type":"page","link":"https:\/\/pornmate.com\/de\/celebsnudeworld","title":{"rendered":"Celebsnudeworld"},"content":{"rendered":"<p>celebsnudeworld ist eine Porno-Tube-Site mit \u00fcber 30.000 Promi-Sexvideos. W\u00e4hrend das Anschauen von Pornos immer ein aufregendes Angebot ist, ist es noch besser, wenn wir unsere Lieblingsstars in der Unterhaltungsindustrie in den Hauptrollen sehen, und es gibt hier \u00fcber 30.000 Videos, sodass f\u00fcr jeden etwas dabei ist. Auf celebsnudeworld.com finden Sie ber\u00fchmte Szenen aus verschiedenen Filmen, die anfangs Nacktheit zeigten, aber es gibt auch ber\u00fchmte Sexvideos, die es mit den hervorragenden Werken von Abella Anderson aufnehmen k\u00f6nnen. Da die Sammlung ziemlich viele Inhalte enth\u00e4lt, finden Sie alles, einschlie\u00dflich ber\u00fchmter Szenen wie Paris Hilton, Kim Kardashian oder Pamela Anderson. Gl\u00fccklicherweise ist jeder Clip dank der hervorragenden Navigation leicht zug\u00e4nglich. Auf der Hauptseite finden Sie eine Liste der k\u00fcrzlich angesehenen Videos und Sie wissen, was Sie erwartet, da die Thumbnails animiert sind. Unser Videoplayer ist ziemlich gut, weil wir beim Laden von Inhalten und beim Springen auf keine Probleme gesto\u00dfen sind Timeline hat gut funktioniert. Es gibt jedoch keine M\u00f6glichkeit, die Videoaufl\u00f6sung zu \u00e4ndern, aber Sie werden mit der Qualit\u00e4t zufrieden sein. Unter den ber\u00fchmten Pornoseiten geh\u00f6rt diese zur Spitze der Ernte.<\/p>\n","protected":false},"excerpt":{"rendered":"<p>celebsnudeworld ist eine Porno-Tube-Site mit \u00fcber 30.000 Promi-Sexvideos. W\u00e4hrend das Anschauen von Pornos immer ein aufregendes Angebot ist, ist es noch besser, wenn wir unsere Lieblingsstars in der Unterhaltungsindustrie in den Hauptrollen sehen, und es gibt hier \u00fcber 30.000 Videos, sodass f\u00fcr jeden etwas dabei ist. Auf celebsnudeworld.com finden Sie ber\u00fchmte Szenen aus verschiedenen Filmen, [&hellip;]<\/p>\n","protected":false},"author":1,"featured_media":0,"parent":0,"menu_order":0,"comment_status":"closed","ping_status":"closed","template":"page-star-stil.php","meta":{"footnotes":""},"class_list":["post-7256","page","type-page","status-publish","hentry"],"yoast_head":"<!-- This site is optimized with the Yoast SEO plugin v27.2 - https:\/\/yoast.com\/product\/yoast-seo-wordpress\/ -->\n<title>Celebsnudeworld und Liste der besten Pornoseiten | PornMate<\/title>\n<meta name=\"description\" content=\"celebsnudeworld ist eine Porno-Tube-Site mit \u00fcber 30.000 Promi-Sexvideos. W\u00e4hrend das Anschauen von Pornos immer ein aufregendes Angebot ist, ist es noch besser, wenn wir unsere Lieblingsstars in der Unterhaltungsindustrie in den Hauptrollen sehen, und es gibt hier \u00fcber 30.000 Videos, sodass f\u00fcr jeden etwas dabei ist.\" \/>\n<meta name=\"robots\" content=\"index, follow, max-snippet:-1, max-image-preview:large, max-video-preview:-1\" \/>\n<link rel=\"canonical\" href=\"https:\/\/pornmate.com\/de\/celebsnudeworld\" \/>\n<meta property=\"og:locale\" content=\"de_DE\" \/>\n<meta property=\"og:type\" content=\"article\" \/>\n<meta property=\"og:title\" content=\"Celebsnudeworld und Liste der besten Pornoseiten | PornMate\" \/>\n<meta property=\"og:description\" content=\"celebsnudeworld ist eine Porno-Tube-Site mit \u00fcber 30.000 Promi-Sexvideos. W\u00e4hrend das Anschauen von Pornos immer ein aufregendes Angebot ist, ist es noch besser, wenn wir unsere Lieblingsstars in der Unterhaltungsindustrie in den Hauptrollen sehen, und es gibt hier \u00fcber 30.000 Videos, sodass f\u00fcr jeden etwas dabei ist.\" \/>\n<meta property=\"og:url\" content=\"https:\/\/pornmate.com\/de\/celebsnudeworld\" \/>\n<meta property=\"og:site_name\" content=\"Besten Pornoseiten - Kostenlose Deutsche Pornos | PornMate.com\" \/>\n<meta name=\"twitter:card\" content=\"summary_large_image\" \/>\n<meta name=\"twitter:label1\" content=\"Gesch\u00e4tzte Lesezeit\" \/>\n\t<meta name=\"twitter:data1\" content=\"1\u00a0Minute\" \/>\n<script type=\"application\/ld+json\" class=\"yoast-schema-graph\">{\"@context\":\"https:\/\/schema.org\",\"@graph\":[{\"@type\":\"WebPage\",\"@id\":\"https:\/\/pornmate.com\/de\/celebsnudeworld\",\"url\":\"https:\/\/pornmate.com\/de\/celebsnudeworld\",\"name\":\"Celebsnudeworld und Liste der besten Pornoseiten | PornMate\",\"isPartOf\":{\"@id\":\"https:\/\/pornmate.com\/de\/#website\"},\"datePublished\":\"2020-03-20T15:20:37+00:00\",\"description\":\"celebsnudeworld ist eine Porno-Tube-Site mit \u00fcber 30.000 Promi-Sexvideos. W\u00e4hrend das Anschauen von Pornos immer ein aufregendes Angebot ist, ist es noch besser, wenn wir unsere Lieblingsstars in der Unterhaltungsindustrie in den Hauptrollen sehen, und es gibt hier \u00fcber 30.000 Videos, sodass f\u00fcr jeden etwas dabei ist.\",\"breadcrumb\":{\"@id\":\"https:\/\/pornmate.com\/de\/celebsnudeworld#breadcrumb\"},\"inLanguage\":\"de\",\"potentialAction\":[{\"@type\":\"ReadAction\",\"target\":[\"https:\/\/pornmate.com\/de\/celebsnudeworld\"]}]},{\"@type\":\"BreadcrumbList\",\"@id\":\"https:\/\/pornmate.com\/de\/celebsnudeworld#breadcrumb\",\"itemListElement\":[{\"@type\":\"ListItem\",\"position\":1,\"name\":\"Startseite\",\"item\":\"https:\/\/pornmate.com\/de\"},{\"@type\":\"ListItem\",\"position\":2,\"name\":\"Celebsnudeworld\"}]},{\"@type\":\"WebSite\",\"@id\":\"https:\/\/pornmate.com\/de\/#website\",\"url\":\"https:\/\/pornmate.com\/de\/\",\"name\":\"Besten Pornoseiten - Kostenlose Deutsche Pornos | PornMate.com\",\"description\":\"Kostenlose Pornos, ist Ihr Combo-Verzeichnis der besten gratis Pornoseiten, die Sie finden k\u00f6nnen, und das fantastische Seitenbewertungen, Kostenlose Deutsche sex Biografien von Pornostars und ihre xxx Freie Porno videos unter einem Dach pr\u00e4sentiert.\",\"publisher\":{\"@id\":\"https:\/\/pornmate.com\/de\/#organization\"},\"potentialAction\":[{\"@type\":\"SearchAction\",\"target\":{\"@type\":\"EntryPoint\",\"urlTemplate\":\"https:\/\/pornmate.com\/de\/?s={search_term_string}\"},\"query-input\":{\"@type\":\"PropertyValueSpecification\",\"valueRequired\":true,\"valueName\":\"search_term_string\"}}],\"inLanguage\":\"de\"},{\"@type\":\"Organization\",\"@id\":\"https:\/\/pornmate.com\/de\/#organization\",\"name\":\"Besten Pornoseiten - Kostenlose Deutsche Pornos | PornMate.com\",\"url\":\"https:\/\/pornmate.com\/de\/\",\"logo\":{\"@type\":\"ImageObject\",\"inLanguage\":\"de\",\"@id\":\"https:\/\/pornmate.com\/de\/#\/schema\/logo\/image\/\",\"url\":\"https:\/\/pornmate.com\/de\/wp-content\/uploads\/2022\/11\/pornmate-1.png\",\"contentUrl\":\"https:\/\/pornmate.com\/de\/wp-content\/uploads\/2022\/11\/pornmate-1.png\",\"width\":203,\"height\":200,\"caption\":\"Besten Pornoseiten - Kostenlose Deutsche Pornos | PornMate.com\"},\"image\":{\"@id\":\"https:\/\/pornmate.com\/de\/#\/schema\/logo\/image\/\"}}]}<\/script>\n<!-- \/ Yoast SEO plugin. -->","yoast_head_json":{"title":"Celebsnudeworld und Liste der besten Pornoseiten | PornMate","description":"celebsnudeworld ist eine Porno-Tube-Site mit \u00fcber 30.000 Promi-Sexvideos. W\u00e4hrend das Anschauen von Pornos immer ein aufregendes Angebot ist, ist es noch besser, wenn wir unsere Lieblingsstars in der Unterhaltungsindustrie in den Hauptrollen sehen, und es gibt hier \u00fcber 30.000 Videos, sodass f\u00fcr jeden etwas dabei ist.","robots":{"index":"index","follow":"follow","max-snippet":"max-snippet:-1","max-image-preview":"max-image-preview:large","max-video-preview":"max-video-preview:-1"},"canonical":"https:\/\/pornmate.com\/de\/celebsnudeworld","og_locale":"de_DE","og_type":"article","og_title":"Celebsnudeworld und Liste der besten Pornoseiten | PornMate","og_description":"celebsnudeworld ist eine Porno-Tube-Site mit \u00fcber 30.000 Promi-Sexvideos. W\u00e4hrend das Anschauen von Pornos immer ein aufregendes Angebot ist, ist es noch besser, wenn wir unsere Lieblingsstars in der Unterhaltungsindustrie in den Hauptrollen sehen, und es gibt hier \u00fcber 30.000 Videos, sodass f\u00fcr jeden etwas dabei ist.","og_url":"https:\/\/pornmate.com\/de\/celebsnudeworld","og_site_name":"Besten Pornoseiten - Kostenlose Deutsche Pornos | PornMate.com","twitter_card":"summary_large_image","twitter_misc":{"Gesch\u00e4tzte Lesezeit":"1\u00a0Minute"},"schema":{"@context":"https:\/\/schema.org","@graph":[{"@type":"WebPage","@id":"https:\/\/pornmate.com\/de\/celebsnudeworld","url":"https:\/\/pornmate.com\/de\/celebsnudeworld","name":"Celebsnudeworld und Liste der besten Pornoseiten | PornMate","isPartOf":{"@id":"https:\/\/pornmate.com\/de\/#website"},"datePublished":"2020-03-20T15:20:37+00:00","description":"celebsnudeworld ist eine Porno-Tube-Site mit \u00fcber 30.000 Promi-Sexvideos. W\u00e4hrend das Anschauen von Pornos immer ein aufregendes Angebot ist, ist es noch besser, wenn wir unsere Lieblingsstars in der Unterhaltungsindustrie in den Hauptrollen sehen, und es gibt hier \u00fcber 30.000 Videos, sodass f\u00fcr jeden etwas dabei ist.","breadcrumb":{"@id":"https:\/\/pornmate.com\/de\/celebsnudeworld#breadcrumb"},"inLanguage":"de","potentialAction":[{"@type":"ReadAction","target":["https:\/\/pornmate.com\/de\/celebsnudeworld"]}]},{"@type":"BreadcrumbList","@id":"https:\/\/pornmate.com\/de\/celebsnudeworld#breadcrumb","itemListElement":[{"@type":"ListItem","position":1,"name":"Startseite","item":"https:\/\/pornmate.com\/de"},{"@type":"ListItem","position":2,"name":"Celebsnudeworld"}]},{"@type":"WebSite","@id":"https:\/\/pornmate.com\/de\/#website","url":"https:\/\/pornmate.com\/de\/","name":"Besten Pornoseiten - Kostenlose Deutsche Pornos | PornMate.com","description":"Kostenlose Pornos, ist Ihr Combo-Verzeichnis der besten gratis Pornoseiten, die Sie finden k\u00f6nnen, und das fantastische Seitenbewertungen, Kostenlose Deutsche sex Biografien von Pornostars und ihre xxx Freie Porno videos unter einem Dach pr\u00e4sentiert.","publisher":{"@id":"https:\/\/pornmate.com\/de\/#organization"},"potentialAction":[{"@type":"SearchAction","target":{"@type":"EntryPoint","urlTemplate":"https:\/\/pornmate.com\/de\/?s={search_term_string}"},"query-input":{"@type":"PropertyValueSpecification","valueRequired":true,"valueName":"search_term_string"}}],"inLanguage":"de"},{"@type":"Organization","@id":"https:\/\/pornmate.com\/de\/#organization","name":"Besten Pornoseiten - Kostenlose Deutsche Pornos | PornMate.com","url":"https:\/\/pornmate.com\/de\/","logo":{"@type":"ImageObject","inLanguage":"de","@id":"https:\/\/pornmate.com\/de\/#\/schema\/logo\/image\/","url":"https:\/\/pornmate.com\/de\/wp-content\/uploads\/2022\/11\/pornmate-1.png","contentUrl":"https:\/\/pornmate.com\/de\/wp-content\/uploads\/2022\/11\/pornmate-1.png","width":203,"height":200,"caption":"Besten Pornoseiten - Kostenlose Deutsche Pornos | PornMate.com"},"image":{"@id":"https:\/\/pornmate.com\/de\/#\/schema\/logo\/image\/"}}]}},"_links":{"self":[{"href":"https:\/\/pornmate.com\/de\/wp-json\/wp\/v2\/pages\/7256","targetHints":{"allow":["GET"]}}],"collection":[{"href":"https:\/\/pornmate.com\/de\/wp-json\/wp\/v2\/pages"}],"about":[{"href":"https:\/\/pornmate.com\/de\/wp-json\/wp\/v2\/types\/page"}],"author":[{"embeddable":true,"href":"https:\/\/pornmate.com\/de\/wp-json\/wp\/v2\/users\/1"}],"replies":[{"embeddable":true,"href":"https:\/\/pornmate.com\/de\/wp-json\/wp\/v2\/comments?post=7256"}],"version-history":[{"count":0,"href":"https:\/\/pornmate.com\/de\/wp-json\/wp\/v2\/pages\/7256\/revisions"}],"wp:attachment":[{"href":"https:\/\/pornmate.com\/de\/wp-json\/wp\/v2\/media?parent=7256"}],"curies":[{"name":"wp","href":"https:\/\/api.w.org\/{rel}","templated":true}]}}