{"id":7258,"date":"2020-03-20T15:21:57","date_gmt":"2020-03-20T15:21:57","guid":{"rendered":"https:\/\/pornmate.com\/?page_id=7258"},"modified":"2020-03-20T15:21:57","modified_gmt":"2020-03-20T15:21:57","slug":"colegialasreales","status":"publish","type":"page","link":"https:\/\/pornmate.com\/de\/colegialasreales","title":{"rendered":"Colegialasreales"},"content":{"rendered":"<p>colegialasreales hostet Videos \u00fcber Sklavinnen, die auf der ganzen Welt kaum legal sind. Obwohl sie keine Erfahrung haben, sind diese College-M\u00e4dchen immer noch beliebt, wenn es um Pornos geht. Ihr Enthusiasmus und ihre Energie schie\u00dfen in die H\u00f6he, und wenn Sie Beweise brauchen, finden Sie sie hier. Diese kostenlose Amateur-Pornoseite ist wie jede andere, aber der Unterschied ist, dass es auf dieser Seite um kaum legale Sch\u00f6nheiten geht. Da es sich bei diesen Videos ausschlie\u00dflich um Amateurinhalte handelt, ist es hilfreich, auf einige Kameraersch\u00fctterungen und Videos mit niedriger Aufl\u00f6sung vorbereitet zu sein. Trotzdem ist es so bereichernd zu wissen, dass man echten College-M\u00e4dchen beim Ficken zuschaut. Einige dieser M\u00e4dchen sind auf dem Weg, die n\u00e4chste Jessa Rhodes zu werden, und das sagt viel aus! Die Navigation auf colegialasreales.com sollte von hervorragender Qualit\u00e4t sein, da die Anzahl der Videos \u00fcberw\u00e4ltigend ist. Es hat keinen Sinn, M\u00e4dchen nach Namen zu suchen, aber Sie k\u00f6nnen M\u00e4dchen aus der ganzen Welt \u00fcberpr\u00fcfen. Latin K\u00fcken stehen hier im Vordergrund, aber es gibt auch Babys aus Asien und Europa. Wenn Sie immer noch nicht wissen, was Sie sich ansehen sollen, lesen Sie unbedingt die Vorschl\u00e4ge auf der Homepage.<\/p>\n","protected":false},"excerpt":{"rendered":"<p>colegialasreales hostet Videos \u00fcber Sklavinnen, die auf der ganzen Welt kaum legal sind. Obwohl sie keine Erfahrung haben, sind diese College-M\u00e4dchen immer noch beliebt, wenn es um Pornos geht. Ihr Enthusiasmus und ihre Energie schie\u00dfen in die H\u00f6he, und wenn Sie Beweise brauchen, finden Sie sie hier. Diese kostenlose Amateur-Pornoseite ist wie jede andere, aber [&hellip;]<\/p>\n","protected":false},"author":1,"featured_media":0,"parent":0,"menu_order":0,"comment_status":"closed","ping_status":"closed","template":"page-star-stil.php","meta":{"footnotes":""},"class_list":["post-7258","page","type-page","status-publish","hentry"],"yoast_head":"<!-- This site is optimized with the Yoast SEO plugin v27.2 - https:\/\/yoast.com\/product\/yoast-seo-wordpress\/ -->\n<title>Colegialasreales und Liste der besten Pornoseiten | PornMate<\/title>\n<meta name=\"description\" content=\"colegialasreales hostet Videos \u00fcber Sklavinnen, die auf der ganzen Welt kaum legal sind. Obwohl sie keine Erfahrung haben, sind diese College-M\u00e4dchen immer noch beliebt, wenn es um Pornos geht. Ihr Enthusiasmus und ihre Energie schie\u00dfen in die H\u00f6he, und wenn Sie Beweise brauchen, finden Sie sie hier. Diese kostenlose Amateur-Pornoseite ist wie jede andere, aber der Unterschied ist, dass es auf dieser Seite um kaum legale Sch\u00f6nheiten geht.\" \/>\n<meta name=\"robots\" content=\"index, follow, max-snippet:-1, max-image-preview:large, max-video-preview:-1\" \/>\n<link rel=\"canonical\" href=\"https:\/\/pornmate.com\/de\/colegialasreales\" \/>\n<meta property=\"og:locale\" content=\"de_DE\" \/>\n<meta property=\"og:type\" content=\"article\" \/>\n<meta property=\"og:title\" content=\"Colegialasreales und Liste der besten Pornoseiten | PornMate\" \/>\n<meta property=\"og:description\" content=\"colegialasreales hostet Videos \u00fcber Sklavinnen, die auf der ganzen Welt kaum legal sind. Obwohl sie keine Erfahrung haben, sind diese College-M\u00e4dchen immer noch beliebt, wenn es um Pornos geht. Ihr Enthusiasmus und ihre Energie schie\u00dfen in die H\u00f6he, und wenn Sie Beweise brauchen, finden Sie sie hier. Diese kostenlose Amateur-Pornoseite ist wie jede andere, aber der Unterschied ist, dass es auf dieser Seite um kaum legale Sch\u00f6nheiten geht.\" \/>\n<meta property=\"og:url\" content=\"https:\/\/pornmate.com\/de\/colegialasreales\" \/>\n<meta property=\"og:site_name\" content=\"Besten Pornoseiten - Kostenlose Deutsche Pornos | PornMate.com\" \/>\n<meta name=\"twitter:card\" content=\"summary_large_image\" \/>\n<meta name=\"twitter:label1\" content=\"Gesch\u00e4tzte Lesezeit\" \/>\n\t<meta name=\"twitter:data1\" content=\"2\u00a0Minuten\" \/>\n<script type=\"application\/ld+json\" class=\"yoast-schema-graph\">{\"@context\":\"https:\/\/schema.org\",\"@graph\":[{\"@type\":\"WebPage\",\"@id\":\"https:\/\/pornmate.com\/de\/colegialasreales\",\"url\":\"https:\/\/pornmate.com\/de\/colegialasreales\",\"name\":\"Colegialasreales und Liste der besten Pornoseiten | PornMate\",\"isPartOf\":{\"@id\":\"https:\/\/pornmate.com\/de\/#website\"},\"datePublished\":\"2020-03-20T15:21:57+00:00\",\"description\":\"colegialasreales hostet Videos \u00fcber Sklavinnen, die auf der ganzen Welt kaum legal sind. Obwohl sie keine Erfahrung haben, sind diese College-M\u00e4dchen immer noch beliebt, wenn es um Pornos geht. Ihr Enthusiasmus und ihre Energie schie\u00dfen in die H\u00f6he, und wenn Sie Beweise brauchen, finden Sie sie hier. Diese kostenlose Amateur-Pornoseite ist wie jede andere, aber der Unterschied ist, dass es auf dieser Seite um kaum legale Sch\u00f6nheiten geht.\",\"breadcrumb\":{\"@id\":\"https:\/\/pornmate.com\/de\/colegialasreales#breadcrumb\"},\"inLanguage\":\"de\",\"potentialAction\":[{\"@type\":\"ReadAction\",\"target\":[\"https:\/\/pornmate.com\/de\/colegialasreales\"]}]},{\"@type\":\"BreadcrumbList\",\"@id\":\"https:\/\/pornmate.com\/de\/colegialasreales#breadcrumb\",\"itemListElement\":[{\"@type\":\"ListItem\",\"position\":1,\"name\":\"Startseite\",\"item\":\"https:\/\/pornmate.com\/de\"},{\"@type\":\"ListItem\",\"position\":2,\"name\":\"Colegialasreales\"}]},{\"@type\":\"WebSite\",\"@id\":\"https:\/\/pornmate.com\/de\/#website\",\"url\":\"https:\/\/pornmate.com\/de\/\",\"name\":\"Besten Pornoseiten - Kostenlose Deutsche Pornos | PornMate.com\",\"description\":\"Kostenlose Pornos, ist Ihr Combo-Verzeichnis der besten gratis Pornoseiten, die Sie finden k\u00f6nnen, und das fantastische Seitenbewertungen, Kostenlose Deutsche sex Biografien von Pornostars und ihre xxx Freie Porno videos unter einem Dach pr\u00e4sentiert.\",\"publisher\":{\"@id\":\"https:\/\/pornmate.com\/de\/#organization\"},\"potentialAction\":[{\"@type\":\"SearchAction\",\"target\":{\"@type\":\"EntryPoint\",\"urlTemplate\":\"https:\/\/pornmate.com\/de\/?s={search_term_string}\"},\"query-input\":{\"@type\":\"PropertyValueSpecification\",\"valueRequired\":true,\"valueName\":\"search_term_string\"}}],\"inLanguage\":\"de\"},{\"@type\":\"Organization\",\"@id\":\"https:\/\/pornmate.com\/de\/#organization\",\"name\":\"Besten Pornoseiten - Kostenlose Deutsche Pornos | PornMate.com\",\"url\":\"https:\/\/pornmate.com\/de\/\",\"logo\":{\"@type\":\"ImageObject\",\"inLanguage\":\"de\",\"@id\":\"https:\/\/pornmate.com\/de\/#\/schema\/logo\/image\/\",\"url\":\"https:\/\/pornmate.com\/de\/wp-content\/uploads\/2022\/11\/pornmate-1.png\",\"contentUrl\":\"https:\/\/pornmate.com\/de\/wp-content\/uploads\/2022\/11\/pornmate-1.png\",\"width\":203,\"height\":200,\"caption\":\"Besten Pornoseiten - Kostenlose Deutsche Pornos | PornMate.com\"},\"image\":{\"@id\":\"https:\/\/pornmate.com\/de\/#\/schema\/logo\/image\/\"}}]}<\/script>\n<!-- \/ Yoast SEO plugin. -->","yoast_head_json":{"title":"Colegialasreales und Liste der besten Pornoseiten | PornMate","description":"colegialasreales hostet Videos \u00fcber Sklavinnen, die auf der ganzen Welt kaum legal sind. Obwohl sie keine Erfahrung haben, sind diese College-M\u00e4dchen immer noch beliebt, wenn es um Pornos geht. Ihr Enthusiasmus und ihre Energie schie\u00dfen in die H\u00f6he, und wenn Sie Beweise brauchen, finden Sie sie hier. Diese kostenlose Amateur-Pornoseite ist wie jede andere, aber der Unterschied ist, dass es auf dieser Seite um kaum legale Sch\u00f6nheiten geht.","robots":{"index":"index","follow":"follow","max-snippet":"max-snippet:-1","max-image-preview":"max-image-preview:large","max-video-preview":"max-video-preview:-1"},"canonical":"https:\/\/pornmate.com\/de\/colegialasreales","og_locale":"de_DE","og_type":"article","og_title":"Colegialasreales und Liste der besten Pornoseiten | PornMate","og_description":"colegialasreales hostet Videos \u00fcber Sklavinnen, die auf der ganzen Welt kaum legal sind. Obwohl sie keine Erfahrung haben, sind diese College-M\u00e4dchen immer noch beliebt, wenn es um Pornos geht. Ihr Enthusiasmus und ihre Energie schie\u00dfen in die H\u00f6he, und wenn Sie Beweise brauchen, finden Sie sie hier. Diese kostenlose Amateur-Pornoseite ist wie jede andere, aber der Unterschied ist, dass es auf dieser Seite um kaum legale Sch\u00f6nheiten geht.","og_url":"https:\/\/pornmate.com\/de\/colegialasreales","og_site_name":"Besten Pornoseiten - Kostenlose Deutsche Pornos | PornMate.com","twitter_card":"summary_large_image","twitter_misc":{"Gesch\u00e4tzte Lesezeit":"2\u00a0Minuten"},"schema":{"@context":"https:\/\/schema.org","@graph":[{"@type":"WebPage","@id":"https:\/\/pornmate.com\/de\/colegialasreales","url":"https:\/\/pornmate.com\/de\/colegialasreales","name":"Colegialasreales und Liste der besten Pornoseiten | PornMate","isPartOf":{"@id":"https:\/\/pornmate.com\/de\/#website"},"datePublished":"2020-03-20T15:21:57+00:00","description":"colegialasreales hostet Videos \u00fcber Sklavinnen, die auf der ganzen Welt kaum legal sind. Obwohl sie keine Erfahrung haben, sind diese College-M\u00e4dchen immer noch beliebt, wenn es um Pornos geht. Ihr Enthusiasmus und ihre Energie schie\u00dfen in die H\u00f6he, und wenn Sie Beweise brauchen, finden Sie sie hier. Diese kostenlose Amateur-Pornoseite ist wie jede andere, aber der Unterschied ist, dass es auf dieser Seite um kaum legale Sch\u00f6nheiten geht.","breadcrumb":{"@id":"https:\/\/pornmate.com\/de\/colegialasreales#breadcrumb"},"inLanguage":"de","potentialAction":[{"@type":"ReadAction","target":["https:\/\/pornmate.com\/de\/colegialasreales"]}]},{"@type":"BreadcrumbList","@id":"https:\/\/pornmate.com\/de\/colegialasreales#breadcrumb","itemListElement":[{"@type":"ListItem","position":1,"name":"Startseite","item":"https:\/\/pornmate.com\/de"},{"@type":"ListItem","position":2,"name":"Colegialasreales"}]},{"@type":"WebSite","@id":"https:\/\/pornmate.com\/de\/#website","url":"https:\/\/pornmate.com\/de\/","name":"Besten Pornoseiten - Kostenlose Deutsche Pornos | PornMate.com","description":"Kostenlose Pornos, ist Ihr Combo-Verzeichnis der besten gratis Pornoseiten, die Sie finden k\u00f6nnen, und das fantastische Seitenbewertungen, Kostenlose Deutsche sex Biografien von Pornostars und ihre xxx Freie Porno videos unter einem Dach pr\u00e4sentiert.","publisher":{"@id":"https:\/\/pornmate.com\/de\/#organization"},"potentialAction":[{"@type":"SearchAction","target":{"@type":"EntryPoint","urlTemplate":"https:\/\/pornmate.com\/de\/?s={search_term_string}"},"query-input":{"@type":"PropertyValueSpecification","valueRequired":true,"valueName":"search_term_string"}}],"inLanguage":"de"},{"@type":"Organization","@id":"https:\/\/pornmate.com\/de\/#organization","name":"Besten Pornoseiten - Kostenlose Deutsche Pornos | PornMate.com","url":"https:\/\/pornmate.com\/de\/","logo":{"@type":"ImageObject","inLanguage":"de","@id":"https:\/\/pornmate.com\/de\/#\/schema\/logo\/image\/","url":"https:\/\/pornmate.com\/de\/wp-content\/uploads\/2022\/11\/pornmate-1.png","contentUrl":"https:\/\/pornmate.com\/de\/wp-content\/uploads\/2022\/11\/pornmate-1.png","width":203,"height":200,"caption":"Besten Pornoseiten - Kostenlose Deutsche Pornos | PornMate.com"},"image":{"@id":"https:\/\/pornmate.com\/de\/#\/schema\/logo\/image\/"}}]}},"_links":{"self":[{"href":"https:\/\/pornmate.com\/de\/wp-json\/wp\/v2\/pages\/7258","targetHints":{"allow":["GET"]}}],"collection":[{"href":"https:\/\/pornmate.com\/de\/wp-json\/wp\/v2\/pages"}],"about":[{"href":"https:\/\/pornmate.com\/de\/wp-json\/wp\/v2\/types\/page"}],"author":[{"embeddable":true,"href":"https:\/\/pornmate.com\/de\/wp-json\/wp\/v2\/users\/1"}],"replies":[{"embeddable":true,"href":"https:\/\/pornmate.com\/de\/wp-json\/wp\/v2\/comments?post=7258"}],"version-history":[{"count":0,"href":"https:\/\/pornmate.com\/de\/wp-json\/wp\/v2\/pages\/7258\/revisions"}],"wp:attachment":[{"href":"https:\/\/pornmate.com\/de\/wp-json\/wp\/v2\/media?parent=7258"}],"curies":[{"name":"wp","href":"https:\/\/api.w.org\/{rel}","templated":true}]}}