{"id":7260,"date":"2020-03-20T15:24:03","date_gmt":"2020-03-20T15:24:03","guid":{"rendered":"https:\/\/pornmate.com\/?page_id=7260"},"modified":"2020-03-20T15:24:03","modified_gmt":"2020-03-20T15:24:03","slug":"vrsex","status":"publish","type":"page","link":"https:\/\/pornmate.com\/de\/vrsex","title":{"rendered":"Vrsex"},"content":{"rendered":"<p>vrsex bietet Hunderte von VR-Pornos f\u00fcr Ihren Geschmack. VR-Equipment wird immer billiger, und es entsteht eine Vielzahl von VR-Equipment f\u00fcr jeden Geschmack. W\u00e4hrend viele es zum Spielen auf PCs und Konsolen verwenden, ist die Verwendung von VR-Pornos ebenso verbreitet, wenn nicht sogar weit verbreitet. Bei diesem interaktiven Erlebnis kannst du f\u00fchlen, wie es ist, ein Pornostar zu sein, wundersch\u00f6ne Models wie Jasmine Jae zu ficken oder einen Dreier mit vollbusigen Babes und MILFs zu haben. Gl\u00fccklicherweise hat vrsex.com Tausende exzellenter Clips, die alles von Teenagern bis hin zu MILFs abdecken, um sicherzustellen, dass Sie die besten Inhalte finden. Nachdem Sie den Clip ausgew\u00e4hlt haben, sorgt der mitgelieferte Videoplayer daf\u00fcr, dass Sie sich entspannen und ein L\u00e4cheln auf Ihr Gesicht zaubern und Sie die Videos genie\u00dfen k\u00f6nnen. Obwohl dies nicht die einzige VR-Site ist, nimmt sie nicht nur wegen ihres Inhalts eine wichtige Position unter anderen Sites ein, sondern auch, weil sie eine benutzerfreundliche Oberfl\u00e4che hat und sich richtig mit Anzeigen verh\u00e4lt. Jeder Teil dieses Ortes sieht gro\u00dfartig aus, und da regelm\u00e4\u00dfig neue Inhalte hinzugef\u00fcgt werden, gibt es viele Gr\u00fcnde, f\u00fcr Ihre VR-Korrektur zur\u00fcckzukehren.<\/p>\n","protected":false},"excerpt":{"rendered":"<p>vrsex bietet Hunderte von VR-Pornos f\u00fcr Ihren Geschmack. VR-Equipment wird immer billiger, und es entsteht eine Vielzahl von VR-Equipment f\u00fcr jeden Geschmack. W\u00e4hrend viele es zum Spielen auf PCs und Konsolen verwenden, ist die Verwendung von VR-Pornos ebenso verbreitet, wenn nicht sogar weit verbreitet. Bei diesem interaktiven Erlebnis kannst du f\u00fchlen, wie es ist, ein [&hellip;]<\/p>\n","protected":false},"author":1,"featured_media":0,"parent":0,"menu_order":0,"comment_status":"closed","ping_status":"closed","template":"page-star-stil.php","meta":{"footnotes":""},"class_list":["post-7260","page","type-page","status-publish","hentry"],"yoast_head":"<!-- This site is optimized with the Yoast SEO plugin v27.5 - https:\/\/yoast.com\/product\/yoast-seo-wordpress\/ -->\n<title>Vrsex und Liste der besten Pornoseiten | PornMate<\/title>\n<meta name=\"description\" content=\"vrsex bietet Hunderte von VR-Pornos f\u00fcr Ihren Geschmack. VR-Equipment wird immer billiger, und es entsteht eine Vielzahl von VR-Equipment f\u00fcr jeden Geschmack. W\u00e4hrend viele es zum Spielen auf PCs und Konsolen verwenden, ist die Verwendung von VR-Pornos ebenso verbreitet, wenn nicht sogar weit verbreitet.\" \/>\n<meta name=\"robots\" content=\"index, follow, max-snippet:-1, max-image-preview:large, max-video-preview:-1\" \/>\n<link rel=\"canonical\" href=\"https:\/\/pornmate.com\/de\/vrsex\" \/>\n<meta property=\"og:locale\" content=\"de_DE\" \/>\n<meta property=\"og:type\" content=\"article\" \/>\n<meta property=\"og:title\" content=\"Vrsex und Liste der besten Pornoseiten | PornMate\" \/>\n<meta property=\"og:description\" content=\"vrsex bietet Hunderte von VR-Pornos f\u00fcr Ihren Geschmack. VR-Equipment wird immer billiger, und es entsteht eine Vielzahl von VR-Equipment f\u00fcr jeden Geschmack. W\u00e4hrend viele es zum Spielen auf PCs und Konsolen verwenden, ist die Verwendung von VR-Pornos ebenso verbreitet, wenn nicht sogar weit verbreitet.\" \/>\n<meta property=\"og:url\" content=\"https:\/\/pornmate.com\/de\/vrsex\" \/>\n<meta property=\"og:site_name\" content=\"Besten Pornoseiten - Kostenlose Deutsche Pornos | PornMate.com\" \/>\n<meta name=\"twitter:card\" content=\"summary_large_image\" \/>\n<meta name=\"twitter:label1\" content=\"Gesch\u00e4tzte Lesezeit\" \/>\n\t<meta name=\"twitter:data1\" content=\"2\u00a0Minuten\" \/>\n<script type=\"application\/ld+json\" class=\"yoast-schema-graph\">{\"@context\":\"https:\\\/\\\/schema.org\",\"@graph\":[{\"@type\":\"WebPage\",\"@id\":\"https:\\\/\\\/pornmate.com\\\/de\\\/vrsex\",\"url\":\"https:\\\/\\\/pornmate.com\\\/de\\\/vrsex\",\"name\":\"Vrsex und Liste der besten Pornoseiten | PornMate\",\"isPartOf\":{\"@id\":\"https:\\\/\\\/pornmate.com\\\/de\\\/#website\"},\"datePublished\":\"2020-03-20T15:24:03+00:00\",\"description\":\"vrsex bietet Hunderte von VR-Pornos f\u00fcr Ihren Geschmack. VR-Equipment wird immer billiger, und es entsteht eine Vielzahl von VR-Equipment f\u00fcr jeden Geschmack. W\u00e4hrend viele es zum Spielen auf PCs und Konsolen verwenden, ist die Verwendung von VR-Pornos ebenso verbreitet, wenn nicht sogar weit verbreitet.\",\"breadcrumb\":{\"@id\":\"https:\\\/\\\/pornmate.com\\\/de\\\/vrsex#breadcrumb\"},\"inLanguage\":\"de\",\"potentialAction\":[{\"@type\":\"ReadAction\",\"target\":[\"https:\\\/\\\/pornmate.com\\\/de\\\/vrsex\"]}]},{\"@type\":\"BreadcrumbList\",\"@id\":\"https:\\\/\\\/pornmate.com\\\/de\\\/vrsex#breadcrumb\",\"itemListElement\":[{\"@type\":\"ListItem\",\"position\":1,\"name\":\"Startseite\",\"item\":\"https:\\\/\\\/pornmate.com\\\/de\"},{\"@type\":\"ListItem\",\"position\":2,\"name\":\"Vrsex\"}]},{\"@type\":\"WebSite\",\"@id\":\"https:\\\/\\\/pornmate.com\\\/de\\\/#website\",\"url\":\"https:\\\/\\\/pornmate.com\\\/de\\\/\",\"name\":\"Besten Pornoseiten - Kostenlose Deutsche Pornos | PornMate.com\",\"description\":\"Kostenlose Pornos, ist Ihr Combo-Verzeichnis der besten gratis Pornoseiten, die Sie finden k\u00f6nnen, und das fantastische Seitenbewertungen, Kostenlose Deutsche sex Biografien von Pornostars und ihre xxx Freie Porno videos unter einem Dach pr\u00e4sentiert.\",\"publisher\":{\"@id\":\"https:\\\/\\\/pornmate.com\\\/de\\\/#organization\"},\"potentialAction\":[{\"@type\":\"SearchAction\",\"target\":{\"@type\":\"EntryPoint\",\"urlTemplate\":\"https:\\\/\\\/pornmate.com\\\/de\\\/?s={search_term_string}\"},\"query-input\":{\"@type\":\"PropertyValueSpecification\",\"valueRequired\":true,\"valueName\":\"search_term_string\"}}],\"inLanguage\":\"de\"},{\"@type\":\"Organization\",\"@id\":\"https:\\\/\\\/pornmate.com\\\/de\\\/#organization\",\"name\":\"Besten Pornoseiten - Kostenlose Deutsche Pornos | PornMate.com\",\"url\":\"https:\\\/\\\/pornmate.com\\\/de\\\/\",\"logo\":{\"@type\":\"ImageObject\",\"inLanguage\":\"de\",\"@id\":\"https:\\\/\\\/pornmate.com\\\/de\\\/#\\\/schema\\\/logo\\\/image\\\/\",\"url\":\"https:\\\/\\\/pornmate.com\\\/de\\\/wp-content\\\/uploads\\\/2022\\\/11\\\/pornmate-1.png\",\"contentUrl\":\"https:\\\/\\\/pornmate.com\\\/de\\\/wp-content\\\/uploads\\\/2022\\\/11\\\/pornmate-1.png\",\"width\":203,\"height\":200,\"caption\":\"Besten Pornoseiten - Kostenlose Deutsche Pornos | PornMate.com\"},\"image\":{\"@id\":\"https:\\\/\\\/pornmate.com\\\/de\\\/#\\\/schema\\\/logo\\\/image\\\/\"}}]}<\/script>\n<!-- \/ Yoast SEO plugin. -->","yoast_head_json":{"title":"Vrsex und Liste der besten Pornoseiten | PornMate","description":"vrsex bietet Hunderte von VR-Pornos f\u00fcr Ihren Geschmack. VR-Equipment wird immer billiger, und es entsteht eine Vielzahl von VR-Equipment f\u00fcr jeden Geschmack. W\u00e4hrend viele es zum Spielen auf PCs und Konsolen verwenden, ist die Verwendung von VR-Pornos ebenso verbreitet, wenn nicht sogar weit verbreitet.","robots":{"index":"index","follow":"follow","max-snippet":"max-snippet:-1","max-image-preview":"max-image-preview:large","max-video-preview":"max-video-preview:-1"},"canonical":"https:\/\/pornmate.com\/de\/vrsex","og_locale":"de_DE","og_type":"article","og_title":"Vrsex und Liste der besten Pornoseiten | PornMate","og_description":"vrsex bietet Hunderte von VR-Pornos f\u00fcr Ihren Geschmack. VR-Equipment wird immer billiger, und es entsteht eine Vielzahl von VR-Equipment f\u00fcr jeden Geschmack. W\u00e4hrend viele es zum Spielen auf PCs und Konsolen verwenden, ist die Verwendung von VR-Pornos ebenso verbreitet, wenn nicht sogar weit verbreitet.","og_url":"https:\/\/pornmate.com\/de\/vrsex","og_site_name":"Besten Pornoseiten - Kostenlose Deutsche Pornos | PornMate.com","twitter_card":"summary_large_image","twitter_misc":{"Gesch\u00e4tzte Lesezeit":"2\u00a0Minuten"},"schema":{"@context":"https:\/\/schema.org","@graph":[{"@type":"WebPage","@id":"https:\/\/pornmate.com\/de\/vrsex","url":"https:\/\/pornmate.com\/de\/vrsex","name":"Vrsex und Liste der besten Pornoseiten | PornMate","isPartOf":{"@id":"https:\/\/pornmate.com\/de\/#website"},"datePublished":"2020-03-20T15:24:03+00:00","description":"vrsex bietet Hunderte von VR-Pornos f\u00fcr Ihren Geschmack. VR-Equipment wird immer billiger, und es entsteht eine Vielzahl von VR-Equipment f\u00fcr jeden Geschmack. W\u00e4hrend viele es zum Spielen auf PCs und Konsolen verwenden, ist die Verwendung von VR-Pornos ebenso verbreitet, wenn nicht sogar weit verbreitet.","breadcrumb":{"@id":"https:\/\/pornmate.com\/de\/vrsex#breadcrumb"},"inLanguage":"de","potentialAction":[{"@type":"ReadAction","target":["https:\/\/pornmate.com\/de\/vrsex"]}]},{"@type":"BreadcrumbList","@id":"https:\/\/pornmate.com\/de\/vrsex#breadcrumb","itemListElement":[{"@type":"ListItem","position":1,"name":"Startseite","item":"https:\/\/pornmate.com\/de"},{"@type":"ListItem","position":2,"name":"Vrsex"}]},{"@type":"WebSite","@id":"https:\/\/pornmate.com\/de\/#website","url":"https:\/\/pornmate.com\/de\/","name":"Besten Pornoseiten - Kostenlose Deutsche Pornos | PornMate.com","description":"Kostenlose Pornos, ist Ihr Combo-Verzeichnis der besten gratis Pornoseiten, die Sie finden k\u00f6nnen, und das fantastische Seitenbewertungen, Kostenlose Deutsche sex Biografien von Pornostars und ihre xxx Freie Porno videos unter einem Dach pr\u00e4sentiert.","publisher":{"@id":"https:\/\/pornmate.com\/de\/#organization"},"potentialAction":[{"@type":"SearchAction","target":{"@type":"EntryPoint","urlTemplate":"https:\/\/pornmate.com\/de\/?s={search_term_string}"},"query-input":{"@type":"PropertyValueSpecification","valueRequired":true,"valueName":"search_term_string"}}],"inLanguage":"de"},{"@type":"Organization","@id":"https:\/\/pornmate.com\/de\/#organization","name":"Besten Pornoseiten - Kostenlose Deutsche Pornos | PornMate.com","url":"https:\/\/pornmate.com\/de\/","logo":{"@type":"ImageObject","inLanguage":"de","@id":"https:\/\/pornmate.com\/de\/#\/schema\/logo\/image\/","url":"https:\/\/pornmate.com\/de\/wp-content\/uploads\/2022\/11\/pornmate-1.png","contentUrl":"https:\/\/pornmate.com\/de\/wp-content\/uploads\/2022\/11\/pornmate-1.png","width":203,"height":200,"caption":"Besten Pornoseiten - Kostenlose Deutsche Pornos | PornMate.com"},"image":{"@id":"https:\/\/pornmate.com\/de\/#\/schema\/logo\/image\/"}}]}},"_links":{"self":[{"href":"https:\/\/pornmate.com\/de\/wp-json\/wp\/v2\/pages\/7260","targetHints":{"allow":["GET"]}}],"collection":[{"href":"https:\/\/pornmate.com\/de\/wp-json\/wp\/v2\/pages"}],"about":[{"href":"https:\/\/pornmate.com\/de\/wp-json\/wp\/v2\/types\/page"}],"author":[{"embeddable":true,"href":"https:\/\/pornmate.com\/de\/wp-json\/wp\/v2\/users\/1"}],"replies":[{"embeddable":true,"href":"https:\/\/pornmate.com\/de\/wp-json\/wp\/v2\/comments?post=7260"}],"version-history":[{"count":0,"href":"https:\/\/pornmate.com\/de\/wp-json\/wp\/v2\/pages\/7260\/revisions"}],"wp:attachment":[{"href":"https:\/\/pornmate.com\/de\/wp-json\/wp\/v2\/media?parent=7260"}],"curies":[{"name":"wp","href":"https:\/\/api.w.org\/{rel}","templated":true}]}}