{"id":7262,"date":"2020-03-20T15:26:18","date_gmt":"2020-03-20T15:26:18","guid":{"rendered":"https:\/\/pornmate.com\/?page_id=7262"},"modified":"2020-03-20T15:26:18","modified_gmt":"2020-03-20T15:26:18","slug":"upskirt-tv","status":"publish","type":"page","link":"https:\/\/pornmate.com\/de\/upskirt-tv","title":{"rendered":"Upskirt.tv"},"content":{"rendered":"<p>upskirt.tv sammelt Tausende von Upskirt-Videos, die Sie kostenlos ansehen k\u00f6nnen.<br \/>\nEs gibt keinen richtigen Mann auf der Welt, der fr\u00fcher nicht anget\u00f6rnt w\u00e4re, wenn ein M\u00e4dchen ihren Rand hebt und offenbart, dass sie kein H\u00f6schen tr\u00e4gt. Es ist in der Tat besser, wenn sie es \u00f6ffentlich auf dem Parkrichter oder gar in der \u00d6ffentlichkeit tut.<br \/>\nEs ist zug\u00e4nglich, wenn Ihnen das besser hilft als eine Madison Ivy in einem Gangbang-Video.<br \/>\nunterscheidet nicht, also kennst du Dienstm\u00e4dchen in allen Formen und Gr\u00f6\u00dfen, von leicht legitimen College-Dienstm\u00e4dchen bis hin zu MILFs.<br \/>\nJeder wird verstanden, von b\u00f6sen Putterern bis zur Unterhaltungsindustrie.<br \/>\nDie Kategorien unterscheiden sich dann relativ von denen auf den kostenlosen Pornoseiten, da einige von ihnen athletischer Arsch, Stewardess, Downbluse oder H\u00f6schen hei\u00dfen<br \/>\nW\u00e4hrend es in den meisten Clips um Solom\u00e4dchen geht, gibt es auch einige tiefgr\u00fcndige Szenen.<br \/>\nGl\u00fccklicherweise ist der mitgelieferte Player presto, obwohl er fehlt. Dies ist die Website, die alle Fans besuchen sollten, denn die Menge an qualitativ hochwertigen Inhalten wird Sie immer wieder aufs Neue begeistern und Sie st\u00e4ndig unterhalten, wenn Sie etwas Neues entdecken.<\/p>\n","protected":false},"excerpt":{"rendered":"<p>upskirt.tv sammelt Tausende von Upskirt-Videos, die Sie kostenlos ansehen k\u00f6nnen. Es gibt keinen richtigen Mann auf der Welt, der fr\u00fcher nicht anget\u00f6rnt w\u00e4re, wenn ein M\u00e4dchen ihren Rand hebt und offenbart, dass sie kein H\u00f6schen tr\u00e4gt. Es ist in der Tat besser, wenn sie es \u00f6ffentlich auf dem Parkrichter oder gar in der \u00d6ffentlichkeit tut. [&hellip;]<\/p>\n","protected":false},"author":1,"featured_media":0,"parent":0,"menu_order":0,"comment_status":"closed","ping_status":"closed","template":"page-star-stil.php","meta":{"footnotes":""},"class_list":["post-7262","page","type-page","status-publish","hentry"],"yoast_head":"<!-- This site is optimized with the Yoast SEO plugin v27.4 - https:\/\/yoast.com\/product\/yoast-seo-wordpress\/ -->\n<title>Upskirt.tv und Liste der besten Pornoseiten | PornMate<\/title>\n<meta name=\"description\" content=\"upskirt.tv sammelt Tausende von Upskirt-Videos, die Sie kostenlos ansehen k\u00f6nnen.Es gibt keinen richtigen Mann auf der Welt, der fr\u00fcher nicht anget\u00f6rnt w\u00e4re, wenn ein M\u00e4dchen ihren Rand hebt und offenbart, dass sie kein H\u00f6schen tr\u00e4gt.\" \/>\n<meta name=\"robots\" content=\"index, follow, max-snippet:-1, max-image-preview:large, max-video-preview:-1\" \/>\n<link rel=\"canonical\" href=\"https:\/\/pornmate.com\/de\/upskirt-tv\" \/>\n<meta property=\"og:locale\" content=\"de_DE\" \/>\n<meta property=\"og:type\" content=\"article\" \/>\n<meta property=\"og:title\" content=\"Upskirt.tv und Liste der besten Pornoseiten | PornMate\" \/>\n<meta property=\"og:description\" content=\"upskirt.tv sammelt Tausende von Upskirt-Videos, die Sie kostenlos ansehen k\u00f6nnen.Es gibt keinen richtigen Mann auf der Welt, der fr\u00fcher nicht anget\u00f6rnt w\u00e4re, wenn ein M\u00e4dchen ihren Rand hebt und offenbart, dass sie kein H\u00f6schen tr\u00e4gt.\" \/>\n<meta property=\"og:url\" content=\"https:\/\/pornmate.com\/de\/upskirt-tv\" \/>\n<meta property=\"og:site_name\" content=\"Besten Pornoseiten - Kostenlose Deutsche Pornos | PornMate.com\" \/>\n<meta name=\"twitter:card\" content=\"summary_large_image\" \/>\n<meta name=\"twitter:label1\" content=\"Gesch\u00e4tzte Lesezeit\" \/>\n\t<meta name=\"twitter:data1\" content=\"1\u00a0Minute\" \/>\n<script type=\"application\/ld+json\" class=\"yoast-schema-graph\">{\"@context\":\"https:\\\/\\\/schema.org\",\"@graph\":[{\"@type\":\"WebPage\",\"@id\":\"https:\\\/\\\/pornmate.com\\\/de\\\/upskirt-tv\",\"url\":\"https:\\\/\\\/pornmate.com\\\/de\\\/upskirt-tv\",\"name\":\"Upskirt.tv und Liste der besten Pornoseiten | PornMate\",\"isPartOf\":{\"@id\":\"https:\\\/\\\/pornmate.com\\\/de\\\/#website\"},\"datePublished\":\"2020-03-20T15:26:18+00:00\",\"description\":\"upskirt.tv sammelt Tausende von Upskirt-Videos, die Sie kostenlos ansehen k\u00f6nnen.Es gibt keinen richtigen Mann auf der Welt, der fr\u00fcher nicht anget\u00f6rnt w\u00e4re, wenn ein M\u00e4dchen ihren Rand hebt und offenbart, dass sie kein H\u00f6schen tr\u00e4gt.\",\"breadcrumb\":{\"@id\":\"https:\\\/\\\/pornmate.com\\\/de\\\/upskirt-tv#breadcrumb\"},\"inLanguage\":\"de\",\"potentialAction\":[{\"@type\":\"ReadAction\",\"target\":[\"https:\\\/\\\/pornmate.com\\\/de\\\/upskirt-tv\"]}]},{\"@type\":\"BreadcrumbList\",\"@id\":\"https:\\\/\\\/pornmate.com\\\/de\\\/upskirt-tv#breadcrumb\",\"itemListElement\":[{\"@type\":\"ListItem\",\"position\":1,\"name\":\"Startseite\",\"item\":\"https:\\\/\\\/pornmate.com\\\/de\"},{\"@type\":\"ListItem\",\"position\":2,\"name\":\"Upskirt.tv\"}]},{\"@type\":\"WebSite\",\"@id\":\"https:\\\/\\\/pornmate.com\\\/de\\\/#website\",\"url\":\"https:\\\/\\\/pornmate.com\\\/de\\\/\",\"name\":\"Besten Pornoseiten - Kostenlose Deutsche Pornos | PornMate.com\",\"description\":\"Kostenlose Pornos, ist Ihr Combo-Verzeichnis der besten gratis Pornoseiten, die Sie finden k\u00f6nnen, und das fantastische Seitenbewertungen, Kostenlose Deutsche sex Biografien von Pornostars und ihre xxx Freie Porno videos unter einem Dach pr\u00e4sentiert.\",\"publisher\":{\"@id\":\"https:\\\/\\\/pornmate.com\\\/de\\\/#organization\"},\"potentialAction\":[{\"@type\":\"SearchAction\",\"target\":{\"@type\":\"EntryPoint\",\"urlTemplate\":\"https:\\\/\\\/pornmate.com\\\/de\\\/?s={search_term_string}\"},\"query-input\":{\"@type\":\"PropertyValueSpecification\",\"valueRequired\":true,\"valueName\":\"search_term_string\"}}],\"inLanguage\":\"de\"},{\"@type\":\"Organization\",\"@id\":\"https:\\\/\\\/pornmate.com\\\/de\\\/#organization\",\"name\":\"Besten Pornoseiten - Kostenlose Deutsche Pornos | PornMate.com\",\"url\":\"https:\\\/\\\/pornmate.com\\\/de\\\/\",\"logo\":{\"@type\":\"ImageObject\",\"inLanguage\":\"de\",\"@id\":\"https:\\\/\\\/pornmate.com\\\/de\\\/#\\\/schema\\\/logo\\\/image\\\/\",\"url\":\"https:\\\/\\\/pornmate.com\\\/de\\\/wp-content\\\/uploads\\\/2022\\\/11\\\/pornmate-1.png\",\"contentUrl\":\"https:\\\/\\\/pornmate.com\\\/de\\\/wp-content\\\/uploads\\\/2022\\\/11\\\/pornmate-1.png\",\"width\":203,\"height\":200,\"caption\":\"Besten Pornoseiten - Kostenlose Deutsche Pornos | PornMate.com\"},\"image\":{\"@id\":\"https:\\\/\\\/pornmate.com\\\/de\\\/#\\\/schema\\\/logo\\\/image\\\/\"}}]}<\/script>\n<!-- \/ Yoast SEO plugin. -->","yoast_head_json":{"title":"Upskirt.tv und Liste der besten Pornoseiten | PornMate","description":"upskirt.tv sammelt Tausende von Upskirt-Videos, die Sie kostenlos ansehen k\u00f6nnen.Es gibt keinen richtigen Mann auf der Welt, der fr\u00fcher nicht anget\u00f6rnt w\u00e4re, wenn ein M\u00e4dchen ihren Rand hebt und offenbart, dass sie kein H\u00f6schen tr\u00e4gt.","robots":{"index":"index","follow":"follow","max-snippet":"max-snippet:-1","max-image-preview":"max-image-preview:large","max-video-preview":"max-video-preview:-1"},"canonical":"https:\/\/pornmate.com\/de\/upskirt-tv","og_locale":"de_DE","og_type":"article","og_title":"Upskirt.tv und Liste der besten Pornoseiten | PornMate","og_description":"upskirt.tv sammelt Tausende von Upskirt-Videos, die Sie kostenlos ansehen k\u00f6nnen.Es gibt keinen richtigen Mann auf der Welt, der fr\u00fcher nicht anget\u00f6rnt w\u00e4re, wenn ein M\u00e4dchen ihren Rand hebt und offenbart, dass sie kein H\u00f6schen tr\u00e4gt.","og_url":"https:\/\/pornmate.com\/de\/upskirt-tv","og_site_name":"Besten Pornoseiten - Kostenlose Deutsche Pornos | PornMate.com","twitter_card":"summary_large_image","twitter_misc":{"Gesch\u00e4tzte Lesezeit":"1\u00a0Minute"},"schema":{"@context":"https:\/\/schema.org","@graph":[{"@type":"WebPage","@id":"https:\/\/pornmate.com\/de\/upskirt-tv","url":"https:\/\/pornmate.com\/de\/upskirt-tv","name":"Upskirt.tv und Liste der besten Pornoseiten | PornMate","isPartOf":{"@id":"https:\/\/pornmate.com\/de\/#website"},"datePublished":"2020-03-20T15:26:18+00:00","description":"upskirt.tv sammelt Tausende von Upskirt-Videos, die Sie kostenlos ansehen k\u00f6nnen.Es gibt keinen richtigen Mann auf der Welt, der fr\u00fcher nicht anget\u00f6rnt w\u00e4re, wenn ein M\u00e4dchen ihren Rand hebt und offenbart, dass sie kein H\u00f6schen tr\u00e4gt.","breadcrumb":{"@id":"https:\/\/pornmate.com\/de\/upskirt-tv#breadcrumb"},"inLanguage":"de","potentialAction":[{"@type":"ReadAction","target":["https:\/\/pornmate.com\/de\/upskirt-tv"]}]},{"@type":"BreadcrumbList","@id":"https:\/\/pornmate.com\/de\/upskirt-tv#breadcrumb","itemListElement":[{"@type":"ListItem","position":1,"name":"Startseite","item":"https:\/\/pornmate.com\/de"},{"@type":"ListItem","position":2,"name":"Upskirt.tv"}]},{"@type":"WebSite","@id":"https:\/\/pornmate.com\/de\/#website","url":"https:\/\/pornmate.com\/de\/","name":"Besten Pornoseiten - Kostenlose Deutsche Pornos | PornMate.com","description":"Kostenlose Pornos, ist Ihr Combo-Verzeichnis der besten gratis Pornoseiten, die Sie finden k\u00f6nnen, und das fantastische Seitenbewertungen, Kostenlose Deutsche sex Biografien von Pornostars und ihre xxx Freie Porno videos unter einem Dach pr\u00e4sentiert.","publisher":{"@id":"https:\/\/pornmate.com\/de\/#organization"},"potentialAction":[{"@type":"SearchAction","target":{"@type":"EntryPoint","urlTemplate":"https:\/\/pornmate.com\/de\/?s={search_term_string}"},"query-input":{"@type":"PropertyValueSpecification","valueRequired":true,"valueName":"search_term_string"}}],"inLanguage":"de"},{"@type":"Organization","@id":"https:\/\/pornmate.com\/de\/#organization","name":"Besten Pornoseiten - Kostenlose Deutsche Pornos | PornMate.com","url":"https:\/\/pornmate.com\/de\/","logo":{"@type":"ImageObject","inLanguage":"de","@id":"https:\/\/pornmate.com\/de\/#\/schema\/logo\/image\/","url":"https:\/\/pornmate.com\/de\/wp-content\/uploads\/2022\/11\/pornmate-1.png","contentUrl":"https:\/\/pornmate.com\/de\/wp-content\/uploads\/2022\/11\/pornmate-1.png","width":203,"height":200,"caption":"Besten Pornoseiten - Kostenlose Deutsche Pornos | PornMate.com"},"image":{"@id":"https:\/\/pornmate.com\/de\/#\/schema\/logo\/image\/"}}]}},"_links":{"self":[{"href":"https:\/\/pornmate.com\/de\/wp-json\/wp\/v2\/pages\/7262","targetHints":{"allow":["GET"]}}],"collection":[{"href":"https:\/\/pornmate.com\/de\/wp-json\/wp\/v2\/pages"}],"about":[{"href":"https:\/\/pornmate.com\/de\/wp-json\/wp\/v2\/types\/page"}],"author":[{"embeddable":true,"href":"https:\/\/pornmate.com\/de\/wp-json\/wp\/v2\/users\/1"}],"replies":[{"embeddable":true,"href":"https:\/\/pornmate.com\/de\/wp-json\/wp\/v2\/comments?post=7262"}],"version-history":[{"count":0,"href":"https:\/\/pornmate.com\/de\/wp-json\/wp\/v2\/pages\/7262\/revisions"}],"wp:attachment":[{"href":"https:\/\/pornmate.com\/de\/wp-json\/wp\/v2\/media?parent=7262"}],"curies":[{"name":"wp","href":"https:\/\/api.w.org\/{rel}","templated":true}]}}