{"id":7265,"date":"2020-03-20T15:29:24","date_gmt":"2020-03-20T15:29:24","guid":{"rendered":"https:\/\/pornmate.com\/?page_id=7265"},"modified":"2020-03-20T15:29:24","modified_gmt":"2020-03-20T15:29:24","slug":"dompornnet","status":"publish","type":"page","link":"https:\/\/pornmate.com\/de\/dompornnet","title":{"rendered":"Domporn.net"},"content":{"rendered":"<p>Dompornnet konzentriert sich auf sexy Girls, die rummachen und hart ficken. Da sich die Pornoindustrie auf ihrem Allzeithoch befindet, stehen Gamer vor gro\u00dfen Herausforderungen, um an der Spitze zu bleiben. In diesem Fall bedeutet dies, dass sie dem brutalen Fluch der Tiefenwirkung der Kugeln ausgesetzt sind. Diese Babys bekommen Spielzeug mit gro\u00dfem Arsch und Schw\u00e4nze, sogar Doppelschw\u00e4nze. Dominanz ist das, was sie lieben, denn die Kombination von Schmerz und Lust fordert sie am meisten heraus. Stellen Sie sicher, dass Stars wie Kendra Lust das tun, was sie lieben, auch wenn sie verschwitzt und schreiend sind. Auf Domporn.net finden Sie Hunderte dieser Videos, die zur einfacheren Navigation kategorisiert sind.Noch besser, es ist jetzt einfach, alle Videos herunterzuladen und zu speichern. Jeden Tag werden neue Videos hinzugef\u00fcgt, sodass Sie allen Grund haben, die Website mindestens ein paar Mal pro Woche zu besuchen. Sie k\u00f6nnen nat\u00fcrlich auch Inhalte streamen, ben\u00f6tigen daf\u00fcr aber einen Premium-Account. Mit vielen hochwertigen Inhalten und Porno-Download-Optionen ist dies der Ort, den Sie besuchen sollten, wenn Sie Hardcore-Babes bevorzugen.<\/p>\n","protected":false},"excerpt":{"rendered":"<p>Dompornnet konzentriert sich auf sexy Girls, die rummachen und hart ficken. Da sich die Pornoindustrie auf ihrem Allzeithoch befindet, stehen Gamer vor gro\u00dfen Herausforderungen, um an der Spitze zu bleiben. In diesem Fall bedeutet dies, dass sie dem brutalen Fluch der Tiefenwirkung der Kugeln ausgesetzt sind. Diese Babys bekommen Spielzeug mit gro\u00dfem Arsch und Schw\u00e4nze, [&hellip;]<\/p>\n","protected":false},"author":1,"featured_media":0,"parent":0,"menu_order":0,"comment_status":"closed","ping_status":"closed","template":"page-star-stil.php","meta":{"footnotes":""},"class_list":["post-7265","page","type-page","status-publish","hentry"],"yoast_head":"<!-- This site is optimized with the Yoast SEO plugin v27.2 - https:\/\/yoast.com\/product\/yoast-seo-wordpress\/ -->\n<title>Domporn.net und Liste der besten Pornoseiten | PornMate<\/title>\n<meta name=\"description\" content=\"Dompornnet konzentriert sich auf sexy Girls, die rummachen und hart ficken. Da sich die Pornoindustrie auf ihrem Allzeithoch befindet, stehen Gamer vor gro\u00dfen Herausforderungen, um an der Spitze zu bleiben.\" \/>\n<meta name=\"robots\" content=\"index, follow, max-snippet:-1, max-image-preview:large, max-video-preview:-1\" \/>\n<link rel=\"canonical\" href=\"https:\/\/pornmate.com\/de\/dompornnet\" \/>\n<meta property=\"og:locale\" content=\"de_DE\" \/>\n<meta property=\"og:type\" content=\"article\" \/>\n<meta property=\"og:title\" content=\"Domporn.net und Liste der besten Pornoseiten | PornMate\" \/>\n<meta property=\"og:description\" content=\"Dompornnet konzentriert sich auf sexy Girls, die rummachen und hart ficken. Da sich die Pornoindustrie auf ihrem Allzeithoch befindet, stehen Gamer vor gro\u00dfen Herausforderungen, um an der Spitze zu bleiben.\" \/>\n<meta property=\"og:url\" content=\"https:\/\/pornmate.com\/de\/dompornnet\" \/>\n<meta property=\"og:site_name\" content=\"Besten Pornoseiten - Kostenlose Deutsche Pornos | PornMate.com\" \/>\n<meta name=\"twitter:card\" content=\"summary_large_image\" \/>\n<meta name=\"twitter:label1\" content=\"Gesch\u00e4tzte Lesezeit\" \/>\n\t<meta name=\"twitter:data1\" content=\"1\u00a0Minute\" \/>\n<script type=\"application\/ld+json\" class=\"yoast-schema-graph\">{\"@context\":\"https:\/\/schema.org\",\"@graph\":[{\"@type\":\"WebPage\",\"@id\":\"https:\/\/pornmate.com\/de\/dompornnet\",\"url\":\"https:\/\/pornmate.com\/de\/dompornnet\",\"name\":\"Domporn.net und Liste der besten Pornoseiten | PornMate\",\"isPartOf\":{\"@id\":\"https:\/\/pornmate.com\/de\/#website\"},\"datePublished\":\"2020-03-20T15:29:24+00:00\",\"description\":\"Dompornnet konzentriert sich auf sexy Girls, die rummachen und hart ficken. Da sich die Pornoindustrie auf ihrem Allzeithoch befindet, stehen Gamer vor gro\u00dfen Herausforderungen, um an der Spitze zu bleiben.\",\"breadcrumb\":{\"@id\":\"https:\/\/pornmate.com\/de\/dompornnet#breadcrumb\"},\"inLanguage\":\"de\",\"potentialAction\":[{\"@type\":\"ReadAction\",\"target\":[\"https:\/\/pornmate.com\/de\/dompornnet\"]}]},{\"@type\":\"BreadcrumbList\",\"@id\":\"https:\/\/pornmate.com\/de\/dompornnet#breadcrumb\",\"itemListElement\":[{\"@type\":\"ListItem\",\"position\":1,\"name\":\"Startseite\",\"item\":\"https:\/\/pornmate.com\/de\"},{\"@type\":\"ListItem\",\"position\":2,\"name\":\"Domporn.net\"}]},{\"@type\":\"WebSite\",\"@id\":\"https:\/\/pornmate.com\/de\/#website\",\"url\":\"https:\/\/pornmate.com\/de\/\",\"name\":\"Besten Pornoseiten - Kostenlose Deutsche Pornos | PornMate.com\",\"description\":\"Kostenlose Pornos, ist Ihr Combo-Verzeichnis der besten gratis Pornoseiten, die Sie finden k\u00f6nnen, und das fantastische Seitenbewertungen, Kostenlose Deutsche sex Biografien von Pornostars und ihre xxx Freie Porno videos unter einem Dach pr\u00e4sentiert.\",\"publisher\":{\"@id\":\"https:\/\/pornmate.com\/de\/#organization\"},\"potentialAction\":[{\"@type\":\"SearchAction\",\"target\":{\"@type\":\"EntryPoint\",\"urlTemplate\":\"https:\/\/pornmate.com\/de\/?s={search_term_string}\"},\"query-input\":{\"@type\":\"PropertyValueSpecification\",\"valueRequired\":true,\"valueName\":\"search_term_string\"}}],\"inLanguage\":\"de\"},{\"@type\":\"Organization\",\"@id\":\"https:\/\/pornmate.com\/de\/#organization\",\"name\":\"Besten Pornoseiten - Kostenlose Deutsche Pornos | PornMate.com\",\"url\":\"https:\/\/pornmate.com\/de\/\",\"logo\":{\"@type\":\"ImageObject\",\"inLanguage\":\"de\",\"@id\":\"https:\/\/pornmate.com\/de\/#\/schema\/logo\/image\/\",\"url\":\"https:\/\/pornmate.com\/de\/wp-content\/uploads\/2022\/11\/pornmate-1.png\",\"contentUrl\":\"https:\/\/pornmate.com\/de\/wp-content\/uploads\/2022\/11\/pornmate-1.png\",\"width\":203,\"height\":200,\"caption\":\"Besten Pornoseiten - Kostenlose Deutsche Pornos | PornMate.com\"},\"image\":{\"@id\":\"https:\/\/pornmate.com\/de\/#\/schema\/logo\/image\/\"}}]}<\/script>\n<!-- \/ Yoast SEO plugin. -->","yoast_head_json":{"title":"Domporn.net und Liste der besten Pornoseiten | PornMate","description":"Dompornnet konzentriert sich auf sexy Girls, die rummachen und hart ficken. Da sich die Pornoindustrie auf ihrem Allzeithoch befindet, stehen Gamer vor gro\u00dfen Herausforderungen, um an der Spitze zu bleiben.","robots":{"index":"index","follow":"follow","max-snippet":"max-snippet:-1","max-image-preview":"max-image-preview:large","max-video-preview":"max-video-preview:-1"},"canonical":"https:\/\/pornmate.com\/de\/dompornnet","og_locale":"de_DE","og_type":"article","og_title":"Domporn.net und Liste der besten Pornoseiten | PornMate","og_description":"Dompornnet konzentriert sich auf sexy Girls, die rummachen und hart ficken. Da sich die Pornoindustrie auf ihrem Allzeithoch befindet, stehen Gamer vor gro\u00dfen Herausforderungen, um an der Spitze zu bleiben.","og_url":"https:\/\/pornmate.com\/de\/dompornnet","og_site_name":"Besten Pornoseiten - Kostenlose Deutsche Pornos | PornMate.com","twitter_card":"summary_large_image","twitter_misc":{"Gesch\u00e4tzte Lesezeit":"1\u00a0Minute"},"schema":{"@context":"https:\/\/schema.org","@graph":[{"@type":"WebPage","@id":"https:\/\/pornmate.com\/de\/dompornnet","url":"https:\/\/pornmate.com\/de\/dompornnet","name":"Domporn.net und Liste der besten Pornoseiten | PornMate","isPartOf":{"@id":"https:\/\/pornmate.com\/de\/#website"},"datePublished":"2020-03-20T15:29:24+00:00","description":"Dompornnet konzentriert sich auf sexy Girls, die rummachen und hart ficken. Da sich die Pornoindustrie auf ihrem Allzeithoch befindet, stehen Gamer vor gro\u00dfen Herausforderungen, um an der Spitze zu bleiben.","breadcrumb":{"@id":"https:\/\/pornmate.com\/de\/dompornnet#breadcrumb"},"inLanguage":"de","potentialAction":[{"@type":"ReadAction","target":["https:\/\/pornmate.com\/de\/dompornnet"]}]},{"@type":"BreadcrumbList","@id":"https:\/\/pornmate.com\/de\/dompornnet#breadcrumb","itemListElement":[{"@type":"ListItem","position":1,"name":"Startseite","item":"https:\/\/pornmate.com\/de"},{"@type":"ListItem","position":2,"name":"Domporn.net"}]},{"@type":"WebSite","@id":"https:\/\/pornmate.com\/de\/#website","url":"https:\/\/pornmate.com\/de\/","name":"Besten Pornoseiten - Kostenlose Deutsche Pornos | PornMate.com","description":"Kostenlose Pornos, ist Ihr Combo-Verzeichnis der besten gratis Pornoseiten, die Sie finden k\u00f6nnen, und das fantastische Seitenbewertungen, Kostenlose Deutsche sex Biografien von Pornostars und ihre xxx Freie Porno videos unter einem Dach pr\u00e4sentiert.","publisher":{"@id":"https:\/\/pornmate.com\/de\/#organization"},"potentialAction":[{"@type":"SearchAction","target":{"@type":"EntryPoint","urlTemplate":"https:\/\/pornmate.com\/de\/?s={search_term_string}"},"query-input":{"@type":"PropertyValueSpecification","valueRequired":true,"valueName":"search_term_string"}}],"inLanguage":"de"},{"@type":"Organization","@id":"https:\/\/pornmate.com\/de\/#organization","name":"Besten Pornoseiten - Kostenlose Deutsche Pornos | PornMate.com","url":"https:\/\/pornmate.com\/de\/","logo":{"@type":"ImageObject","inLanguage":"de","@id":"https:\/\/pornmate.com\/de\/#\/schema\/logo\/image\/","url":"https:\/\/pornmate.com\/de\/wp-content\/uploads\/2022\/11\/pornmate-1.png","contentUrl":"https:\/\/pornmate.com\/de\/wp-content\/uploads\/2022\/11\/pornmate-1.png","width":203,"height":200,"caption":"Besten Pornoseiten - Kostenlose Deutsche Pornos | PornMate.com"},"image":{"@id":"https:\/\/pornmate.com\/de\/#\/schema\/logo\/image\/"}}]}},"_links":{"self":[{"href":"https:\/\/pornmate.com\/de\/wp-json\/wp\/v2\/pages\/7265","targetHints":{"allow":["GET"]}}],"collection":[{"href":"https:\/\/pornmate.com\/de\/wp-json\/wp\/v2\/pages"}],"about":[{"href":"https:\/\/pornmate.com\/de\/wp-json\/wp\/v2\/types\/page"}],"author":[{"embeddable":true,"href":"https:\/\/pornmate.com\/de\/wp-json\/wp\/v2\/users\/1"}],"replies":[{"embeddable":true,"href":"https:\/\/pornmate.com\/de\/wp-json\/wp\/v2\/comments?post=7265"}],"version-history":[{"count":0,"href":"https:\/\/pornmate.com\/de\/wp-json\/wp\/v2\/pages\/7265\/revisions"}],"wp:attachment":[{"href":"https:\/\/pornmate.com\/de\/wp-json\/wp\/v2\/media?parent=7265"}],"curies":[{"name":"wp","href":"https:\/\/api.w.org\/{rel}","templated":true}]}}