{"id":7271,"date":"2020-03-20T15:35:10","date_gmt":"2020-03-20T15:35:10","guid":{"rendered":"https:\/\/pornmate.com\/?page_id=7271"},"modified":"2020-03-20T15:35:10","modified_gmt":"2020-03-20T15:35:10","slug":"porno333","status":"publish","type":"page","link":"https:\/\/pornmate.com\/de\/porno333","title":{"rendered":"Porno333.com"},"content":{"rendered":"<p>Porno333.com ist die wichtigste spanische Pornoseite aller Pornofilmseiten auf der Falle.<br \/>\nSie k\u00f6nnen Aletta Ocean dabei zusehen, wie sie einen Dreier serviert und ihre nasse Muschi gestampft bekommt, denn diese Website hat die hei\u00dfesten Pornos, die im Internet verf\u00fcgbar sind.<br \/>\nDieser Kanal bietet auch eine exklusive Auswahl an BangBros- und XNXX-Videos mit hei\u00dfen Schlampen mit wohlhabenden K\u00f6rpern, Pornostars mit monumentalen Titten und runden \u00c4rschen, die ihre Lust befriedigen.<br \/>\nDie Sammlung der stilvollen XXX- und XNXX-Videos und -Clips ist in nicht identische Kategorien unterteilt, damit Sie sie flie\u00dfend untersuchen und erkennen k\u00f6nnen.<br \/>\nBasierend auf dem, was die meisten sehen, scheint es, dass die XXX-Pornovideos, die sie am meisten m\u00f6gen, diejenigen sind, die sich auf Blondinen, Br\u00fcnetten, Schwarze, monumentale Titten, Analsex usw. beziehen.<br \/>\nDer beste praktikable Porno, den Sie sich w\u00fcnschen k\u00f6nnen, ist auf diesem Kanal, und alle Videos sind in 1080p HD-Bildqualit\u00e4t, mit Wiedergabegeschwindigkeit und alles kostenlos. Bei Porno333 k\u00f6nnen Sie Ihre perversesten Pornofilmbed\u00fcrfnisse erf\u00fcllen und es genie\u00dfen, diese geilen Pornostars in ihrer stylischen Form zu beobachten.<\/p>\n","protected":false},"excerpt":{"rendered":"<p>Porno333.com ist die wichtigste spanische Pornoseite aller Pornofilmseiten auf der Falle. Sie k\u00f6nnen Aletta Ocean dabei zusehen, wie sie einen Dreier serviert und ihre nasse Muschi gestampft bekommt, denn diese Website hat die hei\u00dfesten Pornos, die im Internet verf\u00fcgbar sind. Dieser Kanal bietet auch eine exklusive Auswahl an BangBros- und XNXX-Videos mit hei\u00dfen Schlampen mit [&hellip;]<\/p>\n","protected":false},"author":1,"featured_media":0,"parent":0,"menu_order":0,"comment_status":"closed","ping_status":"closed","template":"page-star-stil.php","meta":{"footnotes":""},"class_list":["post-7271","page","type-page","status-publish","hentry"],"yoast_head":"<!-- This site is optimized with the Yoast SEO plugin v27.4 - https:\/\/yoast.com\/product\/yoast-seo-wordpress\/ -->\n<title>Porno333.com und Liste der besten Pornoseiten | PornMate<\/title>\n<meta name=\"description\" content=\"Porno333.com ist die wichtigste spanische Pornoseite aller Pornofilmseiten auf der Falle.Sie k\u00f6nnen Aletta Ocean dabei zusehen, wie sie einen Dreier serviert und ihre nasse Muschi gestampft bekommt, denn diese Website hat die hei\u00dfesten Pornos, die im Internet verf\u00fcgbar sind.\" \/>\n<meta name=\"robots\" content=\"index, follow, max-snippet:-1, max-image-preview:large, max-video-preview:-1\" \/>\n<link rel=\"canonical\" href=\"https:\/\/pornmate.com\/de\/porno333\" \/>\n<meta property=\"og:locale\" content=\"de_DE\" \/>\n<meta property=\"og:type\" content=\"article\" \/>\n<meta property=\"og:title\" content=\"Porno333.com und Liste der besten Pornoseiten | PornMate\" \/>\n<meta property=\"og:description\" content=\"Porno333.com ist die wichtigste spanische Pornoseite aller Pornofilmseiten auf der Falle.Sie k\u00f6nnen Aletta Ocean dabei zusehen, wie sie einen Dreier serviert und ihre nasse Muschi gestampft bekommt, denn diese Website hat die hei\u00dfesten Pornos, die im Internet verf\u00fcgbar sind.\" \/>\n<meta property=\"og:url\" content=\"https:\/\/pornmate.com\/de\/porno333\" \/>\n<meta property=\"og:site_name\" content=\"Besten Pornoseiten - Kostenlose Deutsche Pornos | PornMate.com\" \/>\n<meta name=\"twitter:card\" content=\"summary_large_image\" \/>\n<meta name=\"twitter:label1\" content=\"Gesch\u00e4tzte Lesezeit\" \/>\n\t<meta name=\"twitter:data1\" content=\"1\u00a0Minute\" \/>\n<script type=\"application\/ld+json\" class=\"yoast-schema-graph\">{\"@context\":\"https:\\\/\\\/schema.org\",\"@graph\":[{\"@type\":\"WebPage\",\"@id\":\"https:\\\/\\\/pornmate.com\\\/de\\\/porno333\",\"url\":\"https:\\\/\\\/pornmate.com\\\/de\\\/porno333\",\"name\":\"Porno333.com und Liste der besten Pornoseiten | PornMate\",\"isPartOf\":{\"@id\":\"https:\\\/\\\/pornmate.com\\\/de\\\/#website\"},\"datePublished\":\"2020-03-20T15:35:10+00:00\",\"description\":\"Porno333.com ist die wichtigste spanische Pornoseite aller Pornofilmseiten auf der Falle.Sie k\u00f6nnen Aletta Ocean dabei zusehen, wie sie einen Dreier serviert und ihre nasse Muschi gestampft bekommt, denn diese Website hat die hei\u00dfesten Pornos, die im Internet verf\u00fcgbar sind.\",\"breadcrumb\":{\"@id\":\"https:\\\/\\\/pornmate.com\\\/de\\\/porno333#breadcrumb\"},\"inLanguage\":\"de\",\"potentialAction\":[{\"@type\":\"ReadAction\",\"target\":[\"https:\\\/\\\/pornmate.com\\\/de\\\/porno333\"]}]},{\"@type\":\"BreadcrumbList\",\"@id\":\"https:\\\/\\\/pornmate.com\\\/de\\\/porno333#breadcrumb\",\"itemListElement\":[{\"@type\":\"ListItem\",\"position\":1,\"name\":\"Startseite\",\"item\":\"https:\\\/\\\/pornmate.com\\\/de\"},{\"@type\":\"ListItem\",\"position\":2,\"name\":\"Porno333.com\"}]},{\"@type\":\"WebSite\",\"@id\":\"https:\\\/\\\/pornmate.com\\\/de\\\/#website\",\"url\":\"https:\\\/\\\/pornmate.com\\\/de\\\/\",\"name\":\"Besten Pornoseiten - Kostenlose Deutsche Pornos | PornMate.com\",\"description\":\"Kostenlose Pornos, ist Ihr Combo-Verzeichnis der besten gratis Pornoseiten, die Sie finden k\u00f6nnen, und das fantastische Seitenbewertungen, Kostenlose Deutsche sex Biografien von Pornostars und ihre xxx Freie Porno videos unter einem Dach pr\u00e4sentiert.\",\"publisher\":{\"@id\":\"https:\\\/\\\/pornmate.com\\\/de\\\/#organization\"},\"potentialAction\":[{\"@type\":\"SearchAction\",\"target\":{\"@type\":\"EntryPoint\",\"urlTemplate\":\"https:\\\/\\\/pornmate.com\\\/de\\\/?s={search_term_string}\"},\"query-input\":{\"@type\":\"PropertyValueSpecification\",\"valueRequired\":true,\"valueName\":\"search_term_string\"}}],\"inLanguage\":\"de\"},{\"@type\":\"Organization\",\"@id\":\"https:\\\/\\\/pornmate.com\\\/de\\\/#organization\",\"name\":\"Besten Pornoseiten - Kostenlose Deutsche Pornos | PornMate.com\",\"url\":\"https:\\\/\\\/pornmate.com\\\/de\\\/\",\"logo\":{\"@type\":\"ImageObject\",\"inLanguage\":\"de\",\"@id\":\"https:\\\/\\\/pornmate.com\\\/de\\\/#\\\/schema\\\/logo\\\/image\\\/\",\"url\":\"https:\\\/\\\/pornmate.com\\\/de\\\/wp-content\\\/uploads\\\/2022\\\/11\\\/pornmate-1.png\",\"contentUrl\":\"https:\\\/\\\/pornmate.com\\\/de\\\/wp-content\\\/uploads\\\/2022\\\/11\\\/pornmate-1.png\",\"width\":203,\"height\":200,\"caption\":\"Besten Pornoseiten - Kostenlose Deutsche Pornos | PornMate.com\"},\"image\":{\"@id\":\"https:\\\/\\\/pornmate.com\\\/de\\\/#\\\/schema\\\/logo\\\/image\\\/\"}}]}<\/script>\n<!-- \/ Yoast SEO plugin. -->","yoast_head_json":{"title":"Porno333.com und Liste der besten Pornoseiten | PornMate","description":"Porno333.com ist die wichtigste spanische Pornoseite aller Pornofilmseiten auf der Falle.Sie k\u00f6nnen Aletta Ocean dabei zusehen, wie sie einen Dreier serviert und ihre nasse Muschi gestampft bekommt, denn diese Website hat die hei\u00dfesten Pornos, die im Internet verf\u00fcgbar sind.","robots":{"index":"index","follow":"follow","max-snippet":"max-snippet:-1","max-image-preview":"max-image-preview:large","max-video-preview":"max-video-preview:-1"},"canonical":"https:\/\/pornmate.com\/de\/porno333","og_locale":"de_DE","og_type":"article","og_title":"Porno333.com und Liste der besten Pornoseiten | PornMate","og_description":"Porno333.com ist die wichtigste spanische Pornoseite aller Pornofilmseiten auf der Falle.Sie k\u00f6nnen Aletta Ocean dabei zusehen, wie sie einen Dreier serviert und ihre nasse Muschi gestampft bekommt, denn diese Website hat die hei\u00dfesten Pornos, die im Internet verf\u00fcgbar sind.","og_url":"https:\/\/pornmate.com\/de\/porno333","og_site_name":"Besten Pornoseiten - Kostenlose Deutsche Pornos | PornMate.com","twitter_card":"summary_large_image","twitter_misc":{"Gesch\u00e4tzte Lesezeit":"1\u00a0Minute"},"schema":{"@context":"https:\/\/schema.org","@graph":[{"@type":"WebPage","@id":"https:\/\/pornmate.com\/de\/porno333","url":"https:\/\/pornmate.com\/de\/porno333","name":"Porno333.com und Liste der besten Pornoseiten | PornMate","isPartOf":{"@id":"https:\/\/pornmate.com\/de\/#website"},"datePublished":"2020-03-20T15:35:10+00:00","description":"Porno333.com ist die wichtigste spanische Pornoseite aller Pornofilmseiten auf der Falle.Sie k\u00f6nnen Aletta Ocean dabei zusehen, wie sie einen Dreier serviert und ihre nasse Muschi gestampft bekommt, denn diese Website hat die hei\u00dfesten Pornos, die im Internet verf\u00fcgbar sind.","breadcrumb":{"@id":"https:\/\/pornmate.com\/de\/porno333#breadcrumb"},"inLanguage":"de","potentialAction":[{"@type":"ReadAction","target":["https:\/\/pornmate.com\/de\/porno333"]}]},{"@type":"BreadcrumbList","@id":"https:\/\/pornmate.com\/de\/porno333#breadcrumb","itemListElement":[{"@type":"ListItem","position":1,"name":"Startseite","item":"https:\/\/pornmate.com\/de"},{"@type":"ListItem","position":2,"name":"Porno333.com"}]},{"@type":"WebSite","@id":"https:\/\/pornmate.com\/de\/#website","url":"https:\/\/pornmate.com\/de\/","name":"Besten Pornoseiten - Kostenlose Deutsche Pornos | PornMate.com","description":"Kostenlose Pornos, ist Ihr Combo-Verzeichnis der besten gratis Pornoseiten, die Sie finden k\u00f6nnen, und das fantastische Seitenbewertungen, Kostenlose Deutsche sex Biografien von Pornostars und ihre xxx Freie Porno videos unter einem Dach pr\u00e4sentiert.","publisher":{"@id":"https:\/\/pornmate.com\/de\/#organization"},"potentialAction":[{"@type":"SearchAction","target":{"@type":"EntryPoint","urlTemplate":"https:\/\/pornmate.com\/de\/?s={search_term_string}"},"query-input":{"@type":"PropertyValueSpecification","valueRequired":true,"valueName":"search_term_string"}}],"inLanguage":"de"},{"@type":"Organization","@id":"https:\/\/pornmate.com\/de\/#organization","name":"Besten Pornoseiten - Kostenlose Deutsche Pornos | PornMate.com","url":"https:\/\/pornmate.com\/de\/","logo":{"@type":"ImageObject","inLanguage":"de","@id":"https:\/\/pornmate.com\/de\/#\/schema\/logo\/image\/","url":"https:\/\/pornmate.com\/de\/wp-content\/uploads\/2022\/11\/pornmate-1.png","contentUrl":"https:\/\/pornmate.com\/de\/wp-content\/uploads\/2022\/11\/pornmate-1.png","width":203,"height":200,"caption":"Besten Pornoseiten - Kostenlose Deutsche Pornos | PornMate.com"},"image":{"@id":"https:\/\/pornmate.com\/de\/#\/schema\/logo\/image\/"}}]}},"_links":{"self":[{"href":"https:\/\/pornmate.com\/de\/wp-json\/wp\/v2\/pages\/7271","targetHints":{"allow":["GET"]}}],"collection":[{"href":"https:\/\/pornmate.com\/de\/wp-json\/wp\/v2\/pages"}],"about":[{"href":"https:\/\/pornmate.com\/de\/wp-json\/wp\/v2\/types\/page"}],"author":[{"embeddable":true,"href":"https:\/\/pornmate.com\/de\/wp-json\/wp\/v2\/users\/1"}],"replies":[{"embeddable":true,"href":"https:\/\/pornmate.com\/de\/wp-json\/wp\/v2\/comments?post=7271"}],"version-history":[{"count":0,"href":"https:\/\/pornmate.com\/de\/wp-json\/wp\/v2\/pages\/7271\/revisions"}],"wp:attachment":[{"href":"https:\/\/pornmate.com\/de\/wp-json\/wp\/v2\/media?parent=7271"}],"curies":[{"name":"wp","href":"https:\/\/api.w.org\/{rel}","templated":true}]}}