{"id":7273,"date":"2020-03-20T15:36:54","date_gmt":"2020-03-20T15:36:54","guid":{"rendered":"https:\/\/pornmate.com\/?page_id=7273"},"modified":"2022-11-25T14:35:20","modified_gmt":"2022-11-25T13:35:20","slug":"adultmovies","status":"publish","type":"page","link":"https:\/\/pornmate.com\/de\/adultmovies","title":{"rendered":"Adultmovies"},"content":{"rendered":"<p>Eine der besten Pornoseiten im Internet ist definitiv AdultMovies. Sie k\u00f6nnen sehen, wie Pornostars wie Leah Gotti und andere ihre ungezogenen F\u00e4higkeiten f\u00fcr nur 9,99 $ pro Monat genie\u00dfen. Auf dieser Seite d\u00fcrfen und d\u00fcrfen die Leute unbegrenzt die besten Pornofilme aller Zeiten streamen. W\u00e4hrend Sie Filme usw. auf AdultMovies ansehen, k\u00f6nnen Sie Filme problemlos ansehen, da keine Werbe-Popups angezeigt werden. Machen Sie sich keine Sorgen, denn Sie k\u00f6nnen Ihr Abonnement jederzeit k\u00fcndigen, wenn Sie mehr als 10.000 exklusive Filme in High Definition genie\u00dfen m\u00f6chten. Au\u00dferdem kann jeder diese Erfahrung als kostenlose Testversion eine Woche lang kostenlos nutzen. Dank der Filme, die in 137 verschiedene Kategorien unterteilt sind, kann jeder den gew\u00fcnschten Film leicht finden und ausw\u00e4hlen. Es gibt viele verschiedene Kategorien, von Filmen, die in den 70er und 80er Jahren gedreht wurden, bis hin zu den neuen seltsamen Sachen wie nassem, chaotischem Wrestling. Benutzer dieser Website k\u00f6nnen auch nach einem Film suchen, indem sie zuerst ihr Lieblingsstudio ausw\u00e4hlen, was Adult Movies zu einer sehr benutzerfreundlichen Website macht, die einfach zu navigieren ist.<\/p>\n","protected":false},"excerpt":{"rendered":"<p>Eine der besten Pornoseiten im Internet ist definitiv AdultMovies. Sie k\u00f6nnen sehen, wie Pornostars wie Leah Gotti und andere ihre ungezogenen F\u00e4higkeiten f\u00fcr nur 9,99 $ pro Monat genie\u00dfen. Auf dieser Seite d\u00fcrfen und d\u00fcrfen die Leute unbegrenzt die besten Pornofilme aller Zeiten streamen. W\u00e4hrend Sie Filme usw. auf AdultMovies ansehen, k\u00f6nnen Sie Filme problemlos [&hellip;]<\/p>\n","protected":false},"author":1,"featured_media":0,"parent":0,"menu_order":0,"comment_status":"closed","ping_status":"closed","template":"page-star-stil.php","meta":{"footnotes":""},"class_list":["post-7273","page","type-page","status-publish","hentry"],"yoast_head":"<!-- This site is optimized with the Yoast SEO plugin v27.2 - https:\/\/yoast.com\/product\/yoast-seo-wordpress\/ -->\n<title>Adultmovies und Liste der besten Pornoseiten | PornMate<\/title>\n<meta name=\"description\" content=\"Eine der besten Pornoseiten im Internet ist definitiv AdultMovies. Sie k\u00f6nnen sehen, wie Pornostars wie Leah Gotti und andere ihre ungezogenen F\u00e4higkeiten f\u00fcr nur 9,99 $ pro Monat genie\u00dfen. Auf dieser Seite d\u00fcrfen und d\u00fcrfen die Leute unbegrenzt die besten Pornofilme aller Zeiten streamen.\" \/>\n<meta name=\"robots\" content=\"index, follow, max-snippet:-1, max-image-preview:large, max-video-preview:-1\" \/>\n<link rel=\"canonical\" href=\"https:\/\/pornmate.com\/de\/adultmovies\" \/>\n<meta property=\"og:locale\" content=\"de_DE\" \/>\n<meta property=\"og:type\" content=\"article\" \/>\n<meta property=\"og:title\" content=\"Adultmovies und Liste der besten Pornoseiten | PornMate\" \/>\n<meta property=\"og:description\" content=\"Eine der besten Pornoseiten im Internet ist definitiv AdultMovies. Sie k\u00f6nnen sehen, wie Pornostars wie Leah Gotti und andere ihre ungezogenen F\u00e4higkeiten f\u00fcr nur 9,99 $ pro Monat genie\u00dfen. Auf dieser Seite d\u00fcrfen und d\u00fcrfen die Leute unbegrenzt die besten Pornofilme aller Zeiten streamen.\" \/>\n<meta property=\"og:url\" content=\"https:\/\/pornmate.com\/de\/adultmovies\" \/>\n<meta property=\"og:site_name\" content=\"Besten Pornoseiten - Kostenlose Deutsche Pornos | PornMate.com\" \/>\n<meta property=\"article:modified_time\" content=\"2022-11-25T13:35:20+00:00\" \/>\n<meta name=\"twitter:card\" content=\"summary_large_image\" \/>\n<meta name=\"twitter:label1\" content=\"Gesch\u00e4tzte Lesezeit\" \/>\n\t<meta name=\"twitter:data1\" content=\"1\u00a0Minute\" \/>\n<script type=\"application\/ld+json\" class=\"yoast-schema-graph\">{\"@context\":\"https:\/\/schema.org\",\"@graph\":[{\"@type\":\"WebPage\",\"@id\":\"https:\/\/pornmate.com\/de\/adultmovies\",\"url\":\"https:\/\/pornmate.com\/de\/adultmovies\",\"name\":\"Adultmovies und Liste der besten Pornoseiten | PornMate\",\"isPartOf\":{\"@id\":\"https:\/\/pornmate.com\/de\/#website\"},\"datePublished\":\"2020-03-20T15:36:54+00:00\",\"dateModified\":\"2022-11-25T13:35:20+00:00\",\"description\":\"Eine der besten Pornoseiten im Internet ist definitiv AdultMovies. Sie k\u00f6nnen sehen, wie Pornostars wie Leah Gotti und andere ihre ungezogenen F\u00e4higkeiten f\u00fcr nur 9,99 $ pro Monat genie\u00dfen. Auf dieser Seite d\u00fcrfen und d\u00fcrfen die Leute unbegrenzt die besten Pornofilme aller Zeiten streamen.\",\"breadcrumb\":{\"@id\":\"https:\/\/pornmate.com\/de\/adultmovies#breadcrumb\"},\"inLanguage\":\"de\",\"potentialAction\":[{\"@type\":\"ReadAction\",\"target\":[\"https:\/\/pornmate.com\/de\/adultmovies\"]}]},{\"@type\":\"BreadcrumbList\",\"@id\":\"https:\/\/pornmate.com\/de\/adultmovies#breadcrumb\",\"itemListElement\":[{\"@type\":\"ListItem\",\"position\":1,\"name\":\"Startseite\",\"item\":\"https:\/\/pornmate.com\/de\"},{\"@type\":\"ListItem\",\"position\":2,\"name\":\"Adultmovies\"}]},{\"@type\":\"WebSite\",\"@id\":\"https:\/\/pornmate.com\/de\/#website\",\"url\":\"https:\/\/pornmate.com\/de\/\",\"name\":\"Besten Pornoseiten - Kostenlose Deutsche Pornos | PornMate.com\",\"description\":\"Kostenlose Pornos, ist Ihr Combo-Verzeichnis der besten gratis Pornoseiten, die Sie finden k\u00f6nnen, und das fantastische Seitenbewertungen, Kostenlose Deutsche sex Biografien von Pornostars und ihre xxx Freie Porno videos unter einem Dach pr\u00e4sentiert.\",\"publisher\":{\"@id\":\"https:\/\/pornmate.com\/de\/#organization\"},\"potentialAction\":[{\"@type\":\"SearchAction\",\"target\":{\"@type\":\"EntryPoint\",\"urlTemplate\":\"https:\/\/pornmate.com\/de\/?s={search_term_string}\"},\"query-input\":{\"@type\":\"PropertyValueSpecification\",\"valueRequired\":true,\"valueName\":\"search_term_string\"}}],\"inLanguage\":\"de\"},{\"@type\":\"Organization\",\"@id\":\"https:\/\/pornmate.com\/de\/#organization\",\"name\":\"Besten Pornoseiten - Kostenlose Deutsche Pornos | PornMate.com\",\"url\":\"https:\/\/pornmate.com\/de\/\",\"logo\":{\"@type\":\"ImageObject\",\"inLanguage\":\"de\",\"@id\":\"https:\/\/pornmate.com\/de\/#\/schema\/logo\/image\/\",\"url\":\"https:\/\/pornmate.com\/de\/wp-content\/uploads\/2022\/11\/pornmate-1.png\",\"contentUrl\":\"https:\/\/pornmate.com\/de\/wp-content\/uploads\/2022\/11\/pornmate-1.png\",\"width\":203,\"height\":200,\"caption\":\"Besten Pornoseiten - Kostenlose Deutsche Pornos | PornMate.com\"},\"image\":{\"@id\":\"https:\/\/pornmate.com\/de\/#\/schema\/logo\/image\/\"}}]}<\/script>\n<!-- \/ Yoast SEO plugin. -->","yoast_head_json":{"title":"Adultmovies und Liste der besten Pornoseiten | PornMate","description":"Eine der besten Pornoseiten im Internet ist definitiv AdultMovies. Sie k\u00f6nnen sehen, wie Pornostars wie Leah Gotti und andere ihre ungezogenen F\u00e4higkeiten f\u00fcr nur 9,99 $ pro Monat genie\u00dfen. Auf dieser Seite d\u00fcrfen und d\u00fcrfen die Leute unbegrenzt die besten Pornofilme aller Zeiten streamen.","robots":{"index":"index","follow":"follow","max-snippet":"max-snippet:-1","max-image-preview":"max-image-preview:large","max-video-preview":"max-video-preview:-1"},"canonical":"https:\/\/pornmate.com\/de\/adultmovies","og_locale":"de_DE","og_type":"article","og_title":"Adultmovies und Liste der besten Pornoseiten | PornMate","og_description":"Eine der besten Pornoseiten im Internet ist definitiv AdultMovies. Sie k\u00f6nnen sehen, wie Pornostars wie Leah Gotti und andere ihre ungezogenen F\u00e4higkeiten f\u00fcr nur 9,99 $ pro Monat genie\u00dfen. Auf dieser Seite d\u00fcrfen und d\u00fcrfen die Leute unbegrenzt die besten Pornofilme aller Zeiten streamen.","og_url":"https:\/\/pornmate.com\/de\/adultmovies","og_site_name":"Besten Pornoseiten - Kostenlose Deutsche Pornos | PornMate.com","article_modified_time":"2022-11-25T13:35:20+00:00","twitter_card":"summary_large_image","twitter_misc":{"Gesch\u00e4tzte Lesezeit":"1\u00a0Minute"},"schema":{"@context":"https:\/\/schema.org","@graph":[{"@type":"WebPage","@id":"https:\/\/pornmate.com\/de\/adultmovies","url":"https:\/\/pornmate.com\/de\/adultmovies","name":"Adultmovies und Liste der besten Pornoseiten | PornMate","isPartOf":{"@id":"https:\/\/pornmate.com\/de\/#website"},"datePublished":"2020-03-20T15:36:54+00:00","dateModified":"2022-11-25T13:35:20+00:00","description":"Eine der besten Pornoseiten im Internet ist definitiv AdultMovies. Sie k\u00f6nnen sehen, wie Pornostars wie Leah Gotti und andere ihre ungezogenen F\u00e4higkeiten f\u00fcr nur 9,99 $ pro Monat genie\u00dfen. Auf dieser Seite d\u00fcrfen und d\u00fcrfen die Leute unbegrenzt die besten Pornofilme aller Zeiten streamen.","breadcrumb":{"@id":"https:\/\/pornmate.com\/de\/adultmovies#breadcrumb"},"inLanguage":"de","potentialAction":[{"@type":"ReadAction","target":["https:\/\/pornmate.com\/de\/adultmovies"]}]},{"@type":"BreadcrumbList","@id":"https:\/\/pornmate.com\/de\/adultmovies#breadcrumb","itemListElement":[{"@type":"ListItem","position":1,"name":"Startseite","item":"https:\/\/pornmate.com\/de"},{"@type":"ListItem","position":2,"name":"Adultmovies"}]},{"@type":"WebSite","@id":"https:\/\/pornmate.com\/de\/#website","url":"https:\/\/pornmate.com\/de\/","name":"Besten Pornoseiten - Kostenlose Deutsche Pornos | PornMate.com","description":"Kostenlose Pornos, ist Ihr Combo-Verzeichnis der besten gratis Pornoseiten, die Sie finden k\u00f6nnen, und das fantastische Seitenbewertungen, Kostenlose Deutsche sex Biografien von Pornostars und ihre xxx Freie Porno videos unter einem Dach pr\u00e4sentiert.","publisher":{"@id":"https:\/\/pornmate.com\/de\/#organization"},"potentialAction":[{"@type":"SearchAction","target":{"@type":"EntryPoint","urlTemplate":"https:\/\/pornmate.com\/de\/?s={search_term_string}"},"query-input":{"@type":"PropertyValueSpecification","valueRequired":true,"valueName":"search_term_string"}}],"inLanguage":"de"},{"@type":"Organization","@id":"https:\/\/pornmate.com\/de\/#organization","name":"Besten Pornoseiten - Kostenlose Deutsche Pornos | PornMate.com","url":"https:\/\/pornmate.com\/de\/","logo":{"@type":"ImageObject","inLanguage":"de","@id":"https:\/\/pornmate.com\/de\/#\/schema\/logo\/image\/","url":"https:\/\/pornmate.com\/de\/wp-content\/uploads\/2022\/11\/pornmate-1.png","contentUrl":"https:\/\/pornmate.com\/de\/wp-content\/uploads\/2022\/11\/pornmate-1.png","width":203,"height":200,"caption":"Besten Pornoseiten - Kostenlose Deutsche Pornos | PornMate.com"},"image":{"@id":"https:\/\/pornmate.com\/de\/#\/schema\/logo\/image\/"}}]}},"_links":{"self":[{"href":"https:\/\/pornmate.com\/de\/wp-json\/wp\/v2\/pages\/7273","targetHints":{"allow":["GET"]}}],"collection":[{"href":"https:\/\/pornmate.com\/de\/wp-json\/wp\/v2\/pages"}],"about":[{"href":"https:\/\/pornmate.com\/de\/wp-json\/wp\/v2\/types\/page"}],"author":[{"embeddable":true,"href":"https:\/\/pornmate.com\/de\/wp-json\/wp\/v2\/users\/1"}],"replies":[{"embeddable":true,"href":"https:\/\/pornmate.com\/de\/wp-json\/wp\/v2\/comments?post=7273"}],"version-history":[{"count":0,"href":"https:\/\/pornmate.com\/de\/wp-json\/wp\/v2\/pages\/7273\/revisions"}],"wp:attachment":[{"href":"https:\/\/pornmate.com\/de\/wp-json\/wp\/v2\/media?parent=7273"}],"curies":[{"name":"wp","href":"https:\/\/api.w.org\/{rel}","templated":true}]}}