{"id":7277,"date":"2020-03-20T15:41:10","date_gmt":"2020-03-20T15:41:10","guid":{"rendered":"https:\/\/pornmate.com\/?page_id=7277"},"modified":"2020-03-20T15:41:10","modified_gmt":"2020-03-20T15:41:10","slug":"gigaporn","status":"publish","type":"page","link":"https:\/\/pornmate.com\/de\/gigaporn","title":{"rendered":"Gigaporn"},"content":{"rendered":"<p>Gigaporn ist eine Videoseite f\u00fcr Erwachsene, die kostenlose Pornos mit verschiedenen Geschmacksrichtungen ver\u00f6ffentlicht. Es zielt darauf ab, Premium-Videos wie andere kostenlose Porno-Tube-Sites kostenlos zu streamen, sodass Sie Videos genie\u00dfen k\u00f6nnen, die von einigen Branchengiganten erstellt wurden. Gigaporn.xxx bietet unter anderem viele MOFOS- und RealityKings-Videos sowie Videos ber\u00fchmter Pornostars wie Alexis Fawx, Dillion Harper, Adriana Chechik, Jessa Rhodes und mehr. Eine andere Sache, die diese Seite hat, ist eine gro\u00dfe Anzahl von Nischenkategorien. F\u00fcr diejenigen, die Domina, Fu\u00dffetisch, Herrinnen, Sklavenspiele, Peitschen und solche Inhalte m\u00f6gen, ist diese Seite unverzichtbar, weil sie sich freuen werden zu wissen, dass sie sie alle in diesen Galerien finden k\u00f6nnen. Die Seite selbst sieht modern und einfach zu bedienen aus. Die Startseite ist voll von Miniaturansichten, sodass Sie direkt handeln k\u00f6nnen. Au\u00dferdem k\u00f6nnen Sie die am besten bewerteten oder meistgesehenen Videos durchsuchen, ihre Kategorien und Tags durchsuchen, um etwas zu finden, das Ihnen gef\u00e4llt. Und wenn Sie nach bestimmten Inhalten suchen, f\u00fchrt Sie die Suchleiste direkt dorthin.<\/p>\n","protected":false},"excerpt":{"rendered":"<p>Gigaporn ist eine Videoseite f\u00fcr Erwachsene, die kostenlose Pornos mit verschiedenen Geschmacksrichtungen ver\u00f6ffentlicht. Es zielt darauf ab, Premium-Videos wie andere kostenlose Porno-Tube-Sites kostenlos zu streamen, sodass Sie Videos genie\u00dfen k\u00f6nnen, die von einigen Branchengiganten erstellt wurden. Gigaporn.xxx bietet unter anderem viele MOFOS- und RealityKings-Videos sowie Videos ber\u00fchmter Pornostars wie Alexis Fawx, Dillion Harper, Adriana Chechik, [&hellip;]<\/p>\n","protected":false},"author":1,"featured_media":0,"parent":0,"menu_order":0,"comment_status":"closed","ping_status":"closed","template":"page-star-stil.php","meta":{"footnotes":""},"class_list":["post-7277","page","type-page","status-publish","hentry"],"yoast_head":"<!-- This site is optimized with the Yoast SEO plugin v27.2 - https:\/\/yoast.com\/product\/yoast-seo-wordpress\/ -->\n<title>Gigaporn und Liste der besten Pornoseiten | PornMate<\/title>\n<meta name=\"description\" content=\"Gigaporn ist eine Videoseite f\u00fcr Erwachsene, die kostenlose Pornos mit verschiedenen Geschmacksrichtungen ver\u00f6ffentlicht. Es zielt darauf ab, Premium-Videos wie andere kostenlose Porno-Tube-Sites kostenlos zu streamen, sodass Sie Videos genie\u00dfen k\u00f6nnen, die von einigen Branchengiganten erstellt wurden.\" \/>\n<meta name=\"robots\" content=\"index, follow, max-snippet:-1, max-image-preview:large, max-video-preview:-1\" \/>\n<link rel=\"canonical\" href=\"https:\/\/pornmate.com\/de\/gigaporn\" \/>\n<meta property=\"og:locale\" content=\"de_DE\" \/>\n<meta property=\"og:type\" content=\"article\" \/>\n<meta property=\"og:title\" content=\"Gigaporn und Liste der besten Pornoseiten | PornMate\" \/>\n<meta property=\"og:description\" content=\"Gigaporn ist eine Videoseite f\u00fcr Erwachsene, die kostenlose Pornos mit verschiedenen Geschmacksrichtungen ver\u00f6ffentlicht. Es zielt darauf ab, Premium-Videos wie andere kostenlose Porno-Tube-Sites kostenlos zu streamen, sodass Sie Videos genie\u00dfen k\u00f6nnen, die von einigen Branchengiganten erstellt wurden.\" \/>\n<meta property=\"og:url\" content=\"https:\/\/pornmate.com\/de\/gigaporn\" \/>\n<meta property=\"og:site_name\" content=\"Besten Pornoseiten - Kostenlose Deutsche Pornos | PornMate.com\" \/>\n<meta name=\"twitter:card\" content=\"summary_large_image\" \/>\n<meta name=\"twitter:label1\" content=\"Gesch\u00e4tzte Lesezeit\" \/>\n\t<meta name=\"twitter:data1\" content=\"1\u00a0Minute\" \/>\n<script type=\"application\/ld+json\" class=\"yoast-schema-graph\">{\"@context\":\"https:\/\/schema.org\",\"@graph\":[{\"@type\":\"WebPage\",\"@id\":\"https:\/\/pornmate.com\/de\/gigaporn\",\"url\":\"https:\/\/pornmate.com\/de\/gigaporn\",\"name\":\"Gigaporn und Liste der besten Pornoseiten | PornMate\",\"isPartOf\":{\"@id\":\"https:\/\/pornmate.com\/de\/#website\"},\"datePublished\":\"2020-03-20T15:41:10+00:00\",\"description\":\"Gigaporn ist eine Videoseite f\u00fcr Erwachsene, die kostenlose Pornos mit verschiedenen Geschmacksrichtungen ver\u00f6ffentlicht. Es zielt darauf ab, Premium-Videos wie andere kostenlose Porno-Tube-Sites kostenlos zu streamen, sodass Sie Videos genie\u00dfen k\u00f6nnen, die von einigen Branchengiganten erstellt wurden.\",\"breadcrumb\":{\"@id\":\"https:\/\/pornmate.com\/de\/gigaporn#breadcrumb\"},\"inLanguage\":\"de\",\"potentialAction\":[{\"@type\":\"ReadAction\",\"target\":[\"https:\/\/pornmate.com\/de\/gigaporn\"]}]},{\"@type\":\"BreadcrumbList\",\"@id\":\"https:\/\/pornmate.com\/de\/gigaporn#breadcrumb\",\"itemListElement\":[{\"@type\":\"ListItem\",\"position\":1,\"name\":\"Startseite\",\"item\":\"https:\/\/pornmate.com\/de\"},{\"@type\":\"ListItem\",\"position\":2,\"name\":\"Gigaporn\"}]},{\"@type\":\"WebSite\",\"@id\":\"https:\/\/pornmate.com\/de\/#website\",\"url\":\"https:\/\/pornmate.com\/de\/\",\"name\":\"Besten Pornoseiten - Kostenlose Deutsche Pornos | PornMate.com\",\"description\":\"Kostenlose Pornos, ist Ihr Combo-Verzeichnis der besten gratis Pornoseiten, die Sie finden k\u00f6nnen, und das fantastische Seitenbewertungen, Kostenlose Deutsche sex Biografien von Pornostars und ihre xxx Freie Porno videos unter einem Dach pr\u00e4sentiert.\",\"publisher\":{\"@id\":\"https:\/\/pornmate.com\/de\/#organization\"},\"potentialAction\":[{\"@type\":\"SearchAction\",\"target\":{\"@type\":\"EntryPoint\",\"urlTemplate\":\"https:\/\/pornmate.com\/de\/?s={search_term_string}\"},\"query-input\":{\"@type\":\"PropertyValueSpecification\",\"valueRequired\":true,\"valueName\":\"search_term_string\"}}],\"inLanguage\":\"de\"},{\"@type\":\"Organization\",\"@id\":\"https:\/\/pornmate.com\/de\/#organization\",\"name\":\"Besten Pornoseiten - Kostenlose Deutsche Pornos | PornMate.com\",\"url\":\"https:\/\/pornmate.com\/de\/\",\"logo\":{\"@type\":\"ImageObject\",\"inLanguage\":\"de\",\"@id\":\"https:\/\/pornmate.com\/de\/#\/schema\/logo\/image\/\",\"url\":\"https:\/\/pornmate.com\/de\/wp-content\/uploads\/2022\/11\/pornmate-1.png\",\"contentUrl\":\"https:\/\/pornmate.com\/de\/wp-content\/uploads\/2022\/11\/pornmate-1.png\",\"width\":203,\"height\":200,\"caption\":\"Besten Pornoseiten - Kostenlose Deutsche Pornos | PornMate.com\"},\"image\":{\"@id\":\"https:\/\/pornmate.com\/de\/#\/schema\/logo\/image\/\"}}]}<\/script>\n<!-- \/ Yoast SEO plugin. -->","yoast_head_json":{"title":"Gigaporn und Liste der besten Pornoseiten | PornMate","description":"Gigaporn ist eine Videoseite f\u00fcr Erwachsene, die kostenlose Pornos mit verschiedenen Geschmacksrichtungen ver\u00f6ffentlicht. Es zielt darauf ab, Premium-Videos wie andere kostenlose Porno-Tube-Sites kostenlos zu streamen, sodass Sie Videos genie\u00dfen k\u00f6nnen, die von einigen Branchengiganten erstellt wurden.","robots":{"index":"index","follow":"follow","max-snippet":"max-snippet:-1","max-image-preview":"max-image-preview:large","max-video-preview":"max-video-preview:-1"},"canonical":"https:\/\/pornmate.com\/de\/gigaporn","og_locale":"de_DE","og_type":"article","og_title":"Gigaporn und Liste der besten Pornoseiten | PornMate","og_description":"Gigaporn ist eine Videoseite f\u00fcr Erwachsene, die kostenlose Pornos mit verschiedenen Geschmacksrichtungen ver\u00f6ffentlicht. Es zielt darauf ab, Premium-Videos wie andere kostenlose Porno-Tube-Sites kostenlos zu streamen, sodass Sie Videos genie\u00dfen k\u00f6nnen, die von einigen Branchengiganten erstellt wurden.","og_url":"https:\/\/pornmate.com\/de\/gigaporn","og_site_name":"Besten Pornoseiten - Kostenlose Deutsche Pornos | PornMate.com","twitter_card":"summary_large_image","twitter_misc":{"Gesch\u00e4tzte Lesezeit":"1\u00a0Minute"},"schema":{"@context":"https:\/\/schema.org","@graph":[{"@type":"WebPage","@id":"https:\/\/pornmate.com\/de\/gigaporn","url":"https:\/\/pornmate.com\/de\/gigaporn","name":"Gigaporn und Liste der besten Pornoseiten | PornMate","isPartOf":{"@id":"https:\/\/pornmate.com\/de\/#website"},"datePublished":"2020-03-20T15:41:10+00:00","description":"Gigaporn ist eine Videoseite f\u00fcr Erwachsene, die kostenlose Pornos mit verschiedenen Geschmacksrichtungen ver\u00f6ffentlicht. Es zielt darauf ab, Premium-Videos wie andere kostenlose Porno-Tube-Sites kostenlos zu streamen, sodass Sie Videos genie\u00dfen k\u00f6nnen, die von einigen Branchengiganten erstellt wurden.","breadcrumb":{"@id":"https:\/\/pornmate.com\/de\/gigaporn#breadcrumb"},"inLanguage":"de","potentialAction":[{"@type":"ReadAction","target":["https:\/\/pornmate.com\/de\/gigaporn"]}]},{"@type":"BreadcrumbList","@id":"https:\/\/pornmate.com\/de\/gigaporn#breadcrumb","itemListElement":[{"@type":"ListItem","position":1,"name":"Startseite","item":"https:\/\/pornmate.com\/de"},{"@type":"ListItem","position":2,"name":"Gigaporn"}]},{"@type":"WebSite","@id":"https:\/\/pornmate.com\/de\/#website","url":"https:\/\/pornmate.com\/de\/","name":"Besten Pornoseiten - Kostenlose Deutsche Pornos | PornMate.com","description":"Kostenlose Pornos, ist Ihr Combo-Verzeichnis der besten gratis Pornoseiten, die Sie finden k\u00f6nnen, und das fantastische Seitenbewertungen, Kostenlose Deutsche sex Biografien von Pornostars und ihre xxx Freie Porno videos unter einem Dach pr\u00e4sentiert.","publisher":{"@id":"https:\/\/pornmate.com\/de\/#organization"},"potentialAction":[{"@type":"SearchAction","target":{"@type":"EntryPoint","urlTemplate":"https:\/\/pornmate.com\/de\/?s={search_term_string}"},"query-input":{"@type":"PropertyValueSpecification","valueRequired":true,"valueName":"search_term_string"}}],"inLanguage":"de"},{"@type":"Organization","@id":"https:\/\/pornmate.com\/de\/#organization","name":"Besten Pornoseiten - Kostenlose Deutsche Pornos | PornMate.com","url":"https:\/\/pornmate.com\/de\/","logo":{"@type":"ImageObject","inLanguage":"de","@id":"https:\/\/pornmate.com\/de\/#\/schema\/logo\/image\/","url":"https:\/\/pornmate.com\/de\/wp-content\/uploads\/2022\/11\/pornmate-1.png","contentUrl":"https:\/\/pornmate.com\/de\/wp-content\/uploads\/2022\/11\/pornmate-1.png","width":203,"height":200,"caption":"Besten Pornoseiten - Kostenlose Deutsche Pornos | PornMate.com"},"image":{"@id":"https:\/\/pornmate.com\/de\/#\/schema\/logo\/image\/"}}]}},"_links":{"self":[{"href":"https:\/\/pornmate.com\/de\/wp-json\/wp\/v2\/pages\/7277","targetHints":{"allow":["GET"]}}],"collection":[{"href":"https:\/\/pornmate.com\/de\/wp-json\/wp\/v2\/pages"}],"about":[{"href":"https:\/\/pornmate.com\/de\/wp-json\/wp\/v2\/types\/page"}],"author":[{"embeddable":true,"href":"https:\/\/pornmate.com\/de\/wp-json\/wp\/v2\/users\/1"}],"replies":[{"embeddable":true,"href":"https:\/\/pornmate.com\/de\/wp-json\/wp\/v2\/comments?post=7277"}],"version-history":[{"count":0,"href":"https:\/\/pornmate.com\/de\/wp-json\/wp\/v2\/pages\/7277\/revisions"}],"wp:attachment":[{"href":"https:\/\/pornmate.com\/de\/wp-json\/wp\/v2\/media?parent=7277"}],"curies":[{"name":"wp","href":"https:\/\/api.w.org\/{rel}","templated":true}]}}