{"id":7283,"date":"2020-03-20T15:47:09","date_gmt":"2020-03-20T15:47:09","guid":{"rendered":"https:\/\/pornmate.com\/?page_id=7283"},"modified":"2022-11-25T16:42:28","modified_gmt":"2022-11-25T15:42:28","slug":"hentaistream","status":"publish","type":"page","link":"https:\/\/pornmate.com\/de\/hentaistream","title":{"rendered":"Hentaistream"},"content":{"rendered":"<p>Hentaistream, Sie k\u00f6nnen die Videos in ihrem Inhalt verstehen, indem Sie einfach auf den Namen schauen, aber Sie m\u00fcssen hineingehen und nach mehr Gr\u00fcnden suchen, als wir z\u00e4hlen k\u00f6nnen. Der gr\u00f6\u00dfte Teil ihres Inhalts sind Hentai-Videos. Derzeit sind mehr als dreitausend Hentai-Videos und \u00fcber tausend Hentai-Dramen verf\u00fcgbar. Und das Tolle daran ist, dass die Inhalte auf HentaiStream v\u00f6llig kostenlos sind. Manchmal sehen Sie hier sehr kurze Anzeigen. Bei einem 20 30-min\u00fctigen Video sind 5 Sekunden Werbung jedoch kein Problem. Wenn es um Hentai-Pornovideos geht, haben sie alles. Es gibt viele Action-Comedy- und Abenteuerserien, aber es gibt auch Anal-, BDSM-, Futanari- und viele weitere Hardcore-Kategorien, die Sie genie\u00dfen k\u00f6nnen. Wenn Sie mit der Arbeit japanischer Pornostars wie Hitomi Tanaka oder Asa Akira vertraut sind, wissen Sie, wie schelmisch diese Girls sein k\u00f6nnen, besonders wenn sie in Hentai sind. Einige Videos sind zensiert, aber sie sind genauso gut wie unzensierte. Es hat sogar einen speziellen Bereich, in dem Sie ein Video lesen k\u00f6nnen, bevor Sie es ansehen. Zun\u00e4chst einmal kann die Seite Sie auch zu einigen Orten mit Sexspielen f\u00fchren.<\/p>\n","protected":false},"excerpt":{"rendered":"<p>Hentaistream, Sie k\u00f6nnen die Videos in ihrem Inhalt verstehen, indem Sie einfach auf den Namen schauen, aber Sie m\u00fcssen hineingehen und nach mehr Gr\u00fcnden suchen, als wir z\u00e4hlen k\u00f6nnen. Der gr\u00f6\u00dfte Teil ihres Inhalts sind Hentai-Videos. Derzeit sind mehr als dreitausend Hentai-Videos und \u00fcber tausend Hentai-Dramen verf\u00fcgbar. Und das Tolle daran ist, dass die Inhalte [&hellip;]<\/p>\n","protected":false},"author":1,"featured_media":0,"parent":0,"menu_order":0,"comment_status":"closed","ping_status":"closed","template":"page-star-stil.php","meta":{"footnotes":""},"class_list":["post-7283","page","type-page","status-publish","hentry"],"yoast_head":"<!-- This site is optimized with the Yoast SEO plugin v27.2 - https:\/\/yoast.com\/product\/yoast-seo-wordpress\/ -->\n<title>Hentaistream und Liste der besten Pornoseiten | PornMate<\/title>\n<meta name=\"description\" content=\"Hentaistream, Sie k\u00f6nnen die Videos in ihrem Inhalt verstehen, indem Sie einfach auf den Namen schauen, aber Sie m\u00fcssen hineingehen und nach mehr Gr\u00fcnden suchen, als wir z\u00e4hlen k\u00f6nnen.\" \/>\n<meta name=\"robots\" content=\"index, follow, max-snippet:-1, max-image-preview:large, max-video-preview:-1\" \/>\n<link rel=\"canonical\" href=\"https:\/\/pornmate.com\/de\/hentaistream\" \/>\n<meta property=\"og:locale\" content=\"de_DE\" \/>\n<meta property=\"og:type\" content=\"article\" \/>\n<meta property=\"og:title\" content=\"Hentaistream und Liste der besten Pornoseiten | PornMate\" \/>\n<meta property=\"og:description\" content=\"Hentaistream, Sie k\u00f6nnen die Videos in ihrem Inhalt verstehen, indem Sie einfach auf den Namen schauen, aber Sie m\u00fcssen hineingehen und nach mehr Gr\u00fcnden suchen, als wir z\u00e4hlen k\u00f6nnen.\" \/>\n<meta property=\"og:url\" content=\"https:\/\/pornmate.com\/de\/hentaistream\" \/>\n<meta property=\"og:site_name\" content=\"Besten Pornoseiten - Kostenlose Deutsche Pornos | PornMate.com\" \/>\n<meta property=\"article:modified_time\" content=\"2022-11-25T15:42:28+00:00\" \/>\n<meta name=\"twitter:card\" content=\"summary_large_image\" \/>\n<meta name=\"twitter:label1\" content=\"Gesch\u00e4tzte Lesezeit\" \/>\n\t<meta name=\"twitter:data1\" content=\"1\u00a0Minute\" \/>\n<script type=\"application\/ld+json\" class=\"yoast-schema-graph\">{\"@context\":\"https:\/\/schema.org\",\"@graph\":[{\"@type\":\"WebPage\",\"@id\":\"https:\/\/pornmate.com\/de\/hentaistream\",\"url\":\"https:\/\/pornmate.com\/de\/hentaistream\",\"name\":\"Hentaistream und Liste der besten Pornoseiten | PornMate\",\"isPartOf\":{\"@id\":\"https:\/\/pornmate.com\/de\/#website\"},\"datePublished\":\"2020-03-20T15:47:09+00:00\",\"dateModified\":\"2022-11-25T15:42:28+00:00\",\"description\":\"Hentaistream, Sie k\u00f6nnen die Videos in ihrem Inhalt verstehen, indem Sie einfach auf den Namen schauen, aber Sie m\u00fcssen hineingehen und nach mehr Gr\u00fcnden suchen, als wir z\u00e4hlen k\u00f6nnen.\",\"breadcrumb\":{\"@id\":\"https:\/\/pornmate.com\/de\/hentaistream#breadcrumb\"},\"inLanguage\":\"de\",\"potentialAction\":[{\"@type\":\"ReadAction\",\"target\":[\"https:\/\/pornmate.com\/de\/hentaistream\"]}]},{\"@type\":\"BreadcrumbList\",\"@id\":\"https:\/\/pornmate.com\/de\/hentaistream#breadcrumb\",\"itemListElement\":[{\"@type\":\"ListItem\",\"position\":1,\"name\":\"Startseite\",\"item\":\"https:\/\/pornmate.com\/de\"},{\"@type\":\"ListItem\",\"position\":2,\"name\":\"Hentaistream\"}]},{\"@type\":\"WebSite\",\"@id\":\"https:\/\/pornmate.com\/de\/#website\",\"url\":\"https:\/\/pornmate.com\/de\/\",\"name\":\"Besten Pornoseiten - Kostenlose Deutsche Pornos | PornMate.com\",\"description\":\"Kostenlose Pornos, ist Ihr Combo-Verzeichnis der besten gratis Pornoseiten, die Sie finden k\u00f6nnen, und das fantastische Seitenbewertungen, Kostenlose Deutsche sex Biografien von Pornostars und ihre xxx Freie Porno videos unter einem Dach pr\u00e4sentiert.\",\"publisher\":{\"@id\":\"https:\/\/pornmate.com\/de\/#organization\"},\"potentialAction\":[{\"@type\":\"SearchAction\",\"target\":{\"@type\":\"EntryPoint\",\"urlTemplate\":\"https:\/\/pornmate.com\/de\/?s={search_term_string}\"},\"query-input\":{\"@type\":\"PropertyValueSpecification\",\"valueRequired\":true,\"valueName\":\"search_term_string\"}}],\"inLanguage\":\"de\"},{\"@type\":\"Organization\",\"@id\":\"https:\/\/pornmate.com\/de\/#organization\",\"name\":\"Besten Pornoseiten - Kostenlose Deutsche Pornos | PornMate.com\",\"url\":\"https:\/\/pornmate.com\/de\/\",\"logo\":{\"@type\":\"ImageObject\",\"inLanguage\":\"de\",\"@id\":\"https:\/\/pornmate.com\/de\/#\/schema\/logo\/image\/\",\"url\":\"https:\/\/pornmate.com\/de\/wp-content\/uploads\/2022\/11\/pornmate-1.png\",\"contentUrl\":\"https:\/\/pornmate.com\/de\/wp-content\/uploads\/2022\/11\/pornmate-1.png\",\"width\":203,\"height\":200,\"caption\":\"Besten Pornoseiten - Kostenlose Deutsche Pornos | PornMate.com\"},\"image\":{\"@id\":\"https:\/\/pornmate.com\/de\/#\/schema\/logo\/image\/\"}}]}<\/script>\n<!-- \/ Yoast SEO plugin. -->","yoast_head_json":{"title":"Hentaistream und Liste der besten Pornoseiten | PornMate","description":"Hentaistream, Sie k\u00f6nnen die Videos in ihrem Inhalt verstehen, indem Sie einfach auf den Namen schauen, aber Sie m\u00fcssen hineingehen und nach mehr Gr\u00fcnden suchen, als wir z\u00e4hlen k\u00f6nnen.","robots":{"index":"index","follow":"follow","max-snippet":"max-snippet:-1","max-image-preview":"max-image-preview:large","max-video-preview":"max-video-preview:-1"},"canonical":"https:\/\/pornmate.com\/de\/hentaistream","og_locale":"de_DE","og_type":"article","og_title":"Hentaistream und Liste der besten Pornoseiten | PornMate","og_description":"Hentaistream, Sie k\u00f6nnen die Videos in ihrem Inhalt verstehen, indem Sie einfach auf den Namen schauen, aber Sie m\u00fcssen hineingehen und nach mehr Gr\u00fcnden suchen, als wir z\u00e4hlen k\u00f6nnen.","og_url":"https:\/\/pornmate.com\/de\/hentaistream","og_site_name":"Besten Pornoseiten - Kostenlose Deutsche Pornos | PornMate.com","article_modified_time":"2022-11-25T15:42:28+00:00","twitter_card":"summary_large_image","twitter_misc":{"Gesch\u00e4tzte Lesezeit":"1\u00a0Minute"},"schema":{"@context":"https:\/\/schema.org","@graph":[{"@type":"WebPage","@id":"https:\/\/pornmate.com\/de\/hentaistream","url":"https:\/\/pornmate.com\/de\/hentaistream","name":"Hentaistream und Liste der besten Pornoseiten | PornMate","isPartOf":{"@id":"https:\/\/pornmate.com\/de\/#website"},"datePublished":"2020-03-20T15:47:09+00:00","dateModified":"2022-11-25T15:42:28+00:00","description":"Hentaistream, Sie k\u00f6nnen die Videos in ihrem Inhalt verstehen, indem Sie einfach auf den Namen schauen, aber Sie m\u00fcssen hineingehen und nach mehr Gr\u00fcnden suchen, als wir z\u00e4hlen k\u00f6nnen.","breadcrumb":{"@id":"https:\/\/pornmate.com\/de\/hentaistream#breadcrumb"},"inLanguage":"de","potentialAction":[{"@type":"ReadAction","target":["https:\/\/pornmate.com\/de\/hentaistream"]}]},{"@type":"BreadcrumbList","@id":"https:\/\/pornmate.com\/de\/hentaistream#breadcrumb","itemListElement":[{"@type":"ListItem","position":1,"name":"Startseite","item":"https:\/\/pornmate.com\/de"},{"@type":"ListItem","position":2,"name":"Hentaistream"}]},{"@type":"WebSite","@id":"https:\/\/pornmate.com\/de\/#website","url":"https:\/\/pornmate.com\/de\/","name":"Besten Pornoseiten - Kostenlose Deutsche Pornos | PornMate.com","description":"Kostenlose Pornos, ist Ihr Combo-Verzeichnis der besten gratis Pornoseiten, die Sie finden k\u00f6nnen, und das fantastische Seitenbewertungen, Kostenlose Deutsche sex Biografien von Pornostars und ihre xxx Freie Porno videos unter einem Dach pr\u00e4sentiert.","publisher":{"@id":"https:\/\/pornmate.com\/de\/#organization"},"potentialAction":[{"@type":"SearchAction","target":{"@type":"EntryPoint","urlTemplate":"https:\/\/pornmate.com\/de\/?s={search_term_string}"},"query-input":{"@type":"PropertyValueSpecification","valueRequired":true,"valueName":"search_term_string"}}],"inLanguage":"de"},{"@type":"Organization","@id":"https:\/\/pornmate.com\/de\/#organization","name":"Besten Pornoseiten - Kostenlose Deutsche Pornos | PornMate.com","url":"https:\/\/pornmate.com\/de\/","logo":{"@type":"ImageObject","inLanguage":"de","@id":"https:\/\/pornmate.com\/de\/#\/schema\/logo\/image\/","url":"https:\/\/pornmate.com\/de\/wp-content\/uploads\/2022\/11\/pornmate-1.png","contentUrl":"https:\/\/pornmate.com\/de\/wp-content\/uploads\/2022\/11\/pornmate-1.png","width":203,"height":200,"caption":"Besten Pornoseiten - Kostenlose Deutsche Pornos | PornMate.com"},"image":{"@id":"https:\/\/pornmate.com\/de\/#\/schema\/logo\/image\/"}}]}},"_links":{"self":[{"href":"https:\/\/pornmate.com\/de\/wp-json\/wp\/v2\/pages\/7283","targetHints":{"allow":["GET"]}}],"collection":[{"href":"https:\/\/pornmate.com\/de\/wp-json\/wp\/v2\/pages"}],"about":[{"href":"https:\/\/pornmate.com\/de\/wp-json\/wp\/v2\/types\/page"}],"author":[{"embeddable":true,"href":"https:\/\/pornmate.com\/de\/wp-json\/wp\/v2\/users\/1"}],"replies":[{"embeddable":true,"href":"https:\/\/pornmate.com\/de\/wp-json\/wp\/v2\/comments?post=7283"}],"version-history":[{"count":0,"href":"https:\/\/pornmate.com\/de\/wp-json\/wp\/v2\/pages\/7283\/revisions"}],"wp:attachment":[{"href":"https:\/\/pornmate.com\/de\/wp-json\/wp\/v2\/media?parent=7283"}],"curies":[{"name":"wp","href":"https:\/\/api.w.org\/{rel}","templated":true}]}}