{"id":7287,"date":"2020-03-20T15:52:57","date_gmt":"2020-03-20T15:52:57","guid":{"rendered":"https:\/\/pornmate.com\/?page_id=7287"},"modified":"2020-03-20T15:52:57","modified_gmt":"2020-03-20T15:52:57","slug":"entensity","status":"publish","type":"page","link":"https:\/\/pornmate.com\/de\/entensity","title":{"rendered":"Entensity"},"content":{"rendered":"<p>Entensity.net geh\u00f6rt zu den besten kostenlosen Porno-Tube-Sites da drau\u00dfen. Diese Plattform hat viel zu bieten, wenn es um kostenlose Pornovideos und andere Arten von Inhalten geht, die Sie erkunden k\u00f6nnen. Das Beste an Entensity, dem wahrscheinlich jeder zustimmen kann, ist, dass der Inhalt hier kostenlos ist. Sie m\u00fcssen keinen Cent bezahlen, um alle Inhalte hier anzuzeigen, und es ist nur eine Frage der Zeit, bis Sie in sie eintauchen. Sie werden vielleicht auf Schritt und Tritt beeindruckt sein, wenn Sie bedenken, was Entensity wirklich f\u00fcr Sie und Ihre Pornogewohnheiten bedeutet, aber Sie werden nur davon profitieren. Die Benutzeroberfl\u00e4che der Website ist auch ohne die moderne Benutzeroberfl\u00e4che recht einfach, sodass Sie die Arbeit einfach erledigen k\u00f6nnen, sodass jeder den Inhalt ohne Probleme ansehen und \u00fcberspringen kann. Abgesehen davon gibt es noch eine Sache, die Sie \u00fcber Entensity wissen m\u00fcssen, und es ist eine Sammlung hei\u00dfer Babes wie Eva Lovia, Lexi Belle, Angela White und Mia Malkova.<\/p>\n","protected":false},"excerpt":{"rendered":"<p>Entensity.net geh\u00f6rt zu den besten kostenlosen Porno-Tube-Sites da drau\u00dfen. Diese Plattform hat viel zu bieten, wenn es um kostenlose Pornovideos und andere Arten von Inhalten geht, die Sie erkunden k\u00f6nnen. Das Beste an Entensity, dem wahrscheinlich jeder zustimmen kann, ist, dass der Inhalt hier kostenlos ist. Sie m\u00fcssen keinen Cent bezahlen, um alle Inhalte hier [&hellip;]<\/p>\n","protected":false},"author":1,"featured_media":0,"parent":0,"menu_order":0,"comment_status":"closed","ping_status":"closed","template":"page-star-stil.php","meta":{"footnotes":""},"class_list":["post-7287","page","type-page","status-publish","hentry"],"yoast_head":"<!-- This site is optimized with the Yoast SEO plugin v27.2 - https:\/\/yoast.com\/product\/yoast-seo-wordpress\/ -->\n<title>Entensity und Liste der besten Pornoseiten | PornMate<\/title>\n<meta name=\"description\" content=\"Entensity.net geh\u00f6rt zu den besten kostenlosen Porno-Tube-Sites da drau\u00dfen. Diese Plattform hat viel zu bieten, wenn es um kostenlose Pornovideos und andere Arten von Inhalten geht, die Sie erkunden k\u00f6nnen.\" \/>\n<meta name=\"robots\" content=\"index, follow, max-snippet:-1, max-image-preview:large, max-video-preview:-1\" \/>\n<link rel=\"canonical\" href=\"https:\/\/pornmate.com\/de\/entensity\" \/>\n<meta property=\"og:locale\" content=\"de_DE\" \/>\n<meta property=\"og:type\" content=\"article\" \/>\n<meta property=\"og:title\" content=\"Entensity und Liste der besten Pornoseiten | PornMate\" \/>\n<meta property=\"og:description\" content=\"Entensity.net geh\u00f6rt zu den besten kostenlosen Porno-Tube-Sites da drau\u00dfen. Diese Plattform hat viel zu bieten, wenn es um kostenlose Pornovideos und andere Arten von Inhalten geht, die Sie erkunden k\u00f6nnen.\" \/>\n<meta property=\"og:url\" content=\"https:\/\/pornmate.com\/de\/entensity\" \/>\n<meta property=\"og:site_name\" content=\"Besten Pornoseiten - Kostenlose Deutsche Pornos | PornMate.com\" \/>\n<meta name=\"twitter:card\" content=\"summary_large_image\" \/>\n<meta name=\"twitter:label1\" content=\"Gesch\u00e4tzte Lesezeit\" \/>\n\t<meta name=\"twitter:data1\" content=\"1\u00a0Minute\" \/>\n<script type=\"application\/ld+json\" class=\"yoast-schema-graph\">{\"@context\":\"https:\/\/schema.org\",\"@graph\":[{\"@type\":\"WebPage\",\"@id\":\"https:\/\/pornmate.com\/de\/entensity\",\"url\":\"https:\/\/pornmate.com\/de\/entensity\",\"name\":\"Entensity und Liste der besten Pornoseiten | PornMate\",\"isPartOf\":{\"@id\":\"https:\/\/pornmate.com\/de\/#website\"},\"datePublished\":\"2020-03-20T15:52:57+00:00\",\"description\":\"Entensity.net geh\u00f6rt zu den besten kostenlosen Porno-Tube-Sites da drau\u00dfen. Diese Plattform hat viel zu bieten, wenn es um kostenlose Pornovideos und andere Arten von Inhalten geht, die Sie erkunden k\u00f6nnen.\",\"breadcrumb\":{\"@id\":\"https:\/\/pornmate.com\/de\/entensity#breadcrumb\"},\"inLanguage\":\"de\",\"potentialAction\":[{\"@type\":\"ReadAction\",\"target\":[\"https:\/\/pornmate.com\/de\/entensity\"]}]},{\"@type\":\"BreadcrumbList\",\"@id\":\"https:\/\/pornmate.com\/de\/entensity#breadcrumb\",\"itemListElement\":[{\"@type\":\"ListItem\",\"position\":1,\"name\":\"Startseite\",\"item\":\"https:\/\/pornmate.com\/de\"},{\"@type\":\"ListItem\",\"position\":2,\"name\":\"Entensity\"}]},{\"@type\":\"WebSite\",\"@id\":\"https:\/\/pornmate.com\/de\/#website\",\"url\":\"https:\/\/pornmate.com\/de\/\",\"name\":\"Besten Pornoseiten - Kostenlose Deutsche Pornos | PornMate.com\",\"description\":\"Kostenlose Pornos, ist Ihr Combo-Verzeichnis der besten gratis Pornoseiten, die Sie finden k\u00f6nnen, und das fantastische Seitenbewertungen, Kostenlose Deutsche sex Biografien von Pornostars und ihre xxx Freie Porno videos unter einem Dach pr\u00e4sentiert.\",\"publisher\":{\"@id\":\"https:\/\/pornmate.com\/de\/#organization\"},\"potentialAction\":[{\"@type\":\"SearchAction\",\"target\":{\"@type\":\"EntryPoint\",\"urlTemplate\":\"https:\/\/pornmate.com\/de\/?s={search_term_string}\"},\"query-input\":{\"@type\":\"PropertyValueSpecification\",\"valueRequired\":true,\"valueName\":\"search_term_string\"}}],\"inLanguage\":\"de\"},{\"@type\":\"Organization\",\"@id\":\"https:\/\/pornmate.com\/de\/#organization\",\"name\":\"Besten Pornoseiten - Kostenlose Deutsche Pornos | PornMate.com\",\"url\":\"https:\/\/pornmate.com\/de\/\",\"logo\":{\"@type\":\"ImageObject\",\"inLanguage\":\"de\",\"@id\":\"https:\/\/pornmate.com\/de\/#\/schema\/logo\/image\/\",\"url\":\"https:\/\/pornmate.com\/de\/wp-content\/uploads\/2022\/11\/pornmate-1.png\",\"contentUrl\":\"https:\/\/pornmate.com\/de\/wp-content\/uploads\/2022\/11\/pornmate-1.png\",\"width\":203,\"height\":200,\"caption\":\"Besten Pornoseiten - Kostenlose Deutsche Pornos | PornMate.com\"},\"image\":{\"@id\":\"https:\/\/pornmate.com\/de\/#\/schema\/logo\/image\/\"}}]}<\/script>\n<!-- \/ Yoast SEO plugin. -->","yoast_head_json":{"title":"Entensity und Liste der besten Pornoseiten | PornMate","description":"Entensity.net geh\u00f6rt zu den besten kostenlosen Porno-Tube-Sites da drau\u00dfen. Diese Plattform hat viel zu bieten, wenn es um kostenlose Pornovideos und andere Arten von Inhalten geht, die Sie erkunden k\u00f6nnen.","robots":{"index":"index","follow":"follow","max-snippet":"max-snippet:-1","max-image-preview":"max-image-preview:large","max-video-preview":"max-video-preview:-1"},"canonical":"https:\/\/pornmate.com\/de\/entensity","og_locale":"de_DE","og_type":"article","og_title":"Entensity und Liste der besten Pornoseiten | PornMate","og_description":"Entensity.net geh\u00f6rt zu den besten kostenlosen Porno-Tube-Sites da drau\u00dfen. Diese Plattform hat viel zu bieten, wenn es um kostenlose Pornovideos und andere Arten von Inhalten geht, die Sie erkunden k\u00f6nnen.","og_url":"https:\/\/pornmate.com\/de\/entensity","og_site_name":"Besten Pornoseiten - Kostenlose Deutsche Pornos | PornMate.com","twitter_card":"summary_large_image","twitter_misc":{"Gesch\u00e4tzte Lesezeit":"1\u00a0Minute"},"schema":{"@context":"https:\/\/schema.org","@graph":[{"@type":"WebPage","@id":"https:\/\/pornmate.com\/de\/entensity","url":"https:\/\/pornmate.com\/de\/entensity","name":"Entensity und Liste der besten Pornoseiten | PornMate","isPartOf":{"@id":"https:\/\/pornmate.com\/de\/#website"},"datePublished":"2020-03-20T15:52:57+00:00","description":"Entensity.net geh\u00f6rt zu den besten kostenlosen Porno-Tube-Sites da drau\u00dfen. Diese Plattform hat viel zu bieten, wenn es um kostenlose Pornovideos und andere Arten von Inhalten geht, die Sie erkunden k\u00f6nnen.","breadcrumb":{"@id":"https:\/\/pornmate.com\/de\/entensity#breadcrumb"},"inLanguage":"de","potentialAction":[{"@type":"ReadAction","target":["https:\/\/pornmate.com\/de\/entensity"]}]},{"@type":"BreadcrumbList","@id":"https:\/\/pornmate.com\/de\/entensity#breadcrumb","itemListElement":[{"@type":"ListItem","position":1,"name":"Startseite","item":"https:\/\/pornmate.com\/de"},{"@type":"ListItem","position":2,"name":"Entensity"}]},{"@type":"WebSite","@id":"https:\/\/pornmate.com\/de\/#website","url":"https:\/\/pornmate.com\/de\/","name":"Besten Pornoseiten - Kostenlose Deutsche Pornos | PornMate.com","description":"Kostenlose Pornos, ist Ihr Combo-Verzeichnis der besten gratis Pornoseiten, die Sie finden k\u00f6nnen, und das fantastische Seitenbewertungen, Kostenlose Deutsche sex Biografien von Pornostars und ihre xxx Freie Porno videos unter einem Dach pr\u00e4sentiert.","publisher":{"@id":"https:\/\/pornmate.com\/de\/#organization"},"potentialAction":[{"@type":"SearchAction","target":{"@type":"EntryPoint","urlTemplate":"https:\/\/pornmate.com\/de\/?s={search_term_string}"},"query-input":{"@type":"PropertyValueSpecification","valueRequired":true,"valueName":"search_term_string"}}],"inLanguage":"de"},{"@type":"Organization","@id":"https:\/\/pornmate.com\/de\/#organization","name":"Besten Pornoseiten - Kostenlose Deutsche Pornos | PornMate.com","url":"https:\/\/pornmate.com\/de\/","logo":{"@type":"ImageObject","inLanguage":"de","@id":"https:\/\/pornmate.com\/de\/#\/schema\/logo\/image\/","url":"https:\/\/pornmate.com\/de\/wp-content\/uploads\/2022\/11\/pornmate-1.png","contentUrl":"https:\/\/pornmate.com\/de\/wp-content\/uploads\/2022\/11\/pornmate-1.png","width":203,"height":200,"caption":"Besten Pornoseiten - Kostenlose Deutsche Pornos | PornMate.com"},"image":{"@id":"https:\/\/pornmate.com\/de\/#\/schema\/logo\/image\/"}}]}},"_links":{"self":[{"href":"https:\/\/pornmate.com\/de\/wp-json\/wp\/v2\/pages\/7287","targetHints":{"allow":["GET"]}}],"collection":[{"href":"https:\/\/pornmate.com\/de\/wp-json\/wp\/v2\/pages"}],"about":[{"href":"https:\/\/pornmate.com\/de\/wp-json\/wp\/v2\/types\/page"}],"author":[{"embeddable":true,"href":"https:\/\/pornmate.com\/de\/wp-json\/wp\/v2\/users\/1"}],"replies":[{"embeddable":true,"href":"https:\/\/pornmate.com\/de\/wp-json\/wp\/v2\/comments?post=7287"}],"version-history":[{"count":0,"href":"https:\/\/pornmate.com\/de\/wp-json\/wp\/v2\/pages\/7287\/revisions"}],"wp:attachment":[{"href":"https:\/\/pornmate.com\/de\/wp-json\/wp\/v2\/media?parent=7287"}],"curies":[{"name":"wp","href":"https:\/\/api.w.org\/{rel}","templated":true}]}}