{"id":74,"date":"2018-07-02T10:59:15","date_gmt":"2018-07-02T10:59:15","guid":{"rendered":"https:\/\/pornmate.com\/?page_id=74"},"modified":"2024-11-21T03:42:59","modified_gmt":"2024-11-21T02:42:59","slug":"brazzers","status":"publish","type":"page","link":"https:\/\/pornmate.com\/de\/brazzers","title":{"rendered":"Brazzers.com"},"content":{"rendered":"<p>Brazzers ist eine der besten Pornoproduktionsfirmen der Welt. Alle von ihnen zielen darauf ab, Benutzern einen einfachen Zugang zum Internet zu erm\u00f6glichen. Sie sind fair und Sie k\u00f6nnen alle Videos erkunden, bevor Sie sich jetzt registrieren und Ihr Geld \u00fcbergeben, aber Sie k\u00f6nnen die Namen der Schauspieler lesen, einige Screenshots sehen und die Beschreibungen lesen. Der wahre Spa\u00df beginnt, sobald Sie sich registrieren und alle Videos und Fotos herunterladen. Zugriff auf Live-Shows, Abstimmung \u00fcber einige Entscheidungen, Kommentieren von Videos, Folgen von und Interagieren mit Pornostars. Jeden Tag werden zwei neue Szenen hochgeladen, und seit 2009 sind viele Szenen verf\u00fcgbar. Es gibt \u00fcber 30 Unterseiten aller Genres. Anal, MILFs, Teenager, Gangbangs, Lesben, Krankenschwestern, Lehrer, Sekret\u00e4rinnen, was auch immer. Wenn Sie einen Lieblingspornostar haben, k\u00f6nnen Sie ihn hier finden, da die Suchmaschine es Ihnen leicht macht. Sie k\u00f6nnen Szenen, Pornostars, Websites und Kategorien ausw\u00e4hlen. Brazzers.com ist professionell und kundenorientiert, da es k\u00fcrzlich eine neue HD-Kamera erhalten hat und ab Anfang 2017 alle Videos in HD 4K-Aufl\u00f6sung verf\u00fcgbar sein werden. Wenn Sie einen Lieblingspornostar haben, k\u00f6nnen Sie ihn hier finden, da die Suchmaschine es Ihnen leicht macht.<\/p>\n","protected":false},"excerpt":{"rendered":"<p>Brazzers ist eine der besten Pornoproduktionsfirmen der Welt. Alle von ihnen zielen darauf ab, Benutzern einen einfachen Zugang zum Internet zu erm\u00f6glichen. Sie sind fair und Sie k\u00f6nnen alle Videos erkunden, bevor Sie sich jetzt registrieren und Ihr Geld \u00fcbergeben, aber Sie k\u00f6nnen die Namen der Schauspieler lesen, einige Screenshots sehen und die Beschreibungen lesen. [&hellip;]<\/p>\n","protected":false},"author":1,"featured_media":0,"parent":0,"menu_order":0,"comment_status":"closed","ping_status":"closed","template":"page-star-stil.php","meta":{"footnotes":""},"class_list":["post-74","page","type-page","status-publish","hentry"],"yoast_head":"<!-- This site is optimized with the Yoast SEO plugin v27.2 - https:\/\/yoast.com\/product\/yoast-seo-wordpress\/ -->\n<title>Brazzers.com Free Porno Videos and Best Sex Movies - PornMate<\/title>\n<meta name=\"description\" content=\"Brazzers is one of the best porn videos production companies in the world. They are all about easy Internet access for their users. Now before you register and give them your money\" \/>\n<meta name=\"robots\" content=\"index, follow, max-snippet:-1, max-image-preview:large, max-video-preview:-1\" \/>\n<link rel=\"canonical\" href=\"https:\/\/pornmate.com\/de\/brazzers\" \/>\n<meta property=\"og:locale\" content=\"de_DE\" \/>\n<meta property=\"og:type\" content=\"article\" \/>\n<meta property=\"og:title\" content=\"Brazzers.com Free Porno Videos and Best Sex Movies - PornMate\" \/>\n<meta property=\"og:description\" content=\"Brazzers is one of the best porn videos production companies in the world. They are all about easy Internet access for their users. Now before you register and give them your money\" \/>\n<meta property=\"og:url\" content=\"https:\/\/pornmate.com\/de\/brazzers\" \/>\n<meta property=\"og:site_name\" content=\"Besten Pornoseiten - Kostenlose Deutsche Pornos | PornMate.com\" \/>\n<meta property=\"article:modified_time\" content=\"2024-11-21T02:42:59+00:00\" \/>\n<meta name=\"twitter:card\" content=\"summary_large_image\" \/>\n<meta name=\"twitter:label1\" content=\"Gesch\u00e4tzte Lesezeit\" \/>\n\t<meta name=\"twitter:data1\" content=\"2\u00a0Minuten\" \/>\n<script type=\"application\/ld+json\" class=\"yoast-schema-graph\">{\"@context\":\"https:\/\/schema.org\",\"@graph\":[{\"@type\":\"WebPage\",\"@id\":\"https:\/\/pornmate.com\/de\/brazzers\",\"url\":\"https:\/\/pornmate.com\/de\/brazzers\",\"name\":\"Brazzers.com Free Porno Videos and Best Sex Movies - PornMate\",\"isPartOf\":{\"@id\":\"https:\/\/pornmate.com\/de\/#website\"},\"datePublished\":\"2018-07-02T10:59:15+00:00\",\"dateModified\":\"2024-11-21T02:42:59+00:00\",\"description\":\"Brazzers is one of the best porn videos production companies in the world. They are all about easy Internet access for their users. Now before you register and give them your money\",\"breadcrumb\":{\"@id\":\"https:\/\/pornmate.com\/de\/brazzers#breadcrumb\"},\"inLanguage\":\"de\",\"potentialAction\":[{\"@type\":\"ReadAction\",\"target\":[\"https:\/\/pornmate.com\/de\/brazzers\"]}]},{\"@type\":\"BreadcrumbList\",\"@id\":\"https:\/\/pornmate.com\/de\/brazzers#breadcrumb\",\"itemListElement\":[{\"@type\":\"ListItem\",\"position\":1,\"name\":\"Startseite\",\"item\":\"https:\/\/pornmate.com\/de\"},{\"@type\":\"ListItem\",\"position\":2,\"name\":\"Brazzers.com\"}]},{\"@type\":\"WebSite\",\"@id\":\"https:\/\/pornmate.com\/de\/#website\",\"url\":\"https:\/\/pornmate.com\/de\/\",\"name\":\"Besten Pornoseiten - Kostenlose Deutsche Pornos | PornMate.com\",\"description\":\"Kostenlose Pornos, ist Ihr Combo-Verzeichnis der besten gratis Pornoseiten, die Sie finden k\u00f6nnen, und das fantastische Seitenbewertungen, Kostenlose Deutsche sex Biografien von Pornostars und ihre xxx Freie Porno videos unter einem Dach pr\u00e4sentiert.\",\"publisher\":{\"@id\":\"https:\/\/pornmate.com\/de\/#organization\"},\"potentialAction\":[{\"@type\":\"SearchAction\",\"target\":{\"@type\":\"EntryPoint\",\"urlTemplate\":\"https:\/\/pornmate.com\/de\/?s={search_term_string}\"},\"query-input\":{\"@type\":\"PropertyValueSpecification\",\"valueRequired\":true,\"valueName\":\"search_term_string\"}}],\"inLanguage\":\"de\"},{\"@type\":\"Organization\",\"@id\":\"https:\/\/pornmate.com\/de\/#organization\",\"name\":\"Besten Pornoseiten - Kostenlose Deutsche Pornos | PornMate.com\",\"url\":\"https:\/\/pornmate.com\/de\/\",\"logo\":{\"@type\":\"ImageObject\",\"inLanguage\":\"de\",\"@id\":\"https:\/\/pornmate.com\/de\/#\/schema\/logo\/image\/\",\"url\":\"https:\/\/pornmate.com\/de\/wp-content\/uploads\/2022\/11\/pornmate-1.png\",\"contentUrl\":\"https:\/\/pornmate.com\/de\/wp-content\/uploads\/2022\/11\/pornmate-1.png\",\"width\":203,\"height\":200,\"caption\":\"Besten Pornoseiten - Kostenlose Deutsche Pornos | PornMate.com\"},\"image\":{\"@id\":\"https:\/\/pornmate.com\/de\/#\/schema\/logo\/image\/\"}}]}<\/script>\n<!-- \/ Yoast SEO plugin. -->","yoast_head_json":{"title":"Brazzers.com Free Porno Videos and Best Sex Movies - PornMate","description":"Brazzers is one of the best porn videos production companies in the world. They are all about easy Internet access for their users. Now before you register and give them your money","robots":{"index":"index","follow":"follow","max-snippet":"max-snippet:-1","max-image-preview":"max-image-preview:large","max-video-preview":"max-video-preview:-1"},"canonical":"https:\/\/pornmate.com\/de\/brazzers","og_locale":"de_DE","og_type":"article","og_title":"Brazzers.com Free Porno Videos and Best Sex Movies - PornMate","og_description":"Brazzers is one of the best porn videos production companies in the world. They are all about easy Internet access for their users. Now before you register and give them your money","og_url":"https:\/\/pornmate.com\/de\/brazzers","og_site_name":"Besten Pornoseiten - Kostenlose Deutsche Pornos | PornMate.com","article_modified_time":"2024-11-21T02:42:59+00:00","twitter_card":"summary_large_image","twitter_misc":{"Gesch\u00e4tzte Lesezeit":"2\u00a0Minuten"},"schema":{"@context":"https:\/\/schema.org","@graph":[{"@type":"WebPage","@id":"https:\/\/pornmate.com\/de\/brazzers","url":"https:\/\/pornmate.com\/de\/brazzers","name":"Brazzers.com Free Porno Videos and Best Sex Movies - PornMate","isPartOf":{"@id":"https:\/\/pornmate.com\/de\/#website"},"datePublished":"2018-07-02T10:59:15+00:00","dateModified":"2024-11-21T02:42:59+00:00","description":"Brazzers is one of the best porn videos production companies in the world. They are all about easy Internet access for their users. Now before you register and give them your money","breadcrumb":{"@id":"https:\/\/pornmate.com\/de\/brazzers#breadcrumb"},"inLanguage":"de","potentialAction":[{"@type":"ReadAction","target":["https:\/\/pornmate.com\/de\/brazzers"]}]},{"@type":"BreadcrumbList","@id":"https:\/\/pornmate.com\/de\/brazzers#breadcrumb","itemListElement":[{"@type":"ListItem","position":1,"name":"Startseite","item":"https:\/\/pornmate.com\/de"},{"@type":"ListItem","position":2,"name":"Brazzers.com"}]},{"@type":"WebSite","@id":"https:\/\/pornmate.com\/de\/#website","url":"https:\/\/pornmate.com\/de\/","name":"Besten Pornoseiten - Kostenlose Deutsche Pornos | PornMate.com","description":"Kostenlose Pornos, ist Ihr Combo-Verzeichnis der besten gratis Pornoseiten, die Sie finden k\u00f6nnen, und das fantastische Seitenbewertungen, Kostenlose Deutsche sex Biografien von Pornostars und ihre xxx Freie Porno videos unter einem Dach pr\u00e4sentiert.","publisher":{"@id":"https:\/\/pornmate.com\/de\/#organization"},"potentialAction":[{"@type":"SearchAction","target":{"@type":"EntryPoint","urlTemplate":"https:\/\/pornmate.com\/de\/?s={search_term_string}"},"query-input":{"@type":"PropertyValueSpecification","valueRequired":true,"valueName":"search_term_string"}}],"inLanguage":"de"},{"@type":"Organization","@id":"https:\/\/pornmate.com\/de\/#organization","name":"Besten Pornoseiten - Kostenlose Deutsche Pornos | PornMate.com","url":"https:\/\/pornmate.com\/de\/","logo":{"@type":"ImageObject","inLanguage":"de","@id":"https:\/\/pornmate.com\/de\/#\/schema\/logo\/image\/","url":"https:\/\/pornmate.com\/de\/wp-content\/uploads\/2022\/11\/pornmate-1.png","contentUrl":"https:\/\/pornmate.com\/de\/wp-content\/uploads\/2022\/11\/pornmate-1.png","width":203,"height":200,"caption":"Besten Pornoseiten - Kostenlose Deutsche Pornos | PornMate.com"},"image":{"@id":"https:\/\/pornmate.com\/de\/#\/schema\/logo\/image\/"}}]}},"_links":{"self":[{"href":"https:\/\/pornmate.com\/de\/wp-json\/wp\/v2\/pages\/74","targetHints":{"allow":["GET"]}}],"collection":[{"href":"https:\/\/pornmate.com\/de\/wp-json\/wp\/v2\/pages"}],"about":[{"href":"https:\/\/pornmate.com\/de\/wp-json\/wp\/v2\/types\/page"}],"author":[{"embeddable":true,"href":"https:\/\/pornmate.com\/de\/wp-json\/wp\/v2\/users\/1"}],"replies":[{"embeddable":true,"href":"https:\/\/pornmate.com\/de\/wp-json\/wp\/v2\/comments?post=74"}],"version-history":[{"count":0,"href":"https:\/\/pornmate.com\/de\/wp-json\/wp\/v2\/pages\/74\/revisions"}],"wp:attachment":[{"href":"https:\/\/pornmate.com\/de\/wp-json\/wp\/v2\/media?parent=74"}],"curies":[{"name":"wp","href":"https:\/\/api.w.org\/{rel}","templated":true}]}}