{"id":7481,"date":"2020-03-24T09:04:55","date_gmt":"2020-03-24T09:04:55","guid":{"rendered":"https:\/\/pornmate.com\/?page_id=7481"},"modified":"2022-11-23T13:43:12","modified_gmt":"2022-11-23T12:43:12","slug":"eporner","status":"publish","type":"page","link":"https:\/\/pornmate.com\/de\/eporner","title":{"rendered":"Eporner"},"content":{"rendered":"<p>Ep\u00f6rner, Sie bieten nicht nur eine enorme Menge an Inhalten, dies ist auch eine der gr\u00f6\u00dften Porno-Tube-Sites der Welt. Es gibt auch Faktoren, die dieser Website das Gef\u00fchl einer Premium-Website verleihen. Es hat ein schlichtes und einfaches Design, das modern und stilvoll aussieht, wo alles nur einen Klick entfernt ist. Die Qualit\u00e4t der Videos auf eporner.com betr\u00e4gt bis zu 1080p, die Sie auf kostenpflichtigen Websites finden k\u00f6nnen. Wenn Ihnen Namen wie Alexis Fawx, Leah Gotti, Riley Reid, Kendra Lust oder Kagney Linn Karter bekannt sind, werden Sie sich freuen zu h\u00f6ren, dass Sie sie und andere in diesen Galerien finden. Die Homepage ist mit vielen tollen Thumbnails von Videos ausgestattet, die in mehrere Abschnitte unterteilt sind. Es gibt beliebte HD-Porno-Videos, k\u00fcrzlich hochgeladene HD-Videos und sogar die neuesten Amateur-Pornos. Nat\u00fcrlich gibt es auch die M\u00f6glichkeit zu filtern und zu scannen, wenn Sie einen individuelleren Ansatz bevorzugen. Sie k\u00f6nnen Ihre Lieblingskategorien oder Pornostars ausw\u00e4hlen oder \u00fcber eine Suchleiste optimieren, Sie k\u00f6nnen auch Pornospiele spielen, Live-Sex ansehen, Bilder und GIFs ansehen usw.<\/p>\n","protected":false},"excerpt":{"rendered":"<p>Ep\u00f6rner, Sie bieten nicht nur eine enorme Menge an Inhalten, dies ist auch eine der gr\u00f6\u00dften Porno-Tube-Sites der Welt. Es gibt auch Faktoren, die dieser Website das Gef\u00fchl einer Premium-Website verleihen. Es hat ein schlichtes und einfaches Design, das modern und stilvoll aussieht, wo alles nur einen Klick entfernt ist. Die Qualit\u00e4t der Videos auf [&hellip;]<\/p>\n","protected":false},"author":1,"featured_media":0,"parent":0,"menu_order":0,"comment_status":"closed","ping_status":"closed","template":"page-star-stil.php","meta":{"footnotes":""},"class_list":["post-7481","page","type-page","status-publish","hentry"],"yoast_head":"<!-- This site is optimized with the Yoast SEO plugin v27.2 - https:\/\/yoast.com\/product\/yoast-seo-wordpress\/ -->\n<title>Eporner und Liste der besten Pornoseiten | PornMate<\/title>\n<meta name=\"description\" content=\"Ep\u00f6rner, Sie bieten nicht nur eine enorme Menge an Inhalten, dies ist auch eine der gr\u00f6\u00dften Porno-Tube-Sites der Welt. Es gibt auch Faktoren, die dieser Website das Gef\u00fchl einer Premium-Website verleihen.\" \/>\n<meta name=\"robots\" content=\"index, follow, max-snippet:-1, max-image-preview:large, max-video-preview:-1\" \/>\n<link rel=\"canonical\" href=\"https:\/\/pornmate.com\/de\/eporner\" \/>\n<meta property=\"og:locale\" content=\"de_DE\" \/>\n<meta property=\"og:type\" content=\"article\" \/>\n<meta property=\"og:title\" content=\"Eporner und Liste der besten Pornoseiten | PornMate\" \/>\n<meta property=\"og:description\" content=\"Ep\u00f6rner, Sie bieten nicht nur eine enorme Menge an Inhalten, dies ist auch eine der gr\u00f6\u00dften Porno-Tube-Sites der Welt. Es gibt auch Faktoren, die dieser Website das Gef\u00fchl einer Premium-Website verleihen.\" \/>\n<meta property=\"og:url\" content=\"https:\/\/pornmate.com\/de\/eporner\" \/>\n<meta property=\"og:site_name\" content=\"Besten Pornoseiten - Kostenlose Deutsche Pornos | PornMate.com\" \/>\n<meta property=\"article:modified_time\" content=\"2022-11-23T12:43:12+00:00\" \/>\n<meta name=\"twitter:card\" content=\"summary_large_image\" \/>\n<meta name=\"twitter:label1\" content=\"Gesch\u00e4tzte Lesezeit\" \/>\n\t<meta name=\"twitter:data1\" content=\"1\u00a0Minute\" \/>\n<script type=\"application\/ld+json\" class=\"yoast-schema-graph\">{\"@context\":\"https:\/\/schema.org\",\"@graph\":[{\"@type\":\"WebPage\",\"@id\":\"https:\/\/pornmate.com\/de\/eporner\",\"url\":\"https:\/\/pornmate.com\/de\/eporner\",\"name\":\"Eporner und Liste der besten Pornoseiten | PornMate\",\"isPartOf\":{\"@id\":\"https:\/\/pornmate.com\/de\/#website\"},\"datePublished\":\"2020-03-24T09:04:55+00:00\",\"dateModified\":\"2022-11-23T12:43:12+00:00\",\"description\":\"Ep\u00f6rner, Sie bieten nicht nur eine enorme Menge an Inhalten, dies ist auch eine der gr\u00f6\u00dften Porno-Tube-Sites der Welt. Es gibt auch Faktoren, die dieser Website das Gef\u00fchl einer Premium-Website verleihen.\",\"breadcrumb\":{\"@id\":\"https:\/\/pornmate.com\/de\/eporner#breadcrumb\"},\"inLanguage\":\"de\",\"potentialAction\":[{\"@type\":\"ReadAction\",\"target\":[\"https:\/\/pornmate.com\/de\/eporner\"]}]},{\"@type\":\"BreadcrumbList\",\"@id\":\"https:\/\/pornmate.com\/de\/eporner#breadcrumb\",\"itemListElement\":[{\"@type\":\"ListItem\",\"position\":1,\"name\":\"Startseite\",\"item\":\"https:\/\/pornmate.com\/de\"},{\"@type\":\"ListItem\",\"position\":2,\"name\":\"Eporner\"}]},{\"@type\":\"WebSite\",\"@id\":\"https:\/\/pornmate.com\/de\/#website\",\"url\":\"https:\/\/pornmate.com\/de\/\",\"name\":\"Besten Pornoseiten - Kostenlose Deutsche Pornos | PornMate.com\",\"description\":\"Kostenlose Pornos, ist Ihr Combo-Verzeichnis der besten gratis Pornoseiten, die Sie finden k\u00f6nnen, und das fantastische Seitenbewertungen, Kostenlose Deutsche sex Biografien von Pornostars und ihre xxx Freie Porno videos unter einem Dach pr\u00e4sentiert.\",\"publisher\":{\"@id\":\"https:\/\/pornmate.com\/de\/#organization\"},\"potentialAction\":[{\"@type\":\"SearchAction\",\"target\":{\"@type\":\"EntryPoint\",\"urlTemplate\":\"https:\/\/pornmate.com\/de\/?s={search_term_string}\"},\"query-input\":{\"@type\":\"PropertyValueSpecification\",\"valueRequired\":true,\"valueName\":\"search_term_string\"}}],\"inLanguage\":\"de\"},{\"@type\":\"Organization\",\"@id\":\"https:\/\/pornmate.com\/de\/#organization\",\"name\":\"Besten Pornoseiten - Kostenlose Deutsche Pornos | PornMate.com\",\"url\":\"https:\/\/pornmate.com\/de\/\",\"logo\":{\"@type\":\"ImageObject\",\"inLanguage\":\"de\",\"@id\":\"https:\/\/pornmate.com\/de\/#\/schema\/logo\/image\/\",\"url\":\"https:\/\/pornmate.com\/de\/wp-content\/uploads\/2022\/11\/pornmate-1.png\",\"contentUrl\":\"https:\/\/pornmate.com\/de\/wp-content\/uploads\/2022\/11\/pornmate-1.png\",\"width\":203,\"height\":200,\"caption\":\"Besten Pornoseiten - Kostenlose Deutsche Pornos | PornMate.com\"},\"image\":{\"@id\":\"https:\/\/pornmate.com\/de\/#\/schema\/logo\/image\/\"}}]}<\/script>\n<!-- \/ Yoast SEO plugin. -->","yoast_head_json":{"title":"Eporner und Liste der besten Pornoseiten | PornMate","description":"Ep\u00f6rner, Sie bieten nicht nur eine enorme Menge an Inhalten, dies ist auch eine der gr\u00f6\u00dften Porno-Tube-Sites der Welt. Es gibt auch Faktoren, die dieser Website das Gef\u00fchl einer Premium-Website verleihen.","robots":{"index":"index","follow":"follow","max-snippet":"max-snippet:-1","max-image-preview":"max-image-preview:large","max-video-preview":"max-video-preview:-1"},"canonical":"https:\/\/pornmate.com\/de\/eporner","og_locale":"de_DE","og_type":"article","og_title":"Eporner und Liste der besten Pornoseiten | PornMate","og_description":"Ep\u00f6rner, Sie bieten nicht nur eine enorme Menge an Inhalten, dies ist auch eine der gr\u00f6\u00dften Porno-Tube-Sites der Welt. Es gibt auch Faktoren, die dieser Website das Gef\u00fchl einer Premium-Website verleihen.","og_url":"https:\/\/pornmate.com\/de\/eporner","og_site_name":"Besten Pornoseiten - Kostenlose Deutsche Pornos | PornMate.com","article_modified_time":"2022-11-23T12:43:12+00:00","twitter_card":"summary_large_image","twitter_misc":{"Gesch\u00e4tzte Lesezeit":"1\u00a0Minute"},"schema":{"@context":"https:\/\/schema.org","@graph":[{"@type":"WebPage","@id":"https:\/\/pornmate.com\/de\/eporner","url":"https:\/\/pornmate.com\/de\/eporner","name":"Eporner und Liste der besten Pornoseiten | PornMate","isPartOf":{"@id":"https:\/\/pornmate.com\/de\/#website"},"datePublished":"2020-03-24T09:04:55+00:00","dateModified":"2022-11-23T12:43:12+00:00","description":"Ep\u00f6rner, Sie bieten nicht nur eine enorme Menge an Inhalten, dies ist auch eine der gr\u00f6\u00dften Porno-Tube-Sites der Welt. Es gibt auch Faktoren, die dieser Website das Gef\u00fchl einer Premium-Website verleihen.","breadcrumb":{"@id":"https:\/\/pornmate.com\/de\/eporner#breadcrumb"},"inLanguage":"de","potentialAction":[{"@type":"ReadAction","target":["https:\/\/pornmate.com\/de\/eporner"]}]},{"@type":"BreadcrumbList","@id":"https:\/\/pornmate.com\/de\/eporner#breadcrumb","itemListElement":[{"@type":"ListItem","position":1,"name":"Startseite","item":"https:\/\/pornmate.com\/de"},{"@type":"ListItem","position":2,"name":"Eporner"}]},{"@type":"WebSite","@id":"https:\/\/pornmate.com\/de\/#website","url":"https:\/\/pornmate.com\/de\/","name":"Besten Pornoseiten - Kostenlose Deutsche Pornos | PornMate.com","description":"Kostenlose Pornos, ist Ihr Combo-Verzeichnis der besten gratis Pornoseiten, die Sie finden k\u00f6nnen, und das fantastische Seitenbewertungen, Kostenlose Deutsche sex Biografien von Pornostars und ihre xxx Freie Porno videos unter einem Dach pr\u00e4sentiert.","publisher":{"@id":"https:\/\/pornmate.com\/de\/#organization"},"potentialAction":[{"@type":"SearchAction","target":{"@type":"EntryPoint","urlTemplate":"https:\/\/pornmate.com\/de\/?s={search_term_string}"},"query-input":{"@type":"PropertyValueSpecification","valueRequired":true,"valueName":"search_term_string"}}],"inLanguage":"de"},{"@type":"Organization","@id":"https:\/\/pornmate.com\/de\/#organization","name":"Besten Pornoseiten - Kostenlose Deutsche Pornos | PornMate.com","url":"https:\/\/pornmate.com\/de\/","logo":{"@type":"ImageObject","inLanguage":"de","@id":"https:\/\/pornmate.com\/de\/#\/schema\/logo\/image\/","url":"https:\/\/pornmate.com\/de\/wp-content\/uploads\/2022\/11\/pornmate-1.png","contentUrl":"https:\/\/pornmate.com\/de\/wp-content\/uploads\/2022\/11\/pornmate-1.png","width":203,"height":200,"caption":"Besten Pornoseiten - Kostenlose Deutsche Pornos | PornMate.com"},"image":{"@id":"https:\/\/pornmate.com\/de\/#\/schema\/logo\/image\/"}}]}},"_links":{"self":[{"href":"https:\/\/pornmate.com\/de\/wp-json\/wp\/v2\/pages\/7481","targetHints":{"allow":["GET"]}}],"collection":[{"href":"https:\/\/pornmate.com\/de\/wp-json\/wp\/v2\/pages"}],"about":[{"href":"https:\/\/pornmate.com\/de\/wp-json\/wp\/v2\/types\/page"}],"author":[{"embeddable":true,"href":"https:\/\/pornmate.com\/de\/wp-json\/wp\/v2\/users\/1"}],"replies":[{"embeddable":true,"href":"https:\/\/pornmate.com\/de\/wp-json\/wp\/v2\/comments?post=7481"}],"version-history":[{"count":0,"href":"https:\/\/pornmate.com\/de\/wp-json\/wp\/v2\/pages\/7481\/revisions"}],"wp:attachment":[{"href":"https:\/\/pornmate.com\/de\/wp-json\/wp\/v2\/media?parent=7481"}],"curies":[{"name":"wp","href":"https:\/\/api.w.org\/{rel}","templated":true}]}}