{"id":7483,"date":"2020-03-24T09:07:29","date_gmt":"2020-03-24T09:07:29","guid":{"rendered":"https:\/\/pornmate.com\/?page_id=7483"},"modified":"2022-11-23T16:22:57","modified_gmt":"2022-11-23T15:22:57","slug":"nuvid","status":"publish","type":"page","link":"https:\/\/pornmate.com\/de\/nuvid","title":{"rendered":"Nuvid"},"content":{"rendered":"<p>Nuvid ist ein langj\u00e4hriger Akteur in der Welt des Vergn\u00fcgens f\u00fcr Erwachsene, und sie werden mit der Zeit immer besser. Indem sie seit \u00fcber einem Jahrzehnt Pornoinhalte anbieten, haben sie diese perfekt gemacht und viele andere kostenlose Pornoseiten \u00fcbertroffen. Die Thumbnails auf den Landing Pages sind von so hoher Qualit\u00e4t, dass es ein Vergn\u00fcgen ist, sie anzusehen. Wenn Sie mit der Maus dar\u00fcber fahren, erhalten Sie eine kurze Vorschau des Videos, die Sie sofort ansehen oder weiter durchsuchen k\u00f6nnen. Das Wichtigste, was Nuvid.com daf\u00fcr tut, ist die Such- und Browsing-Funktion, die es umfassend anbietet. Mit der Menge an Inhalten, die Tube-Sites heutzutage haben, ist es eine der Grundnahrungsmittel. Abgesehen davon, dass Sie jeden Clip in ihren Galerien nach Upload-Datum oder Bewertung sortieren k\u00f6nnen, k\u00f6nnen Sie sie auf alle m\u00f6glichen Arten filtern. Es besteht die M\u00f6glichkeit, heterosexuelle, schwule oder transsexuelle Inhalte sofort einzuschlie\u00dfen oder auszuschlie\u00dfen. Sie k\u00f6nnen Kategorien sehr schnell \u00f6ffnen und schlie\u00dfen, oder wenn Sie sich f\u00fcr einen ber\u00fchmten Namen wie Lana Rhoades, Abella Danger, Angela White oder Nikki Benz interessieren, k\u00f6nnen Sie die Suchleiste verwenden und genau den Clip finden, den Sie suchen und genie\u00dfen.<\/p>\n","protected":false},"excerpt":{"rendered":"<p>Nuvid ist ein langj\u00e4hriger Akteur in der Welt des Vergn\u00fcgens f\u00fcr Erwachsene, und sie werden mit der Zeit immer besser. Indem sie seit \u00fcber einem Jahrzehnt Pornoinhalte anbieten, haben sie diese perfekt gemacht und viele andere kostenlose Pornoseiten \u00fcbertroffen. Die Thumbnails auf den Landing Pages sind von so hoher Qualit\u00e4t, dass es ein Vergn\u00fcgen ist, [&hellip;]<\/p>\n","protected":false},"author":1,"featured_media":0,"parent":0,"menu_order":0,"comment_status":"closed","ping_status":"closed","template":"page-star-stil.php","meta":{"footnotes":""},"class_list":["post-7483","page","type-page","status-publish","hentry"],"yoast_head":"<!-- This site is optimized with the Yoast SEO plugin v27.2 - https:\/\/yoast.com\/product\/yoast-seo-wordpress\/ -->\n<title>Nuvid und Liste der besten Pornoseiten | PornMate<\/title>\n<meta name=\"description\" content=\"Nuvid ist ein langj\u00e4hriger Akteur in der Welt des Vergn\u00fcgens f\u00fcr Erwachsene, und sie werden mit der Zeit immer besser. Indem sie seit \u00fcber einem Jahrzehnt Pornoinhalte anbieten, haben sie diese perfekt gemacht und viele andere kostenlose Pornoseiten \u00fcbertroffen. Die Thumbnails auf den Landing Pages sind von so hoher Qualit\u00e4t, dass es ein Vergn\u00fcgen ist, sie anzusehen.\" \/>\n<meta name=\"robots\" content=\"index, follow, max-snippet:-1, max-image-preview:large, max-video-preview:-1\" \/>\n<link rel=\"canonical\" href=\"https:\/\/pornmate.com\/de\/nuvid\" \/>\n<meta property=\"og:locale\" content=\"de_DE\" \/>\n<meta property=\"og:type\" content=\"article\" \/>\n<meta property=\"og:title\" content=\"Nuvid und Liste der besten Pornoseiten | PornMate\" \/>\n<meta property=\"og:description\" content=\"Nuvid ist ein langj\u00e4hriger Akteur in der Welt des Vergn\u00fcgens f\u00fcr Erwachsene, und sie werden mit der Zeit immer besser. Indem sie seit \u00fcber einem Jahrzehnt Pornoinhalte anbieten, haben sie diese perfekt gemacht und viele andere kostenlose Pornoseiten \u00fcbertroffen. Die Thumbnails auf den Landing Pages sind von so hoher Qualit\u00e4t, dass es ein Vergn\u00fcgen ist, sie anzusehen.\" \/>\n<meta property=\"og:url\" content=\"https:\/\/pornmate.com\/de\/nuvid\" \/>\n<meta property=\"og:site_name\" content=\"Besten Pornoseiten - Kostenlose Deutsche Pornos | PornMate.com\" \/>\n<meta property=\"article:modified_time\" content=\"2022-11-23T15:22:57+00:00\" \/>\n<meta name=\"twitter:card\" content=\"summary_large_image\" \/>\n<meta name=\"twitter:label1\" content=\"Gesch\u00e4tzte Lesezeit\" \/>\n\t<meta name=\"twitter:data1\" content=\"2\u00a0Minuten\" \/>\n<script type=\"application\/ld+json\" class=\"yoast-schema-graph\">{\"@context\":\"https:\/\/schema.org\",\"@graph\":[{\"@type\":\"WebPage\",\"@id\":\"https:\/\/pornmate.com\/de\/nuvid\",\"url\":\"https:\/\/pornmate.com\/de\/nuvid\",\"name\":\"Nuvid und Liste der besten Pornoseiten | PornMate\",\"isPartOf\":{\"@id\":\"https:\/\/pornmate.com\/de\/#website\"},\"datePublished\":\"2020-03-24T09:07:29+00:00\",\"dateModified\":\"2022-11-23T15:22:57+00:00\",\"description\":\"Nuvid ist ein langj\u00e4hriger Akteur in der Welt des Vergn\u00fcgens f\u00fcr Erwachsene, und sie werden mit der Zeit immer besser. Indem sie seit \u00fcber einem Jahrzehnt Pornoinhalte anbieten, haben sie diese perfekt gemacht und viele andere kostenlose Pornoseiten \u00fcbertroffen. Die Thumbnails auf den Landing Pages sind von so hoher Qualit\u00e4t, dass es ein Vergn\u00fcgen ist, sie anzusehen.\",\"breadcrumb\":{\"@id\":\"https:\/\/pornmate.com\/de\/nuvid#breadcrumb\"},\"inLanguage\":\"de\",\"potentialAction\":[{\"@type\":\"ReadAction\",\"target\":[\"https:\/\/pornmate.com\/de\/nuvid\"]}]},{\"@type\":\"BreadcrumbList\",\"@id\":\"https:\/\/pornmate.com\/de\/nuvid#breadcrumb\",\"itemListElement\":[{\"@type\":\"ListItem\",\"position\":1,\"name\":\"Startseite\",\"item\":\"https:\/\/pornmate.com\/de\"},{\"@type\":\"ListItem\",\"position\":2,\"name\":\"Nuvid\"}]},{\"@type\":\"WebSite\",\"@id\":\"https:\/\/pornmate.com\/de\/#website\",\"url\":\"https:\/\/pornmate.com\/de\/\",\"name\":\"Besten Pornoseiten - Kostenlose Deutsche Pornos | PornMate.com\",\"description\":\"Kostenlose Pornos, ist Ihr Combo-Verzeichnis der besten gratis Pornoseiten, die Sie finden k\u00f6nnen, und das fantastische Seitenbewertungen, Kostenlose Deutsche sex Biografien von Pornostars und ihre xxx Freie Porno videos unter einem Dach pr\u00e4sentiert.\",\"publisher\":{\"@id\":\"https:\/\/pornmate.com\/de\/#organization\"},\"potentialAction\":[{\"@type\":\"SearchAction\",\"target\":{\"@type\":\"EntryPoint\",\"urlTemplate\":\"https:\/\/pornmate.com\/de\/?s={search_term_string}\"},\"query-input\":{\"@type\":\"PropertyValueSpecification\",\"valueRequired\":true,\"valueName\":\"search_term_string\"}}],\"inLanguage\":\"de\"},{\"@type\":\"Organization\",\"@id\":\"https:\/\/pornmate.com\/de\/#organization\",\"name\":\"Besten Pornoseiten - Kostenlose Deutsche Pornos | PornMate.com\",\"url\":\"https:\/\/pornmate.com\/de\/\",\"logo\":{\"@type\":\"ImageObject\",\"inLanguage\":\"de\",\"@id\":\"https:\/\/pornmate.com\/de\/#\/schema\/logo\/image\/\",\"url\":\"https:\/\/pornmate.com\/de\/wp-content\/uploads\/2022\/11\/pornmate-1.png\",\"contentUrl\":\"https:\/\/pornmate.com\/de\/wp-content\/uploads\/2022\/11\/pornmate-1.png\",\"width\":203,\"height\":200,\"caption\":\"Besten Pornoseiten - Kostenlose Deutsche Pornos | PornMate.com\"},\"image\":{\"@id\":\"https:\/\/pornmate.com\/de\/#\/schema\/logo\/image\/\"}}]}<\/script>\n<!-- \/ Yoast SEO plugin. -->","yoast_head_json":{"title":"Nuvid und Liste der besten Pornoseiten | PornMate","description":"Nuvid ist ein langj\u00e4hriger Akteur in der Welt des Vergn\u00fcgens f\u00fcr Erwachsene, und sie werden mit der Zeit immer besser. Indem sie seit \u00fcber einem Jahrzehnt Pornoinhalte anbieten, haben sie diese perfekt gemacht und viele andere kostenlose Pornoseiten \u00fcbertroffen. Die Thumbnails auf den Landing Pages sind von so hoher Qualit\u00e4t, dass es ein Vergn\u00fcgen ist, sie anzusehen.","robots":{"index":"index","follow":"follow","max-snippet":"max-snippet:-1","max-image-preview":"max-image-preview:large","max-video-preview":"max-video-preview:-1"},"canonical":"https:\/\/pornmate.com\/de\/nuvid","og_locale":"de_DE","og_type":"article","og_title":"Nuvid und Liste der besten Pornoseiten | PornMate","og_description":"Nuvid ist ein langj\u00e4hriger Akteur in der Welt des Vergn\u00fcgens f\u00fcr Erwachsene, und sie werden mit der Zeit immer besser. Indem sie seit \u00fcber einem Jahrzehnt Pornoinhalte anbieten, haben sie diese perfekt gemacht und viele andere kostenlose Pornoseiten \u00fcbertroffen. Die Thumbnails auf den Landing Pages sind von so hoher Qualit\u00e4t, dass es ein Vergn\u00fcgen ist, sie anzusehen.","og_url":"https:\/\/pornmate.com\/de\/nuvid","og_site_name":"Besten Pornoseiten - Kostenlose Deutsche Pornos | PornMate.com","article_modified_time":"2022-11-23T15:22:57+00:00","twitter_card":"summary_large_image","twitter_misc":{"Gesch\u00e4tzte Lesezeit":"2\u00a0Minuten"},"schema":{"@context":"https:\/\/schema.org","@graph":[{"@type":"WebPage","@id":"https:\/\/pornmate.com\/de\/nuvid","url":"https:\/\/pornmate.com\/de\/nuvid","name":"Nuvid und Liste der besten Pornoseiten | PornMate","isPartOf":{"@id":"https:\/\/pornmate.com\/de\/#website"},"datePublished":"2020-03-24T09:07:29+00:00","dateModified":"2022-11-23T15:22:57+00:00","description":"Nuvid ist ein langj\u00e4hriger Akteur in der Welt des Vergn\u00fcgens f\u00fcr Erwachsene, und sie werden mit der Zeit immer besser. Indem sie seit \u00fcber einem Jahrzehnt Pornoinhalte anbieten, haben sie diese perfekt gemacht und viele andere kostenlose Pornoseiten \u00fcbertroffen. Die Thumbnails auf den Landing Pages sind von so hoher Qualit\u00e4t, dass es ein Vergn\u00fcgen ist, sie anzusehen.","breadcrumb":{"@id":"https:\/\/pornmate.com\/de\/nuvid#breadcrumb"},"inLanguage":"de","potentialAction":[{"@type":"ReadAction","target":["https:\/\/pornmate.com\/de\/nuvid"]}]},{"@type":"BreadcrumbList","@id":"https:\/\/pornmate.com\/de\/nuvid#breadcrumb","itemListElement":[{"@type":"ListItem","position":1,"name":"Startseite","item":"https:\/\/pornmate.com\/de"},{"@type":"ListItem","position":2,"name":"Nuvid"}]},{"@type":"WebSite","@id":"https:\/\/pornmate.com\/de\/#website","url":"https:\/\/pornmate.com\/de\/","name":"Besten Pornoseiten - Kostenlose Deutsche Pornos | PornMate.com","description":"Kostenlose Pornos, ist Ihr Combo-Verzeichnis der besten gratis Pornoseiten, die Sie finden k\u00f6nnen, und das fantastische Seitenbewertungen, Kostenlose Deutsche sex Biografien von Pornostars und ihre xxx Freie Porno videos unter einem Dach pr\u00e4sentiert.","publisher":{"@id":"https:\/\/pornmate.com\/de\/#organization"},"potentialAction":[{"@type":"SearchAction","target":{"@type":"EntryPoint","urlTemplate":"https:\/\/pornmate.com\/de\/?s={search_term_string}"},"query-input":{"@type":"PropertyValueSpecification","valueRequired":true,"valueName":"search_term_string"}}],"inLanguage":"de"},{"@type":"Organization","@id":"https:\/\/pornmate.com\/de\/#organization","name":"Besten Pornoseiten - Kostenlose Deutsche Pornos | PornMate.com","url":"https:\/\/pornmate.com\/de\/","logo":{"@type":"ImageObject","inLanguage":"de","@id":"https:\/\/pornmate.com\/de\/#\/schema\/logo\/image\/","url":"https:\/\/pornmate.com\/de\/wp-content\/uploads\/2022\/11\/pornmate-1.png","contentUrl":"https:\/\/pornmate.com\/de\/wp-content\/uploads\/2022\/11\/pornmate-1.png","width":203,"height":200,"caption":"Besten Pornoseiten - Kostenlose Deutsche Pornos | PornMate.com"},"image":{"@id":"https:\/\/pornmate.com\/de\/#\/schema\/logo\/image\/"}}]}},"_links":{"self":[{"href":"https:\/\/pornmate.com\/de\/wp-json\/wp\/v2\/pages\/7483","targetHints":{"allow":["GET"]}}],"collection":[{"href":"https:\/\/pornmate.com\/de\/wp-json\/wp\/v2\/pages"}],"about":[{"href":"https:\/\/pornmate.com\/de\/wp-json\/wp\/v2\/types\/page"}],"author":[{"embeddable":true,"href":"https:\/\/pornmate.com\/de\/wp-json\/wp\/v2\/users\/1"}],"replies":[{"embeddable":true,"href":"https:\/\/pornmate.com\/de\/wp-json\/wp\/v2\/comments?post=7483"}],"version-history":[{"count":0,"href":"https:\/\/pornmate.com\/de\/wp-json\/wp\/v2\/pages\/7483\/revisions"}],"wp:attachment":[{"href":"https:\/\/pornmate.com\/de\/wp-json\/wp\/v2\/media?parent=7483"}],"curies":[{"name":"wp","href":"https:\/\/api.w.org\/{rel}","templated":true}]}}