{"id":7485,"date":"2020-03-24T09:10:22","date_gmt":"2020-03-24T09:10:22","guid":{"rendered":"https:\/\/pornmate.com\/?page_id=7485"},"modified":"2022-11-23T16:19:53","modified_gmt":"2022-11-23T15:19:53","slug":"hclips","status":"publish","type":"page","link":"https:\/\/pornmate.com\/de\/hclips","title":{"rendered":"Hclips"},"content":{"rendered":"<p>HClips mag einfach erscheinen, aber es hat alle Inhalte, die eine Pornoseite interessant machen. Minimalistischer Ansatz, wenn es um das Site-Design geht, dies ist eine der sehr stilvollen und modernen kostenlosen Porno-Tube-Sites. Der gesamte Fokus liegt auf Videos, sodass es keine alten Tracks oder Episoden gibt, durch die man sich durchklicken oder die man verlieren kann. Die Homepage ist voll davon, und wenn Sie mit der Maus \u00fcber das hochwertige Miniaturbild fahren, k\u00f6nnen Sie eine Vorschau sehen, die Sie zum Klicken und spannenden Handeln einl\u00e4dt. Wenn Sie den gew\u00fcnschten und geliebten Inhalt auf der HClips.com-Startseite nicht gefunden haben, gibt es zum Gl\u00fcck einen Abschnitt an der Seite, der Ihre Suche vereinfacht, und mit den gew\u00fcnschten Eingrenzungsoptionen ist es einfach, das zu finden, was Sie suchen zum. Unter anderem sind die bemerkenswerteren Kategorien solche, die auf einem bestimmten Land basieren, wie Deutsch, Russisch, Europ\u00e4isch, Japanisch, und es gibt auch HD-Videos. Seien Sie auch nicht \u00fcberrascht, wenn Sie auf ber\u00fchmte Pornostars wie Jessa Rhodes, Katrina Jade, Allie Haze, Cherie Deville oder so sto\u00dfen, denn davon gibt es viele. Dar\u00fcber hinaus hat die Seite eine eigene Community und sogar Live-Cams.<\/p>\n","protected":false},"excerpt":{"rendered":"<p>HClips mag einfach erscheinen, aber es hat alle Inhalte, die eine Pornoseite interessant machen. Minimalistischer Ansatz, wenn es um das Site-Design geht, dies ist eine der sehr stilvollen und modernen kostenlosen Porno-Tube-Sites. Der gesamte Fokus liegt auf Videos, sodass es keine alten Tracks oder Episoden gibt, durch die man sich durchklicken oder die man verlieren [&hellip;]<\/p>\n","protected":false},"author":1,"featured_media":0,"parent":0,"menu_order":0,"comment_status":"closed","ping_status":"closed","template":"page-star-stil.php","meta":{"footnotes":""},"class_list":["post-7485","page","type-page","status-publish","hentry"],"yoast_head":"<!-- This site is optimized with the Yoast SEO plugin v27.2 - https:\/\/yoast.com\/product\/yoast-seo-wordpress\/ -->\n<title>Hclips und Liste der besten Pornoseiten | PornMate<\/title>\n<meta name=\"description\" content=\"HClips mag einfach erscheinen, aber es hat alle Inhalte, die eine Pornoseite interessant machen. Minimalistischer Ansatz, wenn es um das Site-Design geht, dies ist eine der sehr stilvollen und modernen kostenlosen Porno-Tube-Sites.\" \/>\n<meta name=\"robots\" content=\"index, follow, max-snippet:-1, max-image-preview:large, max-video-preview:-1\" \/>\n<link rel=\"canonical\" href=\"https:\/\/pornmate.com\/de\/hclips\" \/>\n<meta property=\"og:locale\" content=\"de_DE\" \/>\n<meta property=\"og:type\" content=\"article\" \/>\n<meta property=\"og:title\" content=\"Hclips und Liste der besten Pornoseiten | PornMate\" \/>\n<meta property=\"og:description\" content=\"HClips mag einfach erscheinen, aber es hat alle Inhalte, die eine Pornoseite interessant machen. Minimalistischer Ansatz, wenn es um das Site-Design geht, dies ist eine der sehr stilvollen und modernen kostenlosen Porno-Tube-Sites.\" \/>\n<meta property=\"og:url\" content=\"https:\/\/pornmate.com\/de\/hclips\" \/>\n<meta property=\"og:site_name\" content=\"Besten Pornoseiten - Kostenlose Deutsche Pornos | PornMate.com\" \/>\n<meta property=\"article:modified_time\" content=\"2022-11-23T15:19:53+00:00\" \/>\n<meta name=\"twitter:card\" content=\"summary_large_image\" \/>\n<meta name=\"twitter:label1\" content=\"Gesch\u00e4tzte Lesezeit\" \/>\n\t<meta name=\"twitter:data1\" content=\"2\u00a0Minuten\" \/>\n<script type=\"application\/ld+json\" class=\"yoast-schema-graph\">{\"@context\":\"https:\/\/schema.org\",\"@graph\":[{\"@type\":\"WebPage\",\"@id\":\"https:\/\/pornmate.com\/de\/hclips\",\"url\":\"https:\/\/pornmate.com\/de\/hclips\",\"name\":\"Hclips und Liste der besten Pornoseiten | PornMate\",\"isPartOf\":{\"@id\":\"https:\/\/pornmate.com\/de\/#website\"},\"datePublished\":\"2020-03-24T09:10:22+00:00\",\"dateModified\":\"2022-11-23T15:19:53+00:00\",\"description\":\"HClips mag einfach erscheinen, aber es hat alle Inhalte, die eine Pornoseite interessant machen. Minimalistischer Ansatz, wenn es um das Site-Design geht, dies ist eine der sehr stilvollen und modernen kostenlosen Porno-Tube-Sites.\",\"breadcrumb\":{\"@id\":\"https:\/\/pornmate.com\/de\/hclips#breadcrumb\"},\"inLanguage\":\"de\",\"potentialAction\":[{\"@type\":\"ReadAction\",\"target\":[\"https:\/\/pornmate.com\/de\/hclips\"]}]},{\"@type\":\"BreadcrumbList\",\"@id\":\"https:\/\/pornmate.com\/de\/hclips#breadcrumb\",\"itemListElement\":[{\"@type\":\"ListItem\",\"position\":1,\"name\":\"Startseite\",\"item\":\"https:\/\/pornmate.com\/de\"},{\"@type\":\"ListItem\",\"position\":2,\"name\":\"Hclips\"}]},{\"@type\":\"WebSite\",\"@id\":\"https:\/\/pornmate.com\/de\/#website\",\"url\":\"https:\/\/pornmate.com\/de\/\",\"name\":\"Besten Pornoseiten - Kostenlose Deutsche Pornos | PornMate.com\",\"description\":\"Kostenlose Pornos, ist Ihr Combo-Verzeichnis der besten gratis Pornoseiten, die Sie finden k\u00f6nnen, und das fantastische Seitenbewertungen, Kostenlose Deutsche sex Biografien von Pornostars und ihre xxx Freie Porno videos unter einem Dach pr\u00e4sentiert.\",\"publisher\":{\"@id\":\"https:\/\/pornmate.com\/de\/#organization\"},\"potentialAction\":[{\"@type\":\"SearchAction\",\"target\":{\"@type\":\"EntryPoint\",\"urlTemplate\":\"https:\/\/pornmate.com\/de\/?s={search_term_string}\"},\"query-input\":{\"@type\":\"PropertyValueSpecification\",\"valueRequired\":true,\"valueName\":\"search_term_string\"}}],\"inLanguage\":\"de\"},{\"@type\":\"Organization\",\"@id\":\"https:\/\/pornmate.com\/de\/#organization\",\"name\":\"Besten Pornoseiten - Kostenlose Deutsche Pornos | PornMate.com\",\"url\":\"https:\/\/pornmate.com\/de\/\",\"logo\":{\"@type\":\"ImageObject\",\"inLanguage\":\"de\",\"@id\":\"https:\/\/pornmate.com\/de\/#\/schema\/logo\/image\/\",\"url\":\"https:\/\/pornmate.com\/de\/wp-content\/uploads\/2022\/11\/pornmate-1.png\",\"contentUrl\":\"https:\/\/pornmate.com\/de\/wp-content\/uploads\/2022\/11\/pornmate-1.png\",\"width\":203,\"height\":200,\"caption\":\"Besten Pornoseiten - Kostenlose Deutsche Pornos | PornMate.com\"},\"image\":{\"@id\":\"https:\/\/pornmate.com\/de\/#\/schema\/logo\/image\/\"}}]}<\/script>\n<!-- \/ Yoast SEO plugin. -->","yoast_head_json":{"title":"Hclips und Liste der besten Pornoseiten | PornMate","description":"HClips mag einfach erscheinen, aber es hat alle Inhalte, die eine Pornoseite interessant machen. Minimalistischer Ansatz, wenn es um das Site-Design geht, dies ist eine der sehr stilvollen und modernen kostenlosen Porno-Tube-Sites.","robots":{"index":"index","follow":"follow","max-snippet":"max-snippet:-1","max-image-preview":"max-image-preview:large","max-video-preview":"max-video-preview:-1"},"canonical":"https:\/\/pornmate.com\/de\/hclips","og_locale":"de_DE","og_type":"article","og_title":"Hclips und Liste der besten Pornoseiten | PornMate","og_description":"HClips mag einfach erscheinen, aber es hat alle Inhalte, die eine Pornoseite interessant machen. Minimalistischer Ansatz, wenn es um das Site-Design geht, dies ist eine der sehr stilvollen und modernen kostenlosen Porno-Tube-Sites.","og_url":"https:\/\/pornmate.com\/de\/hclips","og_site_name":"Besten Pornoseiten - Kostenlose Deutsche Pornos | PornMate.com","article_modified_time":"2022-11-23T15:19:53+00:00","twitter_card":"summary_large_image","twitter_misc":{"Gesch\u00e4tzte Lesezeit":"2\u00a0Minuten"},"schema":{"@context":"https:\/\/schema.org","@graph":[{"@type":"WebPage","@id":"https:\/\/pornmate.com\/de\/hclips","url":"https:\/\/pornmate.com\/de\/hclips","name":"Hclips und Liste der besten Pornoseiten | PornMate","isPartOf":{"@id":"https:\/\/pornmate.com\/de\/#website"},"datePublished":"2020-03-24T09:10:22+00:00","dateModified":"2022-11-23T15:19:53+00:00","description":"HClips mag einfach erscheinen, aber es hat alle Inhalte, die eine Pornoseite interessant machen. Minimalistischer Ansatz, wenn es um das Site-Design geht, dies ist eine der sehr stilvollen und modernen kostenlosen Porno-Tube-Sites.","breadcrumb":{"@id":"https:\/\/pornmate.com\/de\/hclips#breadcrumb"},"inLanguage":"de","potentialAction":[{"@type":"ReadAction","target":["https:\/\/pornmate.com\/de\/hclips"]}]},{"@type":"BreadcrumbList","@id":"https:\/\/pornmate.com\/de\/hclips#breadcrumb","itemListElement":[{"@type":"ListItem","position":1,"name":"Startseite","item":"https:\/\/pornmate.com\/de"},{"@type":"ListItem","position":2,"name":"Hclips"}]},{"@type":"WebSite","@id":"https:\/\/pornmate.com\/de\/#website","url":"https:\/\/pornmate.com\/de\/","name":"Besten Pornoseiten - Kostenlose Deutsche Pornos | PornMate.com","description":"Kostenlose Pornos, ist Ihr Combo-Verzeichnis der besten gratis Pornoseiten, die Sie finden k\u00f6nnen, und das fantastische Seitenbewertungen, Kostenlose Deutsche sex Biografien von Pornostars und ihre xxx Freie Porno videos unter einem Dach pr\u00e4sentiert.","publisher":{"@id":"https:\/\/pornmate.com\/de\/#organization"},"potentialAction":[{"@type":"SearchAction","target":{"@type":"EntryPoint","urlTemplate":"https:\/\/pornmate.com\/de\/?s={search_term_string}"},"query-input":{"@type":"PropertyValueSpecification","valueRequired":true,"valueName":"search_term_string"}}],"inLanguage":"de"},{"@type":"Organization","@id":"https:\/\/pornmate.com\/de\/#organization","name":"Besten Pornoseiten - Kostenlose Deutsche Pornos | PornMate.com","url":"https:\/\/pornmate.com\/de\/","logo":{"@type":"ImageObject","inLanguage":"de","@id":"https:\/\/pornmate.com\/de\/#\/schema\/logo\/image\/","url":"https:\/\/pornmate.com\/de\/wp-content\/uploads\/2022\/11\/pornmate-1.png","contentUrl":"https:\/\/pornmate.com\/de\/wp-content\/uploads\/2022\/11\/pornmate-1.png","width":203,"height":200,"caption":"Besten Pornoseiten - Kostenlose Deutsche Pornos | PornMate.com"},"image":{"@id":"https:\/\/pornmate.com\/de\/#\/schema\/logo\/image\/"}}]}},"_links":{"self":[{"href":"https:\/\/pornmate.com\/de\/wp-json\/wp\/v2\/pages\/7485","targetHints":{"allow":["GET"]}}],"collection":[{"href":"https:\/\/pornmate.com\/de\/wp-json\/wp\/v2\/pages"}],"about":[{"href":"https:\/\/pornmate.com\/de\/wp-json\/wp\/v2\/types\/page"}],"author":[{"embeddable":true,"href":"https:\/\/pornmate.com\/de\/wp-json\/wp\/v2\/users\/1"}],"replies":[{"embeddable":true,"href":"https:\/\/pornmate.com\/de\/wp-json\/wp\/v2\/comments?post=7485"}],"version-history":[{"count":0,"href":"https:\/\/pornmate.com\/de\/wp-json\/wp\/v2\/pages\/7485\/revisions"}],"wp:attachment":[{"href":"https:\/\/pornmate.com\/de\/wp-json\/wp\/v2\/media?parent=7485"}],"curies":[{"name":"wp","href":"https:\/\/api.w.org\/{rel}","templated":true}]}}