{"id":7487,"date":"2020-03-24T09:13:42","date_gmt":"2020-03-24T09:13:42","guid":{"rendered":"https:\/\/pornmate.com\/?page_id=7487"},"modified":"2022-11-23T15:28:18","modified_gmt":"2022-11-23T14:28:18","slug":"porntube","status":"publish","type":"page","link":"https:\/\/pornmate.com\/de\/porntube","title":{"rendered":"Porntube"},"content":{"rendered":"<p>Porntube.com hat eigentlich einen ziemlich selbsterkl\u00e4renden Namen. Es gibt so viel, was diese Seite zu bieten hat, das es wert ist, erw\u00e4hnt zu werden. Eine der beliebtesten und anerkanntesten kostenlosen Porno-Tube-Sites mit t\u00e4glichen Updates. Das bedeutet, dass der Inhalt niemals endet und niemals enden wird. Nat\u00fcrlich gibt es bereits Hunderttausende von Inhalten. Das bedeutet, dass Sie immer viel mehr finden werden, als Sie suchen. Dar\u00fcber hinaus ist ein weiteres Problem, das diese Website von den anderen abhebt, ihr Design. Auf diese Weise ist sie anderen Seiten mit pornografischen Inhalten voraus. Sie haben sowohl Tag- als auch Nachtmodus! Auf diese Weise k\u00f6nnen Sie zwischen Wei\u00df und Grau und Schwarz und Rot eine Farbpalette verwenden, die Ihrem Geschmack entspricht. Auf dieser Seite gibt es auch heterosexuelle, schwule und transsexuelle Inhalte. Es ist also ein Portfolio, das so ziemlich alles abdeckt. Pornostar-Namen wie Audrey Bitoni, Lela Star, Dillion Harper oder Rachel Starr sind nur einige der Namen, die Sie erwarten k\u00f6nnen. Abgesehen von der Unterteilung in zahlreiche Kategorien und viele Kan\u00e4le gibt es auch spezielle Wiedergabelisten, die eine Reihe gleichgesinnter Videos enthalten. Dies stellt sicher, dass Sie, sobald Sie das gefunden haben, was Sie lieben, nie aufh\u00f6ren zu schauen.<\/p>\n","protected":false},"excerpt":{"rendered":"<p>Porntube.com hat eigentlich einen ziemlich selbsterkl\u00e4renden Namen. Es gibt so viel, was diese Seite zu bieten hat, das es wert ist, erw\u00e4hnt zu werden. Eine der beliebtesten und anerkanntesten kostenlosen Porno-Tube-Sites mit t\u00e4glichen Updates. Das bedeutet, dass der Inhalt niemals endet und niemals enden wird. Nat\u00fcrlich gibt es bereits Hunderttausende von Inhalten. Das bedeutet, dass [&hellip;]<\/p>\n","protected":false},"author":1,"featured_media":0,"parent":0,"menu_order":0,"comment_status":"closed","ping_status":"closed","template":"page-star-stil.php","meta":{"footnotes":""},"class_list":["post-7487","page","type-page","status-publish","hentry"],"yoast_head":"<!-- This site is optimized with the Yoast SEO plugin v27.2 - https:\/\/yoast.com\/product\/yoast-seo-wordpress\/ -->\n<title>Porntube und Liste der besten Pornoseiten | PornMate<\/title>\n<meta name=\"description\" content=\"Porntube has a pretty self-explanatory name but there is much this site has to offer that&#039;s worth talking about.Porntube.com hat eigentlich einen ziemlich selbsterkl\u00e4renden Namen. Es gibt so viel, was diese Seite zu bieten hat, das es wert ist, erw\u00e4hnt zu werden. Eine der beliebtesten und anerkanntesten kostenlosen Porno-Tube-Sites mit t\u00e4glichen Updates.\" \/>\n<meta name=\"robots\" content=\"index, follow, max-snippet:-1, max-image-preview:large, max-video-preview:-1\" \/>\n<link rel=\"canonical\" href=\"https:\/\/pornmate.com\/de\/porntube\" \/>\n<meta property=\"og:locale\" content=\"de_DE\" \/>\n<meta property=\"og:type\" content=\"article\" \/>\n<meta property=\"og:title\" content=\"Porntube und Liste der besten Pornoseiten | PornMate\" \/>\n<meta property=\"og:description\" content=\"Porntube has a pretty self-explanatory name but there is much this site has to offer that&#039;s worth talking about.Porntube.com hat eigentlich einen ziemlich selbsterkl\u00e4renden Namen. Es gibt so viel, was diese Seite zu bieten hat, das es wert ist, erw\u00e4hnt zu werden. Eine der beliebtesten und anerkanntesten kostenlosen Porno-Tube-Sites mit t\u00e4glichen Updates.\" \/>\n<meta property=\"og:url\" content=\"https:\/\/pornmate.com\/de\/porntube\" \/>\n<meta property=\"og:site_name\" content=\"Besten Pornoseiten - Kostenlose Deutsche Pornos | PornMate.com\" \/>\n<meta property=\"article:modified_time\" content=\"2022-11-23T14:28:18+00:00\" \/>\n<meta name=\"twitter:card\" content=\"summary_large_image\" \/>\n<meta name=\"twitter:label1\" content=\"Gesch\u00e4tzte Lesezeit\" \/>\n\t<meta name=\"twitter:data1\" content=\"2\u00a0Minuten\" \/>\n<script type=\"application\/ld+json\" class=\"yoast-schema-graph\">{\"@context\":\"https:\/\/schema.org\",\"@graph\":[{\"@type\":\"WebPage\",\"@id\":\"https:\/\/pornmate.com\/de\/porntube\",\"url\":\"https:\/\/pornmate.com\/de\/porntube\",\"name\":\"Porntube und Liste der besten Pornoseiten | PornMate\",\"isPartOf\":{\"@id\":\"https:\/\/pornmate.com\/de\/#website\"},\"datePublished\":\"2020-03-24T09:13:42+00:00\",\"dateModified\":\"2022-11-23T14:28:18+00:00\",\"description\":\"Porntube has a pretty self-explanatory name but there is much this site has to offer that's worth talking about.Porntube.com hat eigentlich einen ziemlich selbsterkl\u00e4renden Namen. Es gibt so viel, was diese Seite zu bieten hat, das es wert ist, erw\u00e4hnt zu werden. Eine der beliebtesten und anerkanntesten kostenlosen Porno-Tube-Sites mit t\u00e4glichen Updates.\",\"breadcrumb\":{\"@id\":\"https:\/\/pornmate.com\/de\/porntube#breadcrumb\"},\"inLanguage\":\"de\",\"potentialAction\":[{\"@type\":\"ReadAction\",\"target\":[\"https:\/\/pornmate.com\/de\/porntube\"]}]},{\"@type\":\"BreadcrumbList\",\"@id\":\"https:\/\/pornmate.com\/de\/porntube#breadcrumb\",\"itemListElement\":[{\"@type\":\"ListItem\",\"position\":1,\"name\":\"Startseite\",\"item\":\"https:\/\/pornmate.com\/de\"},{\"@type\":\"ListItem\",\"position\":2,\"name\":\"Porntube\"}]},{\"@type\":\"WebSite\",\"@id\":\"https:\/\/pornmate.com\/de\/#website\",\"url\":\"https:\/\/pornmate.com\/de\/\",\"name\":\"Besten Pornoseiten - Kostenlose Deutsche Pornos | PornMate.com\",\"description\":\"Kostenlose Pornos, ist Ihr Combo-Verzeichnis der besten gratis Pornoseiten, die Sie finden k\u00f6nnen, und das fantastische Seitenbewertungen, Kostenlose Deutsche sex Biografien von Pornostars und ihre xxx Freie Porno videos unter einem Dach pr\u00e4sentiert.\",\"publisher\":{\"@id\":\"https:\/\/pornmate.com\/de\/#organization\"},\"potentialAction\":[{\"@type\":\"SearchAction\",\"target\":{\"@type\":\"EntryPoint\",\"urlTemplate\":\"https:\/\/pornmate.com\/de\/?s={search_term_string}\"},\"query-input\":{\"@type\":\"PropertyValueSpecification\",\"valueRequired\":true,\"valueName\":\"search_term_string\"}}],\"inLanguage\":\"de\"},{\"@type\":\"Organization\",\"@id\":\"https:\/\/pornmate.com\/de\/#organization\",\"name\":\"Besten Pornoseiten - Kostenlose Deutsche Pornos | PornMate.com\",\"url\":\"https:\/\/pornmate.com\/de\/\",\"logo\":{\"@type\":\"ImageObject\",\"inLanguage\":\"de\",\"@id\":\"https:\/\/pornmate.com\/de\/#\/schema\/logo\/image\/\",\"url\":\"https:\/\/pornmate.com\/de\/wp-content\/uploads\/2022\/11\/pornmate-1.png\",\"contentUrl\":\"https:\/\/pornmate.com\/de\/wp-content\/uploads\/2022\/11\/pornmate-1.png\",\"width\":203,\"height\":200,\"caption\":\"Besten Pornoseiten - Kostenlose Deutsche Pornos | PornMate.com\"},\"image\":{\"@id\":\"https:\/\/pornmate.com\/de\/#\/schema\/logo\/image\/\"}}]}<\/script>\n<!-- \/ Yoast SEO plugin. -->","yoast_head_json":{"title":"Porntube und Liste der besten Pornoseiten | PornMate","description":"Porntube has a pretty self-explanatory name but there is much this site has to offer that's worth talking about.Porntube.com hat eigentlich einen ziemlich selbsterkl\u00e4renden Namen. Es gibt so viel, was diese Seite zu bieten hat, das es wert ist, erw\u00e4hnt zu werden. Eine der beliebtesten und anerkanntesten kostenlosen Porno-Tube-Sites mit t\u00e4glichen Updates.","robots":{"index":"index","follow":"follow","max-snippet":"max-snippet:-1","max-image-preview":"max-image-preview:large","max-video-preview":"max-video-preview:-1"},"canonical":"https:\/\/pornmate.com\/de\/porntube","og_locale":"de_DE","og_type":"article","og_title":"Porntube und Liste der besten Pornoseiten | PornMate","og_description":"Porntube has a pretty self-explanatory name but there is much this site has to offer that's worth talking about.Porntube.com hat eigentlich einen ziemlich selbsterkl\u00e4renden Namen. Es gibt so viel, was diese Seite zu bieten hat, das es wert ist, erw\u00e4hnt zu werden. Eine der beliebtesten und anerkanntesten kostenlosen Porno-Tube-Sites mit t\u00e4glichen Updates.","og_url":"https:\/\/pornmate.com\/de\/porntube","og_site_name":"Besten Pornoseiten - Kostenlose Deutsche Pornos | PornMate.com","article_modified_time":"2022-11-23T14:28:18+00:00","twitter_card":"summary_large_image","twitter_misc":{"Gesch\u00e4tzte Lesezeit":"2\u00a0Minuten"},"schema":{"@context":"https:\/\/schema.org","@graph":[{"@type":"WebPage","@id":"https:\/\/pornmate.com\/de\/porntube","url":"https:\/\/pornmate.com\/de\/porntube","name":"Porntube und Liste der besten Pornoseiten | PornMate","isPartOf":{"@id":"https:\/\/pornmate.com\/de\/#website"},"datePublished":"2020-03-24T09:13:42+00:00","dateModified":"2022-11-23T14:28:18+00:00","description":"Porntube has a pretty self-explanatory name but there is much this site has to offer that's worth talking about.Porntube.com hat eigentlich einen ziemlich selbsterkl\u00e4renden Namen. Es gibt so viel, was diese Seite zu bieten hat, das es wert ist, erw\u00e4hnt zu werden. Eine der beliebtesten und anerkanntesten kostenlosen Porno-Tube-Sites mit t\u00e4glichen Updates.","breadcrumb":{"@id":"https:\/\/pornmate.com\/de\/porntube#breadcrumb"},"inLanguage":"de","potentialAction":[{"@type":"ReadAction","target":["https:\/\/pornmate.com\/de\/porntube"]}]},{"@type":"BreadcrumbList","@id":"https:\/\/pornmate.com\/de\/porntube#breadcrumb","itemListElement":[{"@type":"ListItem","position":1,"name":"Startseite","item":"https:\/\/pornmate.com\/de"},{"@type":"ListItem","position":2,"name":"Porntube"}]},{"@type":"WebSite","@id":"https:\/\/pornmate.com\/de\/#website","url":"https:\/\/pornmate.com\/de\/","name":"Besten Pornoseiten - Kostenlose Deutsche Pornos | PornMate.com","description":"Kostenlose Pornos, ist Ihr Combo-Verzeichnis der besten gratis Pornoseiten, die Sie finden k\u00f6nnen, und das fantastische Seitenbewertungen, Kostenlose Deutsche sex Biografien von Pornostars und ihre xxx Freie Porno videos unter einem Dach pr\u00e4sentiert.","publisher":{"@id":"https:\/\/pornmate.com\/de\/#organization"},"potentialAction":[{"@type":"SearchAction","target":{"@type":"EntryPoint","urlTemplate":"https:\/\/pornmate.com\/de\/?s={search_term_string}"},"query-input":{"@type":"PropertyValueSpecification","valueRequired":true,"valueName":"search_term_string"}}],"inLanguage":"de"},{"@type":"Organization","@id":"https:\/\/pornmate.com\/de\/#organization","name":"Besten Pornoseiten - Kostenlose Deutsche Pornos | PornMate.com","url":"https:\/\/pornmate.com\/de\/","logo":{"@type":"ImageObject","inLanguage":"de","@id":"https:\/\/pornmate.com\/de\/#\/schema\/logo\/image\/","url":"https:\/\/pornmate.com\/de\/wp-content\/uploads\/2022\/11\/pornmate-1.png","contentUrl":"https:\/\/pornmate.com\/de\/wp-content\/uploads\/2022\/11\/pornmate-1.png","width":203,"height":200,"caption":"Besten Pornoseiten - Kostenlose Deutsche Pornos | PornMate.com"},"image":{"@id":"https:\/\/pornmate.com\/de\/#\/schema\/logo\/image\/"}}]}},"_links":{"self":[{"href":"https:\/\/pornmate.com\/de\/wp-json\/wp\/v2\/pages\/7487","targetHints":{"allow":["GET"]}}],"collection":[{"href":"https:\/\/pornmate.com\/de\/wp-json\/wp\/v2\/pages"}],"about":[{"href":"https:\/\/pornmate.com\/de\/wp-json\/wp\/v2\/types\/page"}],"author":[{"embeddable":true,"href":"https:\/\/pornmate.com\/de\/wp-json\/wp\/v2\/users\/1"}],"replies":[{"embeddable":true,"href":"https:\/\/pornmate.com\/de\/wp-json\/wp\/v2\/comments?post=7487"}],"version-history":[{"count":0,"href":"https:\/\/pornmate.com\/de\/wp-json\/wp\/v2\/pages\/7487\/revisions"}],"wp:attachment":[{"href":"https:\/\/pornmate.com\/de\/wp-json\/wp\/v2\/media?parent=7487"}],"curies":[{"name":"wp","href":"https:\/\/api.w.org\/{rel}","templated":true}]}}