{"id":7489,"date":"2020-03-24T09:16:17","date_gmt":"2020-03-24T09:16:17","guid":{"rendered":"https:\/\/pornmate.com\/?page_id=7489"},"modified":"2022-11-23T16:14:27","modified_gmt":"2022-11-23T15:14:27","slug":"cumlouder","status":"publish","type":"page","link":"https:\/\/pornmate.com\/de\/cumlouder","title":{"rendered":"Cumlouder"},"content":{"rendered":"<p>Cumlouder wei\u00df, dass das Internet f\u00fcr Pornos gemacht ist, und das kann er am besten. Das Design der Seite unterscheidet sich ein wenig von anderen Seiten, an die Sie gew\u00f6hnt sind, und das macht sie interessanter. Wenn du Cumlouder.com \u00f6ffnest, \u00fcberh\u00e4uft dich die angezeigte Seite nicht mit Thumbnails wie andere Seiten, sondern enth\u00e4lt nur atemberaubende Thumbnails beliebter Kategorien. Sie werden sofort aufgefordert, auszuw\u00e4hlen, wonach Sie suchen, und Ihre Suche einzugrenzen, was es viel einfacher macht, das Gesuchte dort zu finden. Anal, Teen, gro\u00dfe Titten, POV oder Hardcore, dies sind einige der Kategorien, auf die Sie sto\u00dfen werden, und es liegt an Ihnen, innerhalb dieser Kategorien zu finden, wonach Sie suchen. Wenn Sie lieber eine Mischung zum St\u00f6bern haben, k\u00f6nnen Sie nat\u00fcrlich immer auf den Abschnitt Pornovideos klicken und dort finden Sie alles, was Ihnen einf\u00e4llt, von kurvigen GILFs und leidenschaftlichen Babes bis hin zu asiatischen Shemales. Es versteht sich von selbst, dass Sie Pornostars wie Madison Ivy, Sophie Dee, Asa Akira oder Elsa Jean irgendwo da drau\u00dfen finden k\u00f6nnen, denn es gibt einen besonderen Platz f\u00fcr solche Pornostars. Dar\u00fcber hinaus k\u00f6nnen Sie Live-Cams durchsuchen, wenn Sie die vorab aufgezeichneten Pornos satt haben.<\/p>\n","protected":false},"excerpt":{"rendered":"<p>Cumlouder wei\u00df, dass das Internet f\u00fcr Pornos gemacht ist, und das kann er am besten. Das Design der Seite unterscheidet sich ein wenig von anderen Seiten, an die Sie gew\u00f6hnt sind, und das macht sie interessanter. Wenn du Cumlouder.com \u00f6ffnest, \u00fcberh\u00e4uft dich die angezeigte Seite nicht mit Thumbnails wie andere Seiten, sondern enth\u00e4lt nur atemberaubende [&hellip;]<\/p>\n","protected":false},"author":1,"featured_media":0,"parent":0,"menu_order":0,"comment_status":"closed","ping_status":"closed","template":"page-star-stil.php","meta":{"footnotes":""},"class_list":["post-7489","page","type-page","status-publish","hentry"],"yoast_head":"<!-- This site is optimized with the Yoast SEO plugin v27.4 - https:\/\/yoast.com\/product\/yoast-seo-wordpress\/ -->\n<title>Cumlouder und Liste der besten Pornoseiten | PornMate<\/title>\n<meta name=\"description\" content=\"Cumlouder wei\u00df, dass das Internet f\u00fcr Pornos gemacht ist, und das kann er am besten. Das Design der Seite unterscheidet sich ein wenig von anderen Seiten, an die Sie gew\u00f6hnt sind, und das macht sie interessanter. Wenn du Cumlouder.com \u00f6ffnest, \u00fcberh\u00e4uft dich die angezeigte Seite nicht mit Thumbnails wie andere Seiten, sondern enth\u00e4lt nur atemberaubende Thumbnails beliebter Kategorien.\" \/>\n<meta name=\"robots\" content=\"index, follow, max-snippet:-1, max-image-preview:large, max-video-preview:-1\" \/>\n<link rel=\"canonical\" href=\"https:\/\/pornmate.com\/de\/cumlouder\" \/>\n<meta property=\"og:locale\" content=\"de_DE\" \/>\n<meta property=\"og:type\" content=\"article\" \/>\n<meta property=\"og:title\" content=\"Cumlouder und Liste der besten Pornoseiten | PornMate\" \/>\n<meta property=\"og:description\" content=\"Cumlouder wei\u00df, dass das Internet f\u00fcr Pornos gemacht ist, und das kann er am besten. Das Design der Seite unterscheidet sich ein wenig von anderen Seiten, an die Sie gew\u00f6hnt sind, und das macht sie interessanter. Wenn du Cumlouder.com \u00f6ffnest, \u00fcberh\u00e4uft dich die angezeigte Seite nicht mit Thumbnails wie andere Seiten, sondern enth\u00e4lt nur atemberaubende Thumbnails beliebter Kategorien.\" \/>\n<meta property=\"og:url\" content=\"https:\/\/pornmate.com\/de\/cumlouder\" \/>\n<meta property=\"og:site_name\" content=\"Besten Pornoseiten - Kostenlose Deutsche Pornos | PornMate.com\" \/>\n<meta property=\"article:modified_time\" content=\"2022-11-23T15:14:27+00:00\" \/>\n<meta name=\"twitter:card\" content=\"summary_large_image\" \/>\n<meta name=\"twitter:label1\" content=\"Gesch\u00e4tzte Lesezeit\" \/>\n\t<meta name=\"twitter:data1\" content=\"2\u00a0Minuten\" \/>\n<script type=\"application\/ld+json\" class=\"yoast-schema-graph\">{\"@context\":\"https:\\\/\\\/schema.org\",\"@graph\":[{\"@type\":\"WebPage\",\"@id\":\"https:\\\/\\\/pornmate.com\\\/de\\\/cumlouder\",\"url\":\"https:\\\/\\\/pornmate.com\\\/de\\\/cumlouder\",\"name\":\"Cumlouder und Liste der besten Pornoseiten | PornMate\",\"isPartOf\":{\"@id\":\"https:\\\/\\\/pornmate.com\\\/de\\\/#website\"},\"datePublished\":\"2020-03-24T09:16:17+00:00\",\"dateModified\":\"2022-11-23T15:14:27+00:00\",\"description\":\"Cumlouder wei\u00df, dass das Internet f\u00fcr Pornos gemacht ist, und das kann er am besten. Das Design der Seite unterscheidet sich ein wenig von anderen Seiten, an die Sie gew\u00f6hnt sind, und das macht sie interessanter. Wenn du Cumlouder.com \u00f6ffnest, \u00fcberh\u00e4uft dich die angezeigte Seite nicht mit Thumbnails wie andere Seiten, sondern enth\u00e4lt nur atemberaubende Thumbnails beliebter Kategorien.\",\"breadcrumb\":{\"@id\":\"https:\\\/\\\/pornmate.com\\\/de\\\/cumlouder#breadcrumb\"},\"inLanguage\":\"de\",\"potentialAction\":[{\"@type\":\"ReadAction\",\"target\":[\"https:\\\/\\\/pornmate.com\\\/de\\\/cumlouder\"]}]},{\"@type\":\"BreadcrumbList\",\"@id\":\"https:\\\/\\\/pornmate.com\\\/de\\\/cumlouder#breadcrumb\",\"itemListElement\":[{\"@type\":\"ListItem\",\"position\":1,\"name\":\"Startseite\",\"item\":\"https:\\\/\\\/pornmate.com\\\/de\"},{\"@type\":\"ListItem\",\"position\":2,\"name\":\"Cumlouder\"}]},{\"@type\":\"WebSite\",\"@id\":\"https:\\\/\\\/pornmate.com\\\/de\\\/#website\",\"url\":\"https:\\\/\\\/pornmate.com\\\/de\\\/\",\"name\":\"Besten Pornoseiten - Kostenlose Deutsche Pornos | PornMate.com\",\"description\":\"Kostenlose Pornos, ist Ihr Combo-Verzeichnis der besten gratis Pornoseiten, die Sie finden k\u00f6nnen, und das fantastische Seitenbewertungen, Kostenlose Deutsche sex Biografien von Pornostars und ihre xxx Freie Porno videos unter einem Dach pr\u00e4sentiert.\",\"publisher\":{\"@id\":\"https:\\\/\\\/pornmate.com\\\/de\\\/#organization\"},\"potentialAction\":[{\"@type\":\"SearchAction\",\"target\":{\"@type\":\"EntryPoint\",\"urlTemplate\":\"https:\\\/\\\/pornmate.com\\\/de\\\/?s={search_term_string}\"},\"query-input\":{\"@type\":\"PropertyValueSpecification\",\"valueRequired\":true,\"valueName\":\"search_term_string\"}}],\"inLanguage\":\"de\"},{\"@type\":\"Organization\",\"@id\":\"https:\\\/\\\/pornmate.com\\\/de\\\/#organization\",\"name\":\"Besten Pornoseiten - Kostenlose Deutsche Pornos | PornMate.com\",\"url\":\"https:\\\/\\\/pornmate.com\\\/de\\\/\",\"logo\":{\"@type\":\"ImageObject\",\"inLanguage\":\"de\",\"@id\":\"https:\\\/\\\/pornmate.com\\\/de\\\/#\\\/schema\\\/logo\\\/image\\\/\",\"url\":\"https:\\\/\\\/pornmate.com\\\/de\\\/wp-content\\\/uploads\\\/2022\\\/11\\\/pornmate-1.png\",\"contentUrl\":\"https:\\\/\\\/pornmate.com\\\/de\\\/wp-content\\\/uploads\\\/2022\\\/11\\\/pornmate-1.png\",\"width\":203,\"height\":200,\"caption\":\"Besten Pornoseiten - Kostenlose Deutsche Pornos | PornMate.com\"},\"image\":{\"@id\":\"https:\\\/\\\/pornmate.com\\\/de\\\/#\\\/schema\\\/logo\\\/image\\\/\"}}]}<\/script>\n<!-- \/ Yoast SEO plugin. -->","yoast_head_json":{"title":"Cumlouder und Liste der besten Pornoseiten | PornMate","description":"Cumlouder wei\u00df, dass das Internet f\u00fcr Pornos gemacht ist, und das kann er am besten. Das Design der Seite unterscheidet sich ein wenig von anderen Seiten, an die Sie gew\u00f6hnt sind, und das macht sie interessanter. Wenn du Cumlouder.com \u00f6ffnest, \u00fcberh\u00e4uft dich die angezeigte Seite nicht mit Thumbnails wie andere Seiten, sondern enth\u00e4lt nur atemberaubende Thumbnails beliebter Kategorien.","robots":{"index":"index","follow":"follow","max-snippet":"max-snippet:-1","max-image-preview":"max-image-preview:large","max-video-preview":"max-video-preview:-1"},"canonical":"https:\/\/pornmate.com\/de\/cumlouder","og_locale":"de_DE","og_type":"article","og_title":"Cumlouder und Liste der besten Pornoseiten | PornMate","og_description":"Cumlouder wei\u00df, dass das Internet f\u00fcr Pornos gemacht ist, und das kann er am besten. Das Design der Seite unterscheidet sich ein wenig von anderen Seiten, an die Sie gew\u00f6hnt sind, und das macht sie interessanter. Wenn du Cumlouder.com \u00f6ffnest, \u00fcberh\u00e4uft dich die angezeigte Seite nicht mit Thumbnails wie andere Seiten, sondern enth\u00e4lt nur atemberaubende Thumbnails beliebter Kategorien.","og_url":"https:\/\/pornmate.com\/de\/cumlouder","og_site_name":"Besten Pornoseiten - Kostenlose Deutsche Pornos | PornMate.com","article_modified_time":"2022-11-23T15:14:27+00:00","twitter_card":"summary_large_image","twitter_misc":{"Gesch\u00e4tzte Lesezeit":"2\u00a0Minuten"},"schema":{"@context":"https:\/\/schema.org","@graph":[{"@type":"WebPage","@id":"https:\/\/pornmate.com\/de\/cumlouder","url":"https:\/\/pornmate.com\/de\/cumlouder","name":"Cumlouder und Liste der besten Pornoseiten | PornMate","isPartOf":{"@id":"https:\/\/pornmate.com\/de\/#website"},"datePublished":"2020-03-24T09:16:17+00:00","dateModified":"2022-11-23T15:14:27+00:00","description":"Cumlouder wei\u00df, dass das Internet f\u00fcr Pornos gemacht ist, und das kann er am besten. Das Design der Seite unterscheidet sich ein wenig von anderen Seiten, an die Sie gew\u00f6hnt sind, und das macht sie interessanter. Wenn du Cumlouder.com \u00f6ffnest, \u00fcberh\u00e4uft dich die angezeigte Seite nicht mit Thumbnails wie andere Seiten, sondern enth\u00e4lt nur atemberaubende Thumbnails beliebter Kategorien.","breadcrumb":{"@id":"https:\/\/pornmate.com\/de\/cumlouder#breadcrumb"},"inLanguage":"de","potentialAction":[{"@type":"ReadAction","target":["https:\/\/pornmate.com\/de\/cumlouder"]}]},{"@type":"BreadcrumbList","@id":"https:\/\/pornmate.com\/de\/cumlouder#breadcrumb","itemListElement":[{"@type":"ListItem","position":1,"name":"Startseite","item":"https:\/\/pornmate.com\/de"},{"@type":"ListItem","position":2,"name":"Cumlouder"}]},{"@type":"WebSite","@id":"https:\/\/pornmate.com\/de\/#website","url":"https:\/\/pornmate.com\/de\/","name":"Besten Pornoseiten - Kostenlose Deutsche Pornos | PornMate.com","description":"Kostenlose Pornos, ist Ihr Combo-Verzeichnis der besten gratis Pornoseiten, die Sie finden k\u00f6nnen, und das fantastische Seitenbewertungen, Kostenlose Deutsche sex Biografien von Pornostars und ihre xxx Freie Porno videos unter einem Dach pr\u00e4sentiert.","publisher":{"@id":"https:\/\/pornmate.com\/de\/#organization"},"potentialAction":[{"@type":"SearchAction","target":{"@type":"EntryPoint","urlTemplate":"https:\/\/pornmate.com\/de\/?s={search_term_string}"},"query-input":{"@type":"PropertyValueSpecification","valueRequired":true,"valueName":"search_term_string"}}],"inLanguage":"de"},{"@type":"Organization","@id":"https:\/\/pornmate.com\/de\/#organization","name":"Besten Pornoseiten - Kostenlose Deutsche Pornos | PornMate.com","url":"https:\/\/pornmate.com\/de\/","logo":{"@type":"ImageObject","inLanguage":"de","@id":"https:\/\/pornmate.com\/de\/#\/schema\/logo\/image\/","url":"https:\/\/pornmate.com\/de\/wp-content\/uploads\/2022\/11\/pornmate-1.png","contentUrl":"https:\/\/pornmate.com\/de\/wp-content\/uploads\/2022\/11\/pornmate-1.png","width":203,"height":200,"caption":"Besten Pornoseiten - Kostenlose Deutsche Pornos | PornMate.com"},"image":{"@id":"https:\/\/pornmate.com\/de\/#\/schema\/logo\/image\/"}}]}},"_links":{"self":[{"href":"https:\/\/pornmate.com\/de\/wp-json\/wp\/v2\/pages\/7489","targetHints":{"allow":["GET"]}}],"collection":[{"href":"https:\/\/pornmate.com\/de\/wp-json\/wp\/v2\/pages"}],"about":[{"href":"https:\/\/pornmate.com\/de\/wp-json\/wp\/v2\/types\/page"}],"author":[{"embeddable":true,"href":"https:\/\/pornmate.com\/de\/wp-json\/wp\/v2\/users\/1"}],"replies":[{"embeddable":true,"href":"https:\/\/pornmate.com\/de\/wp-json\/wp\/v2\/comments?post=7489"}],"version-history":[{"count":0,"href":"https:\/\/pornmate.com\/de\/wp-json\/wp\/v2\/pages\/7489\/revisions"}],"wp:attachment":[{"href":"https:\/\/pornmate.com\/de\/wp-json\/wp\/v2\/media?parent=7489"}],"curies":[{"name":"wp","href":"https:\/\/api.w.org\/{rel}","templated":true}]}}